{"id":1549,"date":"2024-07-08T08:09:39","date_gmt":"2024-07-08T08:09:39","guid":{"rendered":"https:\/\/backlightmfg.com\/manufacturer\/fiber-optic-backlighting\/"},"modified":"2024-09-15T06:29:48","modified_gmt":"2024-09-15T06:29:48","slug":"fiber-optic-backlighting","status":"publish","type":"product","link":"https:\/\/backlightmfg.com\/pl\/fiber-optic-backlighting\/","title":{"rendered":"Pod\u015bwietlenie \u015bwiat\u0142owodowe"},"content":{"rendered":"<p>Pod\u015bwietlenie \u015bwiat\u0142owodowe wykorzystuje cienkie pasma w\u0142\u00f3kien szklanych lub plastikowych, kt\u00f3re dzia\u0142aj\u0105 jak \u015bwiat\u0142owody. \u015awiat\u0142o jest wprowadzane na jednym ko\u0144cu kabla \u015bwiat\u0142owodowego, zazwyczaj ze \u017ar\u00f3d\u0142a LED. \u015awiat\u0142o to przemieszcza si\u0119 przez rdze\u0144 \u015bwiat\u0142owodu dzi\u0119ki zjawisku zwanemu wewn\u0119trznym odbiciem, odbijaj\u0105c si\u0119 od wewn\u0119trznych \u015bcianek i minimalizuj\u0105c straty \u015bwiat\u0142a. \u015awiat\u0142o wychodzi z drugiego ko\u0144ca \u015bwiat\u0142owodu, o\u015bwietlaj\u0105c obszar docelowy.<\/p>\n<h3><strong>Zalety pod\u015bwietlenia \u015bwiat\u0142owodowego:<\/strong><\/h3>\n<ul>\n<li><strong style=\"color: #555555; font-size: 14.4px;\">Zdalne \u017ar\u00f3d\u0142o \u015bwiat\u0142a:<\/strong><span style=\"color: #555555; font-size: 14.4px;\">\u00a0\u0179r\u00f3d\u0142o \u015bwiat\u0142a mo\u017cna umie\u015bci\u0107 z dala od o\u015bwietlanego obszaru, zmniejszaj\u0105c wytwarzanie ciep\u0142a i poprawiaj\u0105c elastyczno\u015b\u0107 projektowania.<\/span><\/li>\n<li><strong style=\"color: #555555; font-size: 14.4px;\">Jednolite o\u015bwietlenie:<\/strong><span style=\"color: #555555; font-size: 14.4px;\">\u00a0\u015awiat\u0142owody r\u00f3wnomiernie rozprowadzaj\u0105 \u015bwiat\u0142o, eliminuj\u0105c odblaski i gor\u0105ce punkty, tworz\u0105c przyjemne wizualnie i wygodne wra\u017cenia podczas ogl\u0105dania.<\/span><\/li>\n<li><strong style=\"color: #555555; font-size: 14.4px;\">Wysoka wydajno\u015b\u0107 \u015bwietlna:<\/strong><span style=\"color: #555555; font-size: 14.4px;\">\u00a0Ze wzgl\u0119du na minimalne straty \u015bwiat\u0142a w \u015bwiat\u0142owodach, pod\u015bwietlenie \u015bwiat\u0142owodowe zapewnia wydajn\u0105 transmisj\u0119 \u015bwiat\u0142a.<\/span><\/li>\n<li><strong style=\"color: #555555; font-size: 14.4px;\">Trwa\u0142o\u015b\u0107:<\/strong><span style=\"color: #555555; font-size: 14.4px;\"> Kable \u015bwiat\u0142owodowe s\u0105 bardzo trwa\u0142e i odporne na wibracje, wstrz\u0105sy, ekstremalne temperatury \uff0c oszcz\u0119dno\u015b\u0107 energii \uff0c i n<\/span><span class=\"Y2IQFc\" lang=\"en\">o gor\u0105czka.<\/span><\/li>\n<li><strong style=\"color: #555555; font-size: 14.4px;\">Elastyczno\u015b\u0107 konstrukcji:<\/strong><span style=\"color: #555555; font-size: 14.4px;\">\u00a0Cienkie i elastyczne w\u0142\u00f3kna mo\u017cna \u0142atwo kszta\u0142towa\u0107 i dostosowywa\u0107 do r\u00f3\u017cnych wymaga\u0144 o\u015bwietleniowych.<\/span><\/li>\n<li><strong style=\"color: #555555; font-size: 14.4px;\">Fajne dzia\u0142anie:<\/strong><span style=\"color: #555555; font-size: 14.4px;\">\u00a0Same kable \u015bwiat\u0142owodowe nie generuj\u0105 ciep\u0142a, przyczyniaj\u0105c si\u0119 do obni\u017cenia temperatury \u015brodowiska pracy.<\/span><\/li>\n<\/ul>\n<p>&nbsp;<\/p>\n<h3><strong style=\"font-size: 23.04px;\">Zastosowania pod\u015bwietlenia \u015bwiat\u0142owodowego:<\/strong><\/h3>\n<ul>\n<li><strong style=\"color: #555555; font-size: 14.4px;\">Wy\u015bwietlacze LCD:<\/strong><span style=\"color: #555555; font-size: 14.4px;\">\u00a0Pod\u015bwietlenie \u015bwiat\u0142owodowe mo\u017ce zwi\u0119kszy\u0107 jednorodno\u015b\u0107 i jasno\u015b\u0107 wy\u015bwietlaczy LCD w telewizorach, laptopach i innych urz\u0105dzeniach elektronicznych.<\/span><\/li>\n<li><strong style=\"color: #555555; font-size: 14.4px;\">Oznakowanie i wy\u015bwietlacze:<\/strong><span style=\"color: #555555; font-size: 14.4px;\">\u00a0S\u0105 one stosowane w pod\u015bwietlanych znakach, o\u015bwietleniu architektonicznym i wy\u015bwietlaczach w punktach sprzeda\u017cy, aby uzyska\u0107 efekt wizualny.<\/span><\/li>\n<li><strong style=\"color: #555555; font-size: 14.4px;\">Sprz\u0119t medyczny:<\/strong><span style=\"color: #555555; font-size: 14.4px;\">\u00a0Pod\u015bwietlenie \u015bwiat\u0142owodowe zapewnia kontrolowane i skupione o\u015bwietlenie w badaniach medycznych i sprz\u0119cie diagnostycznym.<\/span><\/li>\n<li><strong style=\"color: #555555; font-size: 14.4px;\">Systemy wizyjne maszyn:<\/strong><span style=\"color: #555555; font-size: 14.4px;\">\u00a0R\u00f3wnomierny rozk\u0142ad \u015bwiat\u0142a sprawia, \u017ce idealnie nadaje si\u0119 do zastosowa\u0144 w wizji maszynowej, gdzie wymagana jest precyzyjna inspekcja obiekt\u00f3w.<\/span><\/li>\n<li><strong style=\"color: #555555; font-size: 14.4px;\">O\u015bwietlenie kraw\u0119dziowe:<\/strong><span style=\"color: #555555; font-size: 14.4px;\">\u00a0\u015awiat\u0142owody mog\u0105 tworzy\u0107 ostre i dobrze zdefiniowane efekty o\u015bwietlenia kraw\u0119dziowego do zastosowa\u0144 dekoracyjnych i architektonicznych.<\/span><\/li>\n<li><strong style=\"color: #555555; font-size: 14.4px;\">O\u015bwietlenie specjalne:<\/strong><span style=\"color: #555555; font-size: 14.4px;\">\u00a0Pod\u015bwietlenie \u015bwiat\u0142owodowe jest wykorzystywane w r\u00f3\u017cnych specjalistycznych zastosowaniach, w tym w o\u015bwietleniu podwodnym i o\u015bwietleniu instrument\u00f3w.<\/span><\/li>\n<\/ul>","protected":false},"excerpt":{"rendered":"<p>Pod\u015bwietlenie \u015bwiat\u0142owodowe oferuje unikalne i wszechstronne rozwi\u0105zanie o\u015bwietleniowe. Po\u0142\u0105czenie zdalnego \u017ar\u00f3d\u0142a \u015bwiat\u0142a, r\u00f3wnomiernego rozk\u0142adu \u015bwiat\u0142a, wysokiej wydajno\u015bci i elastyczno\u015bci konstrukcji sprawia, \u017ce jest to cenna technologia do r\u00f3\u017cnych zastosowa\u0144. Oczekuje si\u0119, \u017ce wraz z post\u0119pem technologicznym pod\u015bwietlenie \u015bwiat\u0142owodowe znajdzie jeszcze wi\u0119cej innowacyjnych zastosowa\u0144 w przysz\u0142o\u015bci.<\/p>","protected":false},"featured_media":1539,"comment_status":"closed","ping_status":"closed","template":"","meta":[],"product_cat":[15],"product_tag":[],"_links":{"self":[{"href":"https:\/\/backlightmfg.com\/pl\/wp-json\/wp\/v2\/product\/1549"}],"collection":[{"href":"https:\/\/backlightmfg.com\/pl\/wp-json\/wp\/v2\/product"}],"about":[{"href":"https:\/\/backlightmfg.com\/pl\/wp-json\/wp\/v2\/types\/product"}],"replies":[{"embeddable":true,"href":"https:\/\/backlightmfg.com\/pl\/wp-json\/wp\/v2\/comments?post=1549"}],"wp:featuredmedia":[{"embeddable":true,"href":"https:\/\/backlightmfg.com\/pl\/wp-json\/wp\/v2\/media\/1539"}],"wp:attachment":[{"href":"https:\/\/backlightmfg.com\/pl\/wp-json\/wp\/v2\/media?parent=1549"}],"wp:term":[{"taxonomy":"product_cat","embeddable":true,"href":"https:\/\/backlightmfg.com\/pl\/wp-json\/wp\/v2\/product_cat?post=1549"},{"taxonomy":"product_tag","embeddable":true,"href":"https:\/\/backlightmfg.com\/pl\/wp-json\/wp\/v2\/product_tag?post=1549"}],"curies":[{"name":"wp","href":"https:\/\/api.w.org\/{rel}","templated":true}]}}