{"id":2265,"date":"2025-04-02T02:39:59","date_gmt":"2025-04-02T02:39:59","guid":{"rendered":"https:\/\/backlightmfg.com\/?page_id=2265"},"modified":"2025-04-02T07:36:40","modified_gmt":"2025-04-02T07:36:40","slug":"medical-human-machine-interface%ef%bc%88hmi%ef%bc%89","status":"publish","type":"page","link":"https:\/\/backlightmfg.com\/pl\/medical-human-machine-interface%ef%bc%88hmi%ef%bc%89\/","title":{"rendered":"Medyczny interfejs cz\u0142owiek-maszyna (HMI)"},"content":{"rendered":"<div class=\"banner has-hover\" id=\"banner-1049907120\">\n          <div class=\"banner-inner fill\">\n        <div class=\"banner-bg fill\" >\n            <div class=\"bg fill bg-fill\"><\/div>\n                        <div class=\"overlay\"><\/div>            \n                    <\/div>\n\t\t\n        <div class=\"banner-layers container\">\n            <div class=\"fill banner-link\"><\/div>            \n   <div id=\"text-box-383993812\" class=\"text-box banner-layer x50 md-x50 lg-x50 y25 md-y25 lg-y25 res-text\">\n                                <div class=\"text-box-content text dark\">\n              \n              <div class=\"text-inner text-center\">\n                  \n<h1><span style=\"font-size: 80%;\">Medyczny interfejs cz\u0142owiek-maszyna (HMI)<\/span><\/h1>\n              <\/div>\n           <\/div>\n                            \n<style>\n#text-box-383993812 {\n  width: 86%;\n}\n#text-box-383993812 .text-box-content {\n  font-size: 100%;\n}\n<\/style>\n    <\/div>\n \n        <\/div>\n      <\/div>\n\n            \n<style>\n#banner-1049907120 {\n  padding-top: 188px;\n}\n#banner-1049907120 .overlay {\n  background-color: rgba(0, 0, 0, 0.209);\n}\n<\/style>\n  <\/div>\n\n\n\t<section class=\"section\" id=\"section_1499186575\">\n\t\t<div class=\"bg section-bg fill bg-fill  bg-loaded\" >\n\n\t\t\t\n\t\t\t\n\t\t\t\n\n\t\t<\/div>\n\n\t\t\n\n\t\t<div class=\"section-content relative\">\n\t\t\t\n<div class=\"row row-box-shadow-5-hover\" style=\"max-width:1400px\" id=\"row-472513838\">\n\n\t<div id=\"col-1115907381\" class=\"col medium-6 small-12 large-6\"  >\n\t\t\t\t<div class=\"col-inner\"  >\n\t\t\t\n\t\t\t\n\t<div class=\"img has-hover x md-x lg-x y md-y lg-y\" id=\"image_699733602\">\n\t\t\t\t\t\t\t\t<div class=\"img-inner dark\" >\n\t\t\t<img loading=\"lazy\" decoding=\"async\" width=\"800\" height=\"800\" src=\"https:\/\/backlightmfg.com\/wp-content\/uploads\/2025\/04\/HMI.jpeg\" class=\"attachment-original size-original\" alt=\"Medyczny interfejs HMI\" srcset=\"https:\/\/backlightmfg.com\/wp-content\/uploads\/2025\/04\/HMI.jpeg 800w, https:\/\/backlightmfg.com\/wp-content\/uploads\/2025\/04\/HMI-300x300.jpeg 300w, https:\/\/backlightmfg.com\/wp-content\/uploads\/2025\/04\/HMI-150x150.jpeg 150w, https:\/\/backlightmfg.com\/wp-content\/uploads\/2025\/04\/HMI-768x768.jpeg 768w, https:\/\/backlightmfg.com\/wp-content\/uploads\/2025\/04\/HMI-12x12.jpeg 12w, https:\/\/backlightmfg.com\/wp-content\/uploads\/2025\/04\/HMI-510x510.jpeg 510w, https:\/\/backlightmfg.com\/wp-content\/uploads\/2025\/04\/HMI-100x100.jpeg 100w\" sizes=\"(max-width: 800px) 100vw, 800px\" \/>\t\t\t\t\t\t\n\t\t\t\t\t<\/div>\n\t\t\t\t\t\t\t\t\n<style>\n#image_699733602 {\n  width: 100%;\n}\n<\/style>\n\t<\/div>\n\t\n\t\t<\/div>\n\t\t\t\t\t<\/div>\n\n\t\n\n\t<div id=\"col-1662146750\" class=\"col medium-6 small-12 large-6\"  >\n\t\t\t\t<div class=\"col-inner\"  >\n\t\t\t\n\t\t\t\n\t<div id=\"text-3898750857\" class=\"text\">\n\t\t\n<h2>Medyczny interfejs cz\u0142owiek-maszyna (Medical HMI)<\/h2>\n<p>Medyczny interfejs cz\u0142owiek-maszyna (HMI) to interaktywny pomost \u0142\u0105cz\u0105cy specjalist\u00f3w medycznych, pacjent\u00f3w i sprz\u0119t lub systemy medyczne. Jego celem jest wprowadzanie, wyprowadzanie, monitorowanie i kontrolowanie danych medycznych za pomoc\u0105 intuicyjnych, bezpiecznych i wydajnych metod obs\u0142ugi. Jest to podstawowy element nowoczesnego sprz\u0119tu medycznego (takiego jak respiratory, monitory, roboty chirurgiczne, systemy obrazowania itp.) oraz cyfrowych system\u00f3w medycznych (takich jak elektroniczna dokumentacja medyczna, platformy zdalnej diagnostyki i leczenia).<br \/>\n\t\t\n<style>\n#text-3898750857 {\n  line-height: 2;\n}\n<\/style>\n\t<\/div>\n\t\n<div class=\"row\"  id=\"row-28522717\">\n\n\t<div id=\"col-1025670036\" class=\"col small-12 large-12\"  >\n\t\t\t\t<div class=\"col-inner\"  >\n\t\t\t\n\t\t\t\n\t<div id=\"gap-2058870363\" class=\"gap-element clearfix\" style=\"display:block; height:auto;\">\n\t\t\n<style>\n#gap-2058870363 {\n  padding-top: 20px;\n}\n<\/style>\n\t<\/div>\n\t\n\t<div id=\"text-3781436889\" class=\"text\">\n\t\t\n<h2>Rozwi\u0105zanie Rayera Medical HMI<\/h2>\n<p>W scenariuszach zastosowa\u0144 medycznych HMI, czynniki takie jak jako\u015b\u0107 \u015bwiat\u0142a, dok\u0142adno\u015b\u0107 kolor\u00f3w i kierunkowo\u015b\u0107 \u015bwiat\u0142a s\u0105 bezpo\u015brednio zwi\u0105zane ze skuteczno\u015bci\u0105 interakcji cz\u0142owiek-maszyna w sprz\u0119cie medycznym, a ich znaczenie jest oczywiste. Dzi\u0119ki bogatemu do\u015bwiadczeniu w bran\u017cy i najnowocze\u015bniejszej wiedzy technicznej nasz zesp\u00f3\u0142 z powodzeniem stworzy\u0142 rozwi\u0105zanie o\u015bwietleniowe. Charakteryzuje si\u0119 ono niezawodn\u0105 wydajno\u015bci\u0105 i wysok\u0105 precyzj\u0105. W praktycznych zastosowaniach mo\u017ce zwi\u0119kszy\u0107 komfort personelu piel\u0119gniarskiego podczas obs\u0142ugi sprz\u0119tu medycznego, a tak\u017ce zapewni\u0107 pacjentom bezpieczne do\u015bwiadczenie medyczne, kt\u00f3re jest naprawd\u0119 intuicyjne, wydajne i bezpieczne.<br \/>\n\t\t\n<style>\n#text-3781436889 {\n  line-height: 2;\n}\n<\/style>\n\t<\/div>\n\t\n\t\t<\/div>\n\t\t\t\t\t<\/div>\n\n\t\n<\/div>\n\t<div id=\"gap-965716153\" class=\"gap-element clearfix\" style=\"display:block; height:auto;\">\n\t\t\n<style>\n#gap-965716153 {\n  padding-top: 15px;\n}\n<\/style>\n\t<\/div>\n\t\n<div class=\"row\"  id=\"row-707961517\">\n\n\t<div id=\"col-2141044413\" class=\"col small-12 large-12\"  >\n\t\t\t\t<div class=\"col-inner text-center\"  >\n\t\t\t\n\t\t\t\n<a href=\"https:\/\/backlightmfg.com\/pl\/contact\/\" class=\"button primary\"  style=\"border-radius:99px;\">\n    <span>dowiedzie\u0107 si\u0119 wi\u0119cej<\/span>\n  <\/a>\n\n\t\t<\/div>\n\t\t\t\t\t<\/div>\n\n\t\n<\/div>\n\t\t<\/div>\n\t\t\t\t\n<style>\n#col-1662146750 > .col-inner {\n  margin: 0px 0px 0px 0px;\n}\n<\/style>\n\t<\/div>\n\n\t\n<\/div>\n\t\t<\/div>\n\n\t\t\n<style>\n#section_1499186575 {\n  padding-top: 30px;\n  padding-bottom: 30px;\n}\n<\/style>\n\t<\/section>\n\t\n\t<section class=\"section\" id=\"section_1489149410\">\n\t\t<div class=\"bg section-bg fill bg-fill  bg-loaded\" >\n\n\t\t\t\n\t\t\t<div class=\"section-bg-overlay absolute fill\"><\/div>\n\t\t\t\n\n\t\t<\/div>\n\n\t\t\n\n\t\t<div class=\"section-content relative\">\n\t\t\t\n<div class=\"row\" style=\"max-width:1400px\" id=\"row-928297501\">\n\n\t<div id=\"col-932890183\" class=\"col small-12 large-12\"  >\n\t\t\t\t<div class=\"col-inner\"  >\n\t\t\t\n\t\t\t\n<h2 style=\"text-align: center;\">Praca z Rayera<\/h2>\n<h4 style=\"text-align: center;\">Wsp\u00f3lny rozw\u00f3j technologii medycznych HMI<\/h4>\n<p style=\"text-align: center;\">Zapewniamy klientom wszechstronn\u0105 i kompleksow\u0105 metodologi\u0119 rozwoju. Takie podej\u015bcie nie tylko usprawnia proces, ale tak\u017ce znacznie skraca czas i obni\u017ca koszty. Niezale\u017cnie od tego, czy dopiero zaczynasz szkicowa\u0107 pomys\u0142y w fazie projektowania, czy jeste\u015b na ko\u0144cowym etapie dostrajania, nasze najwy\u017cszej klasy zespo\u0142y s\u0105 gotowe do wsp\u00f3\u0142pracy. Skupimy si\u0119 na optymalizacji rozwi\u0105za\u0144 o\u015bwietleniowych, kt\u00f3re b\u0119d\u0105 mia\u0142y najbardziej znacz\u0105cy i pozytywny wp\u0142yw na u\u017cytkownik\u00f3w.<\/p>\n\t\t<\/div>\n\t\t\t\t\t<\/div>\n\n\t\n<\/div>\n<div class=\"row\"  id=\"row-882491143\">\n\n\t<div id=\"col-1232416883\" class=\"col medium-6 small-12 large-6\"  >\n\t\t\t\t<div class=\"col-inner\"  >\n\t\t\t\n\t\t\t\n\t<div class=\"img has-hover x md-x lg-x y md-y lg-y\" id=\"image_805607364\">\n\t\t\t\t\t\t\t\t<div class=\"img-inner dark\" >\n\t\t\t<img loading=\"lazy\" decoding=\"async\" width=\"800\" height=\"800\" src=\"https:\/\/backlightmfg.com\/wp-content\/uploads\/2025\/04\/HMI-1.jpeg\" class=\"attachment-original size-original\" alt=\"Projektowanie optyczne i optymalizacja wy\u015bwietlacza\" srcset=\"https:\/\/backlightmfg.com\/wp-content\/uploads\/2025\/04\/HMI-1.jpeg 800w, https:\/\/backlightmfg.com\/wp-content\/uploads\/2025\/04\/HMI-1-300x300.jpeg 300w, https:\/\/backlightmfg.com\/wp-content\/uploads\/2025\/04\/HMI-1-150x150.jpeg 150w, https:\/\/backlightmfg.com\/wp-content\/uploads\/2025\/04\/HMI-1-768x768.jpeg 768w, https:\/\/backlightmfg.com\/wp-content\/uploads\/2025\/04\/HMI-1-12x12.jpeg 12w, https:\/\/backlightmfg.com\/wp-content\/uploads\/2025\/04\/HMI-1-510x510.jpeg 510w, https:\/\/backlightmfg.com\/wp-content\/uploads\/2025\/04\/HMI-1-100x100.jpeg 100w\" sizes=\"(max-width: 800px) 100vw, 800px\" \/>\t\t\t\t\t\t\n\t\t\t\t\t<\/div>\n\t\t\t\t\t\t\t\t\n<style>\n#image_805607364 {\n  width: 100%;\n}\n<\/style>\n\t<\/div>\n\t\n\t\t<\/div>\n\t\t\t\t\t<\/div>\n\n\t\n\n\t<div id=\"col-1761780349\" class=\"col medium-6 small-12 large-6\"  >\n\t\t\t\t<div class=\"col-inner\"  >\n\t\t\t\n\t\t\t\n<h3>Projektowanie optyczne i optymalizacja wy\u015bwietlacza<\/h3>\n<ul>\n<li><strong>Kontrola jako\u015bci i jasno\u015bci \u015bwiat\u0142a: <\/strong>Medyczne interfejsy HMI musz\u0105 dostosowywa\u0107 si\u0119 do z\u0142o\u017conych \u015brodowisk o\u015bwietleniowych i wykorzystywa\u0107 technologi\u0119 adaptacyjnego przyciemniania, aby zapewni\u0107 czytelno\u015b\u0107 ekranu przy r\u00f3\u017cnych poziomach jasno\u015bci bez odblask\u00f3w. Na przyk\u0142ad wy\u015bwietlacze endoskop\u00f3w musz\u0105 mie\u0107 bardzo jednolite pod\u015bwietlenie, aby unikn\u0105\u0107 miejscowego prze\u015bwietlenia lub cieni zak\u0142\u00f3caj\u0105cych ocen\u0119 pola operacyjnego.<\/li>\n<li><strong>Dok\u0142adno\u015b\u0107 kolor\u00f3w: <\/strong>\u015acis\u0142e przestrzeganie standardu DICOM przy kalibracji urz\u0105dze\u0144 wy\u015bwietlaj\u0105cych w celu zapewnienia klinicznej sp\u00f3jno\u015bci odwzorowania skali szaro\u015bci i pseudokolor\u00f3w obrazu. Interfejs monitorowania \u017cycia wykorzystuje znormalizowane kodowanie kolor\u00f3w ostrzegawczych, takich jak czerwony\/zielony\/\u017c\u00f3\u0142ty, aby unikn\u0105\u0107 b\u0142\u0119dnej oceny przez u\u017cytkownik\u00f3w z zaburzeniami widzenia kolor\u00f3w.<\/li>\n<li><strong>Kierunkowo\u015b\u0107 i widoczno\u015b\u0107: <\/strong>Dzi\u0119ki szerokok\u0105tnym panelom LCD\/OLED, pow\u0142okom przeciwmgielnym i antyrefleksyjnym, personel medyczny mo\u017ce obserwowa\u0107 interfejs pod wieloma k\u0105tami, stoj\u0105c, siedz\u0105c lub poruszaj\u0105c si\u0119. Kluczowe parametry s\u0105 wy\u015bwietlane przy u\u017cyciu du\u017cych czcionek i wysokiego kontrastu, aby poprawi\u0107 szybko\u015b\u0107 rozpoznawania w sytuacjach awaryjnych.<\/li>\n<\/ul>\n\t\t<\/div>\n\t\t\t\t\t<\/div>\n\n\t\n<\/div>\n\t\t<\/div>\n\n\t\t\n<style>\n#section_1489149410 {\n  padding-top: 30px;\n  padding-bottom: 30px;\n}\n#section_1489149410 .section-bg-overlay {\n  background-color: rgba(68, 96, 132, 0.11);\n}\n<\/style>\n\t<\/section>\n\t\n\t<section class=\"section\" id=\"section_979519241\">\n\t\t<div class=\"bg section-bg fill bg-fill  bg-loaded\" >\n\n\t\t\t\n\t\t\t\n\t\t\t\n\n\t\t<\/div>\n\n\t\t\n\n\t\t<div class=\"section-content relative\">\n\t\t\t\n<div class=\"row\"  id=\"row-548859308\">\n\n\t<div id=\"col-492555237\" class=\"col small-12 large-12\"  >\n\t\t\t\t<div class=\"col-inner\"  >\n\t\t\t\n\t\t\t\n<h3 style=\"text-align: center;\">Przyk\u0142ad rozwi\u0105zania zespo\u0142owego<\/h3>\n<p style=\"text-align: center;\">Nasz zesp\u00f3\u0142 in\u017cynier\u00f3w opracowa\u0142 inteligentny system o\u015bwietlenia klasy medycznej, aby przezwyci\u0119\u017cy\u0107 nast\u0119puj\u0105ce problemy:<\/p>\n\t\t<\/div>\n\t\t\t\t\t<\/div>\n\n\t\n<\/div>\n<div class=\"row\"  id=\"row-714312345\">\n\n\t<div id=\"col-1776035106\" class=\"col medium-6 small-12 large-6\"  >\n\t\t\t\t<div class=\"col-inner\"  >\n\t\t\t\n\t\t\t\n<p><strong>Niezawodno\u015b\u0107 i dok\u0142adno\u015b\u0107:<\/strong> Dzi\u0119ki zastosowaniu certyfikowanych medycznie \u017ar\u00f3de\u0142 \u015bwiat\u0142a LED (zgodnych z norm\u0105 IEC 60601-1), \u017cywotno\u015b\u0107 wynosi &gt;50 000 godzin i nie wyst\u0119puje migotanie, co pozwala unikn\u0105\u0107 zm\u0119czenia wzroku spowodowanego d\u0142ugotrwa\u0142ym monitorowaniem. Wbudowany czujnik \u015bwiat\u0142a otoczenia i algorytm AI dopasowuj\u0105 krzyw\u0105 jasno\u015bci NIT w czasie rzeczywistym (np. 800 nit\u00f3w w ci\u0105gu dnia\/50 nit\u00f3w w nocy).<\/p>\n<p><strong>Interaktywna i intuicyjna konstrukcja:<\/strong><\/p>\n<ul>\n<li>Zintegrowanie kierunkowych prowadnic \u015bwietlnych w panelu respiratora w celu kierowania procesem obs\u0142ugi za pomoc\u0105 animacji przep\u0142ywu \u015bwiat\u0142a (takich jak regulacja warto\u015bci PEEP poprzez obr\u00f3t w prawo).<\/li>\n<li>Zaprojektuj wielokolorowy wska\u017anik pier\u015bcieniowy dla r\u0119cznego sprz\u0119tu ultrasonograficznego i u\u017cyj gradientu nasycenia kolor\u00f3w, aby wskaza\u0107 pr\u00f3g ci\u015bnienia sondy (niebieski\u2192zielony\u2192czerwony odpowiada bezpiecze\u0144stwu\u2192ostrze\u017ceniu).<\/li>\n<\/ul>\n<p><strong>Mechanizm redundancji bezpiecze\u0144stwa: <\/strong>Dwukana\u0142owy niezale\u017cny obw\u00f3d nap\u0119du pod\u015bwietlenia zapobiega ryzyku wyst\u0105pienia czarnego ekranu i automatycznie prze\u0142\u0105cza si\u0119 na monochromatyczny pod\u015bwietlany wy\u015bwietlacz w trybie awaryjnym (np. zachowuj\u0105c przebieg tlenu we krwi w przypadku awarii interfejsu ECMO).<\/p>\n\t\t<\/div>\n\t\t\t\t\t<\/div>\n\n\t\n\n\t<div id=\"col-1431470485\" class=\"col medium-6 small-12 large-6\"  >\n\t\t\t\t<div class=\"col-inner\"  >\n\t\t\t\n\t\t\t\n\t<div class=\"img has-hover x md-x lg-x y md-y lg-y\" id=\"image_1840531061\">\n\t\t\t\t\t\t\t\t<div class=\"img-inner dark\" >\n\t\t\t<img loading=\"lazy\" decoding=\"async\" width=\"800\" height=\"800\" src=\"https:\/\/backlightmfg.com\/wp-content\/uploads\/2025\/04\/HMI-3.jpeg\" class=\"attachment-original size-original\" alt=\"Przyk\u0142ad rozwi\u0105zania zespo\u0142owego\" srcset=\"https:\/\/backlightmfg.com\/wp-content\/uploads\/2025\/04\/HMI-3.jpeg 800w, https:\/\/backlightmfg.com\/wp-content\/uploads\/2025\/04\/HMI-3-300x300.jpeg 300w, https:\/\/backlightmfg.com\/wp-content\/uploads\/2025\/04\/HMI-3-150x150.jpeg 150w, https:\/\/backlightmfg.com\/wp-content\/uploads\/2025\/04\/HMI-3-768x768.jpeg 768w, https:\/\/backlightmfg.com\/wp-content\/uploads\/2025\/04\/HMI-3-12x12.jpeg 12w, https:\/\/backlightmfg.com\/wp-content\/uploads\/2025\/04\/HMI-3-510x510.jpeg 510w, https:\/\/backlightmfg.com\/wp-content\/uploads\/2025\/04\/HMI-3-100x100.jpeg 100w\" sizes=\"(max-width: 800px) 100vw, 800px\" \/>\t\t\t\t\t\t\n\t\t\t\t\t<\/div>\n\t\t\t\t\t\t\t\t\n<style>\n#image_1840531061 {\n  width: 100%;\n}\n<\/style>\n\t<\/div>\n\t\n\t\t<\/div>\n\t\t\t\t\t<\/div>\n\n\t\n<\/div>\n\t\t<\/div>\n\n\t\t\n<style>\n#section_979519241 {\n  padding-top: 30px;\n  padding-bottom: 30px;\n}\n<\/style>\n\t<\/section>\n\t\n\t<section class=\"section\" id=\"section_1699047955\">\n\t\t<div class=\"bg section-bg fill bg-fill  bg-loaded\" >\n\n\t\t\t\n\t\t\t<div class=\"section-bg-overlay absolute fill\"><\/div>\n\t\t\t\n\n\t\t<\/div>\n\n\t\t\n\n\t\t<div class=\"section-content relative\">\n\t\t\t\n<div class=\"row\"  id=\"row-455691000\">\n\n\t<div id=\"col-1127566415\" class=\"col medium-6 small-12 large-6\"  >\n\t\t\t\t<div class=\"col-inner\"  >\n\t\t\t\n\t\t\t\n\t<div class=\"img has-hover x md-x lg-x y md-y lg-y\" id=\"image_2139448815\">\n\t\t\t\t\t\t\t\t<div class=\"img-inner image-cover dark\" style=\"padding-top:78%;\">\n\t\t\t<img loading=\"lazy\" decoding=\"async\" width=\"800\" height=\"800\" src=\"https:\/\/backlightmfg.com\/wp-content\/uploads\/2025\/04\/HMI-2.jpeg\" class=\"attachment-original size-original\" alt=\"Zasady projektowania\" srcset=\"https:\/\/backlightmfg.com\/wp-content\/uploads\/2025\/04\/HMI-2.jpeg 800w, https:\/\/backlightmfg.com\/wp-content\/uploads\/2025\/04\/HMI-2-300x300.jpeg 300w, https:\/\/backlightmfg.com\/wp-content\/uploads\/2025\/04\/HMI-2-150x150.jpeg 150w, https:\/\/backlightmfg.com\/wp-content\/uploads\/2025\/04\/HMI-2-768x768.jpeg 768w, https:\/\/backlightmfg.com\/wp-content\/uploads\/2025\/04\/HMI-2-12x12.jpeg 12w, https:\/\/backlightmfg.com\/wp-content\/uploads\/2025\/04\/HMI-2-510x510.jpeg 510w, https:\/\/backlightmfg.com\/wp-content\/uploads\/2025\/04\/HMI-2-100x100.jpeg 100w\" sizes=\"(max-width: 800px) 100vw, 800px\" \/>\t\t\t\t\t\t\n\t\t\t\t\t<\/div>\n\t\t\t\t\t\t\t\t\n<style>\n#image_2139448815 {\n  width: 100%;\n}\n<\/style>\n\t<\/div>\n\t\n\t\t<\/div>\n\t\t\t\t\t<\/div>\n\n\t\n\n\t<div id=\"col-751518138\" class=\"col medium-6 small-12 large-6\"  >\n\t\t\t\t<div class=\"col-inner\"  >\n\t\t\t\n\t\t\t\n<h3>Zasady projektowania<\/h3>\n<p><strong>Zdolno\u015b\u0107 adaptacji do lekkiego otoczenia:<\/strong> Temperatura barwowa interfejsu jest zsynchronizowana z o\u015bwietleniem plac\u00f3wek medycznych (np. zimne bia\u0142e \u015bwiat\u0142o o temperaturze 4500 K na sali operacyjnej), aby zmniejszy\u0107 odchylenie percepcji kolor\u00f3w personelu medycznego podczas zmiany linii wzroku. W przypadku ciemnych pomieszcze\u0144 (takich jak oddzia\u0142y radiologii) dost\u0119pny jest czerwony tryb adaptacji ciemno\u015bci, aby zachowa\u0107 ostro\u015b\u0107 widzenia.<\/p>\n<h3>Wyzwania i przysz\u0142e trendy<\/h3>\n<ul>\n<li><strong>Miniaturyzacja i elastyczny wy\u015bwietlacz:<\/strong> Opracowanie paneli Micro-LET o bardzo niskim poborze mocy do projektowania zakrzywionych interfejs\u00f3w HMI urz\u0105dze\u0144 medycznych do noszenia.<\/li>\n<li><strong>Biokompatybilne o\u015bwietlenie:<\/strong> Badanie zintegrowanego zastosowania \u017ar\u00f3de\u0142 \u015bwiat\u0142a o okre\u015blonej d\u0142ugo\u015bci fali (takich jak niebiesko-fioletowe \u015bwiat\u0142o 405 nm) w dezynfekcji interfejsu i interaktywnej kontroli.<\/li>\n<\/ul>\n\t\t<\/div>\n\t\t\t\t\t<\/div>\n\n\t\n<\/div>\n\t\t<\/div>\n\n\t\t\n<style>\n#section_1699047955 {\n  padding-top: 30px;\n  padding-bottom: 30px;\n}\n#section_1699047955 .section-bg-overlay {\n  background-color: #eaeef1;\n}\n<\/style>\n\t<\/section>\n\t\n\t<section class=\"section\" id=\"section_487707050\">\n\t\t<div class=\"bg section-bg fill bg-fill  bg-loaded\" >\n\n\t\t\t\n\t\t\t\n\t\t\t\n\n\t\t<\/div>\n\n\t\t\n\n\t\t<div class=\"section-content relative\">\n\t\t\t\n<div class=\"row\"  id=\"row-1279983097\">\n\n\t<div id=\"col-616662121\" class=\"col small-12 large-12\"  >\n\t\t\t\t<div class=\"col-inner\"  >\n\t\t\t\n\t\t\t\n<h1 style=\"text-align: center;\">Od z\u0142o\u017cono\u015bci do pewno\u015bci: Rayera nap\u0119dza sukces medycznego HMI<\/h1>\n<p style=\"text-align: center;\">Wraz ze wzrostem zapotrzebowania na mniejsze urz\u0105dzenia, firmy produkuj\u0105ce wyroby medyczne ka\u017cdego dnia staj\u0105 przed bardziej z\u0142o\u017conymi wyzwaniami zwi\u0105zanymi z o\u015bwietleniem. Z Rayera jako partnerem, otrzymasz optymalne rozwi\u0105zanie o\u015bwietleniowe, szybciej dostarczysz sw\u00f3j produkt do klienta i zdob\u0119dziesz wi\u0119cej klient\u00f3w.<\/p>\n\t\t<\/div>\n\t\t\t\t\t<\/div>\n\n\t\n<\/div>\n<div class=\"row\"  id=\"row-1488096521\">\n\n\t<div id=\"col-873886452\" class=\"col small-12 large-12\"  >\n\t\t\t\t<div class=\"col-inner\"  >\n\t\t\t\n\t\t\t\n\n<div class=\"wpcf7 no-js\" id=\"wpcf7-f280-o1\" lang=\"en-US\" dir=\"ltr\">\n<div class=\"screen-reader-response\"><p role=\"status\" aria-live=\"polite\" aria-atomic=\"true\"><\/p> <ul><\/ul><\/div>\n<form action=\"\/pl\/wp-json\/wp\/v2\/pages\/2265#wpcf7-f280-o1\" method=\"post\" class=\"wpcf7-form init\" aria-label=\"Formularz kontaktowy\" novalidate=\"novalidate\" data-status=\"init\" data-trp-original-action=\"\/pl\/wp-json\/wp\/v2\/pages\/2265#wpcf7-f280-o1\">\n<div style=\"display: none;\">\n<input type=\"hidden\" name=\"_wpcf7\" value=\"280\" \/>\n<input type=\"hidden\" name=\"_wpcf7_version\" value=\"5.9.6\" \/>\n<input type=\"hidden\" name=\"_wpcf7_locale\" value=\"en_US\" \/>\n<input type=\"hidden\" name=\"_wpcf7_unit_tag\" value=\"wpcf7-f280-o1\" \/>\n<input type=\"hidden\" name=\"_wpcf7_container_post\" value=\"0\" \/>\n<input type=\"hidden\" name=\"_wpcf7_posted_data_hash\" value=\"\" \/>\n<\/div>\n<div class='custom_contact_style'>\n\t<div class=\"row row-small\">\n\t\t<div class=\"col medium-6 small-12 large-6\">\n\t\t\t<div class=\"col-inner\">\n\t\t\t\t<p><span class=\"wpcf7-form-control-wrap\" data-name=\"your-name\"><input size=\"40\" maxlength=\"80\" class=\"wpcf7-form-control wpcf7-text wpcf7-validates-as-required\" aria-required=\"true\" aria-invalid=\"false\" placeholder=\"Nazwa*\" value=\"\" type=\"text\" name=\"your-name\" \/><\/span>\n\t\t\t\t<\/p>\n\t\t\t<\/div>\n\t\t<\/div>\n\t\t<div class=\"col medium-6 small-12 large-6\">\n\t\t\t<div class=\"col-inner\">\n\t\t\t\t<p><span class=\"wpcf7-form-control-wrap\" data-name=\"your-email\"><input size=\"40\" maxlength=\"80\" class=\"wpcf7-form-control wpcf7-email wpcf7-validates-as-required wpcf7-text wpcf7-validates-as-email\" aria-required=\"true\" aria-invalid=\"false\" placeholder=\"E-mail*\" value=\"\" type=\"email\" name=\"your-email\" \/><\/span>\n\t\t\t\t<\/p>\n\t\t\t<\/div>\n\t\t<\/div>\n\t<\/div>\n\t<div class='cus_contact_form_bottom'>\n\t\t<p><span class=\"wpcf7-form-control-wrap\" data-name=\"your-phone\"><input size=\"40\" maxlength=\"80\" class=\"wpcf7-form-control wpcf7-text\" aria-invalid=\"false\" placeholder=\"Telefon\" value=\"\" type=\"text\" name=\"your-phone\" \/><\/span>\n\t\t<\/p>\n\t<\/div>\n\t<div class='cus_contact_form_bottom'>\n\t\t<p><span class=\"wpcf7-form-control-wrap\" data-name=\"your-country\"><input size=\"40\" maxlength=\"80\" class=\"wpcf7-form-control wpcf7-text\" aria-invalid=\"false\" placeholder=\"Kraj\" value=\"\" type=\"text\" name=\"your-country\" \/><\/span>\n\t\t<\/p>\n\t<\/div>\n\t<p><span class=\"wpcf7-form-control-wrap\" data-name=\"your-message\"><textarea cols=\"40\" rows=\"10\" maxlength=\"400\" class=\"wpcf7-form-control wpcf7-textarea wpcf7-validates-as-required\" aria-required=\"true\" aria-invalid=\"false\" placeholder=\"Twoja wiadomo\u015b\u0107 *\" name=\"your-message\"><\/textarea><\/span>\n\t<\/p>\n\t<div style=\"margin-bottom:10px;\">\n\t\t<p><span class=\"wpcf7-form-control-wrap kc_captcha cf7ic-toggle\" data-name=\"kc_captcha\"><span class=\"wpcf7-form-control wpcf7-radio\"><span class=\"captcha-image\" style=\"display: none;\"><span class=\"cf7ic_instructions\">Udowodnij, \u017ce jeste\u015b cz\u0142owiekiem, wybieraj\u0105c opcj\u0119<span> samoch\u00f3d<\/span>.<\/span><label><input aria-label=\"1\" type=\"radio\" name=\"kc_captcha\" value=\"bot\" \/><svg aria-hidden=\"true\" role=\"img\" xmlns=\"http:\/\/www.w3.org\/2000\/svg\" viewbox=\"0 0 576 512\"><path fill=\"currentColor\" d=\"M415 24c-53 0-103 42-127 65-24-23-74-65-127-65C70 24 16 77 16 166c0 72 67 133 69 135l187 181c9 8 23 8 32 0l187-180c2-3 69-64 69-136 0-89-54-142-145-142z\"\/><\/svg><\/label><label><input aria-label=\"2\" type=\"radio\" name=\"kc_captcha\" value=\"kc_human\" \/><svg aria-hidden=\"true\" role=\"img\" xmlns=\"http:\/\/www.w3.org\/2000\/svg\" viewbox=\"0 0 512 512\"><path fill=\"currentColor\" d=\"M500 168h-55l-8-21a127 127 0 00-120-83H195a127 127 0 00-120 83l-8 21H12c-8 0-14 8-11 16l8 24a12 12 0 0011 8h29a64 64 0 00-33 56v48c0 16 6 31 16 42v62c0 13 11 24 24 24h48c13 0 24-11 24-24v-40h256v40c0 13 11 24 24 24h48c13 0 24-11 24-24v-62c10-11 16-26 16-42v-48c0-24-13-45-33-56h29a12 12 0 0011-8l8-24c3-8-3-16-11-16zm-365 2c9-25 33-42 60-42h122c27 0 51 17 60 42l15 38H120l15-38zM88 328a32 32 0 010-64c18 0 48 30 48 48s-30 16-48 16zm336 0c-18 0-48 2-48-16s30-48 48-48 32 14 32 32-14 32-32 32z\"\/><\/svg><\/label><label><input aria-label=\"3\" type=\"radio\" name=\"kc_captcha\" value=\"bot\" \/><svg aria-hidden=\"true\" role=\"img\" xmlns=\"http:\/\/www.w3.org\/2000\/svg\" viewbox=\"0 0 512 512\"><path fill=\"currentColor\" d=\"M350 99c-54 0-98-35-166-35-25 0-47 4-68 12a56 56 0 004-24C118 24 95 1 66 0a56 56 0 00-34 102v386c0 13 11 24 24 24h16c13 0 24-11 24-24v-94c28-12 64-23 114-23 54 0 98 35 166 35 48 0 86-16 122-41 9-6 14-15 14-26V96c0-23-24-39-45-29-35 16-77 32-117 32z\"\/><\/svg><\/label>\r\n    <\/span>\r\n    <span style=\"display:none\">\r\n        <input type=\"text\" name=\"kc_honeypot\">\r\n    <\/span><\/span><\/span>\n\t\t<\/p>\n\t<\/div>\n\t<p><input class=\"wpcf7-form-control wpcf7-submit has-spinner\" type=\"submit\" value=\"Wy\u015blij wiadomo\u015b\u0107\" \/>\n\t<\/p>\n<\/div><div class=\"wpcf7-response-output\" aria-hidden=\"true\"><\/div>\n<input type=\"hidden\" name=\"trp-form-language\" value=\"pl\"\/><\/form>\n<\/div>\n\n\t\t<\/div>\n\t\t\t\t\t<\/div>\n\n\t\n<\/div>\n\t\t<\/div>\n\n\t\t\n<style>\n#section_487707050 {\n  padding-top: 30px;\n  padding-bottom: 30px;\n}\n<\/style>\n\t<\/section>","protected":false},"excerpt":{"rendered":"","protected":false},"author":1,"featured_media":0,"parent":0,"menu_order":0,"comment_status":"closed","ping_status":"closed","template":"page-blank.php","meta":{"footnotes":""},"_links":{"self":[{"href":"https:\/\/backlightmfg.com\/pl\/wp-json\/wp\/v2\/pages\/2265"}],"collection":[{"href":"https:\/\/backlightmfg.com\/pl\/wp-json\/wp\/v2\/pages"}],"about":[{"href":"https:\/\/backlightmfg.com\/pl\/wp-json\/wp\/v2\/types\/page"}],"author":[{"embeddable":true,"href":"https:\/\/backlightmfg.com\/pl\/wp-json\/wp\/v2\/users\/1"}],"replies":[{"embeddable":true,"href":"https:\/\/backlightmfg.com\/pl\/wp-json\/wp\/v2\/comments?post=2265"}],"version-history":[{"count":23,"href":"https:\/\/backlightmfg.com\/pl\/wp-json\/wp\/v2\/pages\/2265\/revisions"}],"predecessor-version":[{"id":2315,"href":"https:\/\/backlightmfg.com\/pl\/wp-json\/wp\/v2\/pages\/2265\/revisions\/2315"}],"wp:attachment":[{"href":"https:\/\/backlightmfg.com\/pl\/wp-json\/wp\/v2\/media?parent=2265"}],"curies":[{"name":"wp","href":"https:\/\/api.w.org\/{rel}","templated":true}]}}