{"id":2011,"date":"2024-09-14T08:11:32","date_gmt":"2024-09-14T08:11:32","guid":{"rendered":"https:\/\/backlightmfg.com\/?page_id=2011"},"modified":"2024-09-14T08:48:30","modified_gmt":"2024-09-14T08:48:30","slug":"fiber-optic-backlight-panels","status":"publish","type":"page","link":"https:\/\/backlightmfg.com\/pl\/fiber-optic-backlight-panels\/","title":{"rendered":"Panele \u015bwiat\u0142owodowe z pod\u015bwietleniem"},"content":{"rendered":"<div class=\"banner has-hover has-parallax\" id=\"banner-975961131\">\n          <div class=\"banner-inner fill\">\n        <div class=\"banner-bg fill\" data-parallax=\"-3\" data-parallax-container=\".banner\" data-parallax-background>\n            <div class=\"bg fill bg-fill\"><\/div>\n                                    \n                    <\/div>\n\t\t\n        <div class=\"banner-layers container\">\n            <div class=\"fill banner-link\"><\/div>            \n   <div id=\"text-box-1847374872\" class=\"text-box banner-layer x50 md-x85 lg-x85 y50 md-y50 lg-y50 res-text\">\n                     <div data-animate=\"fadeInLeft\">           <div class=\"text-box-content text dark\">\n              \n              <div class=\"text-inner text-center\">\n                  \n<h1 style=\"text-align: center;\">Panel pod\u015bwietlenia \u015bwiat\u0142owodowego<\/h1>\n              <\/div>\n           <\/div>\n       <\/div>                     \n<style>\n#text-box-1847374872 {\n  width: 80%;\n}\n#text-box-1847374872 .text-box-content {\n  font-size: 100%;\n}\n@media (min-width:550px) {\n  #text-box-1847374872 {\n    width: 66%;\n  }\n}\n<\/style>\n    <\/div>\n \n        <\/div>\n      <\/div>\n\n            \n<style>\n#banner-975961131 {\n  padding-top: 200px;\n}\n#banner-975961131 .bg.bg-loaded {\n  background-image: 8950;\n}\n#banner-975961131 .overlay {\n  background-color: rgba(0, 0, 0, 0.3);\n}\n#banner-975961131 .bg {\n  background-position: 35% 23%;\n}\n<\/style>\n  <\/div>\n\n\n\t<section class=\"section\" id=\"section_1872508251\">\n\t\t<div class=\"bg section-bg fill bg-fill  bg-loaded\" >\n\n\t\t\t\n\t\t\t\n\t\t\t\n\n\t\t<\/div>\n\n\t\t\n\n\t\t<div class=\"section-content relative\">\n\t\t\t\n<div class=\"row\"  id=\"row-1426110201\">\n\n\t<div id=\"col-882088206\" class=\"col small-12 large-12\"  >\n\t\t\t\t<div class=\"col-inner\"  >\n\t\t\t\n\t\t\t\n<h2 class=\"\" style=\"text-align: center;\" data-sourcepos=\"1:1-1:54\">Panele z pod\u015bwietleniem \u015bwiat\u0142owodowym: Wy\u015bwietlacze pod\u015bwietlane<\/h2>\n<p data-sourcepos=\"3:1-3:121\">Panele z pod\u015bwietleniem \u015bwiat\u0142owodowym to rodzaj technologii wy\u015bwietlania, kt\u00f3ra wykorzystuje \u015bwiat\u0142owody do kierowania \u015bwiat\u0142a ze \u017ar\u00f3d\u0142a do tylnej cz\u0119\u015bci ekranu wy\u015bwietlacza, tworz\u0105c jednolite i jasne pod\u015bwietlenie. Technologia ta jest powszechnie stosowana w wy\u015bwietlaczach LCD i OLED.<\/p>\n\t\t<\/div>\n\t\t\t\t\t<\/div>\n\n\t\n<\/div>\n<div class=\"row\"  id=\"row-446846842\">\n\n\t<div id=\"col-1268188941\" class=\"col small-12 large-12\"  >\n\t\t\t\t<div class=\"col-inner\"  >\n\t\t\t\n\t\t\t\n\t<div class=\"img has-hover x md-x lg-x y md-y lg-y\" id=\"image_1835092120\">\n\t\t\t\t\t\t\t\t<div class=\"img-inner dark\" >\n\t\t\t<img loading=\"lazy\" decoding=\"async\" width=\"1020\" height=\"631\" src=\"https:\/\/backlightmfg.com\/wp-content\/uploads\/2024\/09\/1625228552-1024x633.jpg\" class=\"attachment-large size-large\" alt=\"Panele \u015bwiat\u0142owodowe z pod\u015bwietleniem\" srcset=\"https:\/\/backlightmfg.com\/wp-content\/uploads\/2024\/09\/1625228552-1024x633.jpg 1024w, https:\/\/backlightmfg.com\/wp-content\/uploads\/2024\/09\/1625228552-300x186.jpg 300w, https:\/\/backlightmfg.com\/wp-content\/uploads\/2024\/09\/1625228552-768x475.jpg 768w, https:\/\/backlightmfg.com\/wp-content\/uploads\/2024\/09\/1625228552-1536x950.jpg 1536w, https:\/\/backlightmfg.com\/wp-content\/uploads\/2024\/09\/1625228552-18x12.jpg 18w, https:\/\/backlightmfg.com\/wp-content\/uploads\/2024\/09\/1625228552-510x315.jpg 510w, https:\/\/backlightmfg.com\/wp-content\/uploads\/2024\/09\/1625228552.jpg 1990w\" sizes=\"(max-width: 1020px) 100vw, 1020px\" \/>\t\t\t\t\t\t\n\t\t\t\t\t<\/div>\n\t\t\t\t\t\t\t\t\n<style>\n#image_1835092120 {\n  width: 100%;\n}\n<\/style>\n\t<\/div>\n\t\n\t\t<\/div>\n\t\t\t\t\t<\/div>\n\n\t\n<\/div>\n\t\t<\/div>\n\n\t\t\n<style>\n#section_1872508251 {\n  padding-top: 30px;\n  padding-bottom: 30px;\n}\n<\/style>\n\t<\/section>\n\t\n\t<section class=\"section\" id=\"section_529760496\">\n\t\t<div class=\"bg section-bg fill bg-fill  bg-loaded\" >\n\n\t\t\t\n\t\t\t\n\t\t\t\n\n\t\t<\/div>\n\n\t\t\n\n\t\t<div class=\"section-content relative\">\n\t\t\t\n<div class=\"row\"  id=\"row-196142564\">\n\n\t<div id=\"col-2144628923\" class=\"col medium-6 small-12 large-6\"  >\n\t\t\t\t<div class=\"col-inner\"  >\n\t\t\t\n\t\t\t\n\t<div class=\"img has-hover x md-x lg-x y md-y lg-y\" id=\"image_479534033\">\n\t\t\t\t\t\t\t\t<div class=\"img-inner image-cover dark\" style=\"padding-top:100%;\">\n\t\t\t<img loading=\"lazy\" decoding=\"async\" width=\"2560\" height=\"1920\" src=\"https:\/\/backlightmfg.com\/wp-content\/uploads\/2024\/09\/1625232631-scaled.jpg\" class=\"attachment-original size-original\" alt=\"O\u015bwietlenie \u015bwiat\u0142owodowe\" srcset=\"https:\/\/backlightmfg.com\/wp-content\/uploads\/2024\/09\/1625232631-scaled.jpg 2560w, https:\/\/backlightmfg.com\/wp-content\/uploads\/2024\/09\/1625232631-300x225.jpg 300w, https:\/\/backlightmfg.com\/wp-content\/uploads\/2024\/09\/1625232631-1024x768.jpg 1024w, https:\/\/backlightmfg.com\/wp-content\/uploads\/2024\/09\/1625232631-768x576.jpg 768w, https:\/\/backlightmfg.com\/wp-content\/uploads\/2024\/09\/1625232631-1536x1152.jpg 1536w, https:\/\/backlightmfg.com\/wp-content\/uploads\/2024\/09\/1625232631-2048x1536.jpg 2048w, https:\/\/backlightmfg.com\/wp-content\/uploads\/2024\/09\/1625232631-16x12.jpg 16w, https:\/\/backlightmfg.com\/wp-content\/uploads\/2024\/09\/1625232631-510x383.jpg 510w\" sizes=\"(max-width: 2560px) 100vw, 2560px\" \/>\t\t\t\t\t\t\n\t\t\t\t\t<\/div>\n\t\t\t\t\t\t\t\t\n<style>\n#image_479534033 {\n  width: 100%;\n}\n<\/style>\n\t<\/div>\n\t\n\t\t<\/div>\n\t\t\t\t\t<\/div>\n\n\t\n\n\t<div id=\"col-626431084\" class=\"col medium-6 small-12 large-6\"  >\n\t\t\t\t<div class=\"col-inner\"  >\n\t\t\t\n\t\t\t\n<h3 data-sourcepos=\"5:1-5:41\"><strong>Kluczowe komponenty paneli pod\u015bwietlenia \u015bwiat\u0142owodowego:<\/strong><\/h3>\n<ul data-sourcepos=\"7:1-8:63\">\n<li data-sourcepos=\"7:1-7:77\"><strong>\u0179r\u00f3d\u0142o \u015bwiat\u0142a:<\/strong> \u0179r\u00f3d\u0142o \u015bwiat\u0142a, zazwyczaj diody LED lub lampy fluorescencyjne.<\/li>\n<li data-sourcepos=\"8:1-8:63\"><strong>Kable \u015bwiat\u0142owodowe:<\/strong> Cienkie pasma szk\u0142a lub plastiku, kt\u00f3re przepuszczaj\u0105 \u015bwiat\u0142o.<\/li>\n<li data-sourcepos=\"9:1-9:82\"><strong>P\u0142ytka \u015bwiat\u0142owodowa:<\/strong> Przezroczysty materia\u0142, kt\u00f3ry r\u00f3wnomiernie rozprowadza \u015bwiat\u0142o.<\/li>\n<li data-sourcepos=\"10:1-10:50\"><strong>Dyfuzor:<\/strong> Materia\u0142, kt\u00f3ry rozprasza \u015bwiat\u0142o, tworz\u0105c jednolite o\u015bwietlenie.<\/li>\n<\/ul>\n<h3 data-sourcepos=\"12:1-12:42\"><strong>Jak dzia\u0142aj\u0105 \u015bwiat\u0142owodowe panele pod\u015bwietlaj\u0105ce?<\/strong><\/h3>\n<ol data-sourcepos=\"14:1-18:0\">\n<li data-sourcepos=\"14:1-14:80\"><strong>Emisja \u015bwiat\u0142a:<\/strong> \u0179r\u00f3d\u0142o \u015bwiat\u0142a emituje \u015bwiat\u0142o do kabli \u015bwiat\u0142owodowych.<\/li>\n<li data-sourcepos=\"15:1-15:101\"><strong>Transmisja \u015bwiat\u0142a:<\/strong> \u015awiat\u0142o przechodzi przez kable \u015bwiat\u0142owodowe do p\u0142yty \u015bwiat\u0142owodowej.<\/li>\n<li data-sourcepos=\"16:1-16:109\"><strong>Dystrybucja \u015bwiat\u0142a:<\/strong> P\u0142yta \u015bwiat\u0142owodowa rozprowadza \u015bwiat\u0142o r\u00f3wnomiernie z ty\u0142u wy\u015bwietlacza.<\/li>\n<li data-sourcepos=\"17:1-18:0\"><strong>Pod\u015bwietlenie:<\/strong> Rozproszone \u015bwiat\u0142o o\u015bwietla ekran wy\u015bwietlacza, tworz\u0105c jasny i jednolity obraz.<\/li>\n<\/ol>\n\t\t<\/div>\n\t\t\t\t\t<\/div>\n\n\t\n<\/div>\n\t\t<\/div>\n\n\t\t\n<style>\n#section_529760496 {\n  padding-top: 30px;\n  padding-bottom: 30px;\n  background-color: #c3e7f2;\n}\n<\/style>\n\t<\/section>\n\t\n\t<section class=\"section\" id=\"section_1419746076\">\n\t\t<div class=\"bg section-bg fill bg-fill  bg-loaded\" >\n\n\t\t\t\n\t\t\t\n\t\t\t\n\n\t\t<\/div>\n\n\t\t\n\n\t\t<div class=\"section-content relative\">\n\t\t\t\n<div class=\"row\"  id=\"row-902904229\">\n\n\t<div id=\"col-1968358353\" class=\"col medium-6 small-12 large-6\"  >\n\t\t\t\t<div class=\"col-inner\"  >\n\t\t\t\n\t\t\t\n<h3 data-sourcepos=\"19:1-19:45\">Zalety paneli \u015bwiat\u0142owodowych z pod\u015bwietleniem:<\/h3>\n<ul data-sourcepos=\"21:1-21:140\">\n<li data-sourcepos=\"21:1-21:140\"><strong>Jednolite o\u015bwietlenie:<\/strong> \u015awiat\u0142owodowe panele pod\u015bwietlaj\u0105ce zapewniaj\u0105 bardziej r\u00f3wnomierne i sp\u00f3jne pod\u015bwietlenie w por\u00f3wnaniu do tradycyjnych pod\u015bwietle\u0144 kraw\u0119dziowych lub bezpo\u015brednich.<\/li>\n<li data-sourcepos=\"22:1-22:141\"><strong>Efektywno\u015b\u0107 energetyczna:<\/strong> Mog\u0105 one by\u0107 bardziej energooszcz\u0119dne ni\u017c inne technologie pod\u015bwietlenia, zw\u0142aszcza gdy s\u0105 u\u017cywane z wysokowydajnymi diodami LED.<\/li>\n<li data-sourcepos=\"23:1-23:99\"><strong>Cienka konstrukcja:<\/strong> Panele z pod\u015bwietleniem \u015bwiat\u0142owodowym pozwalaj\u0105 na cie\u0144sze i bardziej kompaktowe konstrukcje wy\u015bwietlaczy.<\/li>\n<li data-sourcepos=\"24:1-25:0\"><strong>Elastyczno\u015b\u0107:<\/strong> Mo\u017cna je dostosowa\u0107 do r\u00f3\u017cnych rozmiar\u00f3w i kszta\u0142t\u00f3w wy\u015bwietlaczy.<\/li>\n<\/ul>\n<h3 data-sourcepos=\"26:1-26:49\">Zastosowania paneli pod\u015bwietlenia \u015bwiat\u0142owodowego:<\/h3>\n<ul data-sourcepos=\"28:1-31:0\">\n<li data-sourcepos=\"28:1-28:72\"><strong>Wy\u015bwietlacze LCD:<\/strong> U\u017cywany w telewizorach, monitorach komputerowych i laptopach.<\/li>\n<li data-sourcepos=\"29:1-29:68\"><strong>Wy\u015bwietlacze OLED:<\/strong> U\u017cywany w smartfonach, tabletach i wysokiej klasy telewizorach.<\/li>\n<li data-sourcepos=\"30:1-31:0\"><strong>Digital Signage:<\/strong> U\u017cywany w wy\u015bwietlaczach reklamowych i cyfrowych billboardach.<\/li>\n<\/ul>\n<p data-sourcepos=\"32:1-32:30\"><strong>Panele z pod\u015bwietleniem \u015bwiat\u0142owodowym sta\u0142y si\u0119 popularnym wyborem dla nowoczesnej technologii wy\u015bwietlania ze wzgl\u0119du na ich zalety w zakresie jako\u015bci pod\u015bwietlenia, efektywno\u015bci energetycznej i elastyczno\u015bci projektowania.<\/strong><\/p>\n\t\t<\/div>\n\t\t\t\t\t<\/div>\n\n\t\n\n\t<div id=\"col-414000109\" class=\"col medium-6 small-12 large-6\"  >\n\t\t\t\t<div class=\"col-inner\"  >\n\t\t\t\n\t\t\t\n\t<div class=\"img has-hover x md-x lg-x y md-y lg-y\" id=\"image_428722684\">\n\t\t\t\t\t\t\t\t<div class=\"img-inner image-cover dark\" style=\"padding-top:100%;\">\n\t\t\t<img loading=\"lazy\" decoding=\"async\" width=\"685\" height=\"667\" src=\"https:\/\/backlightmfg.com\/wp-content\/uploads\/2024\/09\/1625230825.png\" class=\"attachment-original size-original\" alt=\"Zastosowania paneli z pod\u015bwietleniem \u015bwiat\u0142owodowym\" srcset=\"https:\/\/backlightmfg.com\/wp-content\/uploads\/2024\/09\/1625230825.png 685w, https:\/\/backlightmfg.com\/wp-content\/uploads\/2024\/09\/1625230825-300x292.png 300w, https:\/\/backlightmfg.com\/wp-content\/uploads\/2024\/09\/1625230825-12x12.png 12w, https:\/\/backlightmfg.com\/wp-content\/uploads\/2024\/09\/1625230825-510x497.png 510w\" sizes=\"(max-width: 685px) 100vw, 685px\" \/>\t\t\t\t\t\t\n\t\t\t\t\t<\/div>\n\t\t\t\t\t\t\t\t\n<style>\n#image_428722684 {\n  width: 100%;\n}\n<\/style>\n\t<\/div>\n\t\n\t\t<\/div>\n\t\t\t\t\t<\/div>\n\n\t\n<\/div>\n\t\t<\/div>\n\n\t\t\n<style>\n#section_1419746076 {\n  padding-top: 30px;\n  padding-bottom: 30px;\n}\n<\/style>\n\t<\/section>\n\t\n\t<section class=\"section\" id=\"section_1182152469\">\n\t\t<div class=\"bg section-bg fill bg-fill  bg-loaded\" >\n\n\t\t\t\n\t\t\t\n\t\t\t\n\n\t\t<\/div>\n\n\t\t\n\n\t\t<div class=\"section-content relative\">\n\t\t\t\n<div class=\"row\"  id=\"row-978726932\">\n\n\t<div id=\"col-2107613645\" class=\"col small-12 large-12\"  >\n\t\t\t\t<div class=\"col-inner\"  >\n\t\t\t\n\t\t\t\n<h2 class=\"\" style=\"text-align: center;\" data-sourcepos=\"1:1-1:61\">\u015awiat\u0142owodowe panele pod\u015bwietlaj\u0105ce OEM: Dostosowywanie wy\u015bwietlacza<\/h2>\n<p data-sourcepos=\"3:1-3:126\"><strong>Reyera jako \u015bwiat\u0142owodowe panele pod\u015bwietlaj\u0105ce OEM<\/strong> oferuj\u0105 konfigurowalne rozwi\u0105zanie dla firm, kt\u00f3re chc\u0105 w\u0142\u0105czy\u0107 wysokiej jako\u015bci o\u015bwietlenie do swoich produkt\u00f3w. Panele te mo\u017cna dostosowa\u0107 do konkretnych wymaga\u0144, zapewniaj\u0105c optymaln\u0105 wydajno\u015b\u0107 i estetyk\u0119.<\/p>\n<p data-sourcepos=\"5:1-5:34\"><strong>Zalety \u015bwiat\u0142owodowych paneli pod\u015bwietlaj\u0105cych OEM:<\/strong><\/p>\n<ul data-sourcepos=\"7:1-8:27\">\n<li data-sourcepos=\"7:1-7:112\"><strong>Personalizacja:<\/strong> Dostosuj rozmiar, kszta\u0142t, jasno\u015b\u0107 i temperatur\u0119 barwow\u0105 panelu do swoich potrzeb.<\/li>\n<li data-sourcepos=\"8:1-8:27\"><strong>Branding:<\/strong> W\u0142\u0105cz logo marki lub elementy projektu do panelu, aby uzyska\u0107 unikalny wygl\u0105d.<\/li>\n<li data-sourcepos=\"9:1-9:97\"><strong>Op\u0142acalno\u015b\u0107:<\/strong> Produkcja OEM cz\u0119sto oferuje konkurencyjne ceny dla du\u017cych ilo\u015bci.<\/li>\n<li data-sourcepos=\"10:1-10:1\"><strong>Kontrola jako\u015bci:<\/strong> Wsp\u00f3\u0142pracuj z renomowanymi producentami, aby zapewni\u0107 wysok\u0105 jako\u015b\u0107 produkt\u00f3w i niezawodne dzia\u0142anie.<\/li>\n<\/ul>\n<p data-sourcepos=\"12:1-12:26\"><strong>Opcje dostosowywania:<\/strong><\/p>\n<ul data-sourcepos=\"14:1-18:0\">\n<li data-sourcepos=\"14:1-14:91\"><strong>Rozmiar i kszta\u0142t:<\/strong> Wybierz wymiary i kszta\u0142t panelu, aby dopasowa\u0107 go do projektu wy\u015bwietlacza.<\/li>\n<li data-sourcepos=\"15:1-15:118\"><strong>Jasno\u015b\u0107 i temperatura barwowa:<\/strong> Dostosuj intensywno\u015b\u0107 \u015bwiat\u0142a i spektrum kolor\u00f3w do po\u017c\u0105danej estetyki.<\/li>\n<li data-sourcepos=\"16:1-16:108\"><strong>Dystrybucja \u015bwiat\u0142a:<\/strong> Dostosuj wz\u00f3r dystrybucji \u015bwiat\u0142a, aby uzyska\u0107 okre\u015blone efekty pod\u015bwietlenia.<\/li>\n<li data-sourcepos=\"17:1-18:0\"><strong>Integracja:<\/strong> Zintegruj dodatkowe funkcje, takie jak czujniki dotykowe lub czujniki \u015bwiat\u0142a otoczenia.<\/li>\n<\/ul>\n<p data-sourcepos=\"19:1-19:98\"><strong>Dlaczego warto wybra\u0107 producenta paneli \u015bwiat\u0142owodowych Reyera OEM:<\/strong><\/p>\n<ul data-sourcepos=\"21:1-21:100\">\n<li data-sourcepos=\"21:1-21:100\"><strong>Do\u015bwiadczenie:<\/strong> Szukaj producent\u00f3w z do\u015bwiadczeniem w produkcji wysokiej jako\u015bci paneli pod\u015bwietlaj\u0105cych.<\/li>\n<li data-sourcepos=\"22:1-22:121\"><strong>Mo\u017cliwo\u015bci:<\/strong> Upewnij si\u0119, \u017ce producent dysponuje niezb\u0119dnym sprz\u0119tem i do\u015bwiadczeniem, aby spe\u0142ni\u0107 okre\u015blone wymagania.<\/li>\n<li data-sourcepos=\"23:1-23:94\"><strong>Czas realizacji:<\/strong> We\u017a pod uwag\u0119 czas produkcji producenta, aby zapewni\u0107 terminow\u0105 dostaw\u0119.<\/li>\n<li data-sourcepos=\"24:1-25:0\"><strong>Wsparcie posprzeda\u017cowe:<\/strong> Wybierz producenta, kt\u00f3ry zapewnia niezawodne wsparcie posprzeda\u017cowe i ochron\u0119 gwarancyjn\u0105.<\/li>\n<\/ul>\n\t\t<\/div>\n\t\t\t\t\t<\/div>\n\n\t\n<\/div>\n\t\t<\/div>\n\n\t\t\n<style>\n#section_1182152469 {\n  padding-top: 30px;\n  padding-bottom: 30px;\n  background-color: #c3e7f2;\n}\n<\/style>\n\t<\/section>\n\t\n\t<section class=\"section\" id=\"section_20961022\">\n\t\t<div class=\"bg section-bg fill bg-fill  bg-loaded\" >\n\n\t\t\t\n\t\t\t\n\t\t\t\n\n\t\t<\/div>\n\n\t\t\n\n\t\t<div class=\"section-content relative\">\n\t\t\t\n<div class=\"row\"  id=\"row-529933839\">\n\n\t<div id=\"col-961109887\" class=\"col small-12 large-12\"  >\n\t\t\t\t<div class=\"col-inner\"  >\n\t\t\t\n\t\t\t\n<h2 style=\"text-align: center;\">Kontakt<\/h2>\n\t\t<\/div>\n\t\t\t\t\t<\/div>\n\n\t\n<\/div>\n<div class=\"row\"  id=\"row-85380160\">\n\n\t<div id=\"col-810052124\" class=\"col small-12 large-12\"  >\n\t\t\t\t<div class=\"col-inner\"  >\n\t\t\t\n\t\t\t\n\n<div class=\"wpcf7 no-js\" id=\"wpcf7-f280-o1\" lang=\"en-US\" dir=\"ltr\">\n<div class=\"screen-reader-response\"><p role=\"status\" aria-live=\"polite\" aria-atomic=\"true\"><\/p> <ul><\/ul><\/div>\n<form action=\"\/pl\/wp-json\/wp\/v2\/pages\/2011#wpcf7-f280-o1\" method=\"post\" class=\"wpcf7-form init\" aria-label=\"Formularz kontaktowy\" novalidate=\"novalidate\" data-status=\"init\" data-trp-original-action=\"\/pl\/wp-json\/wp\/v2\/pages\/2011#wpcf7-f280-o1\">\n<div style=\"display: none;\">\n<input type=\"hidden\" name=\"_wpcf7\" value=\"280\" \/>\n<input type=\"hidden\" name=\"_wpcf7_version\" value=\"5.9.6\" \/>\n<input type=\"hidden\" name=\"_wpcf7_locale\" value=\"en_US\" \/>\n<input type=\"hidden\" name=\"_wpcf7_unit_tag\" value=\"wpcf7-f280-o1\" \/>\n<input type=\"hidden\" name=\"_wpcf7_container_post\" value=\"0\" \/>\n<input type=\"hidden\" name=\"_wpcf7_posted_data_hash\" value=\"\" \/>\n<\/div>\n<div class='custom_contact_style'>\n\t<div class=\"row row-small\">\n\t\t<div class=\"col medium-6 small-12 large-6\">\n\t\t\t<div class=\"col-inner\">\n\t\t\t\t<p><span class=\"wpcf7-form-control-wrap\" data-name=\"your-name\"><input size=\"40\" maxlength=\"80\" class=\"wpcf7-form-control wpcf7-text wpcf7-validates-as-required\" aria-required=\"true\" aria-invalid=\"false\" placeholder=\"Nazwa*\" value=\"\" type=\"text\" name=\"your-name\" \/><\/span>\n\t\t\t\t<\/p>\n\t\t\t<\/div>\n\t\t<\/div>\n\t\t<div class=\"col medium-6 small-12 large-6\">\n\t\t\t<div class=\"col-inner\">\n\t\t\t\t<p><span class=\"wpcf7-form-control-wrap\" data-name=\"your-email\"><input size=\"40\" maxlength=\"80\" class=\"wpcf7-form-control wpcf7-email wpcf7-validates-as-required wpcf7-text wpcf7-validates-as-email\" aria-required=\"true\" aria-invalid=\"false\" placeholder=\"E-mail*\" value=\"\" type=\"email\" name=\"your-email\" \/><\/span>\n\t\t\t\t<\/p>\n\t\t\t<\/div>\n\t\t<\/div>\n\t<\/div>\n\t<div class='cus_contact_form_bottom'>\n\t\t<p><span class=\"wpcf7-form-control-wrap\" data-name=\"your-phone\"><input size=\"40\" maxlength=\"80\" class=\"wpcf7-form-control wpcf7-text\" aria-invalid=\"false\" placeholder=\"Telefon\" value=\"\" type=\"text\" name=\"your-phone\" \/><\/span>\n\t\t<\/p>\n\t<\/div>\n\t<div class='cus_contact_form_bottom'>\n\t\t<p><span class=\"wpcf7-form-control-wrap\" data-name=\"your-country\"><input size=\"40\" maxlength=\"80\" class=\"wpcf7-form-control wpcf7-text\" aria-invalid=\"false\" placeholder=\"Kraj\" value=\"\" type=\"text\" name=\"your-country\" \/><\/span>\n\t\t<\/p>\n\t<\/div>\n\t<p><span class=\"wpcf7-form-control-wrap\" data-name=\"your-message\"><textarea cols=\"40\" rows=\"10\" maxlength=\"400\" class=\"wpcf7-form-control wpcf7-textarea wpcf7-validates-as-required\" aria-required=\"true\" aria-invalid=\"false\" placeholder=\"Twoja wiadomo\u015b\u0107 *\" name=\"your-message\"><\/textarea><\/span>\n\t<\/p>\n\t<div style=\"margin-bottom:10px;\">\n\t\t<p><span class=\"wpcf7-form-control-wrap kc_captcha cf7ic-toggle\" data-name=\"kc_captcha\"><span class=\"wpcf7-form-control wpcf7-radio\"><span class=\"captcha-image\" style=\"display: none;\"><span class=\"cf7ic_instructions\">Udowodnij, \u017ce jeste\u015b cz\u0142owiekiem, wybieraj\u0105c opcj\u0119<span> house<\/span>.<\/span><label><input aria-label=\"1\" type=\"radio\" name=\"kc_captcha\" value=\"kc_human\" \/><svg aria-hidden=\"true\" role=\"img\" xmlns=\"http:\/\/www.w3.org\/2000\/svg\" viewbox=\"0 0 576 512\"><path fill=\"currentColor\" d=\"M488 313v143c0 13-11 24-24 24H348c-7 0-12-5-12-12V356c0-7-5-12-12-12h-72c-7 0-12 5-12 12v112c0 7-5 12-12 12H112c-13 0-24-11-24-24V313c0-4 2-7 4-10l188-154c5-4 11-4 16 0l188 154c2 3 4 6 4 10zm84-61l-84-69V44c0-6-5-12-12-12h-56c-7 0-12 6-12 12v73l-89-74a48 48 0 00-61 0L4 252c-5 4-5 12-1 17l25 31c5 5 12 5 17 1l235-193c5-4 11-4 16 0l235 193c5 5 13 4 17-1l25-31c4-6 4-13-1-17z\"\/><\/svg><\/label><label><input aria-label=\"2\" type=\"radio\" name=\"kc_captcha\" value=\"bot\" \/><svg aria-hidden=\"true\" role=\"img\" xmlns=\"http:\/\/www.w3.org\/2000\/svg\" viewbox=\"0 0 576 512\"><path fill=\"currentColor\" d=\"M259 18l-65 132-146 22c-26 3-37 36-18 54l106 103-25 146c-5 26 23 46 46 33l131-68 131 68c23 13 51-7 46-33l-25-146 106-103c19-18 8-51-18-54l-146-22-65-132a32 32 0 00-58 0z\"\/><\/svg><\/label><label><input aria-label=\"3\" type=\"radio\" name=\"kc_captcha\" value=\"bot\" \/><svg aria-hidden=\"true\" role=\"img\" xmlns=\"http:\/\/www.w3.org\/2000\/svg\" viewbox=\"0 0 512 512\"><path fill=\"currentColor\" d=\"M512 176a176 176 0 01-209 173l-24 27a24 24 0 01-18 8h-37v40c0 13-11 24-24 24h-40v40c0 13-11 24-24 24H24c-13 0-24-11-24-24v-78c0-6 3-13 7-17l162-162a176 176 0 11343-55zm-176-48a48 48 0 1096 0 48 48 0 00-96 0z\"\/><\/svg><\/label>\r\n    <\/span>\r\n    <span style=\"display:none\">\r\n        <input type=\"text\" name=\"kc_honeypot\">\r\n    <\/span><\/span><\/span>\n\t\t<\/p>\n\t<\/div>\n\t<p><input class=\"wpcf7-form-control wpcf7-submit has-spinner\" type=\"submit\" value=\"Wy\u015blij wiadomo\u015b\u0107\" \/>\n\t<\/p>\n<\/div><div class=\"wpcf7-response-output\" aria-hidden=\"true\"><\/div>\n<input type=\"hidden\" name=\"trp-form-language\" value=\"pl\"\/><\/form>\n<\/div>\n\n\t\t<\/div>\n\t\t\t\t\t<\/div>\n\n\t\n<\/div>\n\t\t<\/div>\n\n\t\t\n<style>\n#section_20961022 {\n  padding-top: 30px;\n  padding-bottom: 30px;\n}\n<\/style>\n\t<\/section>","protected":false},"excerpt":{"rendered":"","protected":false},"author":1,"featured_media":0,"parent":0,"menu_order":0,"comment_status":"closed","ping_status":"closed","template":"page-blank.php","meta":{"footnotes":""},"_links":{"self":[{"href":"https:\/\/backlightmfg.com\/pl\/wp-json\/wp\/v2\/pages\/2011"}],"collection":[{"href":"https:\/\/backlightmfg.com\/pl\/wp-json\/wp\/v2\/pages"}],"about":[{"href":"https:\/\/backlightmfg.com\/pl\/wp-json\/wp\/v2\/types\/page"}],"author":[{"embeddable":true,"href":"https:\/\/backlightmfg.com\/pl\/wp-json\/wp\/v2\/users\/1"}],"replies":[{"embeddable":true,"href":"https:\/\/backlightmfg.com\/pl\/wp-json\/wp\/v2\/comments?post=2011"}],"version-history":[{"count":20,"href":"https:\/\/backlightmfg.com\/pl\/wp-json\/wp\/v2\/pages\/2011\/revisions"}],"predecessor-version":[{"id":2047,"href":"https:\/\/backlightmfg.com\/pl\/wp-json\/wp\/v2\/pages\/2011\/revisions\/2047"}],"wp:attachment":[{"href":"https:\/\/backlightmfg.com\/pl\/wp-json\/wp\/v2\/media?parent=2011"}],"curies":[{"name":"wp","href":"https:\/\/api.w.org\/{rel}","templated":true}]}}