{"id":1793,"date":"2024-08-03T06:46:11","date_gmt":"2024-08-03T06:46:11","guid":{"rendered":"https:\/\/backlightmfg.com\/?post_type=product&#038;p=1793"},"modified":"2024-09-15T06:29:42","modified_gmt":"2024-09-15T06:29:42","slug":"lgf-light-guide-film","status":"publish","type":"product","link":"https:\/\/backlightmfg.com\/lv\/lgf-light-guide-film\/","title":{"rendered":"LGF (Gaismas virzo\u0161\u0101 pl\u0113ve)"},"content":{"rendered":"<h3 data-sourcepos=\"3:1-3:53\">Kas ir LGF?<\/h3>\n<ul>\n<li data-sourcepos=\"3:1-3:53\">Gaismas virzo\u0161\u0101 pl\u0113ve (LGF) ir pl\u0101na, optiski caursp\u012bd\u012bga plastmasas loksne, kas paredz\u0113ta, lai vienm\u0113r\u012bgi sadal\u012btu gaismu no malu izgaismota avota pa t\u0101s virsmu. \u0160\u012b tehnolo\u0123ija ir b\u016btiska, lai rad\u012btu vienm\u0113r\u012bgu aizmugur\u0113jo apgaismojumu da\u017e\u0101dos lietojumos, s\u0101kot no aizmugur\u0113ji izgaismot\u0101m tastat\u016br\u0101m un LCD displejiem l\u012bdz izk\u0101rtn\u0113m un automobi\u013cu interjeriem.<\/li>\n<\/ul>\n<h3>K\u0101 darbojas gaismas vadl\u012bniju pl\u0113ve?<\/h3>\n<ul>\n<li data-sourcepos=\"7:1-7:66\">LGF izmanto unik\u0101lu mikrostrukt\u016bru uz t\u0101s virsmas, lai uztvertu un lauztu gaismu no LED gaismas avota, kas novietots pl\u0113ves mal\u0101. \u0160\u012b gaisma tiek vienm\u0113r\u012bgi izklied\u0113ta pa pl\u0113ves virsmu, nodro\u0161inot spilgtu un vienm\u0113r\u012bgu apgaismojumu.<\/li>\n<\/ul>\n<h3 data-sourcepos=\"7:1-7:66\">Funkcijas<\/h3>\n<ul>\n<li>\u012bpa\u0161i pl\u0101na optisk\u0101s kvalit\u0101tes polikarbon\u0101ta pl\u0113ve ar piel\u0101got\u0101m mikro gaismas vad\u012bt\u0101ju strukt\u016br\u0101m nodro\u0161ina vienm\u0113r\u012bgu gaismas veiktsp\u0113ju.<\/li>\n<li>Displeja lietojumprogrammas: Priek\u0161\u0113j\u0101 gaismas virzo\u0161\u0101 pl\u0113ve e-pap\u012bram un publiskaj\u0101m izk\u0101rtn\u0113m, k\u0101 ar\u012b citiem displeja lietojumiem.<\/li>\n<li>Automobi\u013cu nozare: Instrumentu panelis \/ durvju scuff plate \/ interjera apgaismojums automa\u0161\u012bnai.<\/li>\n<li>Pla\u0161a pat\u0113ri\u0146a elektronika: izgaismotas tastat\u016bras \/ RGB Led ventilatori \/ vad\u012bbas pane\u013ci.<\/li>\n<li>M\u0101jas lietojumprogrammas: izgaismotas sk\u0101rienpogas<\/li>\n<\/ul>","protected":false},"excerpt":{"rendered":"<h4 id=\"tw-target-text\" class=\"tw-data-text tw-text-large tw-ta\" dir=\"ltr\" data-placeholder=\"Translation\" aria-label=\"Tulkotais teksts\" data-ved=\"2ahUKEwiFvaiamtiHAxXCnK8BHcMXH1QQ3ewLegQIERAU\"><strong><span class=\"Y2IQFc\" lang=\"en\">Procesa parametri <\/span>no LGF<\/strong><\/h4>\n<p dir=\"ltr\" data-placeholder=\"Translation\" aria-label=\"Tulkotais teksts\" data-ved=\"2ahUKEwiFvaiamtiHAxXCnK8BHcMXH1QQ3ewLegQIERAU\">Materi\u0101ls \uff1aPolikarbon\u0101ts (PC)<\/p>\n<p dir=\"ltr\" data-placeholder=\"Translation\" aria-label=\"Tulkotais teksts\" data-ved=\"2ahUKEwiFvaiamtiHAxXCnK8BHcMXH1QQ3ewLegQIERAU\">Biezums \uff1a0,075 mm, 0,1 mm, 0,125 mm<\/p>\n<p dir=\"ltr\" data-placeholder=\"Translation\" aria-label=\"Tulkotais teksts\" data-ved=\"2ahUKEwiFvaiamtiHAxXCnK8BHcMXH1QQ3ewLegQIERAU\">Izm\u0113rs un forma: atbilsto\u0161i klienta ras\u0113jumam<\/p>","protected":false},"featured_media":1794,"comment_status":"open","ping_status":"closed","template":"","meta":[],"product_cat":[15],"product_tag":[],"_links":{"self":[{"href":"https:\/\/backlightmfg.com\/lv\/wp-json\/wp\/v2\/product\/1793"}],"collection":[{"href":"https:\/\/backlightmfg.com\/lv\/wp-json\/wp\/v2\/product"}],"about":[{"href":"https:\/\/backlightmfg.com\/lv\/wp-json\/wp\/v2\/types\/product"}],"replies":[{"embeddable":true,"href":"https:\/\/backlightmfg.com\/lv\/wp-json\/wp\/v2\/comments?post=1793"}],"wp:featuredmedia":[{"embeddable":true,"href":"https:\/\/backlightmfg.com\/lv\/wp-json\/wp\/v2\/media\/1794"}],"wp:attachment":[{"href":"https:\/\/backlightmfg.com\/lv\/wp-json\/wp\/v2\/media?parent=1793"}],"wp:term":[{"taxonomy":"product_cat","embeddable":true,"href":"https:\/\/backlightmfg.com\/lv\/wp-json\/wp\/v2\/product_cat?post=1793"},{"taxonomy":"product_tag","embeddable":true,"href":"https:\/\/backlightmfg.com\/lv\/wp-json\/wp\/v2\/product_tag?post=1793"}],"curies":[{"name":"wp","href":"https:\/\/api.w.org\/{rel}","templated":true}]}}