{"id":1790,"date":"2024-08-03T02:08:10","date_gmt":"2024-08-03T02:08:10","guid":{"rendered":"https:\/\/backlightmfg.com\/?post_type=product&#038;p=1790"},"modified":"2025-07-14T08:33:49","modified_gmt":"2025-07-14T08:33:49","slug":"lgp-backlight","status":"publish","type":"product","link":"https:\/\/backlightmfg.com\/lv\/lgp-backlight\/","title":{"rendered":"LGP fona apgaismojums"},"content":{"rendered":"<h3><strong><span class=\"Y2IQFc\" lang=\"en\">LGP mikrostrukt\u016bras tehnolo\u0123ija (vides aizsardz\u012bba) \uff1a<\/span><\/strong><\/h3>\n<p>P\u0101reja no s\u0101kotn\u0113j\u0101 druk\u0101\u0161anas procesa uz karst\u0101s pres\u0113\u0161anas procesu, automatiz\u0113ta ra\u017eo\u0161ana, augsta ra\u017e\u012bba un lielisks vizu\u0101lais efekts.Tas ietver mikrostrukt\u016bras LGP un tintes druk\u0101\u0161anas LGP.<\/p>\n<h4><b>Kas ir mikro_strukt\u016bra?<\/b><\/h4>\n<ul>\n<li>Ja kontrol\u0113jam\u0101 LGP mode\u013ca izm\u0113rs ir maz\u0101ks par 100 um. To var saukt par mikrostrukt\u016bru.<\/li>\n<\/ul>\n<h4><strong>Tintes druk\u0101\u0161ana<\/strong><\/h4>\n<ul>\n<li>Mode\u013ca izm\u0113rs ir 0,4 mm (minim\u0101lais diametrs).<\/li>\n<\/ul>\n<h4 class=\"tw-data-text tw-text-large tw-ta\" dir=\"ltr\" data-placeholder=\"Translation\" aria-label=\"Tulkotais teksts\" data-ved=\"2ahUKEwii-OPw3deHAxXnha8BHe_AMVoQ3ewLegQIDRAU\"><strong><span class=\"Y2IQFc\" lang=\"en\">Gaismas virzo\u0161ais modulis -<\/span><span class=\"Y2IQFc\" lang=\"en\">Retin\u0101\u0161ana<\/span><\/strong><\/h4>\n<ul>\n<li>Gaismas virzo\u0161\u0101 modu\u013ca kop\u0113jais biezums ir no 0,8 ~ 2 mm. Gaismasvads var b\u016bt izgatavots no m\u012bkst\u0101s plates (FPC) vai ciet\u0101s plates (PCB) atkar\u012bb\u0101 no klienta vajadz\u012bb\u0101m.<\/li>\n<\/ul>\n<h4 class=\"tw-data-text tw-text-large tw-ta\" dir=\"ltr\" data-placeholder=\"Translation\" aria-label=\"Tulkotais teksts\" data-ved=\"2ahUKEwii-OPw3deHAxXnha8BHe_AMVoQ3ewLegQIDRAU\"><strong><span class=\"Y2IQFc\" lang=\"en\">Gaismas virzo\u0161ais modulis -<\/span><span class=\"Y2IQFc\" lang=\"en\">Elast\u012bba<\/span><\/strong><\/h4>\n<ul>\n<li>T\u0101s m\u012bkst\u0101 d\u0113\u013ca pl\u0101najam gaismas vad\u012bbas modulim ir laba elast\u012bba, un biezo l\u012bmi var izmantot, lai to piel\u0101gotu atbilsto\u0161i produkta izskatam.<\/li>\n<\/ul>\n<h4 id=\"tw-target-text\" class=\"tw-data-text tw-text-large tw-ta\" dir=\"ltr\" data-placeholder=\"Translation\" aria-label=\"Tulkotais teksts\" data-ved=\"2ahUKEwii-OPw3deHAxXnha8BHe_AMVoQ3ewLegQIDRAU\"><strong><span class=\"Y2IQFc\" lang=\"en\">Gaismas vadotnes modu\u013ca piel\u0101go\u0161ana<\/span><\/strong><\/h4>\n<ul>\n<li id=\"tw-target-text\" class=\"tw-data-text tw-text-large tw-ta\" dir=\"ltr\" data-placeholder=\"Translation\" aria-label=\"Tulkotais teksts\" data-ved=\"2ahUKEwii-OPw3deHAxXnha8BHe_AMVoQ3ewLegQIDRAU\"><span class=\"Y2IQFc\" lang=\"en\">Da\u017e\u0101dus gaismas virzo\u0161os modu\u013cus var izstr\u0101d\u0101t atbilsto\u0161i da\u017e\u0101d\u0101m klientu vajadz\u012bb\u0101m, lai pan\u0101ktu klientu piepras\u012btos efektus.<\/span><\/li>\n<\/ul>\n<div id=\"KnM9nf\" class=\"PZPZlf\" data-attrid=\"tw-sourceArea\" data-entityname=\"Google Translate\">\n<div id=\"tw-source\">\n<div id=\"tw-source-rmn-container\" class=\"tw-ta-container F0azHf tw-nfl\">\n<h3 id=\"tw-source-rmn\" class=\"tw-data-text tw-text-small tw-ta\" dir=\"ltr\"><strong>Pieteikums<\/strong><\/h3>\n<ul>\n<li>Parasts tips - zem gumijas<\/li>\n<li>Starp atsl\u0113gu un gumiju<\/li>\n<li>L\u012bdzform\u0113\u0161ana<\/li>\n<\/ul>\n<\/div>\n<\/div>\n<\/div>","protected":false},"excerpt":{"rendered":"<p id=\"tw-target-text\" class=\"tw-data-text tw-text-large tw-ta\" dir=\"ltr\" data-placeholder=\"Translation\" aria-label=\"Tulkotais teksts\" data-ved=\"2ahUKEwii-OPw3deHAxXnha8BHe_AMVoQ3ewLegQIDRAU\"><span class=\"Y2IQFc\" lang=\"en\">LED fotoelektriskie gaismas virz\u012bt\u0101ju modu\u013ci tiek izmantoti viedaj\u0101s pils\u0113t\u0101s, viedajos transportl\u012bdzek\u013cos, viedaj\u0101s m\u0101jas ier\u012bc\u0113s un e-sporta perif\u0113rijas ier\u012bc\u0113s. Gaismas virz\u012bt\u0101ju modu\u013cu n\u0101kotnes att\u012bst\u012bbas tendences<\/span><\/p>\n<ul>\n<li><span class=\"Y2IQFc\" lang=\"en\">LGP mikrostrukt\u016bras tehnolo\u0123ija (vides aizsardz\u012bba)<br \/>\n<\/span><\/li>\n<li><span class=\"Y2IQFc\" lang=\"en\">Retin\u0101\u0161ana<br \/>\n<\/span><\/li>\n<li><span class=\"Y2IQFc\" lang=\"en\">Elast\u012bba<br \/>\n<\/span><\/li>\n<li><span class=\"Y2IQFc\" lang=\"en\">RGB gaismas virzo\u0161ais modulis<br \/>\n<\/span><\/li>\n<li><span class=\"Y2IQFc\" lang=\"en\">Programm\u0113jama RGB gaismas josla<br \/>\n<\/span><\/li>\n<li><span class=\"Y2IQFc\" lang=\"en\">Fiks\u0113tas izmai\u0146as RGB gaismas sloksnes<\/span><\/li>\n<\/ul>","protected":false},"featured_media":1791,"comment_status":"open","ping_status":"closed","template":"","meta":[],"product_cat":[15],"product_tag":[],"_links":{"self":[{"href":"https:\/\/backlightmfg.com\/lv\/wp-json\/wp\/v2\/product\/1790"}],"collection":[{"href":"https:\/\/backlightmfg.com\/lv\/wp-json\/wp\/v2\/product"}],"about":[{"href":"https:\/\/backlightmfg.com\/lv\/wp-json\/wp\/v2\/types\/product"}],"replies":[{"embeddable":true,"href":"https:\/\/backlightmfg.com\/lv\/wp-json\/wp\/v2\/comments?post=1790"}],"wp:featuredmedia":[{"embeddable":true,"href":"https:\/\/backlightmfg.com\/lv\/wp-json\/wp\/v2\/media\/1791"}],"wp:attachment":[{"href":"https:\/\/backlightmfg.com\/lv\/wp-json\/wp\/v2\/media?parent=1790"}],"wp:term":[{"taxonomy":"product_cat","embeddable":true,"href":"https:\/\/backlightmfg.com\/lv\/wp-json\/wp\/v2\/product_cat?post=1790"},{"taxonomy":"product_tag","embeddable":true,"href":"https:\/\/backlightmfg.com\/lv\/wp-json\/wp\/v2\/product_tag?post=1790"}],"curies":[{"name":"wp","href":"https:\/\/api.w.org\/{rel}","templated":true}]}}