{"id":1556,"date":"2024-07-08T08:09:40","date_gmt":"2024-07-08T08:09:40","guid":{"rendered":"https:\/\/backlightmfg.com\/manufacturer\/keyboard-backlight\/"},"modified":"2024-09-15T06:29:44","modified_gmt":"2024-09-15T06:29:44","slug":"keyboard-backlight","status":"publish","type":"product","link":"https:\/\/backlightmfg.com\/lv\/keyboard-backlight\/","title":{"rendered":"Tastat\u016bras fona apgaismojums"},"content":{"rendered":"<p>Membr\u0101nu tastat\u016bras, kas paz\u012bstamas ar savu kluso darb\u012bbu un pieejamo cenu, arvien bie\u017e\u0101k tiek apr\u012bkotas ar aizmugurgaismojumu, pied\u0101v\u0101jot praktisku un stil\u012bgu uzlabojumu. L\u016bk, tuv\u0101k apl\u016bkojiet membr\u0101nveida tastat\u016bru aizmugurgaismojumu.<\/p>\n<h3><strong>Tastat\u016bras fona apgaismojuma tehnolo\u0123ija:<\/strong><\/h3>\n<p>At\u0161\u0137ir\u012bb\u0101 no meh\u0101nisk\u0101m tastat\u016br\u0101m ar atsevi\u0161\u0137iem sl\u0113d\u017eiem zem katra tausti\u0146a, membr\u0101nu tastat\u016bras izmanto vienu spiediena membr\u0101nu. \u0160aj\u0101s tastat\u016br\u0101s parasti izmanto fona apgaismojumu:<\/p>\n<ul>\n<li><strong>Gaismas virzo\u0161\u0101 pl\u0113ve (LGF):<\/strong>\u0160\u012b pl\u0101n\u0101, caursp\u012bd\u012bg\u0101 pl\u0113ve efekt\u012bvi izplata gaismu no gaismas diod\u0113m, kas strat\u0113\u0123iski izvietotas pa tastat\u016bru. LGF pal\u012bdz pan\u0101kt vienm\u0113r\u012bgu apgaismojumu vis\u0101 tausti\u0146u korpus\u0101.<\/li>\n<li><strong>Virsmas mont\u0101\u017eas LED (SMD):<\/strong>\u0160\u012bs kompakt\u0101s gaismas diodes ir izvietotas noteiktos punktos tastat\u016bras PCB (iespiedsh\u0113mas plates), lai virz\u012btu gaismu uz LGF.<\/li>\n<\/ul>\n<h3><strong>Ieguvumi:<\/strong><\/h3>\n<ul>\n<li><strong>Uzlabota redzam\u012bba:<\/strong>Fona apgaismojums \u013cauj skaidri saskat\u012bt tausti\u0146us v\u0101j\u0101 apgaismojum\u0101, uzlabojot rakst\u012b\u0161anas precizit\u0101ti un efektivit\u0101ti.<\/li>\n<li><strong>Uzlabota produktivit\u0101te:<\/strong>Skaidr\u0101ka tausti\u0146u redzam\u012bba noz\u012bm\u0113 maz\u0101k k\u013c\u016bdu un \u0101tr\u0101ku rakst\u012b\u0161anu, kas ir \u012bpa\u0161i noder\u012bgi nakts p\u016bc\u0113m vai tiem, kas str\u0101d\u0101 aptum\u0161ot\u0101 vid\u0113.<\/li>\n<li><strong>Samazin\u0101ts acu sasprindzin\u0101jums:<\/strong>Maigs aizmugures apgaismojuma mirdzums samazina acu spriedzi ilgsto\u0161as rakst\u012b\u0161anas sesijas laik\u0101.<\/li>\n<li><strong>Stil\u012bga est\u0113tika:<\/strong>Klaviat\u016bras ar aizmugur\u0113jo apgaismojumu pie\u0161\u0137ir darba vietai personiskumu un izsmalcin\u0101t\u012bbu, jo \u012bpa\u0161i ar piel\u0101gojam\u0101m apgaismojuma iesp\u0113j\u0101m.<\/li>\n<\/ul>\n<h3><strong>Priek\u0161roc\u012bbas sal\u012bdzin\u0101jum\u0101 ar tradicion\u0101laj\u0101m membr\u0101nu tastat\u016br\u0101m:<\/strong><\/h3>\n<ul>\n<li><strong>Uzlabota funkcionalit\u0101te:<\/strong>Fona apgaismojums nov\u0113r\u0161 galveno tradicion\u0101lo membr\u0101nveida tastat\u016bru ierobe\u017eojumu - sliktu redzam\u012bbu v\u0101j\u0101 apgaismojum\u0101.<\/li>\n<li><strong>Uzlabota lietot\u0101ja pieredze:<\/strong>\u0112rta rakst\u012b\u0161ana un skaidra tausti\u0146u redzam\u012bba uzlabo visp\u0101r\u0113jo lietot\u0101ja pieredzi.<\/li>\n<li><strong>Konkur\u0113tsp\u0113j\u012bga cena:<\/strong>Membr\u0101nveida tastat\u016bras ar aizmugur\u0113jo apgaismojumu ir izdev\u012bgas, jo t\u0101s nodro\u0161ina aizmugur\u0113j\u0101 apgaismojuma priek\u0161roc\u012bbas par pieejam\u0101ku cenu, sal\u012bdzinot ar da\u017e\u0101m meh\u0101nisk\u0101m tastat\u016br\u0101m ar aizmugur\u0113jo apgaismojumu.<\/li>\n<\/ul>\n<h3><strong>J\u0101\u0146em v\u0113r\u0101:<\/strong><\/h3>\n<ul>\n<li><strong>Piel\u0101go\u0161anas opcijas:<\/strong>Lai gan to nav tik daudz k\u0101 da\u017e\u0101m meh\u0101nisk\u0101m tastat\u016br\u0101m, da\u017eas membr\u0101nveida tastat\u016bras ar aizmugur\u0113jo apgaismojumu pied\u0101v\u0101 regul\u0113jamus spilgtuma l\u012bme\u0146us un, iesp\u0113jams, vienkr\u0101su vai daudzkr\u0101su apgaismojuma iesp\u0113jas.<\/li>\n<li><strong>Gaismas nopl\u016bde:<\/strong>Da\u017eos mode\u013cos ap tausti\u0146u v\u0101ci\u0146iem var izpl\u016bst gaisma, kas da\u017eiem lietot\u0101jiem var rad\u012bt ba\u017eas.<\/li>\n<\/ul>","protected":false},"excerpt":{"rendered":"<p>Membr\u0101nveida tastat\u016bras aizmugurgaismojums pied\u0101v\u0101 p\u0101rliecino\u0161u funkcionalit\u0101tes un stila kombin\u0101ciju. Tie uzlabo lietojam\u012bbu v\u0101j\u0101 apgaismojum\u0101, uzlabo lietot\u0101ja pieredzi un pie\u0161\u0137ir darba vietai \u0161armu, turkl\u0101t par konkur\u0113tsp\u0113j\u012bgu cenu. Att\u012bstoties tehnolo\u0123ij\u0101m, varam sagaid\u012bt, ka tiks uzlabotas piel\u0101gojam\u012bbas iesp\u0113jas, gaismas izklied\u0113\u0161ana un membr\u0101nu tastat\u016bru ar aizmugur\u0113jo apgaismojumu energoefektivit\u0101te.<\/p>","protected":false},"featured_media":1541,"comment_status":"closed","ping_status":"closed","template":"","meta":[],"product_cat":[15],"product_tag":[],"_links":{"self":[{"href":"https:\/\/backlightmfg.com\/lv\/wp-json\/wp\/v2\/product\/1556"}],"collection":[{"href":"https:\/\/backlightmfg.com\/lv\/wp-json\/wp\/v2\/product"}],"about":[{"href":"https:\/\/backlightmfg.com\/lv\/wp-json\/wp\/v2\/types\/product"}],"replies":[{"embeddable":true,"href":"https:\/\/backlightmfg.com\/lv\/wp-json\/wp\/v2\/comments?post=1556"}],"wp:featuredmedia":[{"embeddable":true,"href":"https:\/\/backlightmfg.com\/lv\/wp-json\/wp\/v2\/media\/1541"}],"wp:attachment":[{"href":"https:\/\/backlightmfg.com\/lv\/wp-json\/wp\/v2\/media?parent=1556"}],"wp:term":[{"taxonomy":"product_cat","embeddable":true,"href":"https:\/\/backlightmfg.com\/lv\/wp-json\/wp\/v2\/product_cat?post=1556"},{"taxonomy":"product_tag","embeddable":true,"href":"https:\/\/backlightmfg.com\/lv\/wp-json\/wp\/v2\/product_tag?post=1556"}],"curies":[{"name":"wp","href":"https:\/\/api.w.org\/{rel}","templated":true}]}}