{"id":1555,"date":"2024-07-08T08:09:39","date_gmt":"2024-07-08T08:09:39","guid":{"rendered":"https:\/\/backlightmfg.com\/manufacturer\/phone-backlight\/"},"modified":"2024-09-15T06:29:44","modified_gmt":"2024-09-15T06:29:44","slug":"phone-backlight","status":"publish","type":"product","link":"https:\/\/backlightmfg.com\/lv\/phone-backlight\/","title":{"rendered":"T\u0101lru\u0146a fona apgaismojums"},"content":{"rendered":"<p>T\u0101lru\u0146a aizmugur\u0113jais apgaismojums ir svar\u012bgs komponents, kas \u013cauj skaidri redz\u0113t saturu t\u0101lru\u0146a ekr\u0101n\u0101 pat v\u0101j\u0101 apgaismojum\u0101. Tas ir neredzamais varonis, kas sl\u0113pjas aiz spilgt\u0101 displeja, ar kuru j\u016bs mijiedarbojaties katru dienu. T\u0101l\u0101k ir sniegts t\u0101lru\u0146a aizmugurgaismojuma sadal\u012bjums:<\/p>\n<h3><strong>T\u0101lru\u0146a fona apgaismojuma tehnolo\u0123ija:<\/strong><\/h3>\n<p>M\u016bsdienu viedt\u0101lru\u0146os galvenok\u0101rt tiek izmantoti LED aizmugurgaismot\u0101ji, aizst\u0101jot vec\u0101kas tehnolo\u0123ijas, piem\u0113ram, luminiscences lampas. LED gaismas diod\u0113m ir daudz priek\u0161roc\u012bbu:<\/p>\n<ul>\n<li><strong>Energoefektivit\u0101te:<\/strong>LED pat\u0113r\u0113 iev\u0113rojami maz\u0101k ener\u0123ijas nek\u0101 tradicion\u0101lie aizmugurgaismot\u0101ji, t\u0101d\u0113j\u0101di pagarinot akumulatora darb\u012bbas laiku un samazinot ietekmi uz vidi.<\/li>\n<li><strong>Vienm\u0113r\u012bgs apgaismojums:<\/strong>LED apgaismojums vienm\u0113r\u012bgi sadala gaismu pa ekr\u0101nu, l\u012bdz minimumam samazinot atsp\u012bdumus un karstos punktus, lai nodro\u0161in\u0101tu \u0113rtu skat\u012b\u0161an\u0101s pieredzi.<\/li>\n<li><strong>Regul\u0113jams spilgtums:<\/strong>Fona apgaismojuma intensit\u0101ti var piel\u0101got sav\u0101m vajadz\u012bb\u0101m un apk\u0101rt\u0113j\u0101 apgaismojuma apst\u0101k\u013ciem, t\u0101d\u0113j\u0101di optimiz\u0113jot akumulatora darb\u012bbas ilgumu un acu komfortu.<\/li>\n<\/ul>\n<h3><strong>Ieguvumi:<\/strong><\/h3>\n<ul>\n<li><strong>Skaidr\u012bba :<\/strong>Foniskais apgaismojums nodro\u0161ina skaidru teksta, att\u0113lu un videoklipu redzam\u012bbu t\u0101lru\u0146a ekr\u0101n\u0101.<\/li>\n<li><strong>Piel\u0101gojam\u012bba:<\/strong>Regul\u0113jams spilgtums \u013cauj personaliz\u0113t skat\u012b\u0161an\u0101s pieredzi neatkar\u012bgi no t\u0101, vai v\u0113laties spilgtu ekr\u0101nu \u0101r\u0101 vai maig\u0101ku nakt\u012b.<\/li>\n<li><strong>Nakts las\u012b\u0161anas re\u017e\u012bms:<\/strong>Da\u017ei t\u0101lru\u0146i pied\u0101v\u0101 nakts las\u012b\u0161anas re\u017e\u012bmu, kas piel\u0101go fona apgaismojuma kr\u0101su temperat\u016bru, lai samazin\u0101tu acu sasprindzin\u0101jumu las\u012b\u0161anas laik\u0101 nakt\u012b.<\/li>\n<\/ul>\n<h3><strong>Apsv\u0113rumi:<\/strong><\/h3>\n<ul>\n<li><strong>Akumulatora darb\u012bbas laiks:<\/strong>Fona apgaismojuma spilgtums b\u016btiski ietekm\u0113 akumulatora darb\u012bbas laiku. Samazinot spilgtumu, var iev\u0113rojami pagarin\u0101t akumulatora darb\u012bbas laiku ar vienu uzl\u0101di.<\/li>\n<li><strong>Acu sasprindzin\u0101jums:<\/strong>Nep\u0101rtraukta spilgtu ekr\u0101nu skat\u012b\u0161an\u0101s var izrais\u012bt acu sasprindzin\u0101jumu. To var mazin\u0101t, piel\u0101gojot spilgtumu un izmantojot nakts las\u012b\u0161anas re\u017e\u012bmu.<\/li>\n<li><strong>Displeja tehnolo\u0123ija:<\/strong>Fona apgaismojuma veiktsp\u0113ja mijiedarbojas ar t\u0101lru\u0146a displeja tehnolo\u0123iju (piem\u0113ram, LCD, OLED). Piem\u0113ram, OLED displeji var nodro\u0161in\u0101t lab\u0101ku kontrastu, jo tie ir pa\u0161izgaismojo\u0161i.<\/li>\n<\/ul>","protected":false},"excerpt":{"rendered":"<p>T\u0101lru\u0146a aizmugur\u0113jais apgaismojums ir svar\u012bgs komponents, kam ir b\u016btiska noz\u012bme lietot\u0101ja pieredz\u0113. T\u0101 energoefektivit\u0101te, regul\u0113jamais spilgtums un sp\u0113ja nodro\u0161in\u0101t skaidru att\u0113lu padara to par b\u016btisku m\u016bsu mobilo ier\u012b\u010du tehnolo\u0123iju. \u0145emot v\u0113r\u0101 nep\u0101rtrauktos uzlabojumus displeja tehnolo\u0123iju un aizmugurgaismojuma dizain\u0101, m\u0113s varam sagaid\u012bt v\u0113l efekt\u012bv\u0101kus un lietot\u0101jam draudz\u012bg\u0101kus aizmugurgaismojuma risin\u0101jumus n\u0101kamajos viedt\u0101lru\u0146os.<\/p>","protected":false},"featured_media":1545,"comment_status":"closed","ping_status":"closed","template":"","meta":[],"product_cat":[15],"product_tag":[],"_links":{"self":[{"href":"https:\/\/backlightmfg.com\/lv\/wp-json\/wp\/v2\/product\/1555"}],"collection":[{"href":"https:\/\/backlightmfg.com\/lv\/wp-json\/wp\/v2\/product"}],"about":[{"href":"https:\/\/backlightmfg.com\/lv\/wp-json\/wp\/v2\/types\/product"}],"replies":[{"embeddable":true,"href":"https:\/\/backlightmfg.com\/lv\/wp-json\/wp\/v2\/comments?post=1555"}],"wp:featuredmedia":[{"embeddable":true,"href":"https:\/\/backlightmfg.com\/lv\/wp-json\/wp\/v2\/media\/1545"}],"wp:attachment":[{"href":"https:\/\/backlightmfg.com\/lv\/wp-json\/wp\/v2\/media?parent=1555"}],"wp:term":[{"taxonomy":"product_cat","embeddable":true,"href":"https:\/\/backlightmfg.com\/lv\/wp-json\/wp\/v2\/product_cat?post=1555"},{"taxonomy":"product_tag","embeddable":true,"href":"https:\/\/backlightmfg.com\/lv\/wp-json\/wp\/v2\/product_tag?post=1555"}],"curies":[{"name":"wp","href":"https:\/\/api.w.org\/{rel}","templated":true}]}}