{"id":1554,"date":"2024-07-08T08:09:39","date_gmt":"2024-07-08T08:09:39","guid":{"rendered":"https:\/\/backlightmfg.com\/manufacturer\/tv-backlight\/"},"modified":"2024-09-15T06:29:45","modified_gmt":"2024-09-15T06:29:45","slug":"tv-backlight","status":"publish","type":"product","link":"https:\/\/backlightmfg.com\/lv\/tv-backlight\/","title":{"rendered":"TV fona apgaismojums"},"content":{"rendered":"<p>Televizora apgaismojumam ir iz\u0161\u0137iro\u0161a noz\u012bme, lai nodro\u0161in\u0101tu aizraujo\u0161u un pat\u012bkamu skat\u012b\u0161an\u0101s pieredzi. Tas ir sl\u0113ptais gaismas avots aiz ekr\u0101na, kas ietekm\u0113 att\u0113la kvalit\u0101ti, lietot\u0101ja komfortu un pat j\u016bsu m\u0101jas kinoz\u0101les uzst\u0101d\u012b\u0161anas est\u0113tiku.<\/p>\n<h3><strong>TV aizmugures apgaismojuma tehnolo\u0123ija:<\/strong><\/h3>\n<p>M\u016bsdienu televizoros galvenok\u0101rt tiek izmantotas divas aizmugures apgaismojuma tehnolo\u0123ijas:<\/p>\n<ul>\n<li><strong style=\"color: #555555; font-size: 14.4px;\">LED fona apgaismojums:<\/strong><span style=\"color: #555555; font-size: 14.4px;\">\u00a0\u0160\u012b domin\u0113jo\u0161\u0101 tehnolo\u0123ija izmanto gaismas diodes (LED) k\u0101 gaismas avotu. LED pied\u0101v\u0101 vair\u0101kas priek\u0161roc\u012bbas:<\/span><\/li>\n<li><strong>Energoefektivit\u0101te:<\/strong>Maz\u0101ks ener\u0123ijas pat\u0113ri\u0146\u0161 noz\u012bm\u0113 maz\u0101kus ener\u0123ijas r\u0113\u0137inus un maz\u0101ku ietekmi uz vidi.<\/li>\n<li><strong>Vienm\u0113r\u012bgs apgaismojums:<\/strong>LED gaismas diodes nodro\u0161ina vienm\u0113r\u012bg\u0101ku gaismas sadal\u012bjumu pa ekr\u0101nu, samazinot atsp\u012bdumu un karst\u0101s zonas, lai nodro\u0161in\u0101tu \u0113rtu skat\u012b\u0161an\u0101s pieredzi.<\/li>\n<li><strong>Regul\u0113jams spilgtums:<\/strong>Varat piel\u0101got fona apgaismojuma intensit\u0101ti, lai t\u0101 atbilstu apk\u0101rt\u0113j\u0101s vides apgaismojumam un satura veidam, t\u0101d\u0113j\u0101di v\u0113l vair\u0101k uzlabojot komfortu un optimiz\u0113jot ener\u0123ijas pat\u0113ri\u0146u.<\/li>\n<li><strong style=\"color: #555555; font-size: 14.4px;\">Pilna mas\u012bva lok\u0101l\u0101 aptum\u0161o\u0161ana (FALD):<\/strong><span style=\"color: #555555; font-size: 14.4px;\">\u00a0\u0160\u012b modern\u0101 LED aizmugures apgaismojuma tehnolo\u0123ija \u013cauj individu\u0101li aptum\u0161ot aizmugures apgaismojuma mas\u012bva zonas. Tas \u013cauj:<\/span><\/li>\n<li><strong>Uzlabots kontrasts:<\/strong>Re\u0101listisk\u0101kam att\u0113lam FALD, aptum\u0161ojot ekr\u0101na tum\u0161aj\u0101m zon\u0101m atbilsto\u0161\u0101s aizmugurgaismojuma zonas, rada dzi\u013c\u0101kus melnos to\u0146us un bag\u0101t\u012bg\u0101kus kontrastus.<\/li>\n<li><strong>Samazin\u0101ta zied\u0113\u0161ana:<\/strong>Zied\u0113\u0161ana notiek, kad spilgti apgabali \"izpl\u016bst\" tum\u0161ajos ekr\u0101na apgabalos. FALD samazina \u0161o efektu, prec\u012bzi kontrol\u0113jot atsevi\u0161\u0137as aizmugures apgaismojuma zonas.<\/li>\n<\/ul>\n<h3><strong>Ieguvumi:<\/strong><\/h3>\n<ul>\n<li><strong>Uzlabota att\u0113la kvalit\u0101te:<\/strong>Displeja apgaismojums izgaismo displeju, \u013caujot redz\u0113t spilgtas kr\u0101sas, skaidras deta\u013cas un dzi\u013ci melnus to\u0146us, lai skat\u012b\u0161an\u0101s pieredze b\u016btu v\u0113l aizraujo\u0161\u0101ka.<\/li>\n<li><strong>Uzlabota skaidr\u012bba:<\/strong>Vienm\u0113r\u012bgs apgaismojums samazina atsp\u012bdumu un karst\u0101s zonas, nodro\u0161inot skaidru un \u0113rtu skatu neatkar\u012bgi no att\u0113lot\u0101 satura.<\/li>\n<li><strong>Acu spriedzes samazin\u0101\u0161ana:<\/strong>Regul\u0113jams spilgtums \u013cauj iestat\u012bt l\u012bmeni, kas piem\u0113rots apk\u0101rt\u0113jam apgaismojumam, un samazina acu nogurumu, \u012bpa\u0161i ilgsto\u0161as skat\u012b\u0161an\u0101s laik\u0101.<\/li>\n<li><strong>Est\u0113tisk\u0101 pievilc\u012bba:<\/strong>Fona apgaismojums veicina modern\u0101ku un elegant\u0101ku televizora izskatu, uzlabojot j\u016bsu m\u0101jas kinoz\u0101les iek\u0101rtas kop\u0113jo izskatu.<\/li>\n<\/ul>\n<h3><strong>Apsv\u0113rumi:<\/strong><\/h3>\n<ul>\n<li><strong>Fona apgaismojuma veids:<\/strong>Standarta LED aizmugurgaismojums nodro\u0161ina labu visp\u0101r\u0113jo veiktsp\u0113ju, savuk\u0101rt FALD nodro\u0161ina lab\u0101ku kontrastu un maz\u0101ku uzplaukumu. Tom\u0113r FALD televizori parasti ir d\u0101rg\u0101ki.<\/li>\n<li><strong>Apgaismojuma zonu skaits:<\/strong>Vair\u0101k FALD aizmugurgaismas apgaismojuma regul\u0113\u0161anas zonu nodro\u0161ina prec\u012bz\u0101ku kontroli un lab\u0101ku att\u0113la kvalit\u0101ti, ta\u010du var ar\u012b palielin\u0101t izmaksas.<\/li>\n<li><strong>Satura veids :<\/strong>Fona apgaismojuma veiktsp\u0113ja var ietekm\u0113t da\u017e\u0101da satura skat\u012b\u0161an\u0101s pieredzi. Piem\u0113ram, tum\u0161\u0101s ainas film\u0101s ir vair\u0101k atkar\u012bgas no FALD, sal\u012bdzinot ar spilgtu dienas saturu.<\/li>\n<\/ul>\n<h3><strong>Televizoru aizmugures apgaismojuma n\u0101kotne:<\/strong><\/h3>\n<p>Aizseguma apgaismojuma tehnolo\u0123ija tiek pilnveidota, lai nodro\u0161in\u0101tu v\u0113l lab\u0101ku att\u0113la kvalit\u0101ti un lietot\u0101ja pieredzi. \u0160eit ir da\u017eas iesp\u0113jam\u0101s n\u0101kotnes tendences:<\/p>\n<ul>\n<li><strong>MicroLED fona apgaismojums:<\/strong>\u0160\u012b n\u0101kam\u0101s paaudzes tehnolo\u0123ija izmanto mikroskopiskas gaismas diodes v\u0113l prec\u012bz\u0101kai lok\u0101lai aptum\u0161o\u0161anai, kas nodro\u0161ina izcilu kontrastu un HDR (High Dynamic Range) veiktsp\u0113ju.<\/li>\n<li><strong>OLED displeji:<\/strong>Organisko gaismu izstarojo\u0161o dio\u017eu tehnolo\u0123ija piln\u012bb\u0101 nov\u0113r\u0161 vajadz\u012bbu p\u0113c aizmugures apgaismojuma, jo atsevi\u0161\u0137i pikse\u013ci var pa\u0161i izgaismoties, nodro\u0161inot perfektu melno kr\u0101su un nep\u0101rsp\u0113jamu kontrasta attiec\u012bbu.<\/li>\n<\/ul>","protected":false},"excerpt":{"rendered":"<p>Televizora aizmugur\u0113jais apgaismojums ir b\u016btiska sast\u0101vda\u013ca, lai nodro\u0161in\u0101tu aizraujo\u0161u skat\u012b\u0161an\u0101s pieredzi. Izprotot aizmugur\u0113j\u0101 apgaismojuma tehnolo\u0123ijas un to ietekmi uz att\u0113la kvalit\u0101ti, varat izv\u0113l\u0113ties lab\u0101ko televizoru, kas atbilst j\u016bsu skat\u012b\u0161an\u0101s v\u0113lm\u0113m un bud\u017eetam. Televizoru aizmugur\u0113j\u0101 apgaismojuma tehnolo\u0123ijas turpina att\u012bst\u012bties, un m\u0113s varam sagaid\u012bt v\u0113l inovat\u012bv\u0101kus risin\u0101jumus, kas v\u0113l vair\u0101k uzlabos m\u016bsu m\u0101jas izklaides baud\u012bjumu.<\/p>","protected":false},"featured_media":1546,"comment_status":"closed","ping_status":"closed","template":"","meta":[],"product_cat":[15],"product_tag":[],"_links":{"self":[{"href":"https:\/\/backlightmfg.com\/lv\/wp-json\/wp\/v2\/product\/1554"}],"collection":[{"href":"https:\/\/backlightmfg.com\/lv\/wp-json\/wp\/v2\/product"}],"about":[{"href":"https:\/\/backlightmfg.com\/lv\/wp-json\/wp\/v2\/types\/product"}],"replies":[{"embeddable":true,"href":"https:\/\/backlightmfg.com\/lv\/wp-json\/wp\/v2\/comments?post=1554"}],"wp:featuredmedia":[{"embeddable":true,"href":"https:\/\/backlightmfg.com\/lv\/wp-json\/wp\/v2\/media\/1546"}],"wp:attachment":[{"href":"https:\/\/backlightmfg.com\/lv\/wp-json\/wp\/v2\/media?parent=1554"}],"wp:term":[{"taxonomy":"product_cat","embeddable":true,"href":"https:\/\/backlightmfg.com\/lv\/wp-json\/wp\/v2\/product_cat?post=1554"},{"taxonomy":"product_tag","embeddable":true,"href":"https:\/\/backlightmfg.com\/lv\/wp-json\/wp\/v2\/product_tag?post=1554"}],"curies":[{"name":"wp","href":"https:\/\/api.w.org\/{rel}","templated":true}]}}