{"id":1552,"date":"2024-07-08T08:09:39","date_gmt":"2024-07-08T08:09:39","guid":{"rendered":"https:\/\/backlightmfg.com\/manufacturer\/luminous-powder-backlighting\/"},"modified":"2024-09-15T06:29:46","modified_gmt":"2024-09-15T06:29:46","slug":"luminescent-powder-backlight","status":"publish","type":"product","link":"https:\/\/backlightmfg.com\/lv\/luminescent-powder-backlight\/","title":{"rendered":"Luminisc\u0113jo\u0161a pulvera fona apgaismojums"},"content":{"rendered":"<p>Luminisc\u0113jo\u0161s pulveris, paz\u012bstams ar\u012b k\u0101 fosfora pulveris, ir aizraujo\u0161s materi\u0101ls, kas absorb\u0113 gaismas ener\u0123iju un laika gait\u0101 to l\u0113n\u0101m atbr\u012bvo redzam\u0101s gaismas veid\u0101. \u0160\u012b unik\u0101l\u0101 \u012bpa\u0161\u012bba padara to par ide\u0101lu materi\u0101lu, lai rad\u012btu ilgsto\u0161i notur\u012bgu apgaismojumu da\u017e\u0101d\u0101s lietojumprogramm\u0101s, jo \u012bpa\u0161i v\u0101j\u0101 apgaismojum\u0101 vai tum\u0161\u0101 vid\u0113.<\/p>\n<p>&nbsp;<\/p>\n<h3><strong>Luminisc\u0113jo\u0161a pulvera fona apgaismojuma galven\u0101s priek\u0161roc\u012bbas:<\/strong><\/h3>\n<ul>\n<li><strong style=\"color: #555555; font-size: 14.4px;\">Dro\u0161\u012bba:<\/strong><span style=\"color: #555555; font-size: 14.4px;\">\u00a0At\u0161\u0137ir\u012bb\u0101 no radioakt\u012bvajiem materi\u0101liem luminisc\u0113jo\u0161ais pulveris ir piln\u012bgi netoksisks, nedego\u0161s un nesatur kait\u012bgas vielas, piem\u0113ram, fosforu, svinu vai citas b\u012bstamas \u0137\u012bmiskas vielas. T\u0101p\u0113c to var dro\u0161i izmantot da\u017e\u0101dos izstr\u0101d\u0101jumos, jo \u012bpa\u0161i tajos, kas ir cie\u0161\u0101 saskar\u0113 ar cilv\u0113kiem.<\/span><\/li>\n<li><strong style=\"color: #555555; font-size: 14.4px;\">Ilgsto\u0161s mirdzums:<\/strong><span style=\"color: #555555; font-size: 14.4px;\">\u00a0Luminous Powder Backlight var izstarot gaismu stund\u0101m ilgi, pat p\u0113c gaismas iedarb\u012bbas p\u0101rtrauk\u0161anas. \u0160is pagarin\u0101tais sp\u012bd\u0113\u0161anas ilgums nodro\u0161ina, ka objekti paliek redzami un atpaz\u012bstami pat piln\u012bg\u0101 tums\u0101.<\/span><\/li>\n<li><strong style=\"color: #555555; font-size: 14.4px;\">Stabilas \u012bpa\u0161\u012bbas:<\/strong><span style=\"color: #555555; font-size: 14.4px;\">\u00a0Luminous pulverveida apgaismojumam piem\u012bt iev\u0113rojama fizik\u0101lo un \u0137\u012bmisko \u012bpa\u0161\u012bbu stabilit\u0101te. \u0160\u012b \u012bpa\u0161\u012bba nodro\u0161ina, ka luminisc\u0113jo\u0161ais efekts laika gait\u0101 saglab\u0101jas nemain\u012bgs un uzticams.<\/span><\/li>\n<li><strong style=\"color: #555555; font-size: 14.4px;\">Izcila iztur\u012bba:<\/strong><span style=\"color: #555555; font-size: 14.4px;\">\u00a0Luminisc\u0113jo\u0161ais pulveris ir \u012bpa\u0161i iztur\u012bgs, padarot to notur\u012bgu pret nodilumu. \u0160\u012b iztur\u012bba nodro\u0161ina, ka luminisc\u0113jo\u0161\u0101 pulvera izstr\u0101d\u0101jumi var iztur\u0113t skarbus apst\u0101k\u013cus un saglab\u0101t luminisc\u0113jo\u0161\u0101s \u012bpa\u0161\u012bbas gadiem ilgi.<\/span><\/li>\n<li><strong style=\"color: #555555; font-size: 14.4px;\">Daudzpus\u012bba:<\/strong><span style=\"color: #555555; font-size: 14.4px;\">\u00a0Luminisc\u0113jo\u0161o pulveri var viegli iestr\u0101d\u0101t da\u017e\u0101dos materi\u0101los, tostarp plastmas\u0101s, gumij\u0101, \u0101d\u0101, keramik\u0101, stikl\u0101, kr\u0101s\u0101s un p\u0101rkl\u0101jumos. \u0160\u012b daudzpus\u012bba \u013cauj to izmantot da\u017e\u0101dos produktos.<\/span><\/li>\n<\/ul>\n<h3><strong style=\"font-size: 23.04px;\">Luminisc\u0113jo\u0161a pulvera fona apgaismojuma daudzveid\u012bgs pielietojums:<\/strong><\/h3>\n<ul>\n<li><strong style=\"color: #555555; font-size: 14.4px;\">Dro\u0161\u012bbas produkti:<\/strong><span style=\"color: #555555; font-size: 14.4px;\">\u00a0To pla\u0161i izmanto dro\u0161\u012bbas produktos, piem\u0113ram, av\u0101rijas izejas z\u012bm\u0113s, tums\u0101 kv\u0113lojo\u0161os sl\u0113d\u017eos, dro\u0161\u012bbas vest\u0113s un ce\u013ca z\u012bm\u0113s, nodro\u0161inot redzam\u012bbu un dro\u0161\u012bbu v\u0101j\u0101 apgaismojum\u0101 vai b\u012bstamos apst\u0101k\u013cos.<\/span><\/li>\n<li><strong style=\"color: #555555; font-size: 14.4px;\">Dekorat\u012bvie priek\u0161meti:<\/strong><span style=\"color: #555555; font-size: 14.4px;\">\u00a0Luminisc\u0113jo\u0161s pulveris pie\u0161\u0137ir burv\u012bbu dekorat\u012bviem priek\u0161metiem, piem\u0113ram, tums\u0101 mirdzo\u0161\u0101m glezn\u0101m, fig\u016bri\u0146\u0101m un rotasliet\u0101m, radot valdzino\u0161u gaisotni tum\u0161\u0101 vid\u0113.<\/span><\/li>\n<li><strong style=\"color: #555555; font-size: 14.4px;\">Rota\u013clietas un sp\u0113les:<\/strong><span style=\"color: #555555; font-size: 14.4px;\">\u00a0Pie\u0161\u0137ir rota\u013cliet\u0101m un sp\u0113l\u0113m jautr\u012bbas un uztraukuma elementu, padarot t\u0101s mirdzo\u0161as un atdz\u012bvin\u0101tas tums\u0101, t\u0101d\u0113j\u0101di uzlabojot rota\u013cu un izt\u0113les iesp\u0113jas.<\/span><\/li>\n<li><strong style=\"color: #555555; font-size: 14.4px;\">R\u016bpnieciskie lietojumi:<\/strong><span style=\"color: #555555; font-size: 14.4px;\">\u00a0To var izmantot r\u016bpniec\u012bb\u0101, piem\u0113ram, b\u012bstamo zonu mar\u0137\u0113\u0161anai, iek\u0101rtu vad\u012bbas ier\u012b\u010du identific\u0113\u0161anai un redzam\u012bbas nodro\u0161in\u0101\u0161anai sl\u0113gt\u0101s telp\u0101s.<\/span><\/li>\n<li><strong style=\"color: #555555; font-size: 14.4px;\">Milit\u0101r\u0101 un kosmisk\u0101 avi\u0101cija:<\/strong><span style=\"color: #555555; font-size: 14.4px;\">\u00a0To izmanto milit\u0101rajos un kosmiskos lietojumos, tostarp gaisa ku\u0123u mar\u0137\u0113\u0161an\u0101, redzam\u012bbas nodro\u0161in\u0101\u0161an\u0101 nakts oper\u0101cij\u0101m un pa\u0161gaismojo\u0161u navig\u0101cijas pal\u012bgl\u012bdzek\u013cu izveid\u0113.<\/span><\/li>\n<\/ul>","protected":false},"excerpt":{"rendered":"<p>Luminisc\u0113jo\u0161a pulvera fona apgaismojums: T\u0101 daudzveid\u012bgais pielietojums aptver da\u017e\u0101das nozares, s\u0101kot no dro\u0161\u012bbas un aizsardz\u012bbas l\u012bdz pat dekor\u0113\u0161anai un izklaidei, padarot to par v\u0113rt\u012bgu materi\u0101lu inovat\u012bvu un funkcion\u0101lu produktu rad\u012b\u0161anai.<\/p>","protected":false},"featured_media":1544,"comment_status":"closed","ping_status":"closed","template":"","meta":[],"product_cat":[15],"product_tag":[],"_links":{"self":[{"href":"https:\/\/backlightmfg.com\/lv\/wp-json\/wp\/v2\/product\/1552"}],"collection":[{"href":"https:\/\/backlightmfg.com\/lv\/wp-json\/wp\/v2\/product"}],"about":[{"href":"https:\/\/backlightmfg.com\/lv\/wp-json\/wp\/v2\/types\/product"}],"replies":[{"embeddable":true,"href":"https:\/\/backlightmfg.com\/lv\/wp-json\/wp\/v2\/comments?post=1552"}],"wp:featuredmedia":[{"embeddable":true,"href":"https:\/\/backlightmfg.com\/lv\/wp-json\/wp\/v2\/media\/1544"}],"wp:attachment":[{"href":"https:\/\/backlightmfg.com\/lv\/wp-json\/wp\/v2\/media?parent=1552"}],"wp:term":[{"taxonomy":"product_cat","embeddable":true,"href":"https:\/\/backlightmfg.com\/lv\/wp-json\/wp\/v2\/product_cat?post=1552"},{"taxonomy":"product_tag","embeddable":true,"href":"https:\/\/backlightmfg.com\/lv\/wp-json\/wp\/v2\/product_tag?post=1552"}],"curies":[{"name":"wp","href":"https:\/\/api.w.org\/{rel}","templated":true}]}}