{"id":1551,"date":"2024-07-08T08:09:39","date_gmt":"2024-07-08T08:09:39","guid":{"rendered":"https:\/\/backlightmfg.com\/manufacturer\/led-backlighting\/"},"modified":"2024-09-15T06:29:47","modified_gmt":"2024-09-15T06:29:47","slug":"led-backlighting","status":"publish","type":"product","link":"https:\/\/backlightmfg.com\/lv\/led-backlighting\/","title":{"rendered":"LED fona apgaismojums"},"content":{"rendered":"<p>LED aizmugurgaismojums, kas ir domin\u0113jo\u0161ais sp\u0113ks m\u016bsdienu displeju tehnolo\u0123ij\u0101, izmanto gaismas diodes (LED) k\u0101 gaismas avotu displeju izgaismo\u0161anai no aizmugures. \u0160\u012b tehnolo\u0123ija ir revolucioniz\u0113jusi aizmugur\u0113j\u0101 apgaismojuma tehnolo\u0123iju, pied\u0101v\u0101jot b\u016btiskas priek\u0161roc\u012bbas sal\u012bdzin\u0101jum\u0101 ar tradicion\u0101laj\u0101m metod\u0113m.<\/p>\n<h3><strong>Galven\u0101s LED fona apgaismojuma priek\u0161roc\u012bbas:<\/strong><\/h3>\n<ul>\n<li><strong style=\"color: #555555; font-size: 14.4px;\">Energoefektivit\u0101te:<\/strong><span style=\"color: #555555; font-size: 14.4px;\">\u00a0LED pat\u0113r\u0113 iev\u0113rojami maz\u0101k ener\u0123ijas, sal\u012bdzinot ar tradicion\u0101lajiem aizmugurgaismiem, piem\u0113ram, luminiscences lamp\u0101m, t\u0101d\u0113j\u0101di samazinot ener\u0123ijas r\u0113\u0137inus un ietekmi uz vidi.<\/span><\/li>\n<li><strong style=\"color: #555555; font-size: 14.4px;\">Vienm\u0113r\u012bgs apgaismojums:<\/strong><span style=\"color: #555555; font-size: 14.4px;\">\u00a0LED aizmugurgaismojums nodro\u0161ina vienm\u0113r\u012bg\u0101ku un viendab\u012bg\u0101ku gaismas sadal\u012bjumu pa displeju, l\u012bdz minimumam samazinot atsp\u012bdumus un karstos punktus. Tas noz\u012bm\u0113 \u0113rt\u0101ku un vizu\u0101li pat\u012bkam\u0101ku skat\u012b\u0161an\u0101s pieredzi.<\/span><\/li>\n<li><strong style=\"color: #555555; font-size: 14.4px;\">Pl\u0101ns un viegls dizains:<\/strong><span style=\"color: #555555; font-size: 14.4px;\">\u00a0LED ir kompaktas un vieglas, kas \u013cauj izstr\u0101d\u0101t pl\u0101n\u0101kas un viegl\u0101kas elektronisk\u0101s ier\u012bces.<\/span><\/li>\n<li><strong style=\"color: #555555; font-size: 14.4px;\">Regul\u0113jams spilgtums:<\/strong><span style=\"color: #555555; font-size: 14.4px;\">\u00a0LED aizmugurgaismojums nodro\u0161ina dinamisku spilgtuma regul\u0113\u0161anu, piel\u0101gojoties atkar\u012bb\u0101 no apk\u0101rt\u0113j\u0101 apgaismojuma apst\u0101k\u013ciem un r\u0101d\u012bt\u0101 satura, t\u0101d\u0113j\u0101di v\u0113l vair\u0101k uzlabojot energoefektivit\u0101ti un lietot\u0101ja komfortu.<\/span><\/li>\n<li><strong style=\"color: #555555; font-size: 14.4px;\">Kr\u0101su gamma un dz\u012bv\u012bgums:<\/strong><span style=\"color: #555555; font-size: 14.4px;\">\u00a0LED var piel\u0101got, lai rad\u012btu pla\u0161\u0101ku kr\u0101su diapazonu, sal\u012bdzinot ar tradicion\u0101lo apgaismojumu, t\u0101d\u0113j\u0101di nodro\u0161inot dz\u012bv\u012bg\u0101ku un re\u0101listisk\u0101ku displeja vizu\u0101lo t\u0113lu.<\/span><\/li>\n<li><strong style=\"color: #555555; font-size: 14.4px;\">Uzlabots ilgm\u016b\u017e\u012bba:<\/strong><span style=\"color: #555555; font-size: 14.4px;\">\u00a0LED diodes ir iev\u0113rojami ilg\u0101ks darbm\u016b\u017es sal\u012bdzin\u0101jum\u0101 ar parastajiem aizmugurgaismiem, t\u0101d\u0113j\u0101di pied\u0101v\u0101jot rentabl\u0101ku un iztur\u012bg\u0101ku risin\u0101jumu.<\/span><\/li>\n<\/ul>\n<h3><strong style=\"font-size: 23.04px;\">LED fona apgaismojuma lietojumprogrammas:<\/strong><\/h3>\n<ul>\n<li><strong style=\"color: #555555; font-size: 14.4px;\">LCD displeji:<\/strong><span style=\"color: #555555; font-size: 14.4px;\">\u00a0LED aizmugurgaismojums ir pla\u0161i izplat\u012bts LCD displejos televizoriem, kl\u0113pjdatoriem, plan\u0161etdatoriem, viedt\u0101lru\u0146iem un datoru monitoriem.<\/span><\/li>\n<li><strong style=\"color: #555555; font-size: 14.4px;\">Digit\u0101l\u0101s izk\u0101rtnes:<\/strong><span style=\"color: #555555; font-size: 14.4px;\">\u00a0LED apgaismojums izgaismo digit\u0101lo izk\u0101rt\u0146u displejus, radot piesaisto\u0161u vizu\u0101lo noform\u0113jumu rekl\u0101mai un inform\u0101cijas izplat\u012b\u0161anai.<\/span><\/li>\n<li><strong style=\"color: #555555; font-size: 14.4px;\">Automobi\u013cu displeji:<\/strong><span style=\"color: #555555; font-size: 14.4px;\">\u00a0LED apgaismojumu izmanto automobi\u013cu pane\u013cos un instrumentu pane\u013cos, nodro\u0161inot skaidrus un spilgtus inform\u0101cijas displejus.<\/span><\/li>\n<li><strong style=\"color: #555555; font-size: 14.4px;\">Tastat\u016bras ar aizmugur\u0113jo apgaismojumu:<\/strong><span style=\"color: #555555; font-size: 14.4px;\">\u00a0LED diodes izgaismo tastat\u016bras tausti\u0146us, uzlabojot redzam\u012bbu v\u0101j\u0101 apgaismojum\u0101.<\/span><\/li>\n<li><strong style=\"color: #555555; font-size: 14.4px;\">Pla\u0161a pat\u0113ri\u0146a elektronika:<\/strong><span style=\"color: #555555; font-size: 14.4px;\">\u00a0Tehnolo\u0123iju var izmantot pla\u0161\u0101 pla\u0161\u0101 pla\u0161a pat\u0113ri\u0146a elektronikas kl\u0101st\u0101, tostarp sp\u0113\u013cu konsol\u0113s un sadz\u012bves tehnik\u0101.<\/span><\/li>\n<\/ul>\n<h3><strong style=\"font-size: 23.04px;\">LED fona apgaismojuma n\u0101kotne:<\/strong><\/h3>\n<p>LED aizmugures apgaismojuma tehnolo\u0123ija nep\u0101rtraukti att\u012bst\u0101s. Uzlabojumi gaid\u0101mi \u0161\u0101d\u0101s jom\u0101s:<\/p>\n<ul>\n<li><strong style=\"color: #555555; font-size: 14.4px;\">MicroLED fona apgaismojums:<\/strong><span style=\"color: #555555; font-size: 14.4px;\">\u00a0\u0160\u012b n\u0101kam\u0101s paaudzes tehnolo\u0123ija izmanto mikroskopiskas gaismas diodes v\u0113l prec\u012bz\u0101kai un dinamisk\u0101kai aizmugur\u0113j\u0101 apgaismojuma kontrolei, kas uzlabo att\u0113la kvalit\u0101ti un kontrastu.<\/span><\/li>\n<li><strong style=\"color: #555555; font-size: 14.4px;\">MiniLED fona apgaismojums:<\/strong><span style=\"color: #555555; font-size: 14.4px;\">\u00a0Maz\u0101kas un bl\u012bv\u0101k izvietotas gaismas diodes nodro\u0161ina lab\u0101ku kontroli p\u0101r viet\u0113jo aptum\u0161o\u0161anu un uzlabo HDR (High Dynamic Range) veiktsp\u0113ju displejos.<\/span><\/li>\n<li><strong style=\"color: #555555; font-size: 14.4px;\">Organisko gaismu izstarojo\u0161o diodu (OLED) fona apgaismojums:<\/strong><span style=\"color: #555555; font-size: 14.4px;\">\u00a0OLED tehnolo\u0123ija pied\u0101v\u0101 pa\u0161izgaismojo\u0161u displeju iesp\u0113jas, t\u0101d\u0113j\u0101di piln\u012bb\u0101 nov\u0113r\u0161ot nepiecie\u0161am\u012bbu p\u0113c atsevi\u0161\u0137a aizmugur\u0113j\u0101 apgaismojuma.<\/span><\/li>\n<\/ul>","protected":false},"excerpt":{"rendered":"<p>LED aizmugurgaismojums ir revolucioniz\u0113jis displeju tehnolo\u0123iju, pied\u0101v\u0101jot lab\u0101ku alternat\u012bvu tradicion\u0101lajam aizmugurgaismojumam. T\u0101 energoefektivit\u0101te, uzlabot\u0101 vizu\u0101l\u0101 kvalit\u0101te, pl\u0101nais dizains un ilgais kalpo\u0161anas laiks padara \u0161o tehnolo\u0123iju par domin\u0113jo\u0161o m\u016bsdienu displeju tehnolo\u0123iju. T\u0101 k\u0101 inov\u0101cijas turpin\u0101s, LED aizmugurgaismojums ir gatavs veidot displeju tehnolo\u0123iju n\u0101kotni, nodro\u0161inot v\u0113l satrieco\u0161\u0101ku un energoefekt\u012bv\u0101ku vizu\u0101lo pieredzi.<\/p>","protected":false},"featured_media":1542,"comment_status":"closed","ping_status":"closed","template":"","meta":[],"product_cat":[15],"product_tag":[],"_links":{"self":[{"href":"https:\/\/backlightmfg.com\/lv\/wp-json\/wp\/v2\/product\/1551"}],"collection":[{"href":"https:\/\/backlightmfg.com\/lv\/wp-json\/wp\/v2\/product"}],"about":[{"href":"https:\/\/backlightmfg.com\/lv\/wp-json\/wp\/v2\/types\/product"}],"replies":[{"embeddable":true,"href":"https:\/\/backlightmfg.com\/lv\/wp-json\/wp\/v2\/comments?post=1551"}],"wp:featuredmedia":[{"embeddable":true,"href":"https:\/\/backlightmfg.com\/lv\/wp-json\/wp\/v2\/media\/1542"}],"wp:attachment":[{"href":"https:\/\/backlightmfg.com\/lv\/wp-json\/wp\/v2\/media?parent=1551"}],"wp:term":[{"taxonomy":"product_cat","embeddable":true,"href":"https:\/\/backlightmfg.com\/lv\/wp-json\/wp\/v2\/product_cat?post=1551"},{"taxonomy":"product_tag","embeddable":true,"href":"https:\/\/backlightmfg.com\/lv\/wp-json\/wp\/v2\/product_tag?post=1551"}],"curies":[{"name":"wp","href":"https:\/\/api.w.org\/{rel}","templated":true}]}}