{"id":1550,"date":"2024-07-08T08:09:39","date_gmt":"2024-07-08T08:09:39","guid":{"rendered":"https:\/\/backlightmfg.com\/manufacturer\/el-backlighting\/"},"modified":"2024-09-15T06:29:47","modified_gmt":"2024-09-15T06:29:47","slug":"el-backlighting","status":"publish","type":"product","link":"https:\/\/backlightmfg.com\/lv\/el-backlighting\/","title":{"rendered":"EL fona apgaismojums"},"content":{"rendered":"<p>EL aizmugures apgaismojuma avotam ir rakstur\u012bgs spilgtums, viendab\u012bgums, maigums un iztur\u012bba, t\u0101p\u0113c tas ir pla\u0161i pielietojams da\u017e\u0101d\u0101s jom\u0101s, piem\u0113ram, displeju pane\u013cos, komerci\u0101los rekl\u0101mas stendos un dekorat\u012bvaj\u0101 apgaismojum\u0101.<\/p>\n<h3><strong>Galven\u0101s EL fona apgaismojuma priek\u0161roc\u012bbas:<\/strong><\/h3>\n<ul>\n<li><strong style=\"color: #555555; font-size: 14.4px;\">Energoefektivit\u0101te:<\/strong><span style=\"color: #555555; font-size: 14.4px;\">\u00a0T\u0101s pat\u0113r\u0113 iev\u0113rojami maz\u0101k ener\u0123ijas nek\u0101 kv\u0113lspuldzes un luminiscences spuldzes, t\u0101d\u0113j\u0101di samazinot ekspluat\u0101cijas izmaksas un ietekmi uz vidi.<\/span><\/li>\n<li><strong style=\"color: #555555; font-size: 14.4px;\">Viendab\u012bgums:<\/strong><span style=\"color: #555555; font-size: 14.4px;\">\u00a0Tie nodro\u0161ina vienm\u0113r\u012bgu un konsekventu apgaismojumu pa visu virsmu, nov\u0113r\u0161ot atsp\u012bdumus un karstos punktus.<\/span><\/li>\n<li><strong style=\"color: #555555; font-size: 14.4px;\">M\u012bkstums:<\/strong><span style=\"color: #555555; font-size: 14.4px;\">\u00a0EL aizmugures apgaismojuma izstarot\u0101 gaisma ir maiga un izklied\u0113ta, nodro\u0161inot \u0113rtu un pat\u012bkamu skat\u012b\u0161an\u0101s pieredzi.<\/span><\/li>\n<li><strong style=\"color: #555555; font-size: 14.4px;\">Iztur\u012bba: tie<\/strong><span style=\"color: #555555; font-size: 14.4px;\">\u00a0ir \u013coti iztur\u012bgi un notur\u012bgi pret triecieniem un vibr\u0101cij\u0101m, t\u0101p\u0113c tie ir piem\u0113roti sare\u017e\u0123\u012btiem lietojumiem.<\/span><\/li>\n<li><strong style=\"color: #555555; font-size: 14.4px;\">Dizaina elast\u012bba:<\/strong><span style=\"color: #555555; font-size: 14.4px;\">\u00a0Tos var viegli veidot un piel\u0101got, lai tie atbilstu da\u017e\u0101d\u0101m dizaina pras\u012bb\u0101m.<\/span><\/li>\n<li><strong style=\"color: #555555; font-size: 14.4px;\">Kr\u0101su opcijas:<\/strong><span style=\"color: #555555; font-size: 14.4px;\">\u00a0T\u0101s var ra\u017eot pla\u0161u kr\u0101su kl\u0101stu, tostarp pilnkr\u0101su opcijas, t\u0101d\u0113j\u0101di uzlabojot vizu\u0101lo pievilc\u012bbu un dizaina iesp\u0113jas.<\/span><\/li>\n<\/ul>\n<h3><strong style=\"font-size: 23.04px;\">EL fona apgaismojuma pla\u0161a pielieto\u0161ana:<\/strong><\/h3>\n<p>EL ir pla\u0161i izmantoti da\u017e\u0101d\u0101s jom\u0101s:<\/p>\n<ul>\n<li><strong style=\"color: #555555; font-size: 14.4px;\">Displeja pane\u013ci:<\/strong><span style=\"color: #555555; font-size: 14.4px;\">\u00a0Tos parasti izmanto viedt\u0101lru\u0146u, plan\u0161etdatoru, kl\u0113pjdatoru un televizoru LCD un OLED displejos.<\/span><\/li>\n<li><strong style=\"color: #555555; font-size: 14.4px;\">Rekl\u0101mas stendi:<\/strong><span style=\"color: #555555; font-size: 14.4px;\">\u00a0Tie izgaismo rekl\u0101mas stendus, nodro\u0161inot uzkr\u012bto\u0161u un spilgtu rekl\u0101mu.<\/span><\/li>\n<li><strong style=\"color: #555555; font-size: 14.4px;\">Dekorat\u012bvais apgaismojums:<\/strong><span style=\"color: #555555; font-size: 14.4px;\">\u00a0Tos izmanto dekorat\u012bvajos apgaismes \u0137erme\u0146os, radot atmosf\u0113ru un vizu\u0101lus akcentus.<\/span><\/li>\n<li><strong style=\"color: #555555; font-size: 14.4px;\">Automobi\u013cu interjera risin\u0101jumi:<\/strong><span style=\"color: #555555; font-size: 14.4px;\">\u00a0Tie ir ieb\u016bv\u0113ti automobi\u013cu pane\u013cos, instrumentu pane\u013cos un vad\u012bbas pog\u0101s.<\/span><\/li>\n<li><strong style=\"color: #555555; font-size: 14.4px;\">Medic\u012bnisk\u0101s ier\u012bces:<\/strong><span style=\"color: #555555; font-size: 14.4px;\">\u00a0Tos izmanto medic\u012bnas iek\u0101rt\u0101s skaidrai un prec\u012bzai vizualiz\u0101cijai.<\/span><\/li>\n<li><strong style=\"color: #555555; font-size: 14.4px;\">R\u016bpnieciskie lietojumi:<\/strong><span style=\"color: #555555; font-size: 14.4px;\">\u00a0Tos izmanto r\u016bpnieciskajos vad\u012bbas pane\u013cos un izk\u0101rtn\u0113s, lai uzlabotu redzam\u012bbu.<\/span><\/li>\n<\/ul>","protected":false},"excerpt":{"rendered":"<p>EL aizmugures apgaismojums ir revolucioniz\u0113jis apgaismojuma tehnolo\u0123iju, pied\u0101v\u0101jot lab\u0101ku alternat\u012bvu tradicion\u0101lajiem gaismas avotiem. Energoefektivit\u0101te, viendab\u012bgums, maigums, iztur\u012bba, dizaina elast\u012bba un kr\u0101su izv\u0113le padara tos par daudzpus\u012bgu un piepras\u012btu risin\u0101jumu visda\u017e\u0101d\u0101kajiem lietojumiem. Paredzams, ka, att\u012bstoties tehnolo\u0123ij\u0101m, EL aizmugurgaismot\u0101ji turpin\u0101s att\u012bst\u012bties, pied\u0101v\u0101jot v\u0113l inovat\u012bv\u0101kus un efekt\u012bv\u0101kus apgaismojuma risin\u0101jumus.<\/p>","protected":false},"featured_media":1538,"comment_status":"closed","ping_status":"closed","template":"","meta":[],"product_cat":[15],"product_tag":[],"_links":{"self":[{"href":"https:\/\/backlightmfg.com\/lv\/wp-json\/wp\/v2\/product\/1550"}],"collection":[{"href":"https:\/\/backlightmfg.com\/lv\/wp-json\/wp\/v2\/product"}],"about":[{"href":"https:\/\/backlightmfg.com\/lv\/wp-json\/wp\/v2\/types\/product"}],"replies":[{"embeddable":true,"href":"https:\/\/backlightmfg.com\/lv\/wp-json\/wp\/v2\/comments?post=1550"}],"wp:featuredmedia":[{"embeddable":true,"href":"https:\/\/backlightmfg.com\/lv\/wp-json\/wp\/v2\/media\/1538"}],"wp:attachment":[{"href":"https:\/\/backlightmfg.com\/lv\/wp-json\/wp\/v2\/media?parent=1550"}],"wp:term":[{"taxonomy":"product_cat","embeddable":true,"href":"https:\/\/backlightmfg.com\/lv\/wp-json\/wp\/v2\/product_cat?post=1550"},{"taxonomy":"product_tag","embeddable":true,"href":"https:\/\/backlightmfg.com\/lv\/wp-json\/wp\/v2\/product_tag?post=1550"}],"curies":[{"name":"wp","href":"https:\/\/api.w.org\/{rel}","templated":true}]}}