{"id":1549,"date":"2024-07-08T08:09:39","date_gmt":"2024-07-08T08:09:39","guid":{"rendered":"https:\/\/backlightmfg.com\/manufacturer\/fiber-optic-backlighting\/"},"modified":"2024-09-15T06:29:48","modified_gmt":"2024-09-15T06:29:48","slug":"fiber-optic-backlighting","status":"publish","type":"product","link":"https:\/\/backlightmfg.com\/lv\/fiber-optic-backlighting\/","title":{"rendered":"Fiber Optic Backlighting"},"content":{"rendered":"<p>Fiber optic backlighting izmanto pl\u0101nas stikla vai plastmasas \u0161\u0137iedras, kas darbojas k\u0101 gaismas vadi. Vien\u0101 optisk\u0101s \u0161\u0137iedras kabe\u013ca gal\u0101 tiek ievad\u012bta gaisma, parasti no LED avota. \u0160\u012b gaisma, pateicoties par\u0101d\u012bbai, ko sauc par iek\u0161\u0113jo atstaro\u0161anu, p\u0101rvietojas caur \u0161\u0137iedras serdi, atstaroties no iek\u0161\u0113j\u0101m sieni\u0146\u0101m un samazinot gaismas zudumus. Gaisma iziet no \u0161\u0137iedras otra gala, izgaismojot m\u0113r\u0137a zonu.<\/p>\n<h3><strong>Optisk\u0101s \u0161\u0137iedras apgaismojuma priek\u0161roc\u012bbas:<\/strong><\/h3>\n<ul>\n<li><strong style=\"color: #555555; font-size: 14.4px;\">T\u0101lvad\u012bbas gaismas avots:<\/strong><span style=\"color: #555555; font-size: 14.4px;\">\u00a0Gaismas avotu var novietot t\u0101l\u0101k no apgaismojam\u0101s zonas, t\u0101d\u0113j\u0101di samazinot siltuma veido\u0161anos un uzlabojot dizaina elast\u012bbu.<\/span><\/li>\n<li><strong style=\"color: #555555; font-size: 14.4px;\">Vienm\u0113r\u012bgs apgaismojums:<\/strong><span style=\"color: #555555; font-size: 14.4px;\">\u00a0\u0160\u0137iedru optika vienm\u0113r\u012bgi sadala gaismu, nov\u0113r\u0161ot atsp\u012bdumus un karstos punktus, t\u0101d\u0113j\u0101di radot vizu\u0101li pat\u012bkamu un \u0113rtu skat\u012b\u0161an\u0101s pieredzi.<\/span><\/li>\n<li><strong style=\"color: #555555; font-size: 14.4px;\">Augsta gaismas efektivit\u0101te:<\/strong><span style=\"color: #555555; font-size: 14.4px;\">\u00a0Pateicoties minim\u0101liem gaismas zudumiem \u0161\u0137iedr\u0101, optisko \u0161\u0137iedru aizmugures apgaismojums nodro\u0161ina efekt\u012bvu gaismas p\u0101rraidi.<\/span><\/li>\n<li><strong style=\"color: #555555; font-size: 14.4px;\">Iztur\u012bba:<\/strong><span style=\"color: #555555; font-size: 14.4px;\"> Optisk\u0101s \u0161\u0137iedras kabe\u013ci ir \u013coti iztur\u012bgi un notur\u012bgi pret vibr\u0101ciju, triecieniem, ekstrem\u0101l\u0101m temperat\u016br\u0101m, ener\u0123ijas taup\u012b\u0161anu un n<\/span><span class=\"Y2IQFc\" lang=\"en\">o drudzis.<\/span><\/li>\n<li><strong style=\"color: #555555; font-size: 14.4px;\">Dizaina elast\u012bba:<\/strong><span style=\"color: #555555; font-size: 14.4px;\">\u00a0Pl\u0101nas un elast\u012bgas \u0161\u0137iedras var viegli veidot un piel\u0101got da\u017e\u0101d\u0101m apgaismojuma pras\u012bb\u0101m.<\/span><\/li>\n<li><strong style=\"color: #555555; font-size: 14.4px;\">For\u0161a darb\u012bba:<\/strong><span style=\"color: #555555; font-size: 14.4px;\">\u00a0Optisk\u0101s \u0161\u0137iedras kabe\u013ci pa\u0161i nerada siltumu, t\u0101d\u0113j\u0101di veicinot v\u0113s\u0101ku darba vidi.<\/span><\/li>\n<\/ul>\n<p>&nbsp;<\/p>\n<h3><strong style=\"font-size: 23.04px;\">\u0160\u0137iedru optikas fona apgaismojuma lietojumprogrammas:<\/strong><\/h3>\n<ul>\n<li><strong style=\"color: #555555; font-size: 14.4px;\">LCD displeji:<\/strong><span style=\"color: #555555; font-size: 14.4px;\">\u00a0Ar optisko \u0161\u0137iedru apgaismojumu var uzlabot LCD displeju viendab\u012bgumu un spilgtumu televizoros, kl\u0113pjdatoros un cit\u0101s elektroniskaj\u0101s ier\u012bc\u0113s.<\/span><\/li>\n<li><strong style=\"color: #555555; font-size: 14.4px;\">Nor\u0101des un displeji:<\/strong><span style=\"color: #555555; font-size: 14.4px;\">\u00a0Tos izmanto izgaismot\u0101s izk\u0101rtn\u0113s, arhitekt\u016bras apgaismojum\u0101 un tirdzniec\u012bbas vietu displejos, lai pan\u0101ktu vizu\u0101li p\u0101rsteidzo\u0161u efektu.<\/span><\/li>\n<li><strong style=\"color: #555555; font-size: 14.4px;\">Medic\u012bniskais apr\u012bkojums:<\/strong><span style=\"color: #555555; font-size: 14.4px;\">\u00a0Optisk\u0101s \u0161\u0137iedras aizmugures apgaismojums nodro\u0161ina kontrol\u0113tu un fokus\u0113tu apgaismojumu medic\u012bnisk\u0101s izmekl\u0113\u0161anas un diagnostikas iek\u0101rt\u0101s.<\/span><\/li>\n<li><strong style=\"color: #555555; font-size: 14.4px;\">Ma\u0161\u012bnisk\u0101s redzam\u012bbas sist\u0113mas:<\/strong><span style=\"color: #555555; font-size: 14.4px;\">\u00a0Vienm\u0113r\u012bgais gaismas sadal\u012bjums padara to ide\u0101li piem\u0113rotu ma\u0161\u012bnisk\u0101s redzam\u012bbas lietojumiem, kur nepiecie\u0161ama prec\u012bza objektu p\u0101rbaude.<\/span><\/li>\n<li><strong style=\"color: #555555; font-size: 14.4px;\">Malu apgaismojums:<\/strong><span style=\"color: #555555; font-size: 14.4px;\">\u00a0Ar optisko \u0161\u0137iedru var rad\u012bt asus un labi defin\u0113tus malu apgaismojuma efektus dekorat\u012bviem un arhitektoniskiem lietojumiem.<\/span><\/li>\n<li><strong style=\"color: #555555; font-size: 14.4px;\">Speci\u0101lais apgaismojums:<\/strong><span style=\"color: #555555; font-size: 14.4px;\">\u00a0Optisko \u0161\u0137iedru apgaismojumu izmanto da\u017e\u0101dos specializ\u0113tos lietojumos, tostarp zem\u016bdens apgaismojumam un instrumentu apgaismo\u0161anai.<\/span><\/li>\n<\/ul>","protected":false},"excerpt":{"rendered":"<p>\u0160\u0137iedru optikas aizmugures apgaismojums pied\u0101v\u0101 unik\u0101lu un daudzpus\u012bgu apgaismojuma risin\u0101jumu. T\u0101 t\u0101lvad\u012bbas gaismas avota, vienm\u0113r\u012bgas gaismas izplat\u012b\u0161anas, augstas efektivit\u0101tes un dizaina elast\u012bbas kombin\u0101cija padara to par v\u0113rt\u012bgu tehnolo\u0123iju da\u017e\u0101diem lietojumiem. Paredzams, ka, att\u012bstoties tehnolo\u0123ij\u0101m, optisko \u0161\u0137iedru aizmugurgaismojums n\u0101kotn\u0113 atrad\u012bs v\u0113l inovat\u012bv\u0101kus pielietojumus.<\/p>","protected":false},"featured_media":1539,"comment_status":"closed","ping_status":"closed","template":"","meta":[],"product_cat":[15],"product_tag":[],"_links":{"self":[{"href":"https:\/\/backlightmfg.com\/lv\/wp-json\/wp\/v2\/product\/1549"}],"collection":[{"href":"https:\/\/backlightmfg.com\/lv\/wp-json\/wp\/v2\/product"}],"about":[{"href":"https:\/\/backlightmfg.com\/lv\/wp-json\/wp\/v2\/types\/product"}],"replies":[{"embeddable":true,"href":"https:\/\/backlightmfg.com\/lv\/wp-json\/wp\/v2\/comments?post=1549"}],"wp:featuredmedia":[{"embeddable":true,"href":"https:\/\/backlightmfg.com\/lv\/wp-json\/wp\/v2\/media\/1539"}],"wp:attachment":[{"href":"https:\/\/backlightmfg.com\/lv\/wp-json\/wp\/v2\/media?parent=1549"}],"wp:term":[{"taxonomy":"product_cat","embeddable":true,"href":"https:\/\/backlightmfg.com\/lv\/wp-json\/wp\/v2\/product_cat?post=1549"},{"taxonomy":"product_tag","embeddable":true,"href":"https:\/\/backlightmfg.com\/lv\/wp-json\/wp\/v2\/product_tag?post=1549"}],"curies":[{"name":"wp","href":"https:\/\/api.w.org\/{rel}","templated":true}]}}