{"id":2265,"date":"2025-04-02T02:39:59","date_gmt":"2025-04-02T02:39:59","guid":{"rendered":"https:\/\/backlightmfg.com\/?page_id=2265"},"modified":"2025-04-02T07:36:40","modified_gmt":"2025-04-02T07:36:40","slug":"medical-human-machine-interface%ef%bc%88hmi%ef%bc%89","status":"publish","type":"page","link":"https:\/\/backlightmfg.com\/lv\/medical-human-machine-interface%ef%bc%88hmi%ef%bc%89\/","title":{"rendered":"Medic\u012bnas cilv\u0113ka un ma\u0161\u012bnas saskarne\uff08HMI\uff09"},"content":{"rendered":"<div class=\"banner has-hover\" id=\"banner-1201450845\">\n          <div class=\"banner-inner fill\">\n        <div class=\"banner-bg fill\" >\n            <div class=\"bg fill bg-fill\"><\/div>\n                        <div class=\"overlay\"><\/div>            \n                    <\/div>\n\t\t\n        <div class=\"banner-layers container\">\n            <div class=\"fill banner-link\"><\/div>            \n   <div id=\"text-box-1948631877\" class=\"text-box banner-layer x50 md-x50 lg-x50 y25 md-y25 lg-y25 res-text\">\n                                <div class=\"text-box-content text dark\">\n              \n              <div class=\"text-inner text-center\">\n                  \n<h1><span style=\"font-size: 80%;\">Medic\u012bnas cilv\u0113ka un ma\u0161\u012bnas saskarne\uff08HMI\uff09<\/span><\/h1>\n              <\/div>\n           <\/div>\n                            \n<style>\n#text-box-1948631877 {\n  width: 86%;\n}\n#text-box-1948631877 .text-box-content {\n  font-size: 100%;\n}\n<\/style>\n    <\/div>\n \n        <\/div>\n      <\/div>\n\n            \n<style>\n#banner-1201450845 {\n  padding-top: 188px;\n}\n#banner-1201450845 .overlay {\n  background-color: rgba(0, 0, 0, 0.209);\n}\n<\/style>\n  <\/div>\n\n\n\t<section class=\"section\" id=\"section_2128382332\">\n\t\t<div class=\"bg section-bg fill bg-fill  bg-loaded\" >\n\n\t\t\t\n\t\t\t\n\t\t\t\n\n\t\t<\/div>\n\n\t\t\n\n\t\t<div class=\"section-content relative\">\n\t\t\t\n<div class=\"row row-box-shadow-5-hover\" style=\"max-width:1400px\" id=\"row-653674703\">\n\n\t<div id=\"col-786970108\" class=\"col medium-6 small-12 large-6\"  >\n\t\t\t\t<div class=\"col-inner\"  >\n\t\t\t\n\t\t\t\n\t<div class=\"img has-hover x md-x lg-x y md-y lg-y\" id=\"image_437297087\">\n\t\t\t\t\t\t\t\t<div class=\"img-inner dark\" >\n\t\t\t<img loading=\"lazy\" decoding=\"async\" width=\"800\" height=\"800\" src=\"https:\/\/backlightmfg.com\/wp-content\/uploads\/2025\/04\/HMI.jpeg\" class=\"attachment-original size-original\" alt=\"Medic\u012bnas HMI\" srcset=\"https:\/\/backlightmfg.com\/wp-content\/uploads\/2025\/04\/HMI.jpeg 800w, https:\/\/backlightmfg.com\/wp-content\/uploads\/2025\/04\/HMI-300x300.jpeg 300w, https:\/\/backlightmfg.com\/wp-content\/uploads\/2025\/04\/HMI-150x150.jpeg 150w, https:\/\/backlightmfg.com\/wp-content\/uploads\/2025\/04\/HMI-768x768.jpeg 768w, https:\/\/backlightmfg.com\/wp-content\/uploads\/2025\/04\/HMI-12x12.jpeg 12w, https:\/\/backlightmfg.com\/wp-content\/uploads\/2025\/04\/HMI-510x510.jpeg 510w, https:\/\/backlightmfg.com\/wp-content\/uploads\/2025\/04\/HMI-100x100.jpeg 100w\" sizes=\"(max-width: 800px) 100vw, 800px\" \/>\t\t\t\t\t\t\n\t\t\t\t\t<\/div>\n\t\t\t\t\t\t\t\t\n<style>\n#image_437297087 {\n  width: 100%;\n}\n<\/style>\n\t<\/div>\n\t\n\t\t<\/div>\n\t\t\t\t\t<\/div>\n\n\t\n\n\t<div id=\"col-1870036210\" class=\"col medium-6 small-12 large-6\"  >\n\t\t\t\t<div class=\"col-inner\"  >\n\t\t\t\n\t\t\t\n\t<div id=\"text-4058721665\" class=\"text\">\n\t\t\n<h2>Medic\u012bnas cilv\u0113ka un ma\u0161\u012bnas saskarne (HMI)<\/h2>\n<p>Medic\u012bnisk\u0101 cilv\u0113ka un ma\u0161\u012bnas saskarne (HMI) ir interakt\u012bvs tilts, kas savieno medic\u012bnas speci\u0101listus, pacientus un medic\u012bnas iek\u0101rtas vai sist\u0113mas. T\u0101 m\u0113r\u0137is ir nodro\u0161in\u0101t medic\u012bnisko datu ievad\u012b\u0161anu, izvad\u012b\u0161anu, uzraudz\u012bbu un kontroli, izmantojot intuit\u012bvas, dro\u0161as un efekt\u012bvas darb\u012bbas metodes. T\u0101 ir moderno medic\u012bnas iek\u0101rtu (piem\u0113ram, ventilatoru, monitoru, \u0137irur\u0123isko robotu, att\u0113lveido\u0161anas sist\u0113mu u. c.) un digit\u0101lo medic\u012bnas sist\u0113mu (piem\u0113ram, elektronisko vesel\u012bbas kar\u0161u, att\u0101l\u0101s diagnostikas un \u0101rst\u0113\u0161anas platformu) galven\u0101 sast\u0101vda\u013ca.<br \/>\n\t\t\n<style>\n#text-4058721665 {\n  line-height: 2;\n}\n<\/style>\n\t<\/div>\n\t\n<div class=\"row\"  id=\"row-1889254938\">\n\n\t<div id=\"col-269597708\" class=\"col small-12 large-12\"  >\n\t\t\t\t<div class=\"col-inner\"  >\n\t\t\t\n\t\t\t\n\t<div id=\"gap-869021826\" class=\"gap-element clearfix\" style=\"display:block; height:auto;\">\n\t\t\n<style>\n#gap-869021826 {\n  padding-top: 20px;\n}\n<\/style>\n\t<\/div>\n\t\n\t<div id=\"text-2503384805\" class=\"text\">\n\t\t\n<h2>Rayera Medical HMI risin\u0101jums<\/h2>\n<p>Medic\u012bnas HMI lietojumprogrammu scen\u0101rijos t\u0101di faktori k\u0101 gaismas kvalit\u0101te, kr\u0101su precizit\u0101te un gaismas virziens ir tie\u0161i saist\u012bti ar cilv\u0113ka un ma\u0161\u012bnas mijiedarb\u012bbas efektivit\u0101ti medic\u012bnas iek\u0101rt\u0101s, un to noz\u012bme ir pa\u0161saprotama. M\u016bsu komanda ir veiksm\u012bgi rad\u012bjusi apgaismojuma risin\u0101jumu, pateicoties dzi\u013cai pieredzei nozar\u0113 un jaun\u0101kaj\u0101m tehniskaj\u0101m zin\u0101\u0161an\u0101m. Tam ir uzticama veiktsp\u0113ja un augsta precizit\u0101te. Lietojot to praks\u0113, tas var padar\u012bt \u0113rt\u0101ku medm\u0101su person\u0101lu, str\u0101d\u0101jot ar medic\u012bnas iek\u0101rt\u0101m, k\u0101 ar\u012b nodro\u0161in\u0101t pacientiem dro\u0161u medic\u012bnisko pieredzi, kas ir patiesi intuit\u012bva, efekt\u012bva un dro\u0161a.<br \/>\n\t\t\n<style>\n#text-2503384805 {\n  line-height: 2;\n}\n<\/style>\n\t<\/div>\n\t\n\t\t<\/div>\n\t\t\t\t\t<\/div>\n\n\t\n<\/div>\n\t<div id=\"gap-1049786026\" class=\"gap-element clearfix\" style=\"display:block; height:auto;\">\n\t\t\n<style>\n#gap-1049786026 {\n  padding-top: 15px;\n}\n<\/style>\n\t<\/div>\n\t\n<div class=\"row\"  id=\"row-1452251676\">\n\n\t<div id=\"col-1349092885\" class=\"col small-12 large-12\"  >\n\t\t\t\t<div class=\"col-inner text-center\"  >\n\t\t\t\n\t\t\t\n<a href=\"https:\/\/backlightmfg.com\/lv\/contact\/\" class=\"button primary\"  style=\"border-radius:99px;\">\n    <span>uzzin\u0101t vair\u0101k<\/span>\n  <\/a>\n\n\t\t<\/div>\n\t\t\t\t\t<\/div>\n\n\t\n<\/div>\n\t\t<\/div>\n\t\t\t\t\n<style>\n#col-1870036210 > .col-inner {\n  margin: 0px 0px 0px 0px;\n}\n<\/style>\n\t<\/div>\n\n\t\n<\/div>\n\t\t<\/div>\n\n\t\t\n<style>\n#section_2128382332 {\n  padding-top: 30px;\n  padding-bottom: 30px;\n}\n<\/style>\n\t<\/section>\n\t\n\t<section class=\"section\" id=\"section_1630553986\">\n\t\t<div class=\"bg section-bg fill bg-fill  bg-loaded\" >\n\n\t\t\t\n\t\t\t<div class=\"section-bg-overlay absolute fill\"><\/div>\n\t\t\t\n\n\t\t<\/div>\n\n\t\t\n\n\t\t<div class=\"section-content relative\">\n\t\t\t\n<div class=\"row\" style=\"max-width:1400px\" id=\"row-369908226\">\n\n\t<div id=\"col-1517590492\" class=\"col small-12 large-12\"  >\n\t\t\t\t<div class=\"col-inner\"  >\n\t\t\t\n\t\t\t\n<h2 style=\"text-align: center;\">Darbs ar Rayera<\/h2>\n<h4 style=\"text-align: center;\">Medic\u012bnas HMI tehnolo\u0123iju kop\u012bga att\u012bst\u012bba<\/h4>\n<p style=\"text-align: center;\">M\u0113s pied\u0101v\u0101jam klientiem daudzpus\u012bgu un visaptvero\u0161u izstr\u0101des metodolo\u0123iju. \u0160\u012b pieeja ne tikai racionaliz\u0113 procesu, bet ar\u012b iev\u0113rojami samazina gan laiku, gan izmaksas. Neatkar\u012bgi no t\u0101, vai j\u016bs tikai s\u0101kat ieskic\u0113t idejas dizaina f\u0101z\u0113, vai esat p\u0113d\u0113jos preciz\u0113\u0161anas posmos, m\u016bsu augst\u0101k\u0101s klases komandas ir gatavas sadarboties ar jums. M\u0113s koncentr\u0113simies uz t\u0101du apgaismojuma risin\u0101jumu optimiz\u0101ciju, kas lietot\u0101jiem rad\u012bs visb\u016btisk\u0101ko un pozit\u012bv\u0101ko ietekmi.<\/p>\n\t\t<\/div>\n\t\t\t\t\t<\/div>\n\n\t\n<\/div>\n<div class=\"row\"  id=\"row-1166302783\">\n\n\t<div id=\"col-1799193252\" class=\"col medium-6 small-12 large-6\"  >\n\t\t\t\t<div class=\"col-inner\"  >\n\t\t\t\n\t\t\t\n\t<div class=\"img has-hover x md-x lg-x y md-y lg-y\" id=\"image_159281360\">\n\t\t\t\t\t\t\t\t<div class=\"img-inner dark\" >\n\t\t\t<img loading=\"lazy\" decoding=\"async\" width=\"800\" height=\"800\" src=\"https:\/\/backlightmfg.com\/wp-content\/uploads\/2025\/04\/HMI-1.jpeg\" class=\"attachment-original size-original\" alt=\"Optiskais dizains un displeja optimiz\u0101cija\" srcset=\"https:\/\/backlightmfg.com\/wp-content\/uploads\/2025\/04\/HMI-1.jpeg 800w, https:\/\/backlightmfg.com\/wp-content\/uploads\/2025\/04\/HMI-1-300x300.jpeg 300w, https:\/\/backlightmfg.com\/wp-content\/uploads\/2025\/04\/HMI-1-150x150.jpeg 150w, https:\/\/backlightmfg.com\/wp-content\/uploads\/2025\/04\/HMI-1-768x768.jpeg 768w, https:\/\/backlightmfg.com\/wp-content\/uploads\/2025\/04\/HMI-1-12x12.jpeg 12w, https:\/\/backlightmfg.com\/wp-content\/uploads\/2025\/04\/HMI-1-510x510.jpeg 510w, https:\/\/backlightmfg.com\/wp-content\/uploads\/2025\/04\/HMI-1-100x100.jpeg 100w\" sizes=\"(max-width: 800px) 100vw, 800px\" \/>\t\t\t\t\t\t\n\t\t\t\t\t<\/div>\n\t\t\t\t\t\t\t\t\n<style>\n#image_159281360 {\n  width: 100%;\n}\n<\/style>\n\t<\/div>\n\t\n\t\t<\/div>\n\t\t\t\t\t<\/div>\n\n\t\n\n\t<div id=\"col-1589740519\" class=\"col medium-6 small-12 large-6\"  >\n\t\t\t\t<div class=\"col-inner\"  >\n\t\t\t\n\t\t\t\n<h3>Optiskais dizains un displeja optimiz\u0101cija<\/h3>\n<ul>\n<li><strong>Gaismas kvalit\u0101tes un spilgtuma kontrole: <\/strong>Medic\u012bnas HMI ir j\u0101piel\u0101gojas sare\u017e\u0123\u012btai apgaismojuma videi un j\u0101izmanto adapt\u012bv\u0101s aptum\u0161o\u0161anas tehnolo\u0123ija, lai nodro\u0161in\u0101tu, ka ekr\u0101ns ir skaidri salas\u0101ms da\u017e\u0101dos spilgtuma l\u012bme\u0146os bez atsp\u012bdumiem. Piem\u0113ram, endoskopu displejiem j\u0101b\u016bt ar \u013coti vienm\u0113r\u012bgu aizmugur\u0113jo apgaismojumu, lai izvair\u012btos no lok\u0101las p\u0101rgaismot\u012bbas vai \u0113n\u0101m, kas trauc\u0113 \u0137irur\u0123isk\u0101 lauka nov\u0113rt\u0113\u0161anai.<\/li>\n<li><strong>Kr\u0101su precizit\u0101te: <\/strong>Stingri iev\u0113rojiet DICOM standartu, lai kalibr\u0113tu displeja ier\u012bces un nodro\u0161in\u0101tu att\u0113lu pel\u0113k\u0101s skalas un pseidokr\u0101su att\u0113lojuma kl\u012bnisko konsekvenci. Dz\u012bv\u012bbas monitoringa saskarn\u0113 tiek izmantota standartiz\u0113ta br\u012bdin\u0101juma kr\u0101su, piem\u0113ram, sarkan\u0101s\/za\u013c\u0101s\/dzelten\u0101s kr\u0101sas, kod\u0113\u0161ana, lai izvair\u012btos no lietot\u0101ju ar kr\u0101su redzes trauc\u0113jumiem nepareizas nov\u0113rt\u0113\u0161anas.<\/li>\n<li><strong>Virziens un redzam\u012bba: <\/strong>Pateicoties platle\u0146\u0137a LCD\/OLED pane\u013ciem, pretaizsv\u012b\u0161anas p\u0101rkl\u0101jumiem un pretatstarojo\u0161ai apstr\u0101dei, medic\u012bnas person\u0101ls var nov\u0113rot saskarni no da\u017e\u0101diem le\u0146\u0137iem, st\u0101vot, s\u0113\u017eot vai kustoties. Galvenie parametri ir izvietoti ar lieliem fontiem un lielu kontrastu, lai uzlabotu atpaz\u012b\u0161anas \u0101trumu \u0101rk\u0101rtas situ\u0101cij\u0101s.<\/li>\n<\/ul>\n\t\t<\/div>\n\t\t\t\t\t<\/div>\n\n\t\n<\/div>\n\t\t<\/div>\n\n\t\t\n<style>\n#section_1630553986 {\n  padding-top: 30px;\n  padding-bottom: 30px;\n}\n#section_1630553986 .section-bg-overlay {\n  background-color: rgba(68, 96, 132, 0.11);\n}\n<\/style>\n\t<\/section>\n\t\n\t<section class=\"section\" id=\"section_456064686\">\n\t\t<div class=\"bg section-bg fill bg-fill  bg-loaded\" >\n\n\t\t\t\n\t\t\t\n\t\t\t\n\n\t\t<\/div>\n\n\t\t\n\n\t\t<div class=\"section-content relative\">\n\t\t\t\n<div class=\"row\"  id=\"row-1082944383\">\n\n\t<div id=\"col-1070658811\" class=\"col small-12 large-12\"  >\n\t\t\t\t<div class=\"col-inner\"  >\n\t\t\t\n\t\t\t\n<h3 style=\"text-align: center;\">Komandas risin\u0101juma piem\u0113rs<\/h3>\n<p style=\"text-align: center;\">M\u016bsu in\u017eenieru komanda izstr\u0101d\u0101ja medic\u012bniski piem\u0113rotu inteli\u0123ento apgaismojuma sist\u0113mu, lai nov\u0113rstu \u0161\u0101das probl\u0113mas:<\/p>\n\t\t<\/div>\n\t\t\t\t\t<\/div>\n\n\t\n<\/div>\n<div class=\"row\"  id=\"row-923753439\">\n\n\t<div id=\"col-460684124\" class=\"col medium-6 small-12 large-6\"  >\n\t\t\t\t<div class=\"col-inner\"  >\n\t\t\t\n\t\t\t\n<p><strong>Uzticam\u012bba un precizit\u0101te:<\/strong> Izmantojot medic\u012bniski sertific\u0113tus LED gaismas avotus (atbilsto\u0161i IEC 60601-1), to kalpo\u0161anas laiks ir &gt; 50 000 stundu, un tie nemirgo, t\u0101d\u0113j\u0101di nov\u0113r\u0161ot redzes nogurumu, ko izraisa ilgsto\u0161a uzraudz\u012bba. Ieb\u016bv\u0113ts apk\u0101rt\u0113j\u0101s gaismas sensors un m\u0101ksl\u012bg\u0101 intelekta algoritms, lai re\u0101llaik\u0101 piel\u0101gotu NIT spilgtuma l\u012bkni (piem\u0113ram, 800nits dien\u0101\/50nits nakt\u012b).<\/p>\n<p><strong>Interakt\u012bvs un intuit\u012bvs dizains:<\/strong><\/p>\n<ul>\n<li>Integr\u0113jiet ventilatora panel\u012b virziena gaismas vadotnes, lai vad\u012btu darb\u012bbas procesu, izmantojot gaismas pl\u016bsmas anim\u0101ciju (piem\u0113ram, PEEP v\u0113rt\u012bbas regul\u0113\u0161ana, grie\u017eot pulkste\u0146r\u0101d\u012bt\u0101ja r\u0101d\u012bt\u0101ja virzien\u0101).<\/li>\n<li>Izstr\u0101d\u0101jiet daudzkr\u0101su gredzena indikatoru rokas ultraska\u0146as iek\u0101rt\u0101m un izmantojiet kr\u0101su pies\u0101tin\u0101juma gradientu, lai nor\u0101d\u012btu zondes spiediena slieksni (zila\u2192za\u013ca\u2192sarkana atbilst dro\u0161\u012bbai\u2192br\u012bdin\u0101jumam).<\/li>\n<\/ul>\n<p><strong>Dro\u0161\u012bbas dubl\u0113\u0161anas meh\u0101nisms: <\/strong>Divkan\u0101lu neatkar\u012bg\u0101 aizmugurgaismojuma piedzi\u0146as sh\u0113ma nov\u0113r\u0161 melna ekr\u0101na risku un av\u0101rijas re\u017e\u012bm\u0101 autom\u0101tiski p\u0101rsl\u0113dzas uz melnbaltu izgaismotu displeju (piem\u0113ram, saglab\u0101jot asins sk\u0101bek\u013ca vi\u013c\u0146u formu, ja ECMO saskarne nedarbojas).<\/p>\n\t\t<\/div>\n\t\t\t\t\t<\/div>\n\n\t\n\n\t<div id=\"col-411558035\" class=\"col medium-6 small-12 large-6\"  >\n\t\t\t\t<div class=\"col-inner\"  >\n\t\t\t\n\t\t\t\n\t<div class=\"img has-hover x md-x lg-x y md-y lg-y\" id=\"image_627248072\">\n\t\t\t\t\t\t\t\t<div class=\"img-inner dark\" >\n\t\t\t<img loading=\"lazy\" decoding=\"async\" width=\"800\" height=\"800\" src=\"https:\/\/backlightmfg.com\/wp-content\/uploads\/2025\/04\/HMI-3.jpeg\" class=\"attachment-original size-original\" alt=\"Komandas risin\u0101juma piem\u0113rs\" srcset=\"https:\/\/backlightmfg.com\/wp-content\/uploads\/2025\/04\/HMI-3.jpeg 800w, https:\/\/backlightmfg.com\/wp-content\/uploads\/2025\/04\/HMI-3-300x300.jpeg 300w, https:\/\/backlightmfg.com\/wp-content\/uploads\/2025\/04\/HMI-3-150x150.jpeg 150w, https:\/\/backlightmfg.com\/wp-content\/uploads\/2025\/04\/HMI-3-768x768.jpeg 768w, https:\/\/backlightmfg.com\/wp-content\/uploads\/2025\/04\/HMI-3-12x12.jpeg 12w, https:\/\/backlightmfg.com\/wp-content\/uploads\/2025\/04\/HMI-3-510x510.jpeg 510w, https:\/\/backlightmfg.com\/wp-content\/uploads\/2025\/04\/HMI-3-100x100.jpeg 100w\" sizes=\"(max-width: 800px) 100vw, 800px\" \/>\t\t\t\t\t\t\n\t\t\t\t\t<\/div>\n\t\t\t\t\t\t\t\t\n<style>\n#image_627248072 {\n  width: 100%;\n}\n<\/style>\n\t<\/div>\n\t\n\t\t<\/div>\n\t\t\t\t\t<\/div>\n\n\t\n<\/div>\n\t\t<\/div>\n\n\t\t\n<style>\n#section_456064686 {\n  padding-top: 30px;\n  padding-bottom: 30px;\n}\n<\/style>\n\t<\/section>\n\t\n\t<section class=\"section\" id=\"section_777467512\">\n\t\t<div class=\"bg section-bg fill bg-fill  bg-loaded\" >\n\n\t\t\t\n\t\t\t<div class=\"section-bg-overlay absolute fill\"><\/div>\n\t\t\t\n\n\t\t<\/div>\n\n\t\t\n\n\t\t<div class=\"section-content relative\">\n\t\t\t\n<div class=\"row\"  id=\"row-1801130187\">\n\n\t<div id=\"col-147990431\" class=\"col medium-6 small-12 large-6\"  >\n\t\t\t\t<div class=\"col-inner\"  >\n\t\t\t\n\t\t\t\n\t<div class=\"img has-hover x md-x lg-x y md-y lg-y\" id=\"image_625126737\">\n\t\t\t\t\t\t\t\t<div class=\"img-inner image-cover dark\" style=\"padding-top:78%;\">\n\t\t\t<img loading=\"lazy\" decoding=\"async\" width=\"800\" height=\"800\" src=\"https:\/\/backlightmfg.com\/wp-content\/uploads\/2025\/04\/HMI-2.jpeg\" class=\"attachment-original size-original\" alt=\"Dizaina principi\" srcset=\"https:\/\/backlightmfg.com\/wp-content\/uploads\/2025\/04\/HMI-2.jpeg 800w, https:\/\/backlightmfg.com\/wp-content\/uploads\/2025\/04\/HMI-2-300x300.jpeg 300w, https:\/\/backlightmfg.com\/wp-content\/uploads\/2025\/04\/HMI-2-150x150.jpeg 150w, https:\/\/backlightmfg.com\/wp-content\/uploads\/2025\/04\/HMI-2-768x768.jpeg 768w, https:\/\/backlightmfg.com\/wp-content\/uploads\/2025\/04\/HMI-2-12x12.jpeg 12w, https:\/\/backlightmfg.com\/wp-content\/uploads\/2025\/04\/HMI-2-510x510.jpeg 510w, https:\/\/backlightmfg.com\/wp-content\/uploads\/2025\/04\/HMI-2-100x100.jpeg 100w\" sizes=\"(max-width: 800px) 100vw, 800px\" \/>\t\t\t\t\t\t\n\t\t\t\t\t<\/div>\n\t\t\t\t\t\t\t\t\n<style>\n#image_625126737 {\n  width: 100%;\n}\n<\/style>\n\t<\/div>\n\t\n\t\t<\/div>\n\t\t\t\t\t<\/div>\n\n\t\n\n\t<div id=\"col-1317734345\" class=\"col medium-6 small-12 large-6\"  >\n\t\t\t\t<div class=\"col-inner\"  >\n\t\t\t\n\t\t\t\n<h3>Dizaina principi<\/h3>\n<p><strong>Piel\u0101go\u0161an\u0101s gaismas videi:<\/strong> Saskarnes kr\u0101su temperat\u016bra ir sinhroniz\u0113ta ar medic\u012bnas iest\u0101\u017eu apgaismojumu (piem\u0113ram, 4500K aukst\u0101 balt\u0101 gaisma oper\u0101ciju z\u0101l\u0113), lai samazin\u0101tu medic\u012bnas person\u0101la kr\u0101su uztveres novirzi, p\u0101rsl\u0113dzot redzes l\u012bnijas. Lai saglab\u0101tu redzes asumu, tum\u0161\u0101s telp\u0101s (piem\u0113ram, radiolo\u0123ijas noda\u013c\u0101s) ir nodro\u0161in\u0101ts sarkan\u0101s kr\u0101sas tum\u0161\u0101s adapt\u0101cijas re\u017e\u012bms.<\/p>\n<h3>Izaicin\u0101jumi un n\u0101kotnes tendences<\/h3>\n<ul>\n<li><strong>Miniaturiz\u0101cija un elast\u012bgs displejs:<\/strong> Izstr\u0101d\u0101t \u012bpa\u0161i mazjaudas Micro-LET pane\u013cus izliektu HMI dizainam valk\u0101jam\u0101m medic\u012bnas ier\u012bc\u0113m.<\/li>\n<li><strong>Biolo\u0123iski sader\u012bgs apgaismojums:<\/strong> izp\u0113t\u012bt specifisku vi\u013c\u0146u garuma gaismas avotu (piem\u0113ram, 405 nm zil\u0101 un violet\u0101 gaisma) integr\u0113tu izmanto\u0161anu saskarnes dezinfekcij\u0101 un interakt\u012bv\u0101 kontrol\u0113.<\/li>\n<\/ul>\n\t\t<\/div>\n\t\t\t\t\t<\/div>\n\n\t\n<\/div>\n\t\t<\/div>\n\n\t\t\n<style>\n#section_777467512 {\n  padding-top: 30px;\n  padding-bottom: 30px;\n}\n#section_777467512 .section-bg-overlay {\n  background-color: #eaeef1;\n}\n<\/style>\n\t<\/section>\n\t\n\t<section class=\"section\" id=\"section_1458644896\">\n\t\t<div class=\"bg section-bg fill bg-fill  bg-loaded\" >\n\n\t\t\t\n\t\t\t\n\t\t\t\n\n\t\t<\/div>\n\n\t\t\n\n\t\t<div class=\"section-content relative\">\n\t\t\t\n<div class=\"row\"  id=\"row-523591613\">\n\n\t<div id=\"col-1418378182\" class=\"col small-12 large-12\"  >\n\t\t\t\t<div class=\"col-inner\"  >\n\t\t\t\n\t\t\t\n<h1 style=\"text-align: center;\">No sare\u017e\u0123\u012bta l\u012bdz p\u0101rliecin\u0101tam: Rayera Powers Medic\u012bnas HMI pan\u0101kumi<\/h1>\n<p style=\"text-align: center;\">Pieaugot piepras\u012bjumam p\u0113c maz\u0101k\u0101m ier\u012bc\u0113m, medic\u012bnas produktu uz\u0146\u0113mumi ik dienu saskaras ar sare\u017e\u0123\u012bt\u0101kiem apgaismojuma izaicin\u0101jumiem. Ar Rayera k\u0101 savu partneri j\u016bs ieg\u016bsiet optim\u0101lu apgaismojuma risin\u0101jumu, \u0101tr\u0101k nog\u0101d\u0101siet savu produktu klientam un ieg\u016bsiet vair\u0101k biznesa.<\/p>\n\t\t<\/div>\n\t\t\t\t\t<\/div>\n\n\t\n<\/div>\n<div class=\"row\"  id=\"row-1517735132\">\n\n\t<div id=\"col-710641011\" class=\"col small-12 large-12\"  >\n\t\t\t\t<div class=\"col-inner\"  >\n\t\t\t\n\t\t\t\n\n<div class=\"wpcf7 no-js\" id=\"wpcf7-f280-o1\" lang=\"en-US\" dir=\"ltr\">\n<div class=\"screen-reader-response\"><p role=\"status\" aria-live=\"polite\" aria-atomic=\"true\"><\/p> <ul><\/ul><\/div>\n<form action=\"\/lv\/wp-json\/wp\/v2\/pages\/2265#wpcf7-f280-o1\" method=\"post\" class=\"wpcf7-form init\" aria-label=\"Kontaktinform\u0101cija\" novalidate=\"novalidate\" data-status=\"init\" data-trp-original-action=\"\/lv\/wp-json\/wp\/v2\/pages\/2265#wpcf7-f280-o1\">\n<div style=\"display: none;\">\n<input type=\"hidden\" name=\"_wpcf7\" value=\"280\" \/>\n<input type=\"hidden\" name=\"_wpcf7_version\" value=\"5.9.6\" \/>\n<input type=\"hidden\" name=\"_wpcf7_locale\" value=\"en_US\" \/>\n<input type=\"hidden\" name=\"_wpcf7_unit_tag\" value=\"wpcf7-f280-o1\" \/>\n<input type=\"hidden\" name=\"_wpcf7_container_post\" value=\"0\" \/>\n<input type=\"hidden\" name=\"_wpcf7_posted_data_hash\" value=\"\" \/>\n<\/div>\n<div class='custom_contact_style'>\n\t<div class=\"row row-small\">\n\t\t<div class=\"col medium-6 small-12 large-6\">\n\t\t\t<div class=\"col-inner\">\n\t\t\t\t<p><span class=\"wpcf7-form-control-wrap\" data-name=\"your-name\"><input size=\"40\" maxlength=\"80\" class=\"wpcf7-form-control wpcf7-text wpcf7-validates-as-required\" aria-required=\"true\" aria-invalid=\"false\" placeholder=\"V\u0101rds*\" value=\"\" type=\"text\" name=\"your-name\" \/><\/span>\n\t\t\t\t<\/p>\n\t\t\t<\/div>\n\t\t<\/div>\n\t\t<div class=\"col medium-6 small-12 large-6\">\n\t\t\t<div class=\"col-inner\">\n\t\t\t\t<p><span class=\"wpcf7-form-control-wrap\" data-name=\"your-email\"><input size=\"40\" maxlength=\"80\" class=\"wpcf7-form-control wpcf7-email wpcf7-validates-as-required wpcf7-text wpcf7-validates-as-email\" aria-required=\"true\" aria-invalid=\"false\" placeholder=\"E-pasts*\" value=\"\" type=\"email\" name=\"your-email\" \/><\/span>\n\t\t\t\t<\/p>\n\t\t\t<\/div>\n\t\t<\/div>\n\t<\/div>\n\t<div class='cus_contact_form_bottom'>\n\t\t<p><span class=\"wpcf7-form-control-wrap\" data-name=\"your-phone\"><input size=\"40\" maxlength=\"80\" class=\"wpcf7-form-control wpcf7-text\" aria-invalid=\"false\" placeholder=\"T\u0101lrunis\" value=\"\" type=\"text\" name=\"your-phone\" \/><\/span>\n\t\t<\/p>\n\t<\/div>\n\t<div class='cus_contact_form_bottom'>\n\t\t<p><span class=\"wpcf7-form-control-wrap\" data-name=\"your-country\"><input size=\"40\" maxlength=\"80\" class=\"wpcf7-form-control wpcf7-text\" aria-invalid=\"false\" placeholder=\"Valsts\" value=\"\" type=\"text\" name=\"your-country\" \/><\/span>\n\t\t<\/p>\n\t<\/div>\n\t<p><span class=\"wpcf7-form-control-wrap\" data-name=\"your-message\"><textarea cols=\"40\" rows=\"10\" maxlength=\"400\" class=\"wpcf7-form-control wpcf7-textarea wpcf7-validates-as-required\" aria-required=\"true\" aria-invalid=\"false\" placeholder=\"J\u016bsu zi\u0146a *\" name=\"your-message\"><\/textarea><\/span>\n\t<\/p>\n\t<div style=\"margin-bottom:10px;\">\n\t\t<p><span class=\"wpcf7-form-control-wrap kc_captcha cf7ic-toggle\" data-name=\"kc_captcha\"><span class=\"wpcf7-form-control wpcf7-radio\"><span class=\"captcha-image\" style=\"display: none;\"><span class=\"cf7ic_instructions\">L\u016bdzu, pier\u0101diet, ka esat cilv\u0113ks, izv\u0113loties<span> sirds<\/span>.<\/span><label><input aria-label=\"1\" type=\"radio\" name=\"kc_captcha\" value=\"kc_human\" \/><svg aria-hidden=\"true\" role=\"img\" xmlns=\"http:\/\/www.w3.org\/2000\/svg\" viewbox=\"0 0 576 512\"><path fill=\"currentColor\" d=\"M415 24c-53 0-103 42-127 65-24-23-74-65-127-65C70 24 16 77 16 166c0 72 67 133 69 135l187 181c9 8 23 8 32 0l187-180c2-3 69-64 69-136 0-89-54-142-145-142z\"\/><\/svg><\/label><label><input aria-label=\"2\" type=\"radio\" name=\"kc_captcha\" value=\"bot\" \/><svg aria-hidden=\"true\" role=\"img\" xmlns=\"http:\/\/www.w3.org\/2000\/svg\" viewbox=\"0 0 576 512\"><path fill=\"currentColor\" d=\"M259 18l-65 132-146 22c-26 3-37 36-18 54l106 103-25 146c-5 26 23 46 46 33l131-68 131 68c23 13 51-7 46-33l-25-146 106-103c19-18 8-51-18-54l-146-22-65-132a32 32 0 00-58 0z\"\/><\/svg><\/label><label><input aria-label=\"3\" type=\"radio\" name=\"kc_captcha\" value=\"bot\" \/><svg aria-hidden=\"true\" role=\"img\" xmlns=\"http:\/\/www.w3.org\/2000\/svg\" viewbox=\"0 0 512 512\"><path fill=\"currentColor\" d=\"M350 99c-54 0-98-35-166-35-25 0-47 4-68 12a56 56 0 004-24C118 24 95 1 66 0a56 56 0 00-34 102v386c0 13 11 24 24 24h16c13 0 24-11 24-24v-94c28-12 64-23 114-23 54 0 98 35 166 35 48 0 86-16 122-41 9-6 14-15 14-26V96c0-23-24-39-45-29-35 16-77 32-117 32z\"\/><\/svg><\/label>\r\n    <\/span>\r\n    <span style=\"display:none\">\r\n        <input type=\"text\" name=\"kc_honeypot\">\r\n    <\/span><\/span><\/span>\n\t\t<\/p>\n\t<\/div>\n\t<p><input class=\"wpcf7-form-control wpcf7-submit has-spinner\" type=\"submit\" value=\"S\u016bt\u012bt zi\u0146u\" \/>\n\t<\/p>\n<\/div><div class=\"wpcf7-response-output\" aria-hidden=\"true\"><\/div>\n<input type=\"hidden\" name=\"trp-form-language\" value=\"lv\"\/><\/form>\n<\/div>\n\n\t\t<\/div>\n\t\t\t\t\t<\/div>\n\n\t\n<\/div>\n\t\t<\/div>\n\n\t\t\n<style>\n#section_1458644896 {\n  padding-top: 30px;\n  padding-bottom: 30px;\n}\n<\/style>\n\t<\/section>","protected":false},"excerpt":{"rendered":"","protected":false},"author":1,"featured_media":0,"parent":0,"menu_order":0,"comment_status":"closed","ping_status":"closed","template":"page-blank.php","meta":{"footnotes":""},"_links":{"self":[{"href":"https:\/\/backlightmfg.com\/lv\/wp-json\/wp\/v2\/pages\/2265"}],"collection":[{"href":"https:\/\/backlightmfg.com\/lv\/wp-json\/wp\/v2\/pages"}],"about":[{"href":"https:\/\/backlightmfg.com\/lv\/wp-json\/wp\/v2\/types\/page"}],"author":[{"embeddable":true,"href":"https:\/\/backlightmfg.com\/lv\/wp-json\/wp\/v2\/users\/1"}],"replies":[{"embeddable":true,"href":"https:\/\/backlightmfg.com\/lv\/wp-json\/wp\/v2\/comments?post=2265"}],"version-history":[{"count":23,"href":"https:\/\/backlightmfg.com\/lv\/wp-json\/wp\/v2\/pages\/2265\/revisions"}],"predecessor-version":[{"id":2315,"href":"https:\/\/backlightmfg.com\/lv\/wp-json\/wp\/v2\/pages\/2265\/revisions\/2315"}],"wp:attachment":[{"href":"https:\/\/backlightmfg.com\/lv\/wp-json\/wp\/v2\/media?parent=2265"}],"curies":[{"name":"wp","href":"https:\/\/api.w.org\/{rel}","templated":true}]}}