{"id":2011,"date":"2024-09-14T08:11:32","date_gmt":"2024-09-14T08:11:32","guid":{"rendered":"https:\/\/backlightmfg.com\/?page_id=2011"},"modified":"2024-09-14T08:48:30","modified_gmt":"2024-09-14T08:48:30","slug":"fiber-optic-backlight-panels","status":"publish","type":"page","link":"https:\/\/backlightmfg.com\/lv\/fiber-optic-backlight-panels\/","title":{"rendered":"Fiber Optic Backlight pane\u013ci"},"content":{"rendered":"<div class=\"banner has-hover has-parallax\" id=\"banner-191463096\">\n          <div class=\"banner-inner fill\">\n        <div class=\"banner-bg fill\" data-parallax=\"-3\" data-parallax-container=\".banner\" data-parallax-background>\n            <div class=\"bg fill bg-fill\"><\/div>\n                                    \n                    <\/div>\n\t\t\n        <div class=\"banner-layers container\">\n            <div class=\"fill banner-link\"><\/div>            \n   <div id=\"text-box-1449013770\" class=\"text-box banner-layer x50 md-x85 lg-x85 y50 md-y50 lg-y50 res-text\">\n                     <div data-animate=\"fadeInLeft\">           <div class=\"text-box-content text dark\">\n              \n              <div class=\"text-inner text-center\">\n                  \n<h1 style=\"text-align: center;\">\u0160\u0137iedru optikas fona apgaismojuma panelis<\/h1>\n              <\/div>\n           <\/div>\n       <\/div>                     \n<style>\n#text-box-1449013770 {\n  width: 80%;\n}\n#text-box-1449013770 .text-box-content {\n  font-size: 100%;\n}\n@media (min-width:550px) {\n  #text-box-1449013770 {\n    width: 66%;\n  }\n}\n<\/style>\n    <\/div>\n \n        <\/div>\n      <\/div>\n\n            \n<style>\n#banner-191463096 {\n  padding-top: 200px;\n}\n#banner-191463096 .bg.bg-loaded {\n  background-image: 8950;\n}\n#banner-191463096 .overlay {\n  background-color: rgba(0, 0, 0, 0.3);\n}\n#banner-191463096 .bg {\n  background-position: 35% 23%;\n}\n<\/style>\n  <\/div>\n\n\n\t<section class=\"section\" id=\"section_1999066330\">\n\t\t<div class=\"bg section-bg fill bg-fill  bg-loaded\" >\n\n\t\t\t\n\t\t\t\n\t\t\t\n\n\t\t<\/div>\n\n\t\t\n\n\t\t<div class=\"section-content relative\">\n\t\t\t\n<div class=\"row\"  id=\"row-276212032\">\n\n\t<div id=\"col-1297804486\" class=\"col small-12 large-12\"  >\n\t\t\t\t<div class=\"col-inner\"  >\n\t\t\t\n\t\t\t\n<h2 class=\"\" style=\"text-align: center;\" data-sourcepos=\"1:1-1:54\">Fiber Optic Backlight pane\u013ci: Displeju izgaismo\u0161ana<\/h2>\n<p data-sourcepos=\"3:1-3:121\">\u0160\u0137iedru optikas aizmugures apgaismojuma pane\u013ci ir displeja tehnolo\u0123ijas veids, kas izmanto \u0161\u0137iedru optiku, lai virz\u012btu gaismu no avota uz displeja ekr\u0101na aizmuguri, radot vienm\u0113r\u012bgu un spilgtu apgaismojumu. \u0160o tehnolo\u0123iju parasti izmanto LCD un OLED displejos.<\/p>\n\t\t<\/div>\n\t\t\t\t\t<\/div>\n\n\t\n<\/div>\n<div class=\"row\"  id=\"row-298912452\">\n\n\t<div id=\"col-682260263\" class=\"col small-12 large-12\"  >\n\t\t\t\t<div class=\"col-inner\"  >\n\t\t\t\n\t\t\t\n\t<div class=\"img has-hover x md-x lg-x y md-y lg-y\" id=\"image_749273882\">\n\t\t\t\t\t\t\t\t<div class=\"img-inner dark\" >\n\t\t\t<img loading=\"lazy\" decoding=\"async\" width=\"1020\" height=\"631\" src=\"https:\/\/backlightmfg.com\/wp-content\/uploads\/2024\/09\/1625228552-1024x633.jpg\" class=\"attachment-large size-large\" alt=\"Fiber Optic Backlight pane\u013ci\" srcset=\"https:\/\/backlightmfg.com\/wp-content\/uploads\/2024\/09\/1625228552-1024x633.jpg 1024w, https:\/\/backlightmfg.com\/wp-content\/uploads\/2024\/09\/1625228552-300x186.jpg 300w, https:\/\/backlightmfg.com\/wp-content\/uploads\/2024\/09\/1625228552-768x475.jpg 768w, https:\/\/backlightmfg.com\/wp-content\/uploads\/2024\/09\/1625228552-1536x950.jpg 1536w, https:\/\/backlightmfg.com\/wp-content\/uploads\/2024\/09\/1625228552-18x12.jpg 18w, https:\/\/backlightmfg.com\/wp-content\/uploads\/2024\/09\/1625228552-510x315.jpg 510w, https:\/\/backlightmfg.com\/wp-content\/uploads\/2024\/09\/1625228552.jpg 1990w\" sizes=\"(max-width: 1020px) 100vw, 1020px\" \/>\t\t\t\t\t\t\n\t\t\t\t\t<\/div>\n\t\t\t\t\t\t\t\t\n<style>\n#image_749273882 {\n  width: 100%;\n}\n<\/style>\n\t<\/div>\n\t\n\t\t<\/div>\n\t\t\t\t\t<\/div>\n\n\t\n<\/div>\n\t\t<\/div>\n\n\t\t\n<style>\n#section_1999066330 {\n  padding-top: 30px;\n  padding-bottom: 30px;\n}\n<\/style>\n\t<\/section>\n\t\n\t<section class=\"section\" id=\"section_46518541\">\n\t\t<div class=\"bg section-bg fill bg-fill  bg-loaded\" >\n\n\t\t\t\n\t\t\t\n\t\t\t\n\n\t\t<\/div>\n\n\t\t\n\n\t\t<div class=\"section-content relative\">\n\t\t\t\n<div class=\"row\"  id=\"row-237692566\">\n\n\t<div id=\"col-303553672\" class=\"col medium-6 small-12 large-6\"  >\n\t\t\t\t<div class=\"col-inner\"  >\n\t\t\t\n\t\t\t\n\t<div class=\"img has-hover x md-x lg-x y md-y lg-y\" id=\"image_830817253\">\n\t\t\t\t\t\t\t\t<div class=\"img-inner image-cover dark\" style=\"padding-top:100%;\">\n\t\t\t<img loading=\"lazy\" decoding=\"async\" width=\"2560\" height=\"1920\" src=\"https:\/\/backlightmfg.com\/wp-content\/uploads\/2024\/09\/1625232631-scaled.jpg\" class=\"attachment-original size-original\" alt=\"Optisko \u0161\u0137iedru apgaismojums\" srcset=\"https:\/\/backlightmfg.com\/wp-content\/uploads\/2024\/09\/1625232631-scaled.jpg 2560w, https:\/\/backlightmfg.com\/wp-content\/uploads\/2024\/09\/1625232631-300x225.jpg 300w, https:\/\/backlightmfg.com\/wp-content\/uploads\/2024\/09\/1625232631-1024x768.jpg 1024w, https:\/\/backlightmfg.com\/wp-content\/uploads\/2024\/09\/1625232631-768x576.jpg 768w, https:\/\/backlightmfg.com\/wp-content\/uploads\/2024\/09\/1625232631-1536x1152.jpg 1536w, https:\/\/backlightmfg.com\/wp-content\/uploads\/2024\/09\/1625232631-2048x1536.jpg 2048w, https:\/\/backlightmfg.com\/wp-content\/uploads\/2024\/09\/1625232631-16x12.jpg 16w, https:\/\/backlightmfg.com\/wp-content\/uploads\/2024\/09\/1625232631-510x383.jpg 510w\" sizes=\"(max-width: 2560px) 100vw, 2560px\" \/>\t\t\t\t\t\t\n\t\t\t\t\t<\/div>\n\t\t\t\t\t\t\t\t\n<style>\n#image_830817253 {\n  width: 100%;\n}\n<\/style>\n\t<\/div>\n\t\n\t\t<\/div>\n\t\t\t\t\t<\/div>\n\n\t\n\n\t<div id=\"col-508966694\" class=\"col medium-6 small-12 large-6\"  >\n\t\t\t\t<div class=\"col-inner\"  >\n\t\t\t\n\t\t\t\n<h3 data-sourcepos=\"5:1-5:41\"><strong>\u0160\u0137iedru optikas aizmugures apgaismojuma pane\u013cu galvenie komponenti:<\/strong><\/h3>\n<ul data-sourcepos=\"7:1-8:63\">\n<li data-sourcepos=\"7:1-7:77\"><strong>Gaismas avots:<\/strong> Gaismas avots, parasti LED vai luminiscences spuldzes.<\/li>\n<li data-sourcepos=\"8:1-8:63\"><strong>Optisk\u0101s \u0161\u0137iedras kabe\u013ci:<\/strong> Pl\u0101nas stikla vai plastmasas virtenes, kas p\u0101rvada gaismu.<\/li>\n<li data-sourcepos=\"9:1-9:82\"><strong>Gaismas virzo\u0161\u0101 pl\u0101ksne:<\/strong> Caursp\u012bd\u012bgs materi\u0101ls, kas vienm\u0113r\u012bgi izplata gaismu.<\/li>\n<li data-sourcepos=\"10:1-10:50\"><strong>Difuzors:<\/strong> Materi\u0101ls, kas izklied\u0113 gaismu, radot vienm\u0113r\u012bgu apgaismojumu.<\/li>\n<\/ul>\n<h3 data-sourcepos=\"12:1-12:42\"><strong>K\u0101 darbojas optisk\u0101s \u0161\u0137iedras apgaismojuma pane\u013ci:<\/strong><\/h3>\n<ol data-sourcepos=\"14:1-18:0\">\n<li data-sourcepos=\"14:1-14:80\"><strong>Gaismas emisija:<\/strong> Gaismas avots izstaro gaismu optisk\u0101s \u0161\u0137iedras kabe\u013cos.<\/li>\n<li data-sourcepos=\"15:1-15:101\"><strong>Gaismas caurlaid\u012bba:<\/strong> Gaisma caur optisk\u0101s \u0161\u0137iedras kabe\u013ciem non\u0101k uz gaismas virzo\u0161\u0101s pl\u0101ksnes.<\/li>\n<li data-sourcepos=\"16:1-16:109\"><strong>Gaismas sadal\u012bjums:<\/strong> Gaismas virzo\u0161\u0101 pl\u0101ksne vienm\u0113r\u012bgi sadala gaismu pa displeja aizmuguri.<\/li>\n<li data-sourcepos=\"17:1-18:0\"><strong>Apgaismojums:<\/strong> Izklied\u0113t\u0101 gaisma izgaismo displeja ekr\u0101nu, radot spilgtu un vienm\u0113r\u012bgu att\u0113lu.<\/li>\n<\/ol>\n\t\t<\/div>\n\t\t\t\t\t<\/div>\n\n\t\n<\/div>\n\t\t<\/div>\n\n\t\t\n<style>\n#section_46518541 {\n  padding-top: 30px;\n  padding-bottom: 30px;\n  background-color: #c3e7f2;\n}\n<\/style>\n\t<\/section>\n\t\n\t<section class=\"section\" id=\"section_1171368784\">\n\t\t<div class=\"bg section-bg fill bg-fill  bg-loaded\" >\n\n\t\t\t\n\t\t\t\n\t\t\t\n\n\t\t<\/div>\n\n\t\t\n\n\t\t<div class=\"section-content relative\">\n\t\t\t\n<div class=\"row\"  id=\"row-955083453\">\n\n\t<div id=\"col-1643769489\" class=\"col medium-6 small-12 large-6\"  >\n\t\t\t\t<div class=\"col-inner\"  >\n\t\t\t\n\t\t\t\n<h3 data-sourcepos=\"19:1-19:45\">Optisko \u0161\u0137iedru apgaismojuma pane\u013cu priek\u0161roc\u012bbas:<\/h3>\n<ul data-sourcepos=\"21:1-21:140\">\n<li data-sourcepos=\"21:1-21:140\"><strong>Vienm\u0113r\u012bgs apgaismojums:<\/strong> \u0160\u0137iedru optikas aizmugures apgaismojuma pane\u013ci nodro\u0161ina vienm\u0113r\u012bg\u0101ku un notur\u012bg\u0101ku apgaismojumu sal\u012bdzin\u0101jum\u0101 ar tradicion\u0101lo malu vai tie\u0161\u0101s gaismas apgaismojumu.<\/li>\n<li data-sourcepos=\"22:1-22:141\"><strong>Energoefektivit\u0101te:<\/strong> T\u0101s var b\u016bt energoefekt\u012bv\u0101kas nek\u0101 citas aizmugurgaismojuma tehnolo\u0123ijas, \u012bpa\u0161i, ja tiek izmantotas ar augstas efektivit\u0101tes LED.<\/li>\n<li data-sourcepos=\"23:1-23:99\"><strong>Pl\u0101ns dizains:<\/strong> \u0160\u0137iedru optikas aizmugures apgaismojuma pane\u013ci \u013cauj veidot pl\u0101n\u0101kus un kompakt\u0101kus displejus.<\/li>\n<li data-sourcepos=\"24:1-25:0\"><strong>Elast\u012bgums:<\/strong> Tos var piel\u0101got, lai tie atbilstu da\u017e\u0101diem displeja izm\u0113riem un form\u0101m.<\/li>\n<\/ul>\n<h3 data-sourcepos=\"26:1-26:49\">\u0160\u0137iedru optikas fona apgaismojuma pane\u013cu lietojumprogrammas:<\/h3>\n<ul data-sourcepos=\"28:1-31:0\">\n<li data-sourcepos=\"28:1-28:72\"><strong>LCD displeji:<\/strong> Izmanto televizoros, datoru monitoros un kl\u0113pjdatoros.<\/li>\n<li data-sourcepos=\"29:1-29:68\"><strong>OLED displeji:<\/strong> Izmanto viedt\u0101lru\u0146os, plan\u0161etdatoros un augstas klases televizoros.<\/li>\n<li data-sourcepos=\"30:1-31:0\"><strong>Digit\u0101l\u0101s izk\u0101rtnes:<\/strong> Izmanto rekl\u0101mas displejos un digit\u0101lajos stendos.<\/li>\n<\/ul>\n<p data-sourcepos=\"32:1-32:30\"><strong>\u0160\u0137iedru optikas aizmugures apgaismojuma pane\u013ci ir k\u013cuvu\u0161i par popul\u0101ru izv\u0113li m\u016bsdienu displeju tehnolo\u0123ij\u0101s, jo tie ir izdev\u012bgi apgaismojuma kvalit\u0101tes, energoefektivit\u0101tes un dizaina elast\u012bbas zi\u0146\u0101.<\/strong><\/p>\n\t\t<\/div>\n\t\t\t\t\t<\/div>\n\n\t\n\n\t<div id=\"col-1021162374\" class=\"col medium-6 small-12 large-6\"  >\n\t\t\t\t<div class=\"col-inner\"  >\n\t\t\t\n\t\t\t\n\t<div class=\"img has-hover x md-x lg-x y md-y lg-y\" id=\"image_1820321179\">\n\t\t\t\t\t\t\t\t<div class=\"img-inner image-cover dark\" style=\"padding-top:100%;\">\n\t\t\t<img loading=\"lazy\" decoding=\"async\" width=\"685\" height=\"667\" src=\"https:\/\/backlightmfg.com\/wp-content\/uploads\/2024\/09\/1625230825.png\" class=\"attachment-original size-original\" alt=\"\u0160\u0137iedru optikas fona apgaismojuma pane\u013cu lietojumi\" srcset=\"https:\/\/backlightmfg.com\/wp-content\/uploads\/2024\/09\/1625230825.png 685w, https:\/\/backlightmfg.com\/wp-content\/uploads\/2024\/09\/1625230825-300x292.png 300w, https:\/\/backlightmfg.com\/wp-content\/uploads\/2024\/09\/1625230825-12x12.png 12w, https:\/\/backlightmfg.com\/wp-content\/uploads\/2024\/09\/1625230825-510x497.png 510w\" sizes=\"(max-width: 685px) 100vw, 685px\" \/>\t\t\t\t\t\t\n\t\t\t\t\t<\/div>\n\t\t\t\t\t\t\t\t\n<style>\n#image_1820321179 {\n  width: 100%;\n}\n<\/style>\n\t<\/div>\n\t\n\t\t<\/div>\n\t\t\t\t\t<\/div>\n\n\t\n<\/div>\n\t\t<\/div>\n\n\t\t\n<style>\n#section_1171368784 {\n  padding-top: 30px;\n  padding-bottom: 30px;\n}\n<\/style>\n\t<\/section>\n\t\n\t<section class=\"section\" id=\"section_1204739239\">\n\t\t<div class=\"bg section-bg fill bg-fill  bg-loaded\" >\n\n\t\t\t\n\t\t\t\n\t\t\t\n\n\t\t<\/div>\n\n\t\t\n\n\t\t<div class=\"section-content relative\">\n\t\t\t\n<div class=\"row\"  id=\"row-1214824483\">\n\n\t<div id=\"col-150649790\" class=\"col small-12 large-12\"  >\n\t\t\t\t<div class=\"col-inner\"  >\n\t\t\t\n\t\t\t\n<h2 class=\"\" style=\"text-align: center;\" data-sourcepos=\"1:1-1:61\">OEM optisk\u0101s \u0161\u0137iedras apgaismojuma pane\u013ci: Dio\u017eu\u013cu optiskaj\u0101s ier\u012bc\u0113s: optisko \u0161\u0137iedru piel\u0101go\u0161ana displejam<\/h2>\n<p data-sourcepos=\"3:1-3:126\"><strong>Reyera k\u0101 OEM optisko \u0161\u0137iedru apgaismojuma pane\u013ci<\/strong> pied\u0101v\u0101 piel\u0101gojamu risin\u0101jumu uz\u0146\u0113mumiem, kas v\u0113las savos produktos iestr\u0101d\u0101t augstas kvalit\u0101tes apgaismojumu. \u0160os pane\u013cus var piel\u0101got atbilsto\u0161i j\u016bsu \u012bpa\u0161aj\u0101m pras\u012bb\u0101m, nodro\u0161inot optim\u0101lu veiktsp\u0113ju un est\u0113tiku.<\/p>\n<p data-sourcepos=\"5:1-5:34\"><strong>OEM optisk\u0101s \u0161\u0137iedras apgaismojuma pane\u013cu priek\u0161roc\u012bbas:<\/strong><\/p>\n<ul data-sourcepos=\"7:1-8:27\">\n<li data-sourcepos=\"7:1-7:112\"><strong>Piel\u0101go\u0161ana:<\/strong> Piel\u0101gojiet pane\u013ca izm\u0113ru, formu, spilgtumu un kr\u0101su temperat\u016bru, lai tas atbilstu j\u016bsu vajadz\u012bb\u0101m.<\/li>\n<li data-sourcepos=\"8:1-8:27\"><strong>Z\u012bmolved\u012bba:<\/strong> Iek\u013caut j\u016bsu z\u012bmola logotipu vai dizaina elementus panel\u012b, lai ieg\u016btu unik\u0101lu izskatu.<\/li>\n<li data-sourcepos=\"9:1-9:97\"><strong>Rentabilit\u0101te:<\/strong> OEM ra\u017eo\u0161ana bie\u017ei var pied\u0101v\u0101t konkur\u0113tsp\u0113j\u012bgas cenas lieliem daudzumiem.<\/li>\n<li data-sourcepos=\"10:1-10:1\"><strong>Kvalit\u0101tes kontrole:<\/strong> Str\u0101d\u0101jiet ar atz\u012btiem ra\u017eot\u0101jiem, lai nodro\u0161in\u0101tu augstas kvalit\u0101tes produktus un uzticamu darb\u012bbu.<\/li>\n<\/ul>\n<p data-sourcepos=\"12:1-12:26\"><strong>Piel\u0101go\u0161anas opcijas:<\/strong><\/p>\n<ul data-sourcepos=\"14:1-18:0\">\n<li data-sourcepos=\"14:1-14:91\"><strong>Izm\u0113rs un forma:<\/strong> Izv\u0113lieties pane\u013ca izm\u0113rus un formu, lai tie atbilstu displeja dizainam.<\/li>\n<li data-sourcepos=\"15:1-15:118\"><strong>Spilgtums un kr\u0101su temperat\u016bra:<\/strong> Piel\u0101gojiet gaismas intensit\u0101ti un kr\u0101su spektru, lai tas atbilstu j\u016bsu v\u0113lamajai est\u0113tikai.<\/li>\n<li data-sourcepos=\"16:1-16:108\"><strong>Gaismas sadal\u012bjums:<\/strong> Piel\u0101gojiet gaismas sadal\u012bjuma modeli, lai pan\u0101ktu \u012bpa\u0161us apgaismojuma efektus.<\/li>\n<li data-sourcepos=\"17:1-18:0\"><strong>Integr\u0101cija:<\/strong> Integr\u0113jiet papildu funkcijas, piem\u0113ram, sk\u0101rienj\u016bt\u012bgos sensorus vai apk\u0101rt\u0113j\u0101s gaismas sensorus.<\/li>\n<\/ul>\n<p data-sourcepos=\"19:1-19:98\"><strong>K\u0101p\u0113c izv\u0113l\u0113ties Reyera OEM optisk\u0101s \u0161\u0137iedras apgaismojuma pane\u013ca ra\u017eot\u0101ju:<\/strong><\/p>\n<ul data-sourcepos=\"21:1-21:100\">\n<li data-sourcepos=\"21:1-21:100\"><strong>Pieredze:<\/strong> Mekl\u0113jiet ra\u017eot\u0101jus ar pieredzi augstas kvalit\u0101tes aizmugures apgaismojuma pane\u013cu ra\u017eo\u0161an\u0101.<\/li>\n<li data-sourcepos=\"22:1-22:121\"><strong>Sp\u0113jas:<\/strong> P\u0101rliecinieties, ka ra\u017eot\u0101jam ir nepiecie\u0161amais apr\u012bkojums un zin\u0101\u0161anas, lai izpild\u012btu j\u016bsu \u012bpa\u0161\u0101s pras\u012bbas.<\/li>\n<li data-sourcepos=\"23:1-23:94\"><strong>Izpildes laiks:<\/strong> Lai nodro\u0161in\u0101tu savlaic\u012bgu pieg\u0101di, \u0146emiet v\u0113r\u0101 ra\u017eot\u0101ja ra\u017eo\u0161anas termi\u0146us.<\/li>\n<li data-sourcepos=\"24:1-25:0\"><strong>P\u0113cp\u0101rdo\u0161anas atbalsts:<\/strong> Izv\u0113lieties ra\u017eot\u0101ju, kas nodro\u0161ina uzticamu p\u0113cp\u0101rdo\u0161anas atbalstu un garantijas segumu.<\/li>\n<\/ul>\n\t\t<\/div>\n\t\t\t\t\t<\/div>\n\n\t\n<\/div>\n\t\t<\/div>\n\n\t\t\n<style>\n#section_1204739239 {\n  padding-top: 30px;\n  padding-bottom: 30px;\n  background-color: #c3e7f2;\n}\n<\/style>\n\t<\/section>\n\t\n\t<section class=\"section\" id=\"section_1564680916\">\n\t\t<div class=\"bg section-bg fill bg-fill  bg-loaded\" >\n\n\t\t\t\n\t\t\t\n\t\t\t\n\n\t\t<\/div>\n\n\t\t\n\n\t\t<div class=\"section-content relative\">\n\t\t\t\n<div class=\"row\"  id=\"row-1754507020\">\n\n\t<div id=\"col-1537767394\" class=\"col small-12 large-12\"  >\n\t\t\t\t<div class=\"col-inner\"  >\n\t\t\t\n\t\t\t\n<h2 style=\"text-align: center;\">Sazinieties ar mums<\/h2>\n\t\t<\/div>\n\t\t\t\t\t<\/div>\n\n\t\n<\/div>\n<div class=\"row\"  id=\"row-1719811315\">\n\n\t<div id=\"col-342787555\" class=\"col small-12 large-12\"  >\n\t\t\t\t<div class=\"col-inner\"  >\n\t\t\t\n\t\t\t\n\n<div class=\"wpcf7 no-js\" id=\"wpcf7-f280-o1\" lang=\"en-US\" dir=\"ltr\">\n<div class=\"screen-reader-response\"><p role=\"status\" aria-live=\"polite\" aria-atomic=\"true\"><\/p> <ul><\/ul><\/div>\n<form action=\"\/lv\/wp-json\/wp\/v2\/pages\/2011#wpcf7-f280-o1\" method=\"post\" class=\"wpcf7-form init\" aria-label=\"Kontaktinform\u0101cija\" novalidate=\"novalidate\" data-status=\"init\" data-trp-original-action=\"\/lv\/wp-json\/wp\/v2\/pages\/2011#wpcf7-f280-o1\">\n<div style=\"display: none;\">\n<input type=\"hidden\" name=\"_wpcf7\" value=\"280\" \/>\n<input type=\"hidden\" name=\"_wpcf7_version\" value=\"5.9.6\" \/>\n<input type=\"hidden\" name=\"_wpcf7_locale\" value=\"en_US\" \/>\n<input type=\"hidden\" name=\"_wpcf7_unit_tag\" value=\"wpcf7-f280-o1\" \/>\n<input type=\"hidden\" name=\"_wpcf7_container_post\" value=\"0\" \/>\n<input type=\"hidden\" name=\"_wpcf7_posted_data_hash\" value=\"\" \/>\n<\/div>\n<div class='custom_contact_style'>\n\t<div class=\"row row-small\">\n\t\t<div class=\"col medium-6 small-12 large-6\">\n\t\t\t<div class=\"col-inner\">\n\t\t\t\t<p><span class=\"wpcf7-form-control-wrap\" data-name=\"your-name\"><input size=\"40\" maxlength=\"80\" class=\"wpcf7-form-control wpcf7-text wpcf7-validates-as-required\" aria-required=\"true\" aria-invalid=\"false\" placeholder=\"V\u0101rds*\" value=\"\" type=\"text\" name=\"your-name\" \/><\/span>\n\t\t\t\t<\/p>\n\t\t\t<\/div>\n\t\t<\/div>\n\t\t<div class=\"col medium-6 small-12 large-6\">\n\t\t\t<div class=\"col-inner\">\n\t\t\t\t<p><span class=\"wpcf7-form-control-wrap\" data-name=\"your-email\"><input size=\"40\" maxlength=\"80\" class=\"wpcf7-form-control wpcf7-email wpcf7-validates-as-required wpcf7-text wpcf7-validates-as-email\" aria-required=\"true\" aria-invalid=\"false\" placeholder=\"E-pasts*\" value=\"\" type=\"email\" name=\"your-email\" \/><\/span>\n\t\t\t\t<\/p>\n\t\t\t<\/div>\n\t\t<\/div>\n\t<\/div>\n\t<div class='cus_contact_form_bottom'>\n\t\t<p><span class=\"wpcf7-form-control-wrap\" data-name=\"your-phone\"><input size=\"40\" maxlength=\"80\" class=\"wpcf7-form-control wpcf7-text\" aria-invalid=\"false\" placeholder=\"T\u0101lrunis\" value=\"\" type=\"text\" name=\"your-phone\" \/><\/span>\n\t\t<\/p>\n\t<\/div>\n\t<div class='cus_contact_form_bottom'>\n\t\t<p><span class=\"wpcf7-form-control-wrap\" data-name=\"your-country\"><input size=\"40\" maxlength=\"80\" class=\"wpcf7-form-control wpcf7-text\" aria-invalid=\"false\" placeholder=\"Valsts\" value=\"\" type=\"text\" name=\"your-country\" \/><\/span>\n\t\t<\/p>\n\t<\/div>\n\t<p><span class=\"wpcf7-form-control-wrap\" data-name=\"your-message\"><textarea cols=\"40\" rows=\"10\" maxlength=\"400\" class=\"wpcf7-form-control wpcf7-textarea wpcf7-validates-as-required\" aria-required=\"true\" aria-invalid=\"false\" placeholder=\"J\u016bsu zi\u0146a *\" name=\"your-message\"><\/textarea><\/span>\n\t<\/p>\n\t<div style=\"margin-bottom:10px;\">\n\t\t<p><span class=\"wpcf7-form-control-wrap kc_captcha cf7ic-toggle\" data-name=\"kc_captcha\"><span class=\"wpcf7-form-control wpcf7-radio\"><span class=\"captcha-image\" style=\"display: none;\"><span class=\"cf7ic_instructions\">L\u016bdzu, pier\u0101diet, ka esat cilv\u0113ks, izv\u0113loties<span> koks<\/span>.<\/span><label><input aria-label=\"1\" type=\"radio\" name=\"kc_captcha\" value=\"bot\" \/><svg aria-hidden=\"true\" role=\"img\" xmlns=\"http:\/\/www.w3.org\/2000\/svg\" viewbox=\"0 0 512 512\"><path fill=\"currentColor\" d=\"M500 168h-55l-8-21a127 127 0 00-120-83H195a127 127 0 00-120 83l-8 21H12c-8 0-14 8-11 16l8 24a12 12 0 0011 8h29a64 64 0 00-33 56v48c0 16 6 31 16 42v62c0 13 11 24 24 24h48c13 0 24-11 24-24v-40h256v40c0 13 11 24 24 24h48c13 0 24-11 24-24v-62c10-11 16-26 16-42v-48c0-24-13-45-33-56h29a12 12 0 0011-8l8-24c3-8-3-16-11-16zm-365 2c9-25 33-42 60-42h122c27 0 51 17 60 42l15 38H120l15-38zM88 328a32 32 0 010-64c18 0 48 30 48 48s-30 16-48 16zm336 0c-18 0-48 2-48-16s30-48 48-48 32 14 32 32-14 32-32 32z\"\/><\/svg><\/label><label><input aria-label=\"2\" type=\"radio\" name=\"kc_captcha\" value=\"bot\" \/><svg aria-hidden=\"true\" role=\"img\" xmlns=\"http:\/\/www.w3.org\/2000\/svg\" viewbox=\"0 0 640 512\"><path fill=\"currentColor\" d=\"M624 352h-16V244c0-13-5-25-14-34L494 110c-9-9-21-14-34-14h-44V48c0-26-21-48-48-48H48C22 0 0 22 0 48v320c0 27 22 48 48 48h16a96 96 0 00192 0h128a96 96 0 00192 0h48c9 0 16-7 16-16v-32c0-9-7-16-16-16zM160 464a48 48 0 110-96 48 48 0 010 96zm320 0a48 48 0 110-96 48 48 0 010 96zm80-208H416V144h44l100 100v12z\"\/><\/svg><\/label><label><input aria-label=\"3\" type=\"radio\" name=\"kc_captcha\" value=\"kc_human\" \/><svg aria-hidden=\"true\" role=\"img\" xmlns=\"http:\/\/www.w3.org\/2000\/svg\" viewbox=\"0 0 384 512\"><path fill=\"currentColor\" d=\"M377 375l-83-87h34c21 0 32-25 17-40l-82-88h33c21 0 32-25 18-40L210 8c-10-11-26-11-36 0L70 120c-14 15-3 40 18 40h33l-82 88c-15 15-4 40 17 40h34L7 375c-15 16-4 41 17 41h120c0 33-11 49-34 68-12 9-5 28 10 28h144c15 0 22-19 10-28-20-16-34-32-34-68h120c21 0 32-25 17-41z\"\/><\/svg><\/label>\r\n    <\/span>\r\n    <span style=\"display:none\">\r\n        <input type=\"text\" name=\"kc_honeypot\">\r\n    <\/span><\/span><\/span>\n\t\t<\/p>\n\t<\/div>\n\t<p><input class=\"wpcf7-form-control wpcf7-submit has-spinner\" type=\"submit\" value=\"S\u016bt\u012bt zi\u0146u\" \/>\n\t<\/p>\n<\/div><div class=\"wpcf7-response-output\" aria-hidden=\"true\"><\/div>\n<input type=\"hidden\" name=\"trp-form-language\" value=\"lv\"\/><\/form>\n<\/div>\n\n\t\t<\/div>\n\t\t\t\t\t<\/div>\n\n\t\n<\/div>\n\t\t<\/div>\n\n\t\t\n<style>\n#section_1564680916 {\n  padding-top: 30px;\n  padding-bottom: 30px;\n}\n<\/style>\n\t<\/section>","protected":false},"excerpt":{"rendered":"","protected":false},"author":1,"featured_media":0,"parent":0,"menu_order":0,"comment_status":"closed","ping_status":"closed","template":"page-blank.php","meta":{"footnotes":""},"_links":{"self":[{"href":"https:\/\/backlightmfg.com\/lv\/wp-json\/wp\/v2\/pages\/2011"}],"collection":[{"href":"https:\/\/backlightmfg.com\/lv\/wp-json\/wp\/v2\/pages"}],"about":[{"href":"https:\/\/backlightmfg.com\/lv\/wp-json\/wp\/v2\/types\/page"}],"author":[{"embeddable":true,"href":"https:\/\/backlightmfg.com\/lv\/wp-json\/wp\/v2\/users\/1"}],"replies":[{"embeddable":true,"href":"https:\/\/backlightmfg.com\/lv\/wp-json\/wp\/v2\/comments?post=2011"}],"version-history":[{"count":20,"href":"https:\/\/backlightmfg.com\/lv\/wp-json\/wp\/v2\/pages\/2011\/revisions"}],"predecessor-version":[{"id":2047,"href":"https:\/\/backlightmfg.com\/lv\/wp-json\/wp\/v2\/pages\/2011\/revisions\/2047"}],"wp:attachment":[{"href":"https:\/\/backlightmfg.com\/lv\/wp-json\/wp\/v2\/media?parent=2011"}],"curies":[{"name":"wp","href":"https:\/\/api.w.org\/{rel}","templated":true}]}}