{"id":1790,"date":"2024-08-03T02:08:10","date_gmt":"2024-08-03T02:08:10","guid":{"rendered":"https:\/\/backlightmfg.com\/?post_type=product&#038;p=1790"},"modified":"2025-07-14T08:33:49","modified_gmt":"2025-07-14T08:33:49","slug":"lgp-backlight","status":"publish","type":"product","link":"https:\/\/backlightmfg.com\/lt\/lgp-backlight\/","title":{"rendered":"LGP foninis ap\u0161vietimas"},"content":{"rendered":"<h3><strong><span class=\"Y2IQFc\" lang=\"en\">LGP mikrostrukt\u016bros technologija (aplinkos apsauga) \uff1a<\/span><\/strong><\/h3>\n<p>Per\u0117jimas nuo originalaus spausdinimo proceso prie kar\u0161to spaudimo proceso, automatizuota gamyba, didel\u0117 i\u0161eiga ir puikus vizualinis efektas.Jis apima mikrostrukt\u016bros LGP ir ra\u0161alo spausdinimo LGP.<\/p>\n<h4><b>Kas yra mikrostrukt\u016bra?<\/b><\/h4>\n<ul>\n<li>Jei LGP modelio dydis, kur\u012f galima kontroliuoti, yra ma\u017eesnis nei 100 um. J\u012f galime vadinti mikrostrukt\u016bra.<\/li>\n<\/ul>\n<h4><strong>Spausdinimas ra\u0161alu<\/strong><\/h4>\n<ul>\n<li>Modelio dydis - 0,4 mm (ma\u017eiausias skersmuo).<\/li>\n<\/ul>\n<h4 class=\"tw-data-text tw-text-large tw-ta\" dir=\"ltr\" data-placeholder=\"Translation\" aria-label=\"I\u0161verstas tekstas\" data-ved=\"2ahUKEwii-OPw3deHAxXnha8BHe_AMVoQ3ewLegQIDRAU\"><strong><span class=\"Y2IQFc\" lang=\"en\">\u0160viesos kreipian\u010diojo modulio -<\/span><span class=\"Y2IQFc\" lang=\"en\">Retinimas<\/span><\/strong><\/h4>\n<ul>\n<li>Bendras \u0161viesos kreipian\u010diojo modulio storis yra 0,8 ~ 2 mm. Pagal kliento poreikius \u0161vieslent\u0117 gali b\u016bti pagaminta i\u0161 mink\u0161tos plok\u0161t\u0117s (FPC) arba kietos plok\u0161t\u0117s (PCB).<\/li>\n<\/ul>\n<h4 class=\"tw-data-text tw-text-large tw-ta\" dir=\"ltr\" data-placeholder=\"Translation\" aria-label=\"I\u0161verstas tekstas\" data-ved=\"2ahUKEwii-OPw3deHAxXnha8BHe_AMVoQ3ewLegQIDRAU\"><strong><span class=\"Y2IQFc\" lang=\"en\">\u0160viesos kreipian\u010diojo modulio -<\/span><span class=\"Y2IQFc\" lang=\"en\">Lankstumas<\/span><\/strong><\/h4>\n<ul>\n<li>Jo mink\u0161tos plok\u0161t\u0117s plonas \u0161viesos kreipian\u010diojo modulis pasi\u017eymi geru lankstumu, o stori klijai gali b\u016bti naudojami, kad atitikt\u0173 gaminio i\u0161vaizd\u0105.<\/li>\n<\/ul>\n<h4 id=\"tw-target-text\" class=\"tw-data-text tw-text-large tw-ta\" dir=\"ltr\" data-placeholder=\"Translation\" aria-label=\"I\u0161verstas tekstas\" data-ved=\"2ahUKEwii-OPw3deHAxXnha8BHe_AMVoQ3ewLegQIDRAU\"><strong><span class=\"Y2IQFc\" lang=\"en\">\u0160viesos kreipian\u010diojo modulio pritaikymas<\/span><\/strong><\/h4>\n<ul>\n<li id=\"tw-target-text\" class=\"tw-data-text tw-text-large tw-ta\" dir=\"ltr\" data-placeholder=\"Translation\" aria-label=\"I\u0161verstas tekstas\" data-ved=\"2ahUKEwii-OPw3deHAxXnha8BHe_AMVoQ3ewLegQIDRAU\"><span class=\"Y2IQFc\" lang=\"en\">Pagal skirtingus klient\u0173 poreikius galima sukurti skirtingus \u0161viesos kreipian\u010diuosius modulius, kad b\u016bt\u0173 pasiektas klient\u0173 pageidaujamas poveikis.<\/span><\/li>\n<\/ul>\n<div id=\"KnM9nf\" class=\"PZPZlf\" data-attrid=\"tw-sourceArea\" data-entityname=\"Google Translate\">\n<div id=\"tw-source\">\n<div id=\"tw-source-rmn-container\" class=\"tw-ta-container F0azHf tw-nfl\">\n<h3 id=\"tw-source-rmn\" class=\"tw-data-text tw-text-small tw-ta\" dir=\"ltr\"><strong>Parai\u0161ka<\/strong><\/h3>\n<ul>\n<li>\u012eprastas tipas - po guma<\/li>\n<li>Tarp rakto ir gumos<\/li>\n<li>Bendras liejimas<\/li>\n<\/ul>\n<\/div>\n<\/div>\n<\/div>","protected":false},"excerpt":{"rendered":"<p id=\"tw-target-text\" class=\"tw-data-text tw-text-large tw-ta\" dir=\"ltr\" data-placeholder=\"Translation\" aria-label=\"I\u0161verstas tekstas\" data-ved=\"2ahUKEwii-OPw3deHAxXnha8BHe_AMVoQ3ewLegQIDRAU\"><span class=\"Y2IQFc\" lang=\"en\">LED fotoelektriniai \u0161viesos kreipimo moduliai naudojami i\u0161maniuosiuose miestuose, i\u0161maniosiose transporto priemon\u0117se, i\u0161maniuosiuose buitiniuose prietaisuose ir elektroninio sporto periferiniuose \u012frenginiuose. \u0160viesos kreipian\u010di\u0173j\u0173 moduli\u0173 ateities vystymosi tendencijos<\/span><\/p>\n<ul>\n<li><span class=\"Y2IQFc\" lang=\"en\">LGP mikrostrukt\u016bros technologija (aplinkos apsauga)<br \/>\n<\/span><\/li>\n<li><span class=\"Y2IQFc\" lang=\"en\">Retinimas<br \/>\n<\/span><\/li>\n<li><span class=\"Y2IQFc\" lang=\"en\">Lankstumas<br \/>\n<\/span><\/li>\n<li><span class=\"Y2IQFc\" lang=\"en\">RGB \u0161viesos kreipian\u010diojo modulis<br \/>\n<\/span><\/li>\n<li><span class=\"Y2IQFc\" lang=\"en\">Programuojama RGB \u0161viesos juosta<br \/>\n<\/span><\/li>\n<li><span class=\"Y2IQFc\" lang=\"en\">Fiksuotas RGB \u0161viesos juostel\u0117s keitimas<\/span><\/li>\n<\/ul>","protected":false},"featured_media":1791,"comment_status":"open","ping_status":"closed","template":"","meta":[],"product_cat":[15],"product_tag":[],"_links":{"self":[{"href":"https:\/\/backlightmfg.com\/lt\/wp-json\/wp\/v2\/product\/1790"}],"collection":[{"href":"https:\/\/backlightmfg.com\/lt\/wp-json\/wp\/v2\/product"}],"about":[{"href":"https:\/\/backlightmfg.com\/lt\/wp-json\/wp\/v2\/types\/product"}],"replies":[{"embeddable":true,"href":"https:\/\/backlightmfg.com\/lt\/wp-json\/wp\/v2\/comments?post=1790"}],"wp:featuredmedia":[{"embeddable":true,"href":"https:\/\/backlightmfg.com\/lt\/wp-json\/wp\/v2\/media\/1791"}],"wp:attachment":[{"href":"https:\/\/backlightmfg.com\/lt\/wp-json\/wp\/v2\/media?parent=1790"}],"wp:term":[{"taxonomy":"product_cat","embeddable":true,"href":"https:\/\/backlightmfg.com\/lt\/wp-json\/wp\/v2\/product_cat?post=1790"},{"taxonomy":"product_tag","embeddable":true,"href":"https:\/\/backlightmfg.com\/lt\/wp-json\/wp\/v2\/product_tag?post=1790"}],"curies":[{"name":"wp","href":"https:\/\/api.w.org\/{rel}","templated":true}]}}