{"id":1555,"date":"2024-07-08T08:09:39","date_gmt":"2024-07-08T08:09:39","guid":{"rendered":"https:\/\/backlightmfg.com\/manufacturer\/phone-backlight\/"},"modified":"2024-09-15T06:29:44","modified_gmt":"2024-09-15T06:29:44","slug":"phone-backlight","status":"publish","type":"product","link":"https:\/\/backlightmfg.com\/lt\/phone-backlight\/","title":{"rendered":"Telefono foninis ap\u0161vietimas"},"content":{"rendered":"<p>Telefono foninis ap\u0161vietimas yra esminis komponentas, leid\u017eiantis ai\u0161kiai matyti turin\u012f telefono ekrane net ir esant prastam ap\u0161vietimui. Tai nematomas herojus, slypintis u\u017e ry\u0161kaus ekrano, su kuriuo kasdien bendraujate. \u0160tai telefon\u0173 foninio ap\u0161vietimo skirstymas:<\/p>\n<h3><strong>Telefono foninio ap\u0161vietimo technologija:<\/strong><\/h3>\n<p>\u0160iuolaikiniuose i\u0161maniuosiuose telefonuose daugiausia naudojamas LED foninis ap\u0161vietimas, pakeit\u0119s senesnes technologijas, pavyzd\u017eiui, liuminescencines lempas. \u0160viesos diodai turi daug privalum\u0173:<\/p>\n<ul>\n<li><strong>Energijos vartojimo efektyvumas:<\/strong>\u0160viesos diodai sunaudoja gerokai ma\u017eiau energijos nei tradiciniai foniniai ap\u0161vietimai, tod\u0117l pailg\u0117ja akumuliatoriaus veikimo laikas ir suma\u017e\u0117ja poveikis aplinkai.<\/li>\n<li><strong>Vienodas ap\u0161vietimas:<\/strong>LED foninis ap\u0161vietimas tolygiai paskirsto \u0161vies\u0105 visame ekrane, suma\u017eindamas atspind\u017eius ir kar\u0161tus ta\u0161kus, kad b\u016bt\u0173 patogu \u017ei\u016br\u0117ti.<\/li>\n<li><strong>Reguliuojamas ry\u0161kumas:<\/strong>Galite reguliuoti foninio ap\u0161vietimo intensyvum\u0105, kad jis atitikt\u0173 j\u016bs\u0173 poreikius ir aplinkos ap\u0161vietimo s\u0105lygas, taip dar labiau optimizuodami akumuliatoriaus veikimo laik\u0105 ir aki\u0173 komfort\u0105.<\/li>\n<\/ul>\n<h3><strong>Privalumai:<\/strong><\/h3>\n<ul>\n<li><strong>Ai\u0161kumas :<\/strong>Foninis ap\u0161vietimas u\u017etikrina ai\u0161k\u0173 teksto, vaizd\u0173 ir vaizdo \u012fra\u0161\u0173 matomum\u0105 telefono ekrane.<\/li>\n<li><strong>Pritaikomumas:<\/strong>Reguliuojamas ry\u0161kumas leid\u017eia asmeni\u0161kai pritaikyti \u017ei\u016br\u0117jimo patirt\u012f, nesvarbu, ar norite ry\u0161kaus ekrano lauke, ar \u0161velnesnio \u0161vyt\u0117jimo nakt\u012f.<\/li>\n<li><strong>Naktinio skaitymo re\u017eimas:<\/strong>Kai kuriuose telefonuose si\u016blomas naktinio skaitymo re\u017eimas, kuriuo reguliuojama foninio ap\u0161vietimo spalvin\u0117 temperat\u016bra, kad skaitydami nakt\u012f ma\u017eiau vargintum\u0117te akis.<\/li>\n<\/ul>\n<h3><strong>Svarstymai:<\/strong><\/h3>\n<ul>\n<li><strong>Baterijos veikimo laikas:<\/strong>Foninio ap\u0161vietimo ry\u0161kumas daro didel\u0119 \u012ftak\u0105 akumuliatoriaus veikimo trukmei. Suma\u017einus ry\u0161kum\u0105 galima pastebimai pailginti akumuliatoriaus veikimo laik\u0105 vienu \u012fkrovimu.<\/li>\n<li><strong>Aki\u0173 \u012ftempimas:<\/strong>Nuolatinis \u017ei\u016br\u0117jimas \u012f ry\u0161kius ekranus gali sukelti aki\u0173 \u012ftamp\u0105. Tai suma\u017einti gali pad\u0117ti ry\u0161kumo reguliavimas ir naktinio skaitymo re\u017eimo naudojimas.<\/li>\n<li><strong>Ekrano technologija:<\/strong>Foninio ap\u0161vietimo veikimas s\u0105veikauja su telefono ekrano technologija (pvz., LCD, OLED). Pavyzd\u017eiui, OLED ekranai gali b\u016bti kontrastingesni d\u0117l savaiminio ap\u0161vietimo.<\/li>\n<\/ul>","protected":false},"excerpt":{"rendered":"<p>Telefono foninis ap\u0161vietimas yra labai svarbus komponentas, kuris atlieka svarb\u0173 vaidmen\u012f naudotojo patir\u010diai. Energijos vartojimo efektyvumas, reguliuojamas ry\u0161kumas ir geb\u0117jimas u\u017etikrinti ai\u0161k\u0173 vaizd\u0105 lemia, kad tai yra esmin\u0117 m\u016bs\u0173 mobili\u0173j\u0173 prietais\u0173 technologija. Nuolat tobul\u0117jant ekran\u0173 technologijoms ir foninio ap\u0161vietimo dizainui, galime tik\u0117tis dar efektyvesni\u0173 ir patogesni\u0173 naudotojui foninio ap\u0161vietimo sprendim\u0173 b\u016bsimuose i\u0161maniuosiuose telefonuose.<\/p>","protected":false},"featured_media":1545,"comment_status":"closed","ping_status":"closed","template":"","meta":[],"product_cat":[15],"product_tag":[],"_links":{"self":[{"href":"https:\/\/backlightmfg.com\/lt\/wp-json\/wp\/v2\/product\/1555"}],"collection":[{"href":"https:\/\/backlightmfg.com\/lt\/wp-json\/wp\/v2\/product"}],"about":[{"href":"https:\/\/backlightmfg.com\/lt\/wp-json\/wp\/v2\/types\/product"}],"replies":[{"embeddable":true,"href":"https:\/\/backlightmfg.com\/lt\/wp-json\/wp\/v2\/comments?post=1555"}],"wp:featuredmedia":[{"embeddable":true,"href":"https:\/\/backlightmfg.com\/lt\/wp-json\/wp\/v2\/media\/1545"}],"wp:attachment":[{"href":"https:\/\/backlightmfg.com\/lt\/wp-json\/wp\/v2\/media?parent=1555"}],"wp:term":[{"taxonomy":"product_cat","embeddable":true,"href":"https:\/\/backlightmfg.com\/lt\/wp-json\/wp\/v2\/product_cat?post=1555"},{"taxonomy":"product_tag","embeddable":true,"href":"https:\/\/backlightmfg.com\/lt\/wp-json\/wp\/v2\/product_tag?post=1555"}],"curies":[{"name":"wp","href":"https:\/\/api.w.org\/{rel}","templated":true}]}}