{"id":1553,"date":"2024-07-08T08:09:39","date_gmt":"2024-07-08T08:09:39","guid":{"rendered":"https:\/\/backlightmfg.com\/manufacturer\/film-backlighting\/"},"modified":"2024-09-15T06:29:45","modified_gmt":"2024-09-15T06:29:45","slug":"film-backlighting","status":"publish","type":"product","link":"https:\/\/backlightmfg.com\/lt\/film-backlighting\/","title":{"rendered":"Pl\u0117vel\u0117s foninis ap\u0161vietimas"},"content":{"rendered":"<p>Pl\u0117veliniai foniniai ap\u0161vietimai, dar vadinami \u0161vies\u0105 kreipian\u010diomis pl\u0117vel\u0117mis (LGF), tapo svarbia ap\u0161vietimo technologija, kuri, palyginti su tradiciniais foninio ap\u0161vietimo b\u016bdais, turi daug privalum\u0173. \u0160ios plonos, lanks\u010dios pl\u0117vel\u0117s gaminamos i\u0161 aplinkai nekenksming\u0173 med\u017eiag\u0173, pavyzd\u017eiui, polietileno tereftalato (PET), ir pla\u010diai naudojamos \u012fvairiose srityse, ypa\u010d elektroniniuose prietaisuose.<\/p>\n<h3><strong>Pagrindin\u0117s plonasluoksni\u0173 fonini\u0173 \u017eibint\u0173 charakteristikos:<\/strong><\/h3>\n<ul>\n<li><strong style=\"color: #555555; font-size: 14.4px;\">Draugi\u0161kumas aplinkai:<\/strong><span style=\"color: #555555; font-size: 14.4px;\">\u00a0Jie pagaminti i\u0161 perdirbam\u0173 med\u017eiag\u0173, tod\u0117l j\u0173 poveikis aplinkai yra kuo ma\u017eesnis.<\/span><\/li>\n<li><strong style=\"color: #555555; font-size: 14.4px;\">Vienodas ap\u0161vietimas:<\/strong><span style=\"color: #555555; font-size: 14.4px;\">\u00a0Jie u\u017etikrina vienod\u0105 ir tolyg\u0173 \u0161viesos paskirstym\u0105 visame pavir\u0161iuje, tod\u0117l nebelieka akinimo ir kar\u0161t\u0173 ta\u0161k\u0173.<\/span><\/li>\n<li><strong style=\"color: #555555; font-size: 14.4px;\">Energijos vartojimo efektyvumas:<\/strong><span style=\"color: #555555; font-size: 14.4px;\">\u00a0Sunaudojama gerokai ma\u017eiau energijos, palyginti su tradiciniais foninio ap\u0161vietimo b\u016bdais, tod\u0117l suma\u017e\u0117ja eksploatavimo i\u0161laidos ir poveikis aplinkai.<\/span><\/li>\n<li><strong style=\"color: #555555; font-size: 14.4px;\">Plonas ir lengvas:<\/strong><span style=\"color: #555555; font-size: 14.4px;\">\u00a0D\u0117l savo plonumo ir lengvumo jie idealiai tinka montuoti \u012f kompakti\u0161kus elektroninius prietaisus.<\/span><\/li>\n<li><strong style=\"color: #555555; font-size: 14.4px;\">Dizaino lankstumas:<\/strong><span style=\"color: #555555; font-size: 14.4px;\">\u00a0Juos galima lengvai formuoti ir pritaikyti pagal \u012fvairius dizaino reikalavimus.<\/span><\/li>\n<li><strong style=\"color: #555555; font-size: 14.4px;\">Ekonominis efektyvumas:<\/strong><span style=\"color: #555555; font-size: 14.4px;\">\u00a0Tai ekonomi\u0161kas sprendimas foninio ap\u0161vietimo srityje.<\/span><\/li>\n<\/ul>\n<h3><strong style=\"font-size: 23.04px;\">Plonasluoksni\u0173 fonini\u0173 ap\u0161vietim\u0173 taikymas:<\/strong><\/h3>\n<ul>\n<li><strong style=\"color: #555555; font-size: 14.4px;\">LCD ekranai:<\/strong><span style=\"color: #555555; font-size: 14.4px;\">\u00a0Jie pla\u010diai naudojami i\u0161mani\u0173j\u0173 telefon\u0173, plan\u0161etini\u0173 kompiuteri\u0173, ne\u0161iojam\u0173j\u0173 kompiuteri\u0173 ir televizori\u0173 LCD ekranuose.<\/span><\/li>\n<li><strong style=\"color: #555555; font-size: 14.4px;\">Klaviat\u016bros su ap\u0161vietimu:<\/strong><span style=\"color: #555555; font-size: 14.4px;\">\u00a0Jie ap\u0161vie\u010dia klaviat\u016bras ir pagerina matomum\u0105 prasto ap\u0161vietimo s\u0105lygomis.<\/span><\/li>\n<li><strong style=\"color: #555555; font-size: 14.4px;\">Valdymo skydai:<\/strong><span style=\"color: #555555; font-size: 14.4px;\">\u00a0Plonasluoksniai foniniai ap\u0161vietimai naudojami prietais\u0173, pramonini\u0173 ma\u0161in\u0173 ir medicinos \u012frangos valdymo skydeliuose.<\/span><\/li>\n<li><strong style=\"color: #555555; font-size: 14.4px;\">\u017denklinimas ir reklama:<\/strong><span style=\"color: #555555; font-size: 14.4px;\">\u00a0Jie naudojami ap\u0161viestuose \u017eenkluose ir reklamose, kuriant ak\u012f traukian\u010dius ekranus.<\/span><\/li>\n<li><strong style=\"color: #555555; font-size: 14.4px;\">Dekoratyvinis ap\u0161vietimas:<\/strong><span style=\"color: #555555; font-size: 14.4px;\">\u00a0Jie \u012fmontuojami \u012f dekoratyvinius \u0161viestuvus, suteikian\u010dius atmosfer\u0105 ir vizualinius akcentus.<\/span><\/li>\n<\/ul>\n<p><span style=\"font-size: 150%;\"><strong>Plonasluoksni\u0173 fonini\u0173 \u017eibint\u0173 privalumai:<\/strong><\/span><\/p>\n<ul>\n<li><strong style=\"color: #555555; font-size: 14.4px;\">Geresnis vizualinis komfortas:<\/strong><span style=\"color: #555555; font-size: 14.4px;\">\u00a0Tolygus ap\u0161vietimas ma\u017eina aki\u0173 \u012ftamp\u0105 ir didina reg\u0117jimo komfort\u0105.<\/span><\/li>\n<li><strong style=\"color: #555555; font-size: 14.4px;\">Patobulinta gaminio estetika:<\/strong><span style=\"color: #555555; font-size: 14.4px;\">\u00a0Plonasluoksniai foniniai ap\u0161vietimai suteikia elektroniniams prietaisams elegancijos ir rafinuotumo.<\/span><\/li>\n<li><strong style=\"color: #555555; font-size: 14.4px;\">Dizaino laisv\u0117:<\/strong><span style=\"color: #555555; font-size: 14.4px;\">\u00a0J\u0173 lankstumas leid\u017eia k\u016brybi\u0161kai kurti ap\u0161vietimo dizain\u0105 ir integruoti \u012f \u012fvairius gaminius.<\/span><\/li>\n<li><strong style=\"color: #555555; font-size: 14.4px;\">Energijos taupymas:<\/strong><span style=\"color: #555555; font-size: 14.4px;\">\u00a0Energijos vartojimo efektyvumas rei\u0161kia ma\u017eesnes eksploatavimo i\u0161laidas ir ma\u017eesn\u012f poveik\u012f aplinkai.<\/span><\/li>\n<li><strong style=\"color: #555555; font-size: 14.4px;\">Ekonominis efektyvumas:<\/strong><span style=\"color: #555555; font-size: 14.4px;\">\u00a0Jie yra ekonomi\u0161kai konkurencingas sprendimas foninio ap\u0161vietimo srityje.<\/span><\/li>\n<\/ul>","protected":false},"excerpt":{"rendered":"<p>Pl\u0117vel\u0117s foninis ap\u0161vietimas suk\u0117l\u0117 revoliucij\u0105 ap\u0161vietimo technologijoje ir tapo prana\u0161esne alternatyva tradiciniams foninio ap\u0161vietimo metodams. D\u0117l ekologi\u0161kumo, tolygaus ap\u0161vietimo, energijos vartojimo efektyvumo, plono dizaino ir ekonomi\u0161kumo jie yra universalus ir ie\u0161komas sprendimas \u012fvairiose srityse. Tikimasi, kad tobul\u0117jant technologijoms plonasluoksniai foniniai ap\u0161vietimai ir toliau vystysis, ateityje si\u016blydami dar inovatyvesnius ir efektyvesnius ap\u0161vietimo sprendimus.<\/p>","protected":false},"featured_media":1540,"comment_status":"closed","ping_status":"closed","template":"","meta":[],"product_cat":[15],"product_tag":[],"_links":{"self":[{"href":"https:\/\/backlightmfg.com\/lt\/wp-json\/wp\/v2\/product\/1553"}],"collection":[{"href":"https:\/\/backlightmfg.com\/lt\/wp-json\/wp\/v2\/product"}],"about":[{"href":"https:\/\/backlightmfg.com\/lt\/wp-json\/wp\/v2\/types\/product"}],"replies":[{"embeddable":true,"href":"https:\/\/backlightmfg.com\/lt\/wp-json\/wp\/v2\/comments?post=1553"}],"wp:featuredmedia":[{"embeddable":true,"href":"https:\/\/backlightmfg.com\/lt\/wp-json\/wp\/v2\/media\/1540"}],"wp:attachment":[{"href":"https:\/\/backlightmfg.com\/lt\/wp-json\/wp\/v2\/media?parent=1553"}],"wp:term":[{"taxonomy":"product_cat","embeddable":true,"href":"https:\/\/backlightmfg.com\/lt\/wp-json\/wp\/v2\/product_cat?post=1553"},{"taxonomy":"product_tag","embeddable":true,"href":"https:\/\/backlightmfg.com\/lt\/wp-json\/wp\/v2\/product_tag?post=1553"}],"curies":[{"name":"wp","href":"https:\/\/api.w.org\/{rel}","templated":true}]}}