{"id":1551,"date":"2024-07-08T08:09:39","date_gmt":"2024-07-08T08:09:39","guid":{"rendered":"https:\/\/backlightmfg.com\/manufacturer\/led-backlighting\/"},"modified":"2024-09-15T06:29:47","modified_gmt":"2024-09-15T06:29:47","slug":"led-backlighting","status":"publish","type":"product","link":"https:\/\/backlightmfg.com\/lt\/led-backlighting\/","title":{"rendered":"LED foninis ap\u0161vietimas"},"content":{"rendered":"<p>\u0160iuolaikin\u0117je ekran\u0173 technologijoje dominuojan\u010diame LED foniniame ap\u0161vietime kaip \u0161viesos \u0161altinis naudojami \u0161viesos diodai (LED), kuriais ekranai ap\u0161vie\u010diami i\u0161 galo. \u0160i technologija suk\u0117l\u0117 revoliucij\u0105 foninio ap\u0161vietimo srityje, nes, palyginti su tradiciniais metodais, turi dideli\u0173 privalum\u0173.<\/p>\n<h3><strong>Pagrindiniai LED foninio ap\u0161vietimo privalumai:<\/strong><\/h3>\n<ul>\n<li><strong style=\"color: #555555; font-size: 14.4px;\">Energijos vartojimo efektyvumas:<\/strong><span style=\"color: #555555; font-size: 14.4px;\">\u00a0Palyginti su tradiciniais foniniais ap\u0161vietimais, pavyzd\u017eiui, liuminescencin\u0117mis lempomis, \u0161viesos diodai sunaudoja gerokai ma\u017eiau energijos, tod\u0117l ma\u017e\u0117ja s\u0105skaitos u\u017e energij\u0105 ir poveikis aplinkai.<\/span><\/li>\n<li><strong style=\"color: #555555; font-size: 14.4px;\">Vienodas ap\u0161vietimas:<\/strong><span style=\"color: #555555; font-size: 14.4px;\">\u00a0LED foninis ap\u0161vietimas u\u017etikrina tolygesn\u012f ir nuoseklesn\u012f \u0161viesos pasiskirstym\u0105 visame ekrane, tod\u0117l suma\u017e\u0117ja atspind\u017ei\u0173 ir kar\u0161t\u0173j\u0173 ta\u0161k\u0173. Tai rei\u0161kia patogesn\u012f ir vizualiai malonesn\u012f \u017ei\u016br\u0117jim\u0105.<\/span><\/li>\n<li><strong style=\"color: #555555; font-size: 14.4px;\">Plonas ir lengvas dizainas:<\/strong><span style=\"color: #555555; font-size: 14.4px;\">\u00a0\u0160viesos diodai yra kompakti\u0161ki ir lengvi, tod\u0117l galima kurti plonesnius ir lengvesnius elektroninius prietaisus.<\/span><\/li>\n<li><strong style=\"color: #555555; font-size: 14.4px;\">Reguliuojamas ry\u0161kumas:<\/strong><span style=\"color: #555555; font-size: 14.4px;\">\u00a0LED foninis ap\u0161vietimas leid\u017eia dinami\u0161kai reguliuoti ry\u0161kum\u0105 pagal aplinkos ap\u0161vietim\u0105 ir rodom\u0105 turin\u012f, taip dar labiau padidinant energijos vartojimo efektyvum\u0105 ir naudotojo komfort\u0105.<\/span><\/li>\n<li><strong style=\"color: #555555; font-size: 14.4px;\">Spalv\u0173 gama ir gyvybingumas:<\/strong><span style=\"color: #555555; font-size: 14.4px;\">\u00a0\u0160viesos diodus galima pritaikyti taip, kad jie sukurt\u0173 platesn\u012f spalv\u0173 spektr\u0105, palyginti su tradiciniais foniniais ap\u0161vietimais, tod\u0117l ekran\u0173 vaizdas tampa ry\u0161kesnis ir tikrovi\u0161kesnis.<\/span><\/li>\n<li><strong style=\"color: #555555; font-size: 14.4px;\">ilgesnis ilgaam\u017ei\u0161kumas:<\/strong><span style=\"color: #555555; font-size: 14.4px;\">\u00a0\u0160viesos diodai pasi\u017eymi gerokai ilgesniu tarnavimo laiku, palyginti su \u012fprastiniais foniniais ap\u0161vietimais, tod\u0117l yra ekonomi\u0161kesnis ir ilgaam\u017ei\u0161kesnis sprendimas.<\/span><\/li>\n<\/ul>\n<h3><strong style=\"font-size: 23.04px;\">LED foninio ap\u0161vietimo taikymas:<\/strong><\/h3>\n<ul>\n<li><strong style=\"color: #555555; font-size: 14.4px;\">LCD ekranai:<\/strong><span style=\"color: #555555; font-size: 14.4px;\">\u00a0LED foninis ap\u0161vietimas yra pla\u010diai paplit\u0119s televizori\u0173, ne\u0161iojam\u0173j\u0173 kompiuteri\u0173, plan\u0161etini\u0173 kompiuteri\u0173, i\u0161mani\u0173j\u0173 telefon\u0173 ir kompiuteri\u0173 monitori\u0173 LCD ekranuose.<\/span><\/li>\n<li><strong style=\"color: #555555; font-size: 14.4px;\">Skaitmenin\u0117s i\u0161kabos:<\/strong><span style=\"color: #555555; font-size: 14.4px;\">\u00a0LED ap\u0161vietimas ap\u0161vie\u010dia skaitmenini\u0173 i\u0161kab\u0173 ekranus ir sukuria ak\u012f traukian\u010dius reklamos ir informacijos sklaidos vaizdus.<\/span><\/li>\n<li><strong style=\"color: #555555; font-size: 14.4px;\">Automobili\u0173 ekranai:<\/strong><span style=\"color: #555555; font-size: 14.4px;\">\u00a0LED ap\u0161vietimas naudojamas automobili\u0173 prietais\u0173 skydeliuose ir prietais\u0173 skydeliuose, kuriuose pateikiama ai\u0161ki ir ry\u0161ki informacija.<\/span><\/li>\n<li><strong style=\"color: #555555; font-size: 14.4px;\">Klaviat\u016bros su ap\u0161vietimu:<\/strong><span style=\"color: #555555; font-size: 14.4px;\">\u00a0\u0160viesos diodai ap\u0161vie\u010dia klaviat\u016bros klavi\u0161us ir pagerina matomum\u0105 prasto ap\u0161vietimo aplinkoje.<\/span><\/li>\n<li><strong style=\"color: #555555; font-size: 14.4px;\">Vartojimo elektronika:<\/strong><span style=\"color: #555555; font-size: 14.4px;\">\u00a0\u0160i technologija taikoma \u012fvairioje buitin\u0117je elektronikoje, \u012fskaitant \u017eaidim\u0173 konsoles ir buitin\u0119 technik\u0105.<\/span><\/li>\n<\/ul>\n<h3><strong style=\"font-size: 23.04px;\">LED foninio ap\u0161vietimo ateitis:<\/strong><\/h3>\n<p>LED foninio ap\u0161vietimo technologija nuolat tobul\u0117ja. Tikimasi pa\u017eangos tokiose srityse kaip:<\/p>\n<ul>\n<li><strong style=\"color: #555555; font-size: 14.4px;\">\"MicroLED\" foninis ap\u0161vietimas:<\/strong><span style=\"color: #555555; font-size: 14.4px;\">\u00a0\u0160ioje naujos kartos technologijoje naudojami mikroskopiniai \u0161viesos diodai, kad b\u016bt\u0173 galima dar tiksliau ir dinami\u0161kiau valdyti fonin\u012f ap\u0161vietim\u0105, tod\u0117l pager\u0117ja vaizdo kokyb\u0117 ir kontrastas.<\/span><\/li>\n<li><strong style=\"color: #555555; font-size: 14.4px;\">MiniLED foninis ap\u0161vietimas:<\/strong><span style=\"color: #555555; font-size: 14.4px;\">\u00a0Ma\u017eesni ir glaud\u017eiau i\u0161d\u0117styti \u0161viesos diodai leid\u017eia geriau valdyti vietin\u012f ap\u0161vietim\u0105 ir pagerina HDR (didelio dinaminio diapazono) na\u0161um\u0105 ekranuose.<\/span><\/li>\n<li><strong style=\"color: #555555; font-size: 14.4px;\">Organini\u0173 \u0161viesos diod\u0173 (OLED) foninis ap\u0161vietimas:<\/strong><span style=\"color: #555555; font-size: 14.4px;\">\u00a0OLED technologija suteikia galimyb\u0119 sukurti savaime \u0161vie\u010dian\u010dius ekranus, tod\u0117l visi\u0161kai nebereikia atskiro foninio ap\u0161vietimo.<\/span><\/li>\n<\/ul>","protected":false},"excerpt":{"rendered":"<p>LED foninis ap\u0161vietimas suk\u0117l\u0117 revoliucij\u0105 ekran\u0173 technologijoje ir yra prana\u0161esn\u0117 alternatyva tradiciniam foniniam ap\u0161vietimui. D\u0117l energijos vartojimo efektyvumo, geresnio vaizdo, plono dizaino ir ilgo tarnavimo laiko \u0161is ap\u0161vietimas tapo dominuojan\u010dia \u0161iuolaikini\u0173 ekran\u0173 technologija. T\u0119siant inovacijas, LED foninis ap\u0161vietimas gali nulemti ekran\u0173 technologij\u0173 ateit\u012f, suteikdamas dar \u012fsp\u016bdingesnius ir energeti\u0161kai efektyvesnius vaizdus.<\/p>","protected":false},"featured_media":1542,"comment_status":"closed","ping_status":"closed","template":"","meta":[],"product_cat":[15],"product_tag":[],"_links":{"self":[{"href":"https:\/\/backlightmfg.com\/lt\/wp-json\/wp\/v2\/product\/1551"}],"collection":[{"href":"https:\/\/backlightmfg.com\/lt\/wp-json\/wp\/v2\/product"}],"about":[{"href":"https:\/\/backlightmfg.com\/lt\/wp-json\/wp\/v2\/types\/product"}],"replies":[{"embeddable":true,"href":"https:\/\/backlightmfg.com\/lt\/wp-json\/wp\/v2\/comments?post=1551"}],"wp:featuredmedia":[{"embeddable":true,"href":"https:\/\/backlightmfg.com\/lt\/wp-json\/wp\/v2\/media\/1542"}],"wp:attachment":[{"href":"https:\/\/backlightmfg.com\/lt\/wp-json\/wp\/v2\/media?parent=1551"}],"wp:term":[{"taxonomy":"product_cat","embeddable":true,"href":"https:\/\/backlightmfg.com\/lt\/wp-json\/wp\/v2\/product_cat?post=1551"},{"taxonomy":"product_tag","embeddable":true,"href":"https:\/\/backlightmfg.com\/lt\/wp-json\/wp\/v2\/product_tag?post=1551"}],"curies":[{"name":"wp","href":"https:\/\/api.w.org\/{rel}","templated":true}]}}