{"id":1550,"date":"2024-07-08T08:09:39","date_gmt":"2024-07-08T08:09:39","guid":{"rendered":"https:\/\/backlightmfg.com\/manufacturer\/el-backlighting\/"},"modified":"2024-09-15T06:29:47","modified_gmt":"2024-09-15T06:29:47","slug":"el-backlighting","status":"publish","type":"product","link":"https:\/\/backlightmfg.com\/lt\/el-backlighting\/","title":{"rendered":"EL foninis ap\u0161vietimas"},"content":{"rendered":"<p>EL foninio ap\u0161vietimo \u0161altinis pasi\u017eymi ry\u0161kumu, tolygumu, \u0161velnumu ir ilgaam\u017ei\u0161kumu, tod\u0117l jis pla\u010diai taikomas \u012fvairiose srityse, pavyzd\u017eiui, ekran\u0173 skydeliuose, reklaminiuose stenduose ir dekoratyviniame ap\u0161vietime.<\/p>\n<h3><strong>Pagrindiniai EL foninio ap\u0161vietimo privalumai:<\/strong><\/h3>\n<ul>\n<li><strong style=\"color: #555555; font-size: 14.4px;\">Energijos vartojimo efektyvumas:<\/strong><span style=\"color: #555555; font-size: 14.4px;\">\u00a0Jos sunaudoja gerokai ma\u017eiau energijos, palyginti su kaitrin\u0117mis ir liuminescencin\u0117mis lempomis, o tai rei\u0161kia ma\u017eesnes eksploatavimo i\u0161laidas ir ma\u017eesn\u012f poveik\u012f aplinkai.<\/span><\/li>\n<li><strong style=\"color: #555555; font-size: 14.4px;\">Vienodumas:<\/strong><span style=\"color: #555555; font-size: 14.4px;\">\u00a0Jie vienodai ir tolygiai ap\u0161vie\u010dia vis\u0105 pavir\u0161i\u0173, tod\u0117l nebelieka akinimo ir kar\u0161t\u0173j\u0173 ta\u0161k\u0173.<\/span><\/li>\n<li><strong style=\"color: #555555; font-size: 14.4px;\">Mink\u0161tumas:<\/strong><span style=\"color: #555555; font-size: 14.4px;\">\u00a0EL foninio ap\u0161vietimo skleid\u017eiama \u0161viesa yra \u0161velni ir i\u0161sklaidyta, tod\u0117l j\u0105 patogu ir malonu \u017ei\u016br\u0117ti.<\/span><\/li>\n<li><strong style=\"color: #555555; font-size: 14.4px;\">Ilgaam\u017ei\u0161kumas: jie<\/strong><span style=\"color: #555555; font-size: 14.4px;\">\u00a0yra labai patvar\u016bs ir atspar\u016bs sm\u016bgiams bei vibracijai, tod\u0117l tinka naudoti sud\u0117tingose srityse.<\/span><\/li>\n<li><strong style=\"color: #555555; font-size: 14.4px;\">Dizaino lankstumas:<\/strong><span style=\"color: #555555; font-size: 14.4px;\">\u00a0Juos galima lengvai formuoti ir pritaikyti pagal \u012fvairius dizaino reikalavimus.<\/span><\/li>\n<li><strong style=\"color: #555555; font-size: 14.4px;\">Spalv\u0173 parinktys:<\/strong><span style=\"color: #555555; font-size: 14.4px;\">\u00a0Jie gali b\u016bti \u012fvairi\u0173 spalv\u0173, \u012fskaitant spalvotus variantus, tod\u0117l padid\u0117ja vizualinis patrauklumas ir dizaino galimyb\u0117s.<\/span><\/li>\n<\/ul>\n<h3><strong style=\"font-size: 23.04px;\">Pla\u010diai paplit\u0119s EL foninio ap\u0161vietimo taikymas:<\/strong><\/h3>\n<p>EL pla\u010diai taikomi \u012fvairiose srityse:<\/p>\n<ul>\n<li><strong style=\"color: #555555; font-size: 14.4px;\">Ekrano skydeliai:<\/strong><span style=\"color: #555555; font-size: 14.4px;\">\u00a0Jie da\u017eniausiai naudojami i\u0161mani\u0173j\u0173 telefon\u0173, plan\u0161etini\u0173 kompiuteri\u0173, ne\u0161iojam\u0173j\u0173 kompiuteri\u0173 ir televizori\u0173 LCD ir OLED ekranuose.<\/span><\/li>\n<li><strong style=\"color: #555555; font-size: 14.4px;\">Reklaminiai stendai:<\/strong><span style=\"color: #555555; font-size: 14.4px;\">\u00a0Jie ap\u0161vie\u010dia reklaminius stendus, tod\u0117l reklama yra patraukli ir ry\u0161ki.<\/span><\/li>\n<li><strong style=\"color: #555555; font-size: 14.4px;\">Dekoratyvinis ap\u0161vietimas:<\/strong><span style=\"color: #555555; font-size: 14.4px;\">\u00a0Jie naudojami dekoratyviniuose \u0161viestuvuose, kuriant atmosfer\u0105 ir vizualinius akcentus.<\/span><\/li>\n<li><strong style=\"color: #555555; font-size: 14.4px;\">Automobili\u0173 interjerai:<\/strong><span style=\"color: #555555; font-size: 14.4px;\">\u00a0Jie \u012fmontuoti \u012f automobili\u0173 prietais\u0173 skydelius, prietais\u0173 skydelius ir valdymo mygtukus.<\/span><\/li>\n<li><strong style=\"color: #555555; font-size: 14.4px;\">Medicinos prietaisai:<\/strong><span style=\"color: #555555; font-size: 14.4px;\">\u00a0Jie naudojami medicinin\u0117je \u012frangoje, kad b\u016bt\u0173 galima ai\u0161kiai ir tiksliai vizualizuoti.<\/span><\/li>\n<li><strong style=\"color: #555555; font-size: 14.4px;\">Pramoniniai taikymai:<\/strong><span style=\"color: #555555; font-size: 14.4px;\">\u00a0Jie naudojami pramoniniuose valdymo skyduose ir informaciniuose \u017eenkluose, kad b\u016bt\u0173 geriau matomi.<\/span><\/li>\n<\/ul>","protected":false},"excerpt":{"rendered":"<p>EL ap\u0161vietimas suk\u0117l\u0117 revoliucij\u0105 ap\u0161vietimo technologijoje ir yra prana\u0161esn\u0117 alternatyva tradiciniams \u0161viesos \u0161altiniams. D\u0117l energijos vartojimo efektyvumo, tolygumo, \u0161velnumo, ilgaam\u017ei\u0161kumo, dizaino lankstumo ir spalv\u0173 pasirinkimo jie yra universalus ir paklausus sprendimas \u012fvairiose srityse. Tikimasi, kad tobul\u0117jant technologijoms, EL foniniai \u0161viestuvai ir toliau evoliucionuos, si\u016blydami dar inovatyvesnius ir efektyvesnius ap\u0161vietimo sprendimus.<\/p>","protected":false},"featured_media":1538,"comment_status":"closed","ping_status":"closed","template":"","meta":[],"product_cat":[15],"product_tag":[],"_links":{"self":[{"href":"https:\/\/backlightmfg.com\/lt\/wp-json\/wp\/v2\/product\/1550"}],"collection":[{"href":"https:\/\/backlightmfg.com\/lt\/wp-json\/wp\/v2\/product"}],"about":[{"href":"https:\/\/backlightmfg.com\/lt\/wp-json\/wp\/v2\/types\/product"}],"replies":[{"embeddable":true,"href":"https:\/\/backlightmfg.com\/lt\/wp-json\/wp\/v2\/comments?post=1550"}],"wp:featuredmedia":[{"embeddable":true,"href":"https:\/\/backlightmfg.com\/lt\/wp-json\/wp\/v2\/media\/1538"}],"wp:attachment":[{"href":"https:\/\/backlightmfg.com\/lt\/wp-json\/wp\/v2\/media?parent=1550"}],"wp:term":[{"taxonomy":"product_cat","embeddable":true,"href":"https:\/\/backlightmfg.com\/lt\/wp-json\/wp\/v2\/product_cat?post=1550"},{"taxonomy":"product_tag","embeddable":true,"href":"https:\/\/backlightmfg.com\/lt\/wp-json\/wp\/v2\/product_tag?post=1550"}],"curies":[{"name":"wp","href":"https:\/\/api.w.org\/{rel}","templated":true}]}}