{"id":1549,"date":"2024-07-08T08:09:39","date_gmt":"2024-07-08T08:09:39","guid":{"rendered":"https:\/\/backlightmfg.com\/manufacturer\/fiber-optic-backlighting\/"},"modified":"2024-09-15T06:29:48","modified_gmt":"2024-09-15T06:29:48","slug":"fiber-optic-backlighting","status":"publish","type":"product","link":"https:\/\/backlightmfg.com\/lt\/fiber-optic-backlighting\/","title":{"rendered":"\u0160viesolaidinis foninis ap\u0161vietimas"},"content":{"rendered":"<p>\u0160viesolaidiniame foniniame ap\u0161vietime naudojamos plonos stiklo arba plastiko skaidulos, kurios veikia kaip \u0161viesos laidininkai. Viename \u0161viesolaidinio kabelio gale \u012fvesta \u0161viesa, paprastai i\u0161 \u0161viesos diod\u0173 \u0161altinio. \u0160i \u0161viesa d\u0117l rei\u0161kinio, vadinamo vidiniu atspind\u017eiu, sklinda per skaidulos \u0161erd\u012f, atsispindi nuo vidini\u0173 sieneli\u0173 ir suma\u017eina \u0161viesos nuostolius. \u0160viesa i\u0161eina i\u0161 kito \u0161viesolaid\u017eio galo ir ap\u0161vie\u010dia tikslin\u0119 srit\u012f.<\/p>\n<h3><strong>\u0160viesolaidinio foninio ap\u0161vietimo privalumai:<\/strong><\/h3>\n<ul>\n<li><strong style=\"color: #555555; font-size: 14.4px;\">Nuotolinis \u0161viesos \u0161altinis:<\/strong><span style=\"color: #555555; font-size: 14.4px;\">\u00a0\u0160viesos \u0161altinis gali b\u016bti i\u0161d\u0117stytas toliau nuo ap\u0161vie\u010diamos srities, tod\u0117l suma\u017e\u0117ja \u0161ilumos i\u0161siskyrimas ir padid\u0117ja projektavimo lankstumas.<\/span><\/li>\n<li><strong style=\"color: #555555; font-size: 14.4px;\">Vienodas ap\u0161vietimas:<\/strong><span style=\"color: #555555; font-size: 14.4px;\">\u00a0\u0160viesolaid\u017eio optika tolygiai paskirsto \u0161vies\u0105, pa\u0161alina akinim\u0105 ir kar\u0161tus ta\u0161kus, tod\u0117l vaizdas yra malonus ir patogus \u017ei\u016br\u0117ti.<\/span><\/li>\n<li><strong style=\"color: #555555; font-size: 14.4px;\">Didelis \u0161viesos efektyvumas:<\/strong><span style=\"color: #555555; font-size: 14.4px;\">\u00a0D\u0117l minimali\u0173 \u0161viesos nuostoli\u0173 skaidulose \u0161viesolaidinis ap\u0161vietimas u\u017etikrina efektyv\u0173 \u0161viesos perdavim\u0105.<\/span><\/li>\n<li><strong style=\"color: #555555; font-size: 14.4px;\">Patvarumas:<\/strong><span style=\"color: #555555; font-size: 14.4px;\"> \u0160viesolaidiniai kabeliai yra labai patvar\u016bs, atspar\u016bs vibracijai, sm\u016bgiams, ekstremalioms temperat\u016broms, taupo energij\u0105 ir n<\/span><span class=\"Y2IQFc\" lang=\"en\">o kar\u0161\u010diavimas.<\/span><\/li>\n<li><strong style=\"color: #555555; font-size: 14.4px;\">Dizaino lankstumas:<\/strong><span style=\"color: #555555; font-size: 14.4px;\">\u00a0Plonus ir lanks\u010dius pluo\u0161tus galima lengvai formuoti ir pritaikyti prie \u012fvairi\u0173 ap\u0161vietimo reikalavim\u0173.<\/span><\/li>\n<li><strong style=\"color: #555555; font-size: 14.4px;\">\u0160aunus veikimas:<\/strong><span style=\"color: #555555; font-size: 14.4px;\">\u00a0\u0160viesolaidiniai kabeliai patys neskleid\u017eia \u0161ilumos, tod\u0117l darbo aplinka yra v\u0117sesn\u0117.<\/span><\/li>\n<\/ul>\n<p>&nbsp;<\/p>\n<h3><strong style=\"font-size: 23.04px;\">\u0160viesolaidinio foninio ap\u0161vietimo taikymas:<\/strong><\/h3>\n<ul>\n<li><strong style=\"color: #555555; font-size: 14.4px;\">LCD ekranai:<\/strong><span style=\"color: #555555; font-size: 14.4px;\">\u00a0\u0160viesolaidiniai foniniai ap\u0161vietimai gali padidinti televizori\u0173, ne\u0161iojam\u0173j\u0173 kompiuteri\u0173 ir kit\u0173 elektronini\u0173 prietais\u0173 skyst\u0173j\u0173 kristal\u0173 ekran\u0173 vienodum\u0105 ir ry\u0161kum\u0105.<\/span><\/li>\n<li><strong style=\"color: #555555; font-size: 14.4px;\">\u017denklai ir ekranai:<\/strong><span style=\"color: #555555; font-size: 14.4px;\">\u00a0Jie naudojami \u0161vie\u010dian\u010diose i\u0161kabose, architekt\u016briniame ap\u0161vietime ir prekybos viet\u0173 ekranuose, siekiant vizualiai \u012fsp\u016bdingo efekto.<\/span><\/li>\n<li><strong style=\"color: #555555; font-size: 14.4px;\">Medicinos \u012franga:<\/strong><span style=\"color: #555555; font-size: 14.4px;\">\u00a0\u0160viesolaidinis foninis ap\u0161vietimas u\u017etikrina kontroliuojam\u0105 ir koncentruot\u0105 ap\u0161vietim\u0105 medicinini\u0173 tyrim\u0173 ir diagnostikos \u012frangoje.<\/span><\/li>\n<li><strong style=\"color: #555555; font-size: 14.4px;\">Ma\u0161in\u0173 matymo sistemos:<\/strong><span style=\"color: #555555; font-size: 14.4px;\">\u00a0D\u0117l tolygaus \u0161viesos pasiskirstymo jis idealiai tinka ma\u0161in\u0173 matymo programoms, kai reikia tiksliai tikrinti objektus.<\/span><\/li>\n<li><strong style=\"color: #555555; font-size: 14.4px;\">Kra\u0161t\u0173 ap\u0161vietimas:<\/strong><span style=\"color: #555555; font-size: 14.4px;\">\u00a0\u0160viesolaid\u017eiai gali sukurti a\u0161trius ir ai\u0161kiai apibr\u0117\u017etus kra\u0161t\u0173 ap\u0161vietimo efektus dekoratyviniam ir architekt\u016briniam naudojimui.<\/span><\/li>\n<li><strong style=\"color: #555555; font-size: 14.4px;\">Specialus ap\u0161vietimas:<\/strong><span style=\"color: #555555; font-size: 14.4px;\">\u00a0\u0160viesolaidinis ap\u0161vietimas naudojamas \u012fvairiose specializuotose srityse, \u012fskaitant povandenin\u012f ap\u0161vietim\u0105 ir prietais\u0173 ap\u0161vietim\u0105.<\/span><\/li>\n<\/ul>","protected":false},"excerpt":{"rendered":"<p>\u0160viesolaidinis foninis ap\u0161vietimas yra unikalus ir universalus ap\u0161vietimo sprendimas. Nuotolinio \u0161viesos \u0161altinio, tolygaus \u0161viesos paskirstymo, didelio efektyvumo ir dizaino lankstumo derinys daro \u0161i\u0105 technologij\u0105 verting\u0105 \u012fvairioms reikm\u0117ms. Tikimasi, kad tobul\u0117jant technologijoms, ateityje \u0161viesolaidinis foninis ap\u0161vietimas bus naudojamas dar naujovi\u0161kiau.<\/p>","protected":false},"featured_media":1539,"comment_status":"closed","ping_status":"closed","template":"","meta":[],"product_cat":[15],"product_tag":[],"_links":{"self":[{"href":"https:\/\/backlightmfg.com\/lt\/wp-json\/wp\/v2\/product\/1549"}],"collection":[{"href":"https:\/\/backlightmfg.com\/lt\/wp-json\/wp\/v2\/product"}],"about":[{"href":"https:\/\/backlightmfg.com\/lt\/wp-json\/wp\/v2\/types\/product"}],"replies":[{"embeddable":true,"href":"https:\/\/backlightmfg.com\/lt\/wp-json\/wp\/v2\/comments?post=1549"}],"wp:featuredmedia":[{"embeddable":true,"href":"https:\/\/backlightmfg.com\/lt\/wp-json\/wp\/v2\/media\/1539"}],"wp:attachment":[{"href":"https:\/\/backlightmfg.com\/lt\/wp-json\/wp\/v2\/media?parent=1549"}],"wp:term":[{"taxonomy":"product_cat","embeddable":true,"href":"https:\/\/backlightmfg.com\/lt\/wp-json\/wp\/v2\/product_cat?post=1549"},{"taxonomy":"product_tag","embeddable":true,"href":"https:\/\/backlightmfg.com\/lt\/wp-json\/wp\/v2\/product_tag?post=1549"}],"curies":[{"name":"wp","href":"https:\/\/api.w.org\/{rel}","templated":true}]}}