{"id":2011,"date":"2024-09-14T08:11:32","date_gmt":"2024-09-14T08:11:32","guid":{"rendered":"https:\/\/backlightmfg.com\/?page_id=2011"},"modified":"2024-09-14T08:48:30","modified_gmt":"2024-09-14T08:48:30","slug":"fiber-optic-backlight-panels","status":"publish","type":"page","link":"https:\/\/backlightmfg.com\/lt\/fiber-optic-backlight-panels\/","title":{"rendered":"\u0160viesolaidinio ap\u0161vietimo plok\u0161t\u0117s"},"content":{"rendered":"<div class=\"banner has-hover has-parallax\" id=\"banner-802880001\">\n          <div class=\"banner-inner fill\">\n        <div class=\"banner-bg fill\" data-parallax=\"-3\" data-parallax-container=\".banner\" data-parallax-background>\n            <div class=\"bg fill bg-fill\"><\/div>\n                                    \n                    <\/div>\n\t\t\n        <div class=\"banner-layers container\">\n            <div class=\"fill banner-link\"><\/div>            \n   <div id=\"text-box-1296470068\" class=\"text-box banner-layer x50 md-x85 lg-x85 y50 md-y50 lg-y50 res-text\">\n                     <div data-animate=\"fadeInLeft\">           <div class=\"text-box-content text dark\">\n              \n              <div class=\"text-inner text-center\">\n                  \n<h1 style=\"text-align: center;\">\u0160viesolaid\u017eio ap\u0161vietimo skydelis<\/h1>\n              <\/div>\n           <\/div>\n       <\/div>                     \n<style>\n#text-box-1296470068 {\n  width: 80%;\n}\n#text-box-1296470068 .text-box-content {\n  font-size: 100%;\n}\n@media (min-width:550px) {\n  #text-box-1296470068 {\n    width: 66%;\n  }\n}\n<\/style>\n    <\/div>\n \n        <\/div>\n      <\/div>\n\n            \n<style>\n#banner-802880001 {\n  padding-top: 200px;\n}\n#banner-802880001 .bg.bg-loaded {\n  background-image: 8950;\n}\n#banner-802880001 .overlay {\n  background-color: rgba(0, 0, 0, 0.3);\n}\n#banner-802880001 .bg {\n  background-position: 35% 23%;\n}\n<\/style>\n  <\/div>\n\n\n\t<section class=\"section\" id=\"section_771504431\">\n\t\t<div class=\"bg section-bg fill bg-fill  bg-loaded\" >\n\n\t\t\t\n\t\t\t\n\t\t\t\n\n\t\t<\/div>\n\n\t\t\n\n\t\t<div class=\"section-content relative\">\n\t\t\t\n<div class=\"row\"  id=\"row-1126808694\">\n\n\t<div id=\"col-267245049\" class=\"col small-12 large-12\"  >\n\t\t\t\t<div class=\"col-inner\"  >\n\t\t\t\n\t\t\t\n<h2 class=\"\" style=\"text-align: center;\" data-sourcepos=\"1:1-1:54\">\u0160viesolaidinio ap\u0161vietimo skydai: \u0160vie\u010diantys ekranai<\/h2>\n<p data-sourcepos=\"3:1-3:121\">\u0160viesolaidinio foninio ap\u0161vietimo plok\u0161t\u0117s - tai ekran\u0173 technologija, kurioje \u0161viesolaidis naudojamas \u0161viesolaid\u017eiui nukreipti \u0161vies\u0105 i\u0161 \u0161altinio \u012f ekrano ekrano galin\u0119 dal\u012f, taip sukuriant tolyg\u0173 ir ry\u0161k\u0173 ap\u0161vietim\u0105. \u0160i technologija da\u017eniausiai naudojama LCD ir OLED ekranuose.<\/p>\n\t\t<\/div>\n\t\t\t\t\t<\/div>\n\n\t\n<\/div>\n<div class=\"row\"  id=\"row-1798494791\">\n\n\t<div id=\"col-889940612\" class=\"col small-12 large-12\"  >\n\t\t\t\t<div class=\"col-inner\"  >\n\t\t\t\n\t\t\t\n\t<div class=\"img has-hover x md-x lg-x y md-y lg-y\" id=\"image_427918989\">\n\t\t\t\t\t\t\t\t<div class=\"img-inner dark\" >\n\t\t\t<img loading=\"lazy\" decoding=\"async\" width=\"1020\" height=\"631\" src=\"https:\/\/backlightmfg.com\/wp-content\/uploads\/2024\/09\/1625228552-1024x633.jpg\" class=\"attachment-large size-large\" alt=\"\u0160viesolaidinio ap\u0161vietimo plok\u0161t\u0117s\" srcset=\"https:\/\/backlightmfg.com\/wp-content\/uploads\/2024\/09\/1625228552-1024x633.jpg 1024w, https:\/\/backlightmfg.com\/wp-content\/uploads\/2024\/09\/1625228552-300x186.jpg 300w, https:\/\/backlightmfg.com\/wp-content\/uploads\/2024\/09\/1625228552-768x475.jpg 768w, https:\/\/backlightmfg.com\/wp-content\/uploads\/2024\/09\/1625228552-1536x950.jpg 1536w, https:\/\/backlightmfg.com\/wp-content\/uploads\/2024\/09\/1625228552-18x12.jpg 18w, https:\/\/backlightmfg.com\/wp-content\/uploads\/2024\/09\/1625228552-510x315.jpg 510w, https:\/\/backlightmfg.com\/wp-content\/uploads\/2024\/09\/1625228552.jpg 1990w\" sizes=\"(max-width: 1020px) 100vw, 1020px\" \/>\t\t\t\t\t\t\n\t\t\t\t\t<\/div>\n\t\t\t\t\t\t\t\t\n<style>\n#image_427918989 {\n  width: 100%;\n}\n<\/style>\n\t<\/div>\n\t\n\t\t<\/div>\n\t\t\t\t\t<\/div>\n\n\t\n<\/div>\n\t\t<\/div>\n\n\t\t\n<style>\n#section_771504431 {\n  padding-top: 30px;\n  padding-bottom: 30px;\n}\n<\/style>\n\t<\/section>\n\t\n\t<section class=\"section\" id=\"section_1422113436\">\n\t\t<div class=\"bg section-bg fill bg-fill  bg-loaded\" >\n\n\t\t\t\n\t\t\t\n\t\t\t\n\n\t\t<\/div>\n\n\t\t\n\n\t\t<div class=\"section-content relative\">\n\t\t\t\n<div class=\"row\"  id=\"row-1631324222\">\n\n\t<div id=\"col-1154594069\" class=\"col medium-6 small-12 large-6\"  >\n\t\t\t\t<div class=\"col-inner\"  >\n\t\t\t\n\t\t\t\n\t<div class=\"img has-hover x md-x lg-x y md-y lg-y\" id=\"image_2082278734\">\n\t\t\t\t\t\t\t\t<div class=\"img-inner image-cover dark\" style=\"padding-top:100%;\">\n\t\t\t<img loading=\"lazy\" decoding=\"async\" width=\"2560\" height=\"1920\" src=\"https:\/\/backlightmfg.com\/wp-content\/uploads\/2024\/09\/1625232631-scaled.jpg\" class=\"attachment-original size-original\" alt=\"\u0160viesolaidinis ap\u0161vietimas\" srcset=\"https:\/\/backlightmfg.com\/wp-content\/uploads\/2024\/09\/1625232631-scaled.jpg 2560w, https:\/\/backlightmfg.com\/wp-content\/uploads\/2024\/09\/1625232631-300x225.jpg 300w, https:\/\/backlightmfg.com\/wp-content\/uploads\/2024\/09\/1625232631-1024x768.jpg 1024w, https:\/\/backlightmfg.com\/wp-content\/uploads\/2024\/09\/1625232631-768x576.jpg 768w, https:\/\/backlightmfg.com\/wp-content\/uploads\/2024\/09\/1625232631-1536x1152.jpg 1536w, https:\/\/backlightmfg.com\/wp-content\/uploads\/2024\/09\/1625232631-2048x1536.jpg 2048w, https:\/\/backlightmfg.com\/wp-content\/uploads\/2024\/09\/1625232631-16x12.jpg 16w, https:\/\/backlightmfg.com\/wp-content\/uploads\/2024\/09\/1625232631-510x383.jpg 510w\" sizes=\"(max-width: 2560px) 100vw, 2560px\" \/>\t\t\t\t\t\t\n\t\t\t\t\t<\/div>\n\t\t\t\t\t\t\t\t\n<style>\n#image_2082278734 {\n  width: 100%;\n}\n<\/style>\n\t<\/div>\n\t\n\t\t<\/div>\n\t\t\t\t\t<\/div>\n\n\t\n\n\t<div id=\"col-316011875\" class=\"col medium-6 small-12 large-6\"  >\n\t\t\t\t<div class=\"col-inner\"  >\n\t\t\t\n\t\t\t\n<h3 data-sourcepos=\"5:1-5:41\"><strong>Pagrindiniai \u0161viesolaidini\u0173 foninio ap\u0161vietimo paneli\u0173 komponentai:<\/strong><\/h3>\n<ul data-sourcepos=\"7:1-8:63\">\n<li data-sourcepos=\"7:1-7:77\"><strong>\u0160viesos \u0161altinis:<\/strong> \u0160viesos \u0161altinis, paprastai \u0161viesos diodai arba liuminescencin\u0117s lempos.<\/li>\n<li data-sourcepos=\"8:1-8:63\"><strong>\u0160viesolaidiniai kabeliai:<\/strong> Plonos stiklo arba plastiko juostel\u0117s, praleid\u017eian\u010dios \u0161vies\u0105.<\/li>\n<li data-sourcepos=\"9:1-9:82\"><strong>\u0160viesos kreipian\u010dioji plok\u0161tel\u0117:<\/strong> Skaidri med\u017eiaga, kuri tolygiai paskirsto \u0161vies\u0105.<\/li>\n<li data-sourcepos=\"10:1-10:50\"><strong>Difuzorius:<\/strong> Med\u017eiaga, kuri i\u0161sklaido \u0161vies\u0105 ir sukuria tolyg\u0173 ap\u0161vietim\u0105.<\/li>\n<\/ul>\n<h3 data-sourcepos=\"12:1-12:42\"><strong>Kaip veikia \u0161viesolaidiniai foninio ap\u0161vietimo skydeliai:<\/strong><\/h3>\n<ol data-sourcepos=\"14:1-18:0\">\n<li data-sourcepos=\"14:1-14:80\"><strong>\u0160viesos emisija:<\/strong> \u0160viesos \u0161altinis skleid\u017eia \u0161vies\u0105 \u012f \u0161viesolaidinius kabelius.<\/li>\n<li data-sourcepos=\"15:1-15:101\"><strong>\u0160viesos perdavimas:<\/strong> \u0160viesa \u0161viesolaidiniais kabeliais keliauja \u012f \u0161viesos kreipiam\u0105j\u0105 plok\u0161tel\u0119.<\/li>\n<li data-sourcepos=\"16:1-16:109\"><strong>\u0160viesos pasiskirstymas:<\/strong> \u0160viesos kreipian\u010dioji plok\u0161tel\u0117 tolygiai paskirsto \u0161vies\u0105 per vis\u0105 ekrano galin\u0119 dal\u012f.<\/li>\n<li data-sourcepos=\"17:1-18:0\"><strong>Ap\u0161vietimas:<\/strong> I\u0161sklaidyta \u0161viesa ap\u0161vie\u010dia ekran\u0105 ir sukuria ry\u0161k\u0173 ir tolyg\u0173 vaizd\u0105.<\/li>\n<\/ol>\n\t\t<\/div>\n\t\t\t\t\t<\/div>\n\n\t\n<\/div>\n\t\t<\/div>\n\n\t\t\n<style>\n#section_1422113436 {\n  padding-top: 30px;\n  padding-bottom: 30px;\n  background-color: #c3e7f2;\n}\n<\/style>\n\t<\/section>\n\t\n\t<section class=\"section\" id=\"section_1351857034\">\n\t\t<div class=\"bg section-bg fill bg-fill  bg-loaded\" >\n\n\t\t\t\n\t\t\t\n\t\t\t\n\n\t\t<\/div>\n\n\t\t\n\n\t\t<div class=\"section-content relative\">\n\t\t\t\n<div class=\"row\"  id=\"row-1216570951\">\n\n\t<div id=\"col-1789787480\" class=\"col medium-6 small-12 large-6\"  >\n\t\t\t\t<div class=\"col-inner\"  >\n\t\t\t\n\t\t\t\n<h3 data-sourcepos=\"19:1-19:45\">\u0160viesolaidini\u0173 ap\u0161vietimo plok\u0161\u010di\u0173 privalumai:<\/h3>\n<ul data-sourcepos=\"21:1-21:140\">\n<li data-sourcepos=\"21:1-21:140\"><strong>Vienodas ap\u0161vietimas:<\/strong> \u0160viesolaidin\u0117s foninio ap\u0161vietimo plok\u0161t\u0117s u\u017etikrina tolygesn\u012f ir nuoseklesn\u012f ap\u0161vietim\u0105, palyginti su tradiciniais kra\u0161to arba tiesioginio ap\u0161vietimo foniniais ap\u0161vietimais.<\/li>\n<li data-sourcepos=\"22:1-22:141\"><strong>Energijos vartojimo efektyvumas:<\/strong> Jie gali b\u016bti energeti\u0161kai efektyvesni u\u017e kitas foninio ap\u0161vietimo technologijas, ypa\u010d kai naudojami su didelio efektyvumo \u0161viesos diodais.<\/li>\n<li data-sourcepos=\"23:1-23:99\"><strong>Plonas dizainas:<\/strong> \u0160viesolaidinio ap\u0161vietimo plok\u0161t\u0117s leid\u017eia sukurti plonesnius ir kompakti\u0161kesnius ekranus.<\/li>\n<li data-sourcepos=\"24:1-25:0\"><strong>Lankstumas:<\/strong> Juos galima pritaikyti prie \u012fvairi\u0173 dyd\u017ei\u0173 ir form\u0173 ekran\u0173.<\/li>\n<\/ul>\n<h3 data-sourcepos=\"26:1-26:49\">\u0160viesolaidini\u0173 foninio ap\u0161vietimo paneli\u0173 taikymas:<\/h3>\n<ul data-sourcepos=\"28:1-31:0\">\n<li data-sourcepos=\"28:1-28:72\"><strong>LCD ekranai:<\/strong> Naudojamas televizoriuose, kompiuteri\u0173 monitoriuose ir ne\u0161iojamuosiuose kompiuteriuose.<\/li>\n<li data-sourcepos=\"29:1-29:68\"><strong>OLED ekranai:<\/strong> Naudojamas i\u0161maniuosiuose telefonuose, plan\u0161etiniuose kompiuteriuose ir auk\u0161tos klas\u0117s televizoriuose.<\/li>\n<li data-sourcepos=\"30:1-31:0\"><strong>Skaitmenin\u0117s i\u0161kabos:<\/strong> Naudojamas reklaminiuose ekranuose ir skaitmeniniuose stenduose.<\/li>\n<\/ul>\n<p data-sourcepos=\"32:1-32:30\"><strong>\u0160viesolaidinio ap\u0161vietimo plok\u0161t\u0117s tapo populiariu \u0161iuolaikini\u0173 ekran\u0173 technologij\u0173 pasirinkimu d\u0117l j\u0173 privalum\u0173, susijusi\u0173 su ap\u0161vietimo kokybe, energijos vartojimo efektyvumu ir dizaino lankstumu.<\/strong><\/p>\n\t\t<\/div>\n\t\t\t\t\t<\/div>\n\n\t\n\n\t<div id=\"col-253014120\" class=\"col medium-6 small-12 large-6\"  >\n\t\t\t\t<div class=\"col-inner\"  >\n\t\t\t\n\t\t\t\n\t<div class=\"img has-hover x md-x lg-x y md-y lg-y\" id=\"image_975132925\">\n\t\t\t\t\t\t\t\t<div class=\"img-inner image-cover dark\" style=\"padding-top:100%;\">\n\t\t\t<img loading=\"lazy\" decoding=\"async\" width=\"685\" height=\"667\" src=\"https:\/\/backlightmfg.com\/wp-content\/uploads\/2024\/09\/1625230825.png\" class=\"attachment-original size-original\" alt=\"\u0160viesolaidini\u0173 foninio ap\u0161vietimo paneli\u0173 taikymas\" srcset=\"https:\/\/backlightmfg.com\/wp-content\/uploads\/2024\/09\/1625230825.png 685w, https:\/\/backlightmfg.com\/wp-content\/uploads\/2024\/09\/1625230825-300x292.png 300w, https:\/\/backlightmfg.com\/wp-content\/uploads\/2024\/09\/1625230825-12x12.png 12w, https:\/\/backlightmfg.com\/wp-content\/uploads\/2024\/09\/1625230825-510x497.png 510w\" sizes=\"(max-width: 685px) 100vw, 685px\" \/>\t\t\t\t\t\t\n\t\t\t\t\t<\/div>\n\t\t\t\t\t\t\t\t\n<style>\n#image_975132925 {\n  width: 100%;\n}\n<\/style>\n\t<\/div>\n\t\n\t\t<\/div>\n\t\t\t\t\t<\/div>\n\n\t\n<\/div>\n\t\t<\/div>\n\n\t\t\n<style>\n#section_1351857034 {\n  padding-top: 30px;\n  padding-bottom: 30px;\n}\n<\/style>\n\t<\/section>\n\t\n\t<section class=\"section\" id=\"section_1995295977\">\n\t\t<div class=\"bg section-bg fill bg-fill  bg-loaded\" >\n\n\t\t\t\n\t\t\t\n\t\t\t\n\n\t\t<\/div>\n\n\t\t\n\n\t\t<div class=\"section-content relative\">\n\t\t\t\n<div class=\"row\"  id=\"row-697597721\">\n\n\t<div id=\"col-1175397733\" class=\"col small-12 large-12\"  >\n\t\t\t\t<div class=\"col-inner\"  >\n\t\t\t\n\t\t\t\n<h2 class=\"\" style=\"text-align: center;\" data-sourcepos=\"1:1-1:61\">OEM optinio pluo\u0161to foninio ap\u0161vietimo skydai: \u0160viesos diod\u0173 \u0161viesolaid\u017eiai: ekrano pritaikymas pagal u\u017esakym\u0105<\/h2>\n<p data-sourcepos=\"3:1-3:126\"><strong>\"Reyera\" kaip OEM \u0161viesolaid\u017eio ap\u0161vietimo plok\u0161t\u0117s<\/strong> si\u016blo pritaikom\u0105 sprendim\u0105 \u012fmon\u0117ms, norin\u010dioms savo gaminiuose \u012fdiegti auk\u0161tos kokyb\u0117s ap\u0161vietim\u0105. \u0160ios plok\u0161t\u0117s gali b\u016bti pritaikytos pagal j\u016bs\u0173 konkre\u010dius reikalavimus, u\u017etikrinant optimal\u0173 veikim\u0105 ir estetik\u0105.<\/p>\n<p data-sourcepos=\"5:1-5:34\"><strong>OEM optinio pluo\u0161to foninio ap\u0161vietimo paneli\u0173 privalumai:<\/strong><\/p>\n<ul data-sourcepos=\"7:1-8:27\">\n<li data-sourcepos=\"7:1-7:112\"><strong>Pritaikymas:<\/strong> Pritaikykite skydelio dyd\u012f, form\u0105, ry\u0161kum\u0105 ir spalv\u0173 temperat\u016br\u0105 pagal savo poreikius.<\/li>\n<li data-sourcepos=\"8:1-8:27\"><strong>Prek\u0117s \u017eenklo k\u016brimas:<\/strong> \u012e skydel\u012f galite integruoti savo prek\u0117s \u017eenklo logotip\u0105 arba dizaino elementus, kad jis atrodyt\u0173 unikaliai.<\/li>\n<li data-sourcepos=\"9:1-9:97\"><strong>Ekonomi\u0161kas:<\/strong> Gaminant originalios \u012frangos gamintojus da\u017enai galima pasi\u016blyti konkurencingas kainas dideliems kiekiams.<\/li>\n<li data-sourcepos=\"10:1-10:1\"><strong>Kokyb\u0117s kontrol\u0117:<\/strong> Dirbkite su patikimais gamintojais, kad u\u017etikrintum\u0117te auk\u0161tos kokyb\u0117s gaminius ir patikim\u0105 veikim\u0105.<\/li>\n<\/ul>\n<p data-sourcepos=\"12:1-12:26\"><strong>Pritaikymo parinktys:<\/strong><\/p>\n<ul data-sourcepos=\"14:1-18:0\">\n<li data-sourcepos=\"14:1-14:91\"><strong>Dydis ir forma:<\/strong> Pasirinkite skydelio matmenis ir form\u0105, kad jis atitikt\u0173 j\u016bs\u0173 ekrano dizain\u0105.<\/li>\n<li data-sourcepos=\"15:1-15:118\"><strong>Ry\u0161kumas ir spalv\u0173 temperat\u016bra:<\/strong> Reguliuokite \u0161viesos intensyvum\u0105 ir spalv\u0173 spektr\u0105, kad atitikt\u0173 j\u016bs\u0173 norim\u0105 estetik\u0105.<\/li>\n<li data-sourcepos=\"16:1-16:108\"><strong>\u0160viesos pasiskirstymas:<\/strong> Pritaikykite \u0161viesos pasiskirstymo model\u012f, kad pasiektum\u0117te tam tikrus ap\u0161vietimo efektus.<\/li>\n<li data-sourcepos=\"17:1-18:0\"><strong>Integracija:<\/strong> Integruokite papildomas funkcijas, pavyzd\u017eiui, jutiklinius jutiklius arba aplinkos \u0161viesos jutiklius.<\/li>\n<\/ul>\n<p data-sourcepos=\"19:1-19:98\"><strong>Kod\u0117l verta rinktis \"Reyera OEM\" optinio pluo\u0161to ap\u0161vietimo skydo gamintoj\u0105:<\/strong><\/p>\n<ul data-sourcepos=\"21:1-21:100\">\n<li data-sourcepos=\"21:1-21:100\"><strong>Patirtis:<\/strong> Ie\u0161kokite gamintoj\u0173, turin\u010di\u0173 auk\u0161tos kokyb\u0117s foninio ap\u0161vietimo plok\u0161\u010di\u0173 gamybos patirties.<\/li>\n<li data-sourcepos=\"22:1-22:121\"><strong>Galimyb\u0117s:<\/strong> \u012esitikinkite, kad gamintojas turi reikiam\u0105 \u012frang\u0105 ir kompetencij\u0105, kad atitikt\u0173 j\u016bs\u0173 konkre\u010dius reikalavimus.<\/li>\n<li data-sourcepos=\"23:1-23:94\"><strong>\u0160vyt\u0117jimo laikas:<\/strong> Atsi\u017evelkite \u012f gamintojo gamybos laik\u0105, kad u\u017etikrintum\u0117te savalaik\u012f pristatym\u0105.<\/li>\n<li data-sourcepos=\"24:1-25:0\"><strong>Pagalba po pardavimo:<\/strong> Rinkit\u0117s gamintoj\u0105, kuris teikia patikim\u0105 garantin\u012f aptarnavim\u0105 ir garantij\u0105.<\/li>\n<\/ul>\n\t\t<\/div>\n\t\t\t\t\t<\/div>\n\n\t\n<\/div>\n\t\t<\/div>\n\n\t\t\n<style>\n#section_1995295977 {\n  padding-top: 30px;\n  padding-bottom: 30px;\n  background-color: #c3e7f2;\n}\n<\/style>\n\t<\/section>\n\t\n\t<section class=\"section\" id=\"section_1542703273\">\n\t\t<div class=\"bg section-bg fill bg-fill  bg-loaded\" >\n\n\t\t\t\n\t\t\t\n\t\t\t\n\n\t\t<\/div>\n\n\t\t\n\n\t\t<div class=\"section-content relative\">\n\t\t\t\n<div class=\"row\"  id=\"row-1093960980\">\n\n\t<div id=\"col-2048514886\" class=\"col small-12 large-12\"  >\n\t\t\t\t<div class=\"col-inner\"  >\n\t\t\t\n\t\t\t\n<h2 style=\"text-align: center;\">Susisiekite su mumis<\/h2>\n\t\t<\/div>\n\t\t\t\t\t<\/div>\n\n\t\n<\/div>\n<div class=\"row\"  id=\"row-1293353112\">\n\n\t<div id=\"col-83958369\" class=\"col small-12 large-12\"  >\n\t\t\t\t<div class=\"col-inner\"  >\n\t\t\t\n\t\t\t\n\n<div class=\"wpcf7 no-js\" id=\"wpcf7-f280-o1\" lang=\"en-US\" dir=\"ltr\">\n<div class=\"screen-reader-response\"><p role=\"status\" aria-live=\"polite\" aria-atomic=\"true\"><\/p> <ul><\/ul><\/div>\n<form action=\"\/lt\/wp-json\/wp\/v2\/pages\/2011#wpcf7-f280-o1\" method=\"post\" class=\"wpcf7-form init\" aria-label=\"Kontaktin\u0117 forma\" novalidate=\"novalidate\" data-status=\"init\" data-trp-original-action=\"\/lt\/wp-json\/wp\/v2\/pages\/2011#wpcf7-f280-o1\">\n<div style=\"display: none;\">\n<input type=\"hidden\" name=\"_wpcf7\" value=\"280\" \/>\n<input type=\"hidden\" name=\"_wpcf7_version\" value=\"5.9.6\" \/>\n<input type=\"hidden\" name=\"_wpcf7_locale\" value=\"en_US\" \/>\n<input type=\"hidden\" name=\"_wpcf7_unit_tag\" value=\"wpcf7-f280-o1\" \/>\n<input type=\"hidden\" name=\"_wpcf7_container_post\" value=\"0\" \/>\n<input type=\"hidden\" name=\"_wpcf7_posted_data_hash\" value=\"\" \/>\n<\/div>\n<div class='custom_contact_style'>\n\t<div class=\"row row-small\">\n\t\t<div class=\"col medium-6 small-12 large-6\">\n\t\t\t<div class=\"col-inner\">\n\t\t\t\t<p><span class=\"wpcf7-form-control-wrap\" data-name=\"your-name\"><input size=\"40\" maxlength=\"80\" class=\"wpcf7-form-control wpcf7-text wpcf7-validates-as-required\" aria-required=\"true\" aria-invalid=\"false\" placeholder=\"Vardas*\" value=\"\" type=\"text\" name=\"your-name\" \/><\/span>\n\t\t\t\t<\/p>\n\t\t\t<\/div>\n\t\t<\/div>\n\t\t<div class=\"col medium-6 small-12 large-6\">\n\t\t\t<div class=\"col-inner\">\n\t\t\t\t<p><span class=\"wpcf7-form-control-wrap\" data-name=\"your-email\"><input size=\"40\" maxlength=\"80\" class=\"wpcf7-form-control wpcf7-email wpcf7-validates-as-required wpcf7-text wpcf7-validates-as-email\" aria-required=\"true\" aria-invalid=\"false\" placeholder=\"El. pa\u0161tas*\" value=\"\" type=\"email\" name=\"your-email\" \/><\/span>\n\t\t\t\t<\/p>\n\t\t\t<\/div>\n\t\t<\/div>\n\t<\/div>\n\t<div class='cus_contact_form_bottom'>\n\t\t<p><span class=\"wpcf7-form-control-wrap\" data-name=\"your-phone\"><input size=\"40\" maxlength=\"80\" class=\"wpcf7-form-control wpcf7-text\" aria-invalid=\"false\" placeholder=\"Telefonas\" value=\"\" type=\"text\" name=\"your-phone\" \/><\/span>\n\t\t<\/p>\n\t<\/div>\n\t<div class='cus_contact_form_bottom'>\n\t\t<p><span class=\"wpcf7-form-control-wrap\" data-name=\"your-country\"><input size=\"40\" maxlength=\"80\" class=\"wpcf7-form-control wpcf7-text\" aria-invalid=\"false\" placeholder=\"\u0160alis\" value=\"\" type=\"text\" name=\"your-country\" \/><\/span>\n\t\t<\/p>\n\t<\/div>\n\t<p><span class=\"wpcf7-form-control-wrap\" data-name=\"your-message\"><textarea cols=\"40\" rows=\"10\" maxlength=\"400\" class=\"wpcf7-form-control wpcf7-textarea wpcf7-validates-as-required\" aria-required=\"true\" aria-invalid=\"false\" placeholder=\"J\u016bs\u0173 \u017einut\u0117 *\" name=\"your-message\"><\/textarea><\/span>\n\t<\/p>\n\t<div style=\"margin-bottom:10px;\">\n\t\t<p><span class=\"wpcf7-form-control-wrap kc_captcha cf7ic-toggle\" data-name=\"kc_captcha\"><span class=\"wpcf7-form-control wpcf7-radio\"><span class=\"captcha-image\" style=\"display: none;\"><span class=\"cf7ic_instructions\">\u012erodykite, kad esate \u017emogus, pasirinkdami<span> namas<\/span>.<\/span><label><input aria-label=\"1\" type=\"radio\" name=\"kc_captcha\" value=\"kc_human\" \/><svg aria-hidden=\"true\" role=\"img\" xmlns=\"http:\/\/www.w3.org\/2000\/svg\" viewbox=\"0 0 576 512\"><path fill=\"currentColor\" d=\"M488 313v143c0 13-11 24-24 24H348c-7 0-12-5-12-12V356c0-7-5-12-12-12h-72c-7 0-12 5-12 12v112c0 7-5 12-12 12H112c-13 0-24-11-24-24V313c0-4 2-7 4-10l188-154c5-4 11-4 16 0l188 154c2 3 4 6 4 10zm84-61l-84-69V44c0-6-5-12-12-12h-56c-7 0-12 6-12 12v73l-89-74a48 48 0 00-61 0L4 252c-5 4-5 12-1 17l25 31c5 5 12 5 17 1l235-193c5-4 11-4 16 0l235 193c5 5 13 4 17-1l25-31c4-6 4-13-1-17z\"\/><\/svg><\/label><label><input aria-label=\"2\" type=\"radio\" name=\"kc_captcha\" value=\"bot\" \/><svg aria-hidden=\"true\" role=\"img\" xmlns=\"http:\/\/www.w3.org\/2000\/svg\" viewbox=\"0 0 512 512\"><path fill=\"currentColor\" d=\"M500 168h-55l-8-21a127 127 0 00-120-83H195a127 127 0 00-120 83l-8 21H12c-8 0-14 8-11 16l8 24a12 12 0 0011 8h29a64 64 0 00-33 56v48c0 16 6 31 16 42v62c0 13 11 24 24 24h48c13 0 24-11 24-24v-40h256v40c0 13 11 24 24 24h48c13 0 24-11 24-24v-62c10-11 16-26 16-42v-48c0-24-13-45-33-56h29a12 12 0 0011-8l8-24c3-8-3-16-11-16zm-365 2c9-25 33-42 60-42h122c27 0 51 17 60 42l15 38H120l15-38zM88 328a32 32 0 010-64c18 0 48 30 48 48s-30 16-48 16zm336 0c-18 0-48 2-48-16s30-48 48-48 32 14 32 32-14 32-32 32z\"\/><\/svg><\/label><label><input aria-label=\"3\" type=\"radio\" name=\"kc_captcha\" value=\"bot\" \/><svg aria-hidden=\"true\" role=\"img\" xmlns=\"http:\/\/www.w3.org\/2000\/svg\" viewbox=\"0 0 384 512\"><path fill=\"currentColor\" d=\"M377 375l-83-87h34c21 0 32-25 17-40l-82-88h33c21 0 32-25 18-40L210 8c-10-11-26-11-36 0L70 120c-14 15-3 40 18 40h33l-82 88c-15 15-4 40 17 40h34L7 375c-15 16-4 41 17 41h120c0 33-11 49-34 68-12 9-5 28 10 28h144c15 0 22-19 10-28-20-16-34-32-34-68h120c21 0 32-25 17-41z\"\/><\/svg><\/label>\r\n    <\/span>\r\n    <span style=\"display:none\">\r\n        <input type=\"text\" name=\"kc_honeypot\">\r\n    <\/span><\/span><\/span>\n\t\t<\/p>\n\t<\/div>\n\t<p><input class=\"wpcf7-form-control wpcf7-submit has-spinner\" type=\"submit\" value=\"Si\u0173sti \u017einut\u0119\" \/>\n\t<\/p>\n<\/div><div class=\"wpcf7-response-output\" aria-hidden=\"true\"><\/div>\n<input type=\"hidden\" name=\"trp-form-language\" value=\"lt\"\/><\/form>\n<\/div>\n\n\t\t<\/div>\n\t\t\t\t\t<\/div>\n\n\t\n<\/div>\n\t\t<\/div>\n\n\t\t\n<style>\n#section_1542703273 {\n  padding-top: 30px;\n  padding-bottom: 30px;\n}\n<\/style>\n\t<\/section>","protected":false},"excerpt":{"rendered":"","protected":false},"author":1,"featured_media":0,"parent":0,"menu_order":0,"comment_status":"closed","ping_status":"closed","template":"page-blank.php","meta":{"footnotes":""},"_links":{"self":[{"href":"https:\/\/backlightmfg.com\/lt\/wp-json\/wp\/v2\/pages\/2011"}],"collection":[{"href":"https:\/\/backlightmfg.com\/lt\/wp-json\/wp\/v2\/pages"}],"about":[{"href":"https:\/\/backlightmfg.com\/lt\/wp-json\/wp\/v2\/types\/page"}],"author":[{"embeddable":true,"href":"https:\/\/backlightmfg.com\/lt\/wp-json\/wp\/v2\/users\/1"}],"replies":[{"embeddable":true,"href":"https:\/\/backlightmfg.com\/lt\/wp-json\/wp\/v2\/comments?post=2011"}],"version-history":[{"count":20,"href":"https:\/\/backlightmfg.com\/lt\/wp-json\/wp\/v2\/pages\/2011\/revisions"}],"predecessor-version":[{"id":2047,"href":"https:\/\/backlightmfg.com\/lt\/wp-json\/wp\/v2\/pages\/2011\/revisions\/2047"}],"wp:attachment":[{"href":"https:\/\/backlightmfg.com\/lt\/wp-json\/wp\/v2\/media?parent=2011"}],"curies":[{"name":"wp","href":"https:\/\/api.w.org\/{rel}","templated":true}]}}