{"id":1552,"date":"2024-07-08T08:09:39","date_gmt":"2024-07-08T08:09:39","guid":{"rendered":"https:\/\/backlightmfg.com\/manufacturer\/luminous-powder-backlighting\/"},"modified":"2024-09-15T06:29:46","modified_gmt":"2024-09-15T06:29:46","slug":"luminescent-powder-backlight","status":"publish","type":"product","link":"https:\/\/backlightmfg.com\/it\/luminescent-powder-backlight\/","title":{"rendered":"Retroilluminazione a polvere luminescente"},"content":{"rendered":"<p>La polvere luminescente, nota anche come polvere di fosforo, \u00e8 un materiale affascinante che assorbe l'energia luminosa e la rilascia lentamente nel tempo sotto forma di luce visibile. Questa propriet\u00e0 unica lo rende un materiale ideale per creare retroilluminazione di lunga durata in varie applicazioni, in particolare in ambienti scarsamente illuminati o bui.<\/p>\n<p>&nbsp;<\/p>\n<h3><strong>Vantaggi principali della retroilluminazione a polvere luminescente:<\/strong><\/h3>\n<ul>\n<li><strong style=\"color: #555555; font-size: 14.4px;\">Sicurezza:<\/strong><span style=\"color: #555555; font-size: 14.4px;\">\u00a0A differenza dei materiali radioattivi, la polvere luminescente \u00e8 completamente atossica, non infiammabile e priva di sostanze nocive come fosforo, piombo o altre sostanze chimiche pericolose. Ci\u00f2 la rende una scelta sicura per l'utilizzo in vari prodotti, soprattutto quelli a stretto contatto con l'uomo.<\/span><\/li>\n<li><strong style=\"color: #555555; font-size: 14.4px;\">Bagliore a lunga durata:<\/strong><span style=\"color: #555555; font-size: 14.4px;\">\u00a0La retroilluminazione a polvere luminosa pu\u00f2 emettere luce per ore, anche dopo la cessazione dell'esposizione alla luce. Questa durata prolungata del bagliore garantisce che gli oggetti rimangano visibili e identificabili anche in condizioni di completa oscurit\u00e0.<\/span><\/li>\n<li><strong style=\"color: #555555; font-size: 14.4px;\">Propriet\u00e0 stabili:<\/strong><span style=\"color: #555555; font-size: 14.4px;\">\u00a0La retroilluminazione in polvere luminosa presenta una notevole stabilit\u00e0 in termini di propriet\u00e0 fisiche e chimiche. Questa caratteristica fa s\u00ec che l'effetto luminescente rimanga costante e affidabile nel tempo.<\/span><\/li>\n<li><strong style=\"color: #555555; font-size: 14.4px;\">Eccezionale durata:<\/strong><span style=\"color: #555555; font-size: 14.4px;\">\u00a0La polvere luminescente vanta una durata eccezionale, che la rende resistente all'usura. Questa durata assicura che i prodotti che incorporano la polvere luminescente possano resistere a condizioni difficili e mantenere le loro propriet\u00e0 luminescenti per gli anni a venire.<\/span><\/li>\n<li><strong style=\"color: #555555; font-size: 14.4px;\">Versatilit\u00e0:<\/strong><span style=\"color: #555555; font-size: 14.4px;\">\u00a0La polvere luminescente pu\u00f2 essere facilmente incorporata in un'ampia gamma di materiali, tra cui plastica, gomma, pelle, ceramica, vetro, vernici e rivestimenti. Questa versatilit\u00e0 ne consente l'applicazione in una vasta gamma di prodotti.<\/span><\/li>\n<\/ul>\n<h3><strong style=\"font-size: 23.04px;\">Diverse applicazioni della retroilluminazione in polvere luminescente:<\/strong><\/h3>\n<ul>\n<li><strong style=\"color: #555555; font-size: 14.4px;\">Prodotti di sicurezza:<\/strong><span style=\"color: #555555; font-size: 14.4px;\">\u00a0\u00c8 ampiamente utilizzato nei prodotti per la sicurezza, come i segnali per le uscite di emergenza, gli interruttori fosforescenti, i giubbotti di sicurezza e la segnaletica stradale, per garantire la visibilit\u00e0 e la sicurezza in condizioni di scarsa illuminazione o di pericolo.<\/span><\/li>\n<li><strong style=\"color: #555555; font-size: 14.4px;\">Articoli decorativi:<\/strong><span style=\"color: #555555; font-size: 14.4px;\">\u00a0La polvere luminescente aggiunge un tocco di magia a oggetti decorativi come quadri, statuette e gioielli fosforescenti, creando un'atmosfera accattivante in ambienti bui.<\/span><\/li>\n<li><strong style=\"color: #555555; font-size: 14.4px;\">Giochi e giocattoli:<\/strong><span style=\"color: #555555; font-size: 14.4px;\">\u00a0Conferisce un elemento di divertimento ed eccitazione a giocattoli e giochi, rendendoli luminosi e vivi al buio, migliorando il gioco e l'immaginazione.<\/span><\/li>\n<li><strong style=\"color: #555555; font-size: 14.4px;\">Applicazioni industriali:<\/strong><span style=\"color: #555555; font-size: 14.4px;\">\u00a0Trova applicazione in ambito industriale, ad esempio per la marcatura di aree pericolose, l'identificazione dei comandi delle apparecchiature e la visibilit\u00e0 in spazi ristretti.<\/span><\/li>\n<li><strong style=\"color: #555555; font-size: 14.4px;\">Militare e aerospaziale:<\/strong><span style=\"color: #555555; font-size: 14.4px;\">\u00a0Viene impiegato in applicazioni militari e aerospaziali, tra cui la marcatura degli aerei, la visibilit\u00e0 per le operazioni notturne e la creazione di aiuti alla navigazione autoilluminanti.<\/span><\/li>\n<\/ul>","protected":false},"excerpt":{"rendered":"<p>Retroilluminazione in polvere luminescente: Una soluzione versatile e sicura per la visibilit\u00e0 notturna Le sue diverse applicazioni spaziano in vari settori, dalla sicurezza alla decorazione e all'intrattenimento, rendendolo un materiale prezioso per la creazione di prodotti innovativi e funzionali.<\/p>","protected":false},"featured_media":1544,"comment_status":"closed","ping_status":"closed","template":"","meta":[],"product_cat":[15],"product_tag":[],"_links":{"self":[{"href":"https:\/\/backlightmfg.com\/it\/wp-json\/wp\/v2\/product\/1552"}],"collection":[{"href":"https:\/\/backlightmfg.com\/it\/wp-json\/wp\/v2\/product"}],"about":[{"href":"https:\/\/backlightmfg.com\/it\/wp-json\/wp\/v2\/types\/product"}],"replies":[{"embeddable":true,"href":"https:\/\/backlightmfg.com\/it\/wp-json\/wp\/v2\/comments?post=1552"}],"wp:featuredmedia":[{"embeddable":true,"href":"https:\/\/backlightmfg.com\/it\/wp-json\/wp\/v2\/media\/1544"}],"wp:attachment":[{"href":"https:\/\/backlightmfg.com\/it\/wp-json\/wp\/v2\/media?parent=1552"}],"wp:term":[{"taxonomy":"product_cat","embeddable":true,"href":"https:\/\/backlightmfg.com\/it\/wp-json\/wp\/v2\/product_cat?post=1552"},{"taxonomy":"product_tag","embeddable":true,"href":"https:\/\/backlightmfg.com\/it\/wp-json\/wp\/v2\/product_tag?post=1552"}],"curies":[{"name":"wp","href":"https:\/\/api.w.org\/{rel}","templated":true}]}}