{"id":1793,"date":"2024-08-03T06:46:11","date_gmt":"2024-08-03T06:46:11","guid":{"rendered":"https:\/\/backlightmfg.com\/?post_type=product&#038;p=1793"},"modified":"2024-09-15T06:29:42","modified_gmt":"2024-09-15T06:29:42","slug":"lgf-light-guide-film","status":"publish","type":"product","link":"https:\/\/backlightmfg.com\/hu\/lgf-light-guide-film\/","title":{"rendered":"LGF (f\u00e9nyvezet\u0151 f\u00f3lia)"},"content":{"rendered":"<h3 data-sourcepos=\"3:1-3:53\">Mi az LGF?<\/h3>\n<ul>\n<li data-sourcepos=\"3:1-3:53\">A f\u00e9nyvezet\u0151 f\u00f3lia (LGF) egy v\u00e9kony, optikailag \u00e1tl\u00e1tsz\u00f3 m\u0171anyag lap, amelyet \u00fagy terveztek, hogy a sz\u00e9leken megvil\u00e1g\u00edtott f\u00e9nyt egyenletesen ossza el a fel\u00fclet\u00e9n. Ez a technol\u00f3gia elengedhetetlen az egyenletes h\u00e1tt\u00e9rvil\u00e1g\u00edt\u00e1s l\u00e9trehoz\u00e1s\u00e1hoz k\u00fcl\u00f6nb\u00f6z\u0151 alkalmaz\u00e1sokban, a h\u00e1tt\u00e9rvil\u00e1g\u00edt\u00e1ssal ell\u00e1tott billenty\u0171zetekt\u0151l \u00e9s LCD-kijelz\u0151kt\u0151l kezdve a feliratokon \u00e1t az aut\u00f3ipari bels\u0151 terekig.<\/li>\n<\/ul>\n<h3>Hogyan m\u0171k\u00f6dik a f\u00e9nyvezet\u0151 film?<\/h3>\n<ul>\n<li data-sourcepos=\"7:1-7:66\">Az LGF egyedi mikroszerkezetet haszn\u00e1l a fel\u00fclet\u00e9n, hogy a f\u00f3lia sz\u00e9l\u00e9n elhelyezett LED-es f\u00e9nyforr\u00e1s f\u00e9ny\u00e9t befogja \u00e9s megt\u00f6rje. Ez a f\u00e9ny ezut\u00e1n egyenletesen oszlik el a f\u00f3lia fel\u00fclet\u00e9n, f\u00e9nyes \u00e9s egyenletes megvil\u00e1g\u00edt\u00e1st eredm\u00e9nyezve.<\/li>\n<\/ul>\n<h3 data-sourcepos=\"7:1-7:66\">Jellemz\u0151k<\/h3>\n<ul>\n<li>az ultra v\u00e9kony optikai min\u0151s\u00e9g\u0171 polikarbon\u00e1t f\u00f3lia testreszabott mikro f\u00e9nyvezet\u0151 strukt\u00far\u00e1kkal egyenletes f\u00e9nyteljes\u00edtm\u00e9nyt biztos\u00edt.<\/li>\n<li>Alkalmaz\u00e1sok megjelen\u00edt\u00e9se: E-pap\u00edr \u00e9s nyilv\u00e1nos feliratok \u00e9s egy\u00e9b kijelz\u0151 alkalmaz\u00e1sokhoz.<\/li>\n<li>Aut\u00f3ipar: M\u0171szerfal \/ ajt\u00f3koponya \/ bels\u0151 megvil\u00e1g\u00edt\u00e1s aut\u00f3hoz: M\u0171szerfal \/ ajt\u00f3koponya \/ bels\u0151 megvil\u00e1g\u00edt\u00e1s aut\u00f3hoz.<\/li>\n<li>Fogyaszt\u00f3i elektronika: megvil\u00e1g\u00edtott billenty\u0171zetek \/ RGB Led ventil\u00e1torok \/ vez\u00e9rl\u0151panelek.<\/li>\n<li>Otthoni alkalmaz\u00e1sok: megvil\u00e1g\u00edtott \u00e9rint\u0151gombok<\/li>\n<\/ul>","protected":false},"excerpt":{"rendered":"<h4 id=\"tw-target-text\" class=\"tw-data-text tw-text-large tw-ta\" dir=\"ltr\" data-placeholder=\"Translation\" aria-label=\"Ford\u00edtott sz\u00f6veg\" data-ved=\"2ahUKEwiFvaiamtiHAxXCnK8BHcMXH1QQ3ewLegQIERAU\"><strong><span class=\"Y2IQFc\" lang=\"en\">Folyamat param\u00e9terek <\/span>az LGF<\/strong><\/h4>\n<p dir=\"ltr\" data-placeholder=\"Translation\" aria-label=\"Ford\u00edtott sz\u00f6veg\" data-ved=\"2ahUKEwiFvaiamtiHAxXCnK8BHcMXH1QQ3ewLegQIERAU\">Anyag \uff1aPolikarbon\u00e1t (PC)<\/p>\n<p dir=\"ltr\" data-placeholder=\"Translation\" aria-label=\"Ford\u00edtott sz\u00f6veg\" data-ved=\"2ahUKEwiFvaiamtiHAxXCnK8BHcMXH1QQ3ewLegQIERAU\">Vastags\u00e1g \uff1a0,075 mm, 0,1 mm, 0,125 mm<\/p>\n<p dir=\"ltr\" data-placeholder=\"Translation\" aria-label=\"Ford\u00edtott sz\u00f6veg\" data-ved=\"2ahUKEwiFvaiamtiHAxXCnK8BHcMXH1QQ3ewLegQIERAU\">M\u00e9ret \u00e9s alak : Az \u00fcgyf\u00e9l rajz\u00e1nak megfelel\u0151en<\/p>","protected":false},"featured_media":1794,"comment_status":"open","ping_status":"closed","template":"","meta":[],"product_cat":[15],"product_tag":[],"_links":{"self":[{"href":"https:\/\/backlightmfg.com\/hu\/wp-json\/wp\/v2\/product\/1793"}],"collection":[{"href":"https:\/\/backlightmfg.com\/hu\/wp-json\/wp\/v2\/product"}],"about":[{"href":"https:\/\/backlightmfg.com\/hu\/wp-json\/wp\/v2\/types\/product"}],"replies":[{"embeddable":true,"href":"https:\/\/backlightmfg.com\/hu\/wp-json\/wp\/v2\/comments?post=1793"}],"wp:featuredmedia":[{"embeddable":true,"href":"https:\/\/backlightmfg.com\/hu\/wp-json\/wp\/v2\/media\/1794"}],"wp:attachment":[{"href":"https:\/\/backlightmfg.com\/hu\/wp-json\/wp\/v2\/media?parent=1793"}],"wp:term":[{"taxonomy":"product_cat","embeddable":true,"href":"https:\/\/backlightmfg.com\/hu\/wp-json\/wp\/v2\/product_cat?post=1793"},{"taxonomy":"product_tag","embeddable":true,"href":"https:\/\/backlightmfg.com\/hu\/wp-json\/wp\/v2\/product_tag?post=1793"}],"curies":[{"name":"wp","href":"https:\/\/api.w.org\/{rel}","templated":true}]}}