{"id":1790,"date":"2024-08-03T02:08:10","date_gmt":"2024-08-03T02:08:10","guid":{"rendered":"https:\/\/backlightmfg.com\/?post_type=product&#038;p=1790"},"modified":"2025-07-14T08:33:49","modified_gmt":"2025-07-14T08:33:49","slug":"lgp-backlight","status":"publish","type":"product","link":"https:\/\/backlightmfg.com\/hu\/lgp-backlight\/","title":{"rendered":"LGP h\u00e1tt\u00e9rvil\u00e1g\u00edt\u00e1s"},"content":{"rendered":"<h3><strong><span class=\"Y2IQFc\" lang=\"en\">LGP mikroszerkezeti technol\u00f3gia (k\u00f6rnyezetv\u00e9delem) \uff1a<\/span><\/strong><\/h3>\n<p>\u00c1talak\u00edt\u00e1s az eredeti nyomtat\u00e1si folyamatb\u00f3l a forr\u00f3 sajtol\u00e1si folyamatba, automatiz\u00e1lt gy\u00e1rt\u00e1s, nagy hozam \u00e9s kiv\u00e1l\u00f3 vizu\u00e1lis hat\u00e1s.Ez mag\u00e1ban foglalja a Micro_structure LGP \u00e9s a tinta nyomtat\u00e1s LGP.<\/p>\n<h4><b>Mi az a micro_structure?<\/b><\/h4>\n<ul>\n<li>Ha a minta m\u00e9rete LGP, hogy lehet ellen\u0151rizni kisebb, mint 100 um. Ezt nevezhetj\u00fck micro_structure-nek.<\/li>\n<\/ul>\n<h4><strong>Tint\u00e1s nyomtat\u00e1s<\/strong><\/h4>\n<ul>\n<li>A minta m\u00e9rete 0,4 mm (min. \u00e1tm\u00e9r\u0151).<\/li>\n<\/ul>\n<h4 class=\"tw-data-text tw-text-large tw-ta\" dir=\"ltr\" data-placeholder=\"Translation\" aria-label=\"Ford\u00edtott sz\u00f6veg\" data-ved=\"2ahUKEwii-OPw3deHAxXnha8BHe_AMVoQ3ewLegQIDRAU\"><strong><span class=\"Y2IQFc\" lang=\"en\">F\u00e9nyvezet\u0151 modul-<\/span><span class=\"Y2IQFc\" lang=\"en\">Ritk\u00edt\u00e1s<\/span><\/strong><\/h4>\n<ul>\n<li>A f\u00e9nyvezet\u0151 modul teljes vastags\u00e1ga 0,8~2 mm. A f\u00e9nyvezet\u0151t\u00e1bla az \u00fcgyf\u00e9l ig\u00e9nyei szerint puha t\u00e1bl\u00e1b\u00f3l (FPC) vagy kem\u00e9ny t\u00e1bl\u00e1b\u00f3l (PCB) k\u00e9sz\u00fclhet.<\/li>\n<\/ul>\n<h4 class=\"tw-data-text tw-text-large tw-ta\" dir=\"ltr\" data-placeholder=\"Translation\" aria-label=\"Ford\u00edtott sz\u00f6veg\" data-ved=\"2ahUKEwii-OPw3deHAxXnha8BHe_AMVoQ3ewLegQIDRAU\"><strong><span class=\"Y2IQFc\" lang=\"en\">F\u00e9nyvezet\u0151 modul-<\/span><span class=\"Y2IQFc\" lang=\"en\">Rugalmass\u00e1g<\/span><\/strong><\/h4>\n<ul>\n<li>A puha t\u00e1bla v\u00e9kony f\u00e9nyvezet\u0151 modulja j\u00f3 rugalmass\u00e1ggal rendelkezik, \u00e9s a vastag ragaszt\u00f3 a term\u00e9k megjelen\u00e9s\u00e9nek megfelel\u0151en illeszthet\u0151.<\/li>\n<\/ul>\n<h4 id=\"tw-target-text\" class=\"tw-data-text tw-text-large tw-ta\" dir=\"ltr\" data-placeholder=\"Translation\" aria-label=\"Ford\u00edtott sz\u00f6veg\" data-ved=\"2ahUKEwii-OPw3deHAxXnha8BHe_AMVoQ3ewLegQIDRAU\"><strong><span class=\"Y2IQFc\" lang=\"en\">F\u00e9nyvezet\u0151 modul testreszab\u00e1sa<\/span><\/strong><\/h4>\n<ul>\n<li id=\"tw-target-text\" class=\"tw-data-text tw-text-large tw-ta\" dir=\"ltr\" data-placeholder=\"Translation\" aria-label=\"Ford\u00edtott sz\u00f6veg\" data-ved=\"2ahUKEwii-OPw3deHAxXnha8BHe_AMVoQ3ewLegQIDRAU\"><span class=\"Y2IQFc\" lang=\"en\">A k\u00fcl\u00f6nb\u00f6z\u0151 f\u00e9nyvezet\u0151 modulok az \u00fcgyfelek k\u00fcl\u00f6nb\u00f6z\u0151 ig\u00e9nyei szerint tervezhet\u0151k az \u00fcgyfelek \u00e1ltal k\u00edv\u00e1nt hat\u00e1sok el\u00e9r\u00e9se \u00e9rdek\u00e9ben.<\/span><\/li>\n<\/ul>\n<div id=\"KnM9nf\" class=\"PZPZlf\" data-attrid=\"tw-sourceArea\" data-entityname=\"Google Translate\">\n<div id=\"tw-source\">\n<div id=\"tw-source-rmn-container\" class=\"tw-ta-container F0azHf tw-nfl\">\n<h3 id=\"tw-source-rmn\" class=\"tw-data-text tw-text-small tw-ta\" dir=\"ltr\"><strong>Alkalmaz\u00e1s<\/strong><\/h3>\n<ul>\n<li>Norm\u00e1l t\u00edpus -Gumi alatt<\/li>\n<li>A kulcs \u00e9s a gumi k\u00f6z\u00f6tt<\/li>\n<li>Co-molding<\/li>\n<\/ul>\n<\/div>\n<\/div>\n<\/div>","protected":false},"excerpt":{"rendered":"<p id=\"tw-target-text\" class=\"tw-data-text tw-text-large tw-ta\" dir=\"ltr\" data-placeholder=\"Translation\" aria-label=\"Ford\u00edtott sz\u00f6veg\" data-ved=\"2ahUKEwii-OPw3deHAxXnha8BHe_AMVoQ3ewLegQIDRAU\"><span class=\"Y2IQFc\" lang=\"en\">A LED-es fotoelektromos f\u00e9nyvezet\u0151 modulokat intelligens v\u00e1rosokban, intelligens j\u00e1rm\u0171vekben, intelligens h\u00e1ztart\u00e1si k\u00e9sz\u00fcl\u00e9kekben \u00e9s e-sport perif\u00e9ri\u00e1kban haszn\u00e1lj\u00e1k. A f\u00e9nyvezet\u0151 modulok j\u00f6v\u0151beli fejleszt\u00e9si trendjei<\/span><\/p>\n<ul>\n<li><span class=\"Y2IQFc\" lang=\"en\">LGP mikroszerkezeti technol\u00f3gia (k\u00f6rnyezetv\u00e9delem)<br \/>\n<\/span><\/li>\n<li><span class=\"Y2IQFc\" lang=\"en\">Ritk\u00edt\u00e1s<br \/>\n<\/span><\/li>\n<li><span class=\"Y2IQFc\" lang=\"en\">Rugalmass\u00e1g<br \/>\n<\/span><\/li>\n<li><span class=\"Y2IQFc\" lang=\"en\">RGB f\u00e9nyvezet\u0151 modul<br \/>\n<\/span><\/li>\n<li><span class=\"Y2IQFc\" lang=\"en\">Programozhat\u00f3 RGB f\u00e9nyszalag<br \/>\n<\/span><\/li>\n<li><span class=\"Y2IQFc\" lang=\"en\">Fix\u00e1lt v\u00e1ltoz\u00e1s RGB f\u00e9nyszalag<\/span><\/li>\n<\/ul>","protected":false},"featured_media":1791,"comment_status":"open","ping_status":"closed","template":"","meta":[],"product_cat":[15],"product_tag":[],"_links":{"self":[{"href":"https:\/\/backlightmfg.com\/hu\/wp-json\/wp\/v2\/product\/1790"}],"collection":[{"href":"https:\/\/backlightmfg.com\/hu\/wp-json\/wp\/v2\/product"}],"about":[{"href":"https:\/\/backlightmfg.com\/hu\/wp-json\/wp\/v2\/types\/product"}],"replies":[{"embeddable":true,"href":"https:\/\/backlightmfg.com\/hu\/wp-json\/wp\/v2\/comments?post=1790"}],"wp:featuredmedia":[{"embeddable":true,"href":"https:\/\/backlightmfg.com\/hu\/wp-json\/wp\/v2\/media\/1791"}],"wp:attachment":[{"href":"https:\/\/backlightmfg.com\/hu\/wp-json\/wp\/v2\/media?parent=1790"}],"wp:term":[{"taxonomy":"product_cat","embeddable":true,"href":"https:\/\/backlightmfg.com\/hu\/wp-json\/wp\/v2\/product_cat?post=1790"},{"taxonomy":"product_tag","embeddable":true,"href":"https:\/\/backlightmfg.com\/hu\/wp-json\/wp\/v2\/product_tag?post=1790"}],"curies":[{"name":"wp","href":"https:\/\/api.w.org\/{rel}","templated":true}]}}