{"id":1556,"date":"2024-07-08T08:09:40","date_gmt":"2024-07-08T08:09:40","guid":{"rendered":"https:\/\/backlightmfg.com\/manufacturer\/keyboard-backlight\/"},"modified":"2024-09-15T06:29:44","modified_gmt":"2024-09-15T06:29:44","slug":"keyboard-backlight","status":"publish","type":"product","link":"https:\/\/backlightmfg.com\/hu\/keyboard-backlight\/","title":{"rendered":"Billenty\u0171zet h\u00e1tt\u00e9rvil\u00e1g\u00edt\u00e1s"},"content":{"rendered":"<p>A csendes m\u0171k\u00f6d\u00e9s\u00fckr\u0151l \u00e9s megfizethet\u0151s\u00e9g\u00fckr\u0151l ismert membr\u00e1nos billenty\u0171zetek egyre gyakrabban tartalmaznak h\u00e1tt\u00e9rvil\u00e1g\u00edt\u00e1st, ami praktikus \u00e9s st\u00edlusos friss\u00edt\u00e9st jelent. Itt k\u00f6zelebbr\u0151l megn\u00e9zz\u00fck a membr\u00e1nos billenty\u0171zet h\u00e1tt\u00e9rvil\u00e1g\u00edt\u00e1st.<\/p>\n<h3><strong>A billenty\u0171zet h\u00e1tt\u00e9rvil\u00e1g\u00edt\u00e1s technol\u00f3gi\u00e1ja:<\/strong><\/h3>\n<p>A mechanikus billenty\u0171zetekkel ellent\u00e9tben, amelyekn\u00e9l minden egyes billenty\u0171 alatt k\u00fcl\u00f6n kapcsol\u00f3 tal\u00e1lhat\u00f3, a membr\u00e1nos billenty\u0171zetek egyetlen nyom\u00f3membr\u00e1nra t\u00e1maszkodnak. A h\u00e1tt\u00e9rvil\u00e1g\u00edt\u00e1s ezekben a billenty\u0171zetekben jellemz\u0151en a k\u00f6vetkez\u0151ket haszn\u00e1lja:<\/p>\n<ul>\n<li><strong>F\u00e9nyvezet\u0151 f\u00f3lia (LGF):<\/strong>Ez a v\u00e9kony, \u00e1tl\u00e1tsz\u00f3 f\u00f3lia hat\u00e9konyan osztja el a billenty\u0171zeten strat\u00e9giailag elhelyezett LED-ek f\u00e9ny\u00e9t. Az LGF seg\u00edt az egyenletes megvil\u00e1g\u00edt\u00e1s el\u00e9r\u00e9s\u00e9ben a billenty\u0171zetek eg\u00e9sz\u00e9n.<\/li>\n<li><strong>Fel\u00fcletre szerelt LED-ek (SMD):<\/strong>Ezek a kompakt LED-ek a billenty\u0171zet PCB-j\u00e9nek (nyomtatott \u00e1ramk\u00f6ri lap) meghat\u00e1rozott pontjain helyezkednek el, hogy a f\u00e9nyt az LGF fel\u00e9 ir\u00e1ny\u00edts\u00e1k.<\/li>\n<\/ul>\n<h3><strong>El\u0151ny\u00f6k:<\/strong><\/h3>\n<ul>\n<li><strong>Jobb l\u00e1that\u00f3s\u00e1g:<\/strong>A h\u00e1tt\u00e9rvil\u00e1g\u00edt\u00e1s lehet\u0151v\u00e9 teszi, hogy a billenty\u0171ket gyenge f\u00e9nyviszonyok k\u00f6z\u00f6tt is j\u00f3l l\u00e1thassa, jav\u00edtva a g\u00e9pel\u00e9si pontoss\u00e1got \u00e9s hat\u00e9konys\u00e1got.<\/li>\n<li><strong>Fokozott termel\u00e9kenys\u00e9g:<\/strong>A billenty\u0171k jobb l\u00e1that\u00f3s\u00e1ga kevesebb hib\u00e1t \u00e9s gyorsabb g\u00e9pel\u00e9si sebess\u00e9get eredm\u00e9nyez, ami k\u00fcl\u00f6n\u00f6sen el\u0151ny\u00f6s az \u00e9jszakai baglyok vagy a f\u00e9lhom\u00e1lyban dolgoz\u00f3k sz\u00e1m\u00e1ra.<\/li>\n<li><strong>Cs\u00f6kkentett szemterhel\u00e9s:<\/strong>A h\u00e1tt\u00e9rvil\u00e1g\u00edt\u00e1s l\u00e1gy f\u00e9nye cs\u00f6kkenti a szem meger\u0151ltet\u00e9s\u00e9t a hosszabb g\u00e9pel\u00e9si munkamenetek sor\u00e1n.<\/li>\n<li><strong>St\u00edlusos eszt\u00e9tika:<\/strong>A h\u00e1tt\u00e9rvil\u00e1g\u00edt\u00e1ssal ell\u00e1tott billenty\u0171zetek szem\u00e9lyis\u00e9get \u00e9s hangulatot k\u00f6lcs\u00f6n\u00f6znek a munkater\u00fcletnek, k\u00fcl\u00f6n\u00f6sen a testreszabhat\u00f3 vil\u00e1g\u00edt\u00e1si opci\u00f3kkal.<\/li>\n<\/ul>\n<h3><strong>El\u0151ny\u00f6k a hagyom\u00e1nyos membr\u00e1nos billenty\u0171zetekkel szemben:<\/strong><\/h3>\n<ul>\n<li><strong>Tov\u00e1bbfejlesztett funkcionalit\u00e1s:<\/strong>A h\u00e1tt\u00e9rvil\u00e1g\u00edt\u00e1s a hagyom\u00e1nyos membr\u00e1nos billenty\u0171zetek egyik legfontosabb korl\u00e1tj\u00e1t, a gyenge f\u00e9nyviszonyok k\u00f6z\u00f6tti rossz l\u00e1that\u00f3s\u00e1got orvosolja.<\/li>\n<li><strong>Tov\u00e1bbfejlesztett felhaszn\u00e1l\u00f3i \u00e9lm\u00e9ny:<\/strong>A k\u00e9nyelmes g\u00e9pel\u00e9s \u00e9s a billenty\u0171k j\u00f3l l\u00e1that\u00f3s\u00e1ga kombin\u00e1ci\u00f3ja jav\u00edtja az \u00e1ltal\u00e1nos felhaszn\u00e1l\u00f3i \u00e9lm\u00e9nyt.<\/li>\n<li><strong>Versenyk\u00e9pes \u00e1r:<\/strong>A h\u00e1tt\u00e9rvil\u00e1g\u00edt\u00e1ssal ell\u00e1tott membr\u00e1nos billenty\u0171zetek j\u00f3 \u00e1r-\u00e9rt\u00e9k ar\u00e1nyt k\u00edn\u00e1lnak, mivel a h\u00e1tt\u00e9rvil\u00e1g\u00edt\u00e1s el\u0151nyeit kedvez\u0151bb \u00e1ron k\u00edn\u00e1lj\u00e1k, mint egyes h\u00e1tt\u00e9rvil\u00e1g\u00edt\u00e1ssal ell\u00e1tott mechanikus billenty\u0171zetek.<\/li>\n<\/ul>\n<h3><strong>Megfontoland\u00f3 dolgok:<\/strong><\/h3>\n<ul>\n<li><strong>Testreszab\u00e1si lehet\u0151s\u00e9gek:<\/strong>B\u00e1r nem olyan sz\u00e9lesk\u00f6r\u0171, mint egyes mechanikus billenty\u0171zetek, n\u00e9h\u00e1ny h\u00e1tt\u00e9rvil\u00e1g\u00edt\u00e1s\u00fa membr\u00e1nbillenty\u0171zet \u00e1ll\u00edthat\u00f3 f\u00e9nyer\u0151ss\u00e9get \u00e9s egy- vagy t\u00f6bbsz\u00edn\u0171 vil\u00e1g\u00edt\u00e1si lehet\u0151s\u00e9geket k\u00edn\u00e1l.<\/li>\n<li><strong>F\u00e9nysziv\u00e1rg\u00e1s:<\/strong>Egyes modellekn\u00e9l el\u0151fordulhat, hogy a billenty\u0171zet sapk\u00e1k k\u00f6r\u00fcl f\u00e9ny sziv\u00e1rog, ami egyes felhaszn\u00e1l\u00f3k sz\u00e1m\u00e1ra aggodalomra adhat okot.<\/li>\n<\/ul>","protected":false},"excerpt":{"rendered":"<p>A membr\u00e1nos billenty\u0171zet h\u00e1tt\u00e9rvil\u00e1g\u00edt\u00e1s a funkcionalit\u00e1s \u00e9s a st\u00edlus meggy\u0151z\u0151 kombin\u00e1ci\u00f3j\u00e1t k\u00edn\u00e1lja. N\u00f6velik a haszn\u00e1lhat\u00f3s\u00e1got gyenge f\u00e9nyviszonyok k\u00f6z\u00f6tt, jav\u00edtj\u00e1k a felhaszn\u00e1l\u00f3i \u00e9lm\u00e9nyt, \u00e9s egy kis hangulatot k\u00f6lcs\u00f6n\u00f6znek a munkater\u00fcletnek, mindezt versenyk\u00e9pes \u00e1ron. A technol\u00f3gia fejl\u0151d\u00e9s\u00e9vel a h\u00e1tt\u00e9rvil\u00e1g\u00edt\u00e1s\u00fa membr\u00e1nos billenty\u0171zetek eset\u00e9ben tov\u00e1bbi fejleszt\u00e9sekre sz\u00e1m\u00edthatunk a testreszab\u00e1si lehet\u0151s\u00e9gek, a f\u00e9nysz\u00f3r\u00e1s \u00e9s az energiahat\u00e9konys\u00e1g ter\u00e9n.<\/p>","protected":false},"featured_media":1541,"comment_status":"closed","ping_status":"closed","template":"","meta":[],"product_cat":[15],"product_tag":[],"_links":{"self":[{"href":"https:\/\/backlightmfg.com\/hu\/wp-json\/wp\/v2\/product\/1556"}],"collection":[{"href":"https:\/\/backlightmfg.com\/hu\/wp-json\/wp\/v2\/product"}],"about":[{"href":"https:\/\/backlightmfg.com\/hu\/wp-json\/wp\/v2\/types\/product"}],"replies":[{"embeddable":true,"href":"https:\/\/backlightmfg.com\/hu\/wp-json\/wp\/v2\/comments?post=1556"}],"wp:featuredmedia":[{"embeddable":true,"href":"https:\/\/backlightmfg.com\/hu\/wp-json\/wp\/v2\/media\/1541"}],"wp:attachment":[{"href":"https:\/\/backlightmfg.com\/hu\/wp-json\/wp\/v2\/media?parent=1556"}],"wp:term":[{"taxonomy":"product_cat","embeddable":true,"href":"https:\/\/backlightmfg.com\/hu\/wp-json\/wp\/v2\/product_cat?post=1556"},{"taxonomy":"product_tag","embeddable":true,"href":"https:\/\/backlightmfg.com\/hu\/wp-json\/wp\/v2\/product_tag?post=1556"}],"curies":[{"name":"wp","href":"https:\/\/api.w.org\/{rel}","templated":true}]}}