{"id":1555,"date":"2024-07-08T08:09:39","date_gmt":"2024-07-08T08:09:39","guid":{"rendered":"https:\/\/backlightmfg.com\/manufacturer\/phone-backlight\/"},"modified":"2024-09-15T06:29:44","modified_gmt":"2024-09-15T06:29:44","slug":"phone-backlight","status":"publish","type":"product","link":"https:\/\/backlightmfg.com\/hu\/phone-backlight\/","title":{"rendered":"Telefon h\u00e1tt\u00e9rvil\u00e1g\u00edt\u00e1s"},"content":{"rendered":"<p>A telefon h\u00e1tt\u00e9rvil\u00e1g\u00edt\u00e1sa alapvet\u0151 fontoss\u00e1g\u00fa elem, amely lehet\u0151v\u00e9 teszi, hogy a telefon k\u00e9perny\u0151j\u00e9n megjelen\u0151 tartalmakat m\u00e9g gyenge f\u00e9nyviszonyok k\u00f6z\u00f6tt is j\u00f3l l\u00e1thassa. Ez a l\u00e1thatatlan h\u0151s a vibr\u00e1l\u00f3 kijelz\u0151 m\u00f6g\u00f6tt, amellyel naponta kapcsolatba ker\u00fcl. \u00cdme a telefon h\u00e1tt\u00e9rvil\u00e1g\u00edt\u00e1s\u00e1nak ismertet\u00e9se:<\/p>\n<h3><strong>A telefon h\u00e1tt\u00e9rvil\u00e1g\u00edt\u00e1s\u00e1nak technol\u00f3gi\u00e1ja:<\/strong><\/h3>\n<p>A modern okostelefonok els\u0151sorban LED-es h\u00e1tt\u00e9rvil\u00e1g\u00edt\u00e1st haszn\u00e1lnak, felv\u00e1ltva a r\u00e9gebbi technol\u00f3gi\u00e1kat, p\u00e9ld\u00e1ul a f\u00e9nycs\u00f6veket. A LED-ek sz\u00e1mos el\u0151nnyel j\u00e1rnak:<\/p>\n<ul>\n<li><strong>Energiahat\u00e9konys\u00e1g:<\/strong>A LED-ek a hagyom\u00e1nyos h\u00e1tt\u00e9rvil\u00e1g\u00edt\u00e1sn\u00e1l l\u00e9nyegesen kevesebb energi\u00e1t fogyasztanak, \u00edgy meghosszabb\u00edtj\u00e1k az akkumul\u00e1tor \u00e9lettartam\u00e1t \u00e9s cs\u00f6kkentik a k\u00f6rnyezetterhel\u00e9st.<\/li>\n<li><strong>Egyenletes megvil\u00e1g\u00edt\u00e1s:<\/strong>A LED-h\u00e1tt\u00e9rvil\u00e1g\u00edt\u00e1s egyenletesen osztja el a f\u00e9nyt a k\u00e9perny\u0151n, minimaliz\u00e1lva a t\u00fckr\u00f6z\u0151d\u00e9st \u00e9s a forr\u00f3 pontokat a k\u00e9nyelmes n\u00e9z\u00e9si \u00e9lm\u00e9ny \u00e9rdek\u00e9ben.<\/li>\n<li><strong>\u00c1ll\u00edthat\u00f3 f\u00e9nyer\u0151:<\/strong>A h\u00e1tt\u00e9rvil\u00e1g\u00edt\u00e1s intenzit\u00e1s\u00e1t az \u00d6n ig\u00e9nyeihez \u00e9s a k\u00f6rnyezeti f\u00e9nyviszonyokhoz igaz\u00edthatja, tov\u00e1bb optimaliz\u00e1lva az akkumul\u00e1tor \u00e9lettartam\u00e1t \u00e9s a szem k\u00e9nyelm\u00e9t.<\/li>\n<\/ul>\n<h3><strong>El\u0151ny\u00f6k:<\/strong><\/h3>\n<ul>\n<li><strong>Tisztas\u00e1g :<\/strong>A h\u00e1tt\u00e9rvil\u00e1g\u00edt\u00e1s biztos\u00edtja a sz\u00f6veg, a k\u00e9pek \u00e9s a vide\u00f3k tiszta l\u00e1that\u00f3s\u00e1g\u00e1t a telefon k\u00e9perny\u0151j\u00e9n.<\/li>\n<li><strong>Testreszabhat\u00f3s\u00e1g :<\/strong>Az \u00e1ll\u00edthat\u00f3 f\u00e9nyer\u0151 lehet\u0151v\u00e9 teszi, hogy szem\u00e9lyre szabja a megtekint\u00e9si \u00e9lm\u00e9nyt, ak\u00e1r a vil\u00e1gos k\u00e9perny\u0151t kedveli a szabadban, ak\u00e1r a l\u00e1gyabb f\u00e9nyt \u00e9jszaka.<\/li>\n<li><strong>\u00c9jszakai olvas\u00e1si m\u00f3d:<\/strong>Egyes telefonok \u00e9jszakai olvas\u00e1si m\u00f3dot k\u00edn\u00e1lnak, amely a h\u00e1tt\u00e9rvil\u00e1g\u00edt\u00e1s sz\u00ednh\u0151m\u00e9rs\u00e9klet\u00e9t \u00fagy \u00e1ll\u00edtja be, hogy cs\u00f6kkentse a szem meger\u0151ltet\u00e9s\u00e9t az \u00e9jszakai olvas\u00e1s sor\u00e1n.<\/li>\n<\/ul>\n<h3><strong>Megfontol\u00e1sok:<\/strong><\/h3>\n<ul>\n<li><strong>Az akkumul\u00e1tor \u00e9lettartama:<\/strong>A h\u00e1tt\u00e9rvil\u00e1g\u00edt\u00e1s f\u00e9nyereje jelent\u0151sen befoly\u00e1solja az akkumul\u00e1tor \u00e9lettartam\u00e1t. A f\u00e9nyer\u0151 cs\u00f6kkent\u00e9se \u00e9szrevehet\u0151en meghosszabb\u00edthatja az akkumul\u00e1tor \u00e9lettartam\u00e1t egyetlen t\u00f6lt\u00e9ssel.<\/li>\n<li><strong>A szem meger\u0151ltet\u00e9se:<\/strong>A f\u00e9nyes k\u00e9perny\u0151knek val\u00f3 folyamatos kitetts\u00e9g a szem meger\u0151ltet\u00e9s\u00e9t okozhatja. A f\u00e9nyer\u0151 be\u00e1ll\u00edt\u00e1sa \u00e9s az \u00e9jszakai olvas\u00e1si m\u00f3d haszn\u00e1lata seg\u00edthet ennek enyh\u00edt\u00e9s\u00e9ben.<\/li>\n<li><strong>Megjelen\u00edt\u00e9si technol\u00f3gia:<\/strong>A h\u00e1tt\u00e9rvil\u00e1g\u00edt\u00e1s teljes\u00edtm\u00e9nye k\u00f6lcs\u00f6nhat\u00e1sban van a telefon kijelz\u0151technol\u00f3gi\u00e1j\u00e1val (pl. LCD, OLED). Az OLED-kijelz\u0151k p\u00e9ld\u00e1ul az \u00f6nvil\u00e1g\u00edt\u00f3 jelleg\u00fck miatt jobb kontrasztot k\u00edn\u00e1lhatnak.<\/li>\n<\/ul>","protected":false},"excerpt":{"rendered":"<p>A telefon h\u00e1tt\u00e9rvil\u00e1g\u00edt\u00e1sa kulcsfontoss\u00e1g\u00fa \u00f6sszetev\u0151, amely l\u00e9tfontoss\u00e1g\u00fa szerepet j\u00e1tszik a felhaszn\u00e1l\u00f3i \u00e9lm\u00e9nyben. Energiahat\u00e9konys\u00e1ga, \u00e1ll\u00edthat\u00f3 f\u00e9nyereje \u00e9s tiszta k\u00e9pi megjelen\u00edt\u00e9sre val\u00f3 k\u00e9pess\u00e9ge a mobilk\u00e9sz\u00fcl\u00e9kek alapvet\u0151 technol\u00f3gi\u00e1j\u00e1v\u00e1 teszi. A kijelz\u0151technol\u00f3gia \u00e9s a h\u00e1tt\u00e9rvil\u00e1g\u00edt\u00e1s tervez\u00e9s\u00e9nek folyamatos fejl\u0151d\u00e9s\u00e9vel m\u00e9g hat\u00e9konyabb \u00e9s felhaszn\u00e1l\u00f3bar\u00e1tabb h\u00e1tt\u00e9rvil\u00e1g\u00edt\u00e1si megold\u00e1sokra sz\u00e1m\u00edthatunk a j\u00f6v\u0151beli okostelefonok eset\u00e9ben.<\/p>","protected":false},"featured_media":1545,"comment_status":"closed","ping_status":"closed","template":"","meta":[],"product_cat":[15],"product_tag":[],"_links":{"self":[{"href":"https:\/\/backlightmfg.com\/hu\/wp-json\/wp\/v2\/product\/1555"}],"collection":[{"href":"https:\/\/backlightmfg.com\/hu\/wp-json\/wp\/v2\/product"}],"about":[{"href":"https:\/\/backlightmfg.com\/hu\/wp-json\/wp\/v2\/types\/product"}],"replies":[{"embeddable":true,"href":"https:\/\/backlightmfg.com\/hu\/wp-json\/wp\/v2\/comments?post=1555"}],"wp:featuredmedia":[{"embeddable":true,"href":"https:\/\/backlightmfg.com\/hu\/wp-json\/wp\/v2\/media\/1545"}],"wp:attachment":[{"href":"https:\/\/backlightmfg.com\/hu\/wp-json\/wp\/v2\/media?parent=1555"}],"wp:term":[{"taxonomy":"product_cat","embeddable":true,"href":"https:\/\/backlightmfg.com\/hu\/wp-json\/wp\/v2\/product_cat?post=1555"},{"taxonomy":"product_tag","embeddable":true,"href":"https:\/\/backlightmfg.com\/hu\/wp-json\/wp\/v2\/product_tag?post=1555"}],"curies":[{"name":"wp","href":"https:\/\/api.w.org\/{rel}","templated":true}]}}