{"id":1554,"date":"2024-07-08T08:09:39","date_gmt":"2024-07-08T08:09:39","guid":{"rendered":"https:\/\/backlightmfg.com\/manufacturer\/tv-backlight\/"},"modified":"2024-09-15T06:29:45","modified_gmt":"2024-09-15T06:29:45","slug":"tv-backlight","status":"publish","type":"product","link":"https:\/\/backlightmfg.com\/hu\/tv-backlight\/","title":{"rendered":"TV h\u00e1tt\u00e9rvil\u00e1g\u00edt\u00e1s"},"content":{"rendered":"<p>A telev\u00edzi\u00f3 h\u00e1tt\u00e9rvil\u00e1g\u00edt\u00e1sa kritikus szerepet j\u00e1tszik a mag\u00e1val ragad\u00f3 \u00e9s \u00e9lvezetes t\u00e9v\u00e9z\u00e9si \u00e9lm\u00e9ny biztos\u00edt\u00e1s\u00e1ban. Ez a k\u00e9perny\u0151 m\u00f6g\u00f6tti rejtett f\u00e9nyforr\u00e1s, amely hat\u00e1ssal van a k\u00e9pmin\u0151s\u00e9gre, a felhaszn\u00e1l\u00f3i k\u00e9nyelemre, s\u0151t m\u00e9g a h\u00e1zimozi berendez\u00e9s eszt\u00e9tik\u00e1j\u00e1ra is.<\/p>\n<h3><strong>A TV h\u00e1tt\u00e9rvil\u00e1g\u00edt\u00e1s technol\u00f3gi\u00e1ja:<\/strong><\/h3>\n<p>A modern telev\u00edzi\u00f3k els\u0151sorban k\u00e9t h\u00e1tt\u00e9rvil\u00e1g\u00edt\u00e1si technol\u00f3gi\u00e1t haszn\u00e1lnak:<\/p>\n<ul>\n<li><strong style=\"color: #555555; font-size: 14.4px;\">LED h\u00e1tt\u00e9rvil\u00e1g\u00edt\u00e1s:<\/strong><span style=\"color: #555555; font-size: 14.4px;\">\u00a0Ez az uralkod\u00f3 technol\u00f3gia f\u00e9nykibocs\u00e1t\u00f3 di\u00f3d\u00e1kat (LED) haszn\u00e1l f\u00e9nyforr\u00e1sk\u00e9nt. A LED-ek sz\u00e1mos el\u0151nyt k\u00edn\u00e1lnak:<\/span><\/li>\n<li><strong>Energiahat\u00e9konys\u00e1g:<\/strong>A kisebb energiafogyaszt\u00e1s alacsonyabb energiasz\u00e1ml\u00e1kat \u00e9s kisebb k\u00f6rnyezeti l\u00e1bnyomot jelent.<\/li>\n<li><strong>Egyenletes megvil\u00e1g\u00edt\u00e1s:<\/strong>A LED-ek egyenletesebb f\u00e9nyeloszl\u00e1st biztos\u00edtanak a k\u00e9perny\u0151n, cs\u00f6kkentve a t\u00fckr\u00f6z\u0151d\u00e9st \u00e9s a forr\u00f3 foltokat a k\u00e9nyelmes n\u00e9z\u00e9si \u00e9lm\u00e9ny \u00e9rdek\u00e9ben.<\/li>\n<li><strong>\u00c1ll\u00edthat\u00f3 f\u00e9nyer\u0151:<\/strong>A h\u00e1tt\u00e9rvil\u00e1g\u00edt\u00e1s intenzit\u00e1sa a k\u00f6rnyezeti megvil\u00e1g\u00edt\u00e1shoz \u00e9s a tartalom t\u00edpus\u00e1hoz igaz\u00edthat\u00f3, ami tov\u00e1bb n\u00f6veli a k\u00e9nyelmet \u00e9s optimaliz\u00e1lja az energiafelhaszn\u00e1l\u00e1st.<\/li>\n<li><strong style=\"color: #555555; font-size: 14.4px;\">Full Array Local Dimming (FALD):<\/strong><span style=\"color: #555555; font-size: 14.4px;\">\u00a0Ez a fejlett LED-es h\u00e1tt\u00e9rvil\u00e1g\u00edt\u00e1si technol\u00f3gia lehet\u0151v\u00e9 teszi a h\u00e1tt\u00e9rvil\u00e1g\u00edt\u00e1si t\u00f6mb\u00f6n bel\u00fcli egyedi f\u00e9nyer\u0151-szab\u00e1lyoz\u00e1si z\u00f3n\u00e1k kialak\u00edt\u00e1s\u00e1t. Ez lehet\u0151v\u00e9 teszi:<\/span><\/li>\n<li><strong>Jav\u00edtott kontraszt:<\/strong>A FALD a h\u00e1tt\u00e9rvil\u00e1g\u00edt\u00e1s azon z\u00f3n\u00e1inak tomp\u00edt\u00e1s\u00e1val, amelyek a k\u00e9perny\u0151 s\u00f6t\u00e9t ter\u00fcleteinek felelnek meg, m\u00e9lyebb feket\u00e9ket \u00e9s gazdagabb kontrasztokat hoz l\u00e9tre a val\u00f3s\u00e1gh\u0171bb k\u00e9p \u00e9rdek\u00e9ben.<\/li>\n<li><strong>Cs\u00f6kkentett vir\u00e1gz\u00e1s:<\/strong>Blooming akkor fordul el\u0151, amikor a vil\u00e1gos ter\u00fcletek \"\u00e1tv\u00e1lnak\" a k\u00e9perny\u0151 s\u00f6t\u00e9t ter\u00fcleteire. A FALD az egyes h\u00e1tt\u00e9rvil\u00e1g\u00edt\u00e1si z\u00f3n\u00e1k pontos szab\u00e1lyoz\u00e1s\u00e1val minimaliz\u00e1lja ezt a hat\u00e1st.<\/li>\n<\/ul>\n<h3><strong>El\u0151ny\u00f6k:<\/strong><\/h3>\n<ul>\n<li><strong>Tov\u00e1bbfejlesztett k\u00e9pmin\u0151s\u00e9g:<\/strong>A h\u00e1tt\u00e9rvil\u00e1g\u00edt\u00e1s megvil\u00e1g\u00edtja a kijelz\u0151t, \u00edgy \u00e9l\u00e9nk sz\u00edneket, tiszta r\u00e9szleteket \u00e9s m\u00e9ly feket\u00e9ket l\u00e1that, ami m\u00e9g mag\u00e1val ragad\u00f3bb \u00e9lm\u00e9nyt ny\u00fajt.<\/li>\n<li><strong>Jav\u00edtott \u00e1tl\u00e1that\u00f3s\u00e1g:<\/strong>Az egyenletes megvil\u00e1g\u00edt\u00e1s cs\u00f6kkenti a t\u00fckr\u00f6z\u0151d\u00e9st \u00e9s a forr\u00f3 foltokat, \u00edgy a megjelen\u00edtett tartalomt\u00f3l f\u00fcggetlen\u00fcl tiszta \u00e9s k\u00e9nyelmes l\u00e1tv\u00e1nyt biztos\u00edt.<\/li>\n<li><strong>A szem meger\u0151ltet\u00e9s\u00e9nek cs\u00f6kkent\u00e9se:<\/strong>Az \u00e1ll\u00edthat\u00f3 f\u00e9nyer\u0151 lehet\u0151v\u00e9 teszi a k\u00f6rnyezeti megvil\u00e1g\u00edt\u00e1snak megfelel\u0151 szint be\u00e1ll\u00edt\u00e1s\u00e1t, \u00e9s cs\u00f6kkenti a szem meger\u0151ltet\u00e9s\u00e9t, k\u00fcl\u00f6n\u00f6sen a hosszabb n\u00e9z\u00e9si munkamenetek sor\u00e1n.<\/li>\n<li><strong>Eszt\u00e9tikai vonzer\u0151:<\/strong>A h\u00e1tt\u00e9rvil\u00e1g\u00edt\u00e1s hozz\u00e1j\u00e1rul a telev\u00edzi\u00f3 modernebb \u00e9s eleg\u00e1nsabb megjelen\u00e9s\u00e9hez, jav\u00edtva a h\u00e1zimozi berendez\u00e9s \u00e1ltal\u00e1nos megjelen\u00e9s\u00e9t.<\/li>\n<\/ul>\n<h3><strong>Megfontol\u00e1sok:<\/strong><\/h3>\n<ul>\n<li><strong>H\u00e1tt\u00e9rvil\u00e1g\u00edt\u00e1s t\u00edpusa:<\/strong>A hagyom\u00e1nyos LED-es h\u00e1tt\u00e9rvil\u00e1g\u00edt\u00e1s j\u00f3 \u00e1ltal\u00e1nos teljes\u00edtm\u00e9nyt ny\u00fajt, m\u00edg a FALD kiv\u00e1l\u00f3 kontrasztot \u00e9s cs\u00f6kkentett kivir\u00e1gz\u00e1st biztos\u00edt. A FALD TV-k azonban \u00e1ltal\u00e1ban dr\u00e1g\u00e1bbak.<\/li>\n<li><strong>A f\u00e9nyer\u0151szab\u00e1lyoz\u00f3 z\u00f3n\u00e1k sz\u00e1ma:<\/strong>A FALD h\u00e1tt\u00e9rvil\u00e1g\u00edt\u00e1sban a t\u00f6bb s\u00f6t\u00e9t\u00edt\u00e9si z\u00f3na finomabb vez\u00e9rl\u00e9st \u00e9s jobb k\u00e9pmin\u0151s\u00e9get biztos\u00edt, de n\u00f6velheti a k\u00f6lts\u00e9geket is.<\/li>\n<li><strong>Tartalom t\u00edpusa :<\/strong>A h\u00e1tt\u00e9rvil\u00e1g\u00edt\u00e1s teljes\u00edtm\u00e9nye befoly\u00e1solhatja a k\u00fcl\u00f6nb\u00f6z\u0151 tartalmak megtekint\u00e9s\u00e9nek \u00e9lm\u00e9ny\u00e9t. P\u00e9ld\u00e1ul a filmek s\u00f6t\u00e9t jelenetei jobban kihaszn\u00e1lj\u00e1k a FALD el\u0151nyeit, mint a vil\u00e1gos nappali tartalmak.<\/li>\n<\/ul>\n<h3><strong>A TV h\u00e1tt\u00e9rvil\u00e1g\u00edt\u00e1s j\u00f6v\u0151je:<\/strong><\/h3>\n<p>A h\u00e1tt\u00e9rvil\u00e1g\u00edt\u00e1si technol\u00f3gi\u00e1ban folyamatos a fejl\u0151d\u00e9s, amelynek c\u00e9lja a m\u00e9g jobb k\u00e9pmin\u0151s\u00e9g \u00e9s felhaszn\u00e1l\u00f3i \u00e9lm\u00e9ny biztos\u00edt\u00e1sa. \u00cdme n\u00e9h\u00e1ny lehets\u00e9ges j\u00f6v\u0151beli trend:<\/p>\n<ul>\n<li><strong>MicroLED h\u00e1tt\u00e9rvil\u00e1g\u00edt\u00e1s:<\/strong>Ez a k\u00f6vetkez\u0151 gener\u00e1ci\u00f3s technol\u00f3gia mikroszkopikus LED-eket haszn\u00e1l a m\u00e9g pontosabb helyi f\u00e9nyer\u0151szab\u00e1lyoz\u00e1shoz, ami kiv\u00e1l\u00f3 kontrasztot \u00e9s HDR (High Dynamic Range) teljes\u00edtm\u00e9nyt eredm\u00e9nyez.<\/li>\n<li><strong>OLED kijelz\u0151k:<\/strong>Az organikus f\u00e9nykibocs\u00e1t\u00f3 di\u00f3da technol\u00f3gia teljesen kik\u00fcsz\u00f6b\u00f6li a h\u00e1tt\u00e9rvil\u00e1g\u00edt\u00e1s sz\u00fcks\u00e9gess\u00e9g\u00e9t, mivel az egyes pixelek k\u00e9pesek \u00f6nmegvil\u00e1g\u00edt\u00e1sra, \u00edgy t\u00f6k\u00e9letes feket\u00e9t \u00e9s p\u00e1ratlan kontrasztar\u00e1nyt biztos\u00edtanak.<\/li>\n<\/ul>","protected":false},"excerpt":{"rendered":"<p>A telev\u00edzi\u00f3 h\u00e1tt\u00e9rvil\u00e1g\u00edt\u00e1sa a mag\u00e1val ragad\u00f3 t\u00e9v\u00e9z\u00e9si \u00e9lm\u00e9ny el\u00e9r\u00e9s\u00e9nek alapvet\u0151 eleme. A h\u00e1tt\u00e9rvil\u00e1g\u00edt\u00e1si technol\u00f3gi\u00e1k \u00e9s a k\u00e9pmin\u0151s\u00e9gre gyakorolt hat\u00e1suk meg\u00e9rt\u00e9s\u00e9vel kiv\u00e1laszthatja a n\u00e9z\u00e9si preferenci\u00e1inak \u00e9s k\u00f6lts\u00e9gvet\u00e9s\u00e9nek legmegfelel\u0151bb telev\u00edzi\u00f3t. A TV h\u00e1tt\u00e9rvil\u00e1g\u00edt\u00e1si technol\u00f3gia folyamatosan fejl\u0151dik, m\u00e9g t\u00f6bb innovat\u00edv megold\u00e1sra sz\u00e1m\u00edthatunk, amelyek tov\u00e1bb fokozz\u00e1k az otthoni sz\u00f3rakoztat\u00e1s \u00e9lvezet\u00e9t.<\/p>","protected":false},"featured_media":1546,"comment_status":"closed","ping_status":"closed","template":"","meta":[],"product_cat":[15],"product_tag":[],"_links":{"self":[{"href":"https:\/\/backlightmfg.com\/hu\/wp-json\/wp\/v2\/product\/1554"}],"collection":[{"href":"https:\/\/backlightmfg.com\/hu\/wp-json\/wp\/v2\/product"}],"about":[{"href":"https:\/\/backlightmfg.com\/hu\/wp-json\/wp\/v2\/types\/product"}],"replies":[{"embeddable":true,"href":"https:\/\/backlightmfg.com\/hu\/wp-json\/wp\/v2\/comments?post=1554"}],"wp:featuredmedia":[{"embeddable":true,"href":"https:\/\/backlightmfg.com\/hu\/wp-json\/wp\/v2\/media\/1546"}],"wp:attachment":[{"href":"https:\/\/backlightmfg.com\/hu\/wp-json\/wp\/v2\/media?parent=1554"}],"wp:term":[{"taxonomy":"product_cat","embeddable":true,"href":"https:\/\/backlightmfg.com\/hu\/wp-json\/wp\/v2\/product_cat?post=1554"},{"taxonomy":"product_tag","embeddable":true,"href":"https:\/\/backlightmfg.com\/hu\/wp-json\/wp\/v2\/product_tag?post=1554"}],"curies":[{"name":"wp","href":"https:\/\/api.w.org\/{rel}","templated":true}]}}