{"id":1553,"date":"2024-07-08T08:09:39","date_gmt":"2024-07-08T08:09:39","guid":{"rendered":"https:\/\/backlightmfg.com\/manufacturer\/film-backlighting\/"},"modified":"2024-09-15T06:29:45","modified_gmt":"2024-09-15T06:29:45","slug":"film-backlighting","status":"publish","type":"product","link":"https:\/\/backlightmfg.com\/hu\/film-backlighting\/","title":{"rendered":"Film h\u00e1tt\u00e9rvil\u00e1g\u00edt\u00e1s"},"content":{"rendered":"<p>A filmes h\u00e1tt\u00e9rvil\u00e1g\u00edt\u00e1s, m\u00e1s n\u00e9ven f\u00e9nyvezet\u0151 f\u00f3li\u00e1k (LGF) kiemelked\u0151 vil\u00e1g\u00edt\u00e1si technol\u00f3giak\u00e9nt jelentek meg, \u00e9s sz\u00e1mos el\u0151nyt k\u00edn\u00e1lnak a hagyom\u00e1nyos h\u00e1tt\u00e9rvil\u00e1g\u00edt\u00e1si m\u00f3dszerekkel szemben. Ezek a v\u00e9kony, rugalmas f\u00f3li\u00e1k k\u00f6rnyezetbar\u00e1t anyagokb\u00f3l, p\u00e9ld\u00e1ul polietil\u00e9n-tereftal\u00e1tb\u00f3l (PET) k\u00e9sz\u00fclnek, \u00e9s sz\u00e9les k\u00f6rben haszn\u00e1lj\u00e1k \u0151ket k\u00fcl\u00f6nb\u00f6z\u0151 alkalmaz\u00e1sokban, k\u00fcl\u00f6n\u00f6sen az elektronikus eszk\u00f6z\u00f6kben.<\/p>\n<h3><strong>A v\u00e9konyr\u00e9teg\u0171 h\u00e1tt\u00e9rvil\u00e1g\u00edt\u00e1s legfontosabb jellemz\u0151i:<\/strong><\/h3>\n<ul>\n<li><strong style=\"color: #555555; font-size: 14.4px;\">K\u00f6rnyezetbar\u00e1t:<\/strong><span style=\"color: #555555; font-size: 14.4px;\">\u00a0\u00dajrahasznos\u00edthat\u00f3 anyagokb\u00f3l k\u00e9sz\u00fclnek, \u00edgy minim\u00e1lisra cs\u00f6kkentve a k\u00f6rnyezetre gyakorolt hat\u00e1sukat.<\/span><\/li>\n<li><strong style=\"color: #555555; font-size: 14.4px;\">Egyenletes megvil\u00e1g\u00edt\u00e1s:<\/strong><span style=\"color: #555555; font-size: 14.4px;\">\u00a0Egys\u00e9ges \u00e9s k\u00f6vetkezetes f\u00e9nyeloszl\u00e1st biztos\u00edtanak a teljes fel\u00fcleten, kik\u00fcsz\u00f6b\u00f6lve a k\u00e1pr\u00e1z\u00e1st \u00e9s a forr\u00f3 pontokat.<\/span><\/li>\n<li><strong style=\"color: #555555; font-size: 14.4px;\">Energiahat\u00e9konys\u00e1g:<\/strong><span style=\"color: #555555; font-size: 14.4px;\">\u00a0A hagyom\u00e1nyos h\u00e1tt\u00e9rvil\u00e1g\u00edt\u00e1si m\u00f3dszerekhez k\u00e9pest l\u00e9nyegesen kevesebb energi\u00e1t fogyaszt, cs\u00f6kkentve ezzel az \u00fczemeltet\u00e9si k\u00f6lts\u00e9geket \u00e9s a k\u00f6rnyezetterhel\u00e9st.<\/span><\/li>\n<li><strong style=\"color: #555555; font-size: 14.4px;\">V\u00e9kony \u00e9s k\u00f6nny\u0171:<\/strong><span style=\"color: #555555; font-size: 14.4px;\">\u00a0V\u00e9kony \u00e9s k\u00f6nny\u0171 term\u00e9szet\u00fck miatt ide\u00e1lisak kompakt elektronikus eszk\u00f6z\u00f6kbe val\u00f3 be\u00e9p\u00edt\u00e9sre.<\/span><\/li>\n<li><strong style=\"color: #555555; font-size: 14.4px;\">Rugalmas tervez\u00e9s:<\/strong><span style=\"color: #555555; font-size: 14.4px;\">\u00a0K\u00f6nnyen alak\u00edthat\u00f3k \u00e9s testre szabhat\u00f3k a k\u00fcl\u00f6nb\u00f6z\u0151 tervez\u00e9si k\u00f6vetelm\u00e9nyekhez.<\/span><\/li>\n<li><strong style=\"color: #555555; font-size: 14.4px;\">K\u00f6lts\u00e9ghat\u00e9konys\u00e1g:<\/strong><span style=\"color: #555555; font-size: 14.4px;\">\u00a0K\u00f6lts\u00e9ghat\u00e9kony megold\u00e1st k\u00edn\u00e1lnak h\u00e1tt\u00e9rvil\u00e1g\u00edt\u00e1si alkalmaz\u00e1sokhoz.<\/span><\/li>\n<\/ul>\n<h3><strong style=\"font-size: 23.04px;\">A v\u00e9konyr\u00e9teg\u0171 h\u00e1tt\u00e9rvil\u00e1g\u00edt\u00e1s alkalmaz\u00e1sai:<\/strong><\/h3>\n<ul>\n<li><strong style=\"color: #555555; font-size: 14.4px;\">LCD kijelz\u0151k:<\/strong><span style=\"color: #555555; font-size: 14.4px;\">\u00a0Ezeket sz\u00e9les k\u00f6rben haszn\u00e1lj\u00e1k az okostelefonok, t\u00e1blag\u00e9pek, laptopok \u00e9s telev\u00edzi\u00f3k LCD-kijelz\u0151iben.<\/span><\/li>\n<li><strong style=\"color: #555555; font-size: 14.4px;\">H\u00e1tt\u00e9rvil\u00e1g\u00edt\u00e1s\u00fa billenty\u0171zetek:<\/strong><span style=\"color: #555555; font-size: 14.4px;\">\u00a0Megvil\u00e1g\u00edtj\u00e1k a billenty\u0171zeteket, \u00edgy jav\u00edtj\u00e1k a l\u00e1that\u00f3s\u00e1got gyenge f\u00e9nyviszonyok k\u00f6z\u00f6tt.<\/span><\/li>\n<li><strong style=\"color: #555555; font-size: 14.4px;\">Vez\u00e9rl\u0151panelek:<\/strong><span style=\"color: #555555; font-size: 14.4px;\">\u00a0A v\u00e9konyfilmes h\u00e1tt\u00e9rvil\u00e1g\u00edt\u00e1st k\u00e9sz\u00fcl\u00e9kek, ipari g\u00e9pek \u00e9s orvosi berendez\u00e9sek vez\u00e9rl\u0151paneljein alkalmazz\u00e1k.<\/span><\/li>\n<li><strong style=\"color: #555555; font-size: 14.4px;\">Jelz\u00e9sek \u00e9s rekl\u00e1mok:<\/strong><span style=\"color: #555555; font-size: 14.4px;\">\u00a0H\u00e1tt\u00e9rvil\u00e1g\u00edt\u00e1s\u00fa t\u00e1bl\u00e1kban \u00e9s rekl\u00e1mokban haszn\u00e1lj\u00e1k \u0151ket, figyelemfelkelt\u0151 megjelen\u00edt\u00e9seket l\u00e9trehozva.<\/span><\/li>\n<li><strong style=\"color: #555555; font-size: 14.4px;\">Dekorat\u00edv vil\u00e1g\u00edt\u00e1s:<\/strong><span style=\"color: #555555; font-size: 14.4px;\">\u00a0Ezek be\u00e9p\u00fclnek a dekorat\u00edv vil\u00e1g\u00edt\u00f3testekbe, hangulatot \u00e9s vizu\u00e1lis hangs\u00falyokat adnak.<\/span><\/li>\n<\/ul>\n<p><span style=\"font-size: 150%;\"><strong>A v\u00e9konyr\u00e9teg\u0171 h\u00e1tt\u00e9rvil\u00e1g\u00edt\u00e1s el\u0151nyei:<\/strong><\/span><\/p>\n<ul>\n<li><strong style=\"color: #555555; font-size: 14.4px;\">Jav\u00edtott vizu\u00e1lis k\u00e9nyelem:<\/strong><span style=\"color: #555555; font-size: 14.4px;\">\u00a0Az egyenletes megvil\u00e1g\u00edt\u00e1s cs\u00f6kkenti a szem meger\u0151ltet\u00e9s\u00e9t \u00e9s n\u00f6veli a vizu\u00e1lis k\u00e9nyelmet.<\/span><\/li>\n<li><strong style=\"color: #555555; font-size: 14.4px;\">Tov\u00e1bbfejlesztett term\u00e9keszt\u00e9tika:<\/strong><span style=\"color: #555555; font-size: 14.4px;\">\u00a0A v\u00e9konyfilmes h\u00e1tt\u00e9rvil\u00e1g\u00edt\u00e1s eleganci\u00e1t \u00e9s kifinomults\u00e1got k\u00f6lcs\u00f6n\u00f6z az elektronikus eszk\u00f6z\u00f6knek.<\/span><\/li>\n<li><strong style=\"color: #555555; font-size: 14.4px;\">Tervez\u00e9si szabads\u00e1g:<\/strong><span style=\"color: #555555; font-size: 14.4px;\">\u00a0Rugalmass\u00e1guk lehet\u0151v\u00e9 teszi a kreat\u00edv vil\u00e1g\u00edt\u00e1si terveket \u00e9s a k\u00fcl\u00f6nb\u00f6z\u0151 term\u00e9kekbe val\u00f3 integr\u00e1l\u00e1st.<\/span><\/li>\n<li><strong style=\"color: #555555; font-size: 14.4px;\">Energiatakar\u00e9koss\u00e1g:<\/strong><span style=\"color: #555555; font-size: 14.4px;\">\u00a0Az energiahat\u00e9konys\u00e1g alacsonyabb \u00fczemeltet\u00e9si k\u00f6lts\u00e9geket \u00e9s kisebb k\u00f6rnyezeti terhel\u00e9st jelent.<\/span><\/li>\n<li><strong style=\"color: #555555; font-size: 14.4px;\">K\u00f6lts\u00e9ghat\u00e9konys\u00e1g:<\/strong><span style=\"color: #555555; font-size: 14.4px;\">\u00a0Ezek k\u00f6lts\u00e9g-versenyk\u00e9pes megold\u00e1st k\u00edn\u00e1lnak a h\u00e1tt\u00e9rvil\u00e1g\u00edt\u00e1si alkalmaz\u00e1sokhoz.<\/span><\/li>\n<\/ul>","protected":false},"excerpt":{"rendered":"<p>A filmes h\u00e1tt\u00e9rvil\u00e1g\u00edt\u00e1s forradalmas\u00edtotta a vil\u00e1g\u00edt\u00e1stechnik\u00e1t, \u00e9s kiv\u00e1l\u00f3 alternat\u00edv\u00e1t ny\u00fajt a hagyom\u00e1nyos h\u00e1tt\u00e9rvil\u00e1g\u00edt\u00e1si m\u00f3dszerekhez k\u00e9pest. K\u00f6rnyezetbar\u00e1ts\u00e1guk, egyenletes megvil\u00e1g\u00edt\u00e1suk, energiahat\u00e9konys\u00e1guk, karcs\u00fa kialak\u00edt\u00e1suk \u00e9s k\u00f6lts\u00e9ghat\u00e9konys\u00e1guk sokoldal\u00fa \u00e9s keresett megold\u00e1ss\u00e1 teszi \u0151ket az alkalmaz\u00e1sok sz\u00e9les k\u00f6r\u00e9ben. A technol\u00f3gia fejl\u0151d\u00e9s\u00e9vel a v\u00e9konyfilmes h\u00e1tt\u00e9rvil\u00e1g\u00edt\u00e1s v\u00e1rhat\u00f3an tov\u00e1bb fejl\u0151dik, \u00e9s a j\u00f6v\u0151ben m\u00e9g innovat\u00edvabb \u00e9s hat\u00e9konyabb vil\u00e1g\u00edt\u00e1si megold\u00e1sokat k\u00edn\u00e1l.<\/p>","protected":false},"featured_media":1540,"comment_status":"closed","ping_status":"closed","template":"","meta":[],"product_cat":[15],"product_tag":[],"_links":{"self":[{"href":"https:\/\/backlightmfg.com\/hu\/wp-json\/wp\/v2\/product\/1553"}],"collection":[{"href":"https:\/\/backlightmfg.com\/hu\/wp-json\/wp\/v2\/product"}],"about":[{"href":"https:\/\/backlightmfg.com\/hu\/wp-json\/wp\/v2\/types\/product"}],"replies":[{"embeddable":true,"href":"https:\/\/backlightmfg.com\/hu\/wp-json\/wp\/v2\/comments?post=1553"}],"wp:featuredmedia":[{"embeddable":true,"href":"https:\/\/backlightmfg.com\/hu\/wp-json\/wp\/v2\/media\/1540"}],"wp:attachment":[{"href":"https:\/\/backlightmfg.com\/hu\/wp-json\/wp\/v2\/media?parent=1553"}],"wp:term":[{"taxonomy":"product_cat","embeddable":true,"href":"https:\/\/backlightmfg.com\/hu\/wp-json\/wp\/v2\/product_cat?post=1553"},{"taxonomy":"product_tag","embeddable":true,"href":"https:\/\/backlightmfg.com\/hu\/wp-json\/wp\/v2\/product_tag?post=1553"}],"curies":[{"name":"wp","href":"https:\/\/api.w.org\/{rel}","templated":true}]}}