{"id":1551,"date":"2024-07-08T08:09:39","date_gmt":"2024-07-08T08:09:39","guid":{"rendered":"https:\/\/backlightmfg.com\/manufacturer\/led-backlighting\/"},"modified":"2024-09-15T06:29:47","modified_gmt":"2024-09-15T06:29:47","slug":"led-backlighting","status":"publish","type":"product","link":"https:\/\/backlightmfg.com\/hu\/led-backlighting\/","title":{"rendered":"LED h\u00e1tt\u00e9rvil\u00e1g\u00edt\u00e1s"},"content":{"rendered":"<p>A LED-h\u00e1tt\u00e9rvil\u00e1g\u00edt\u00e1s, a modern kijelz\u0151technol\u00f3gia meghat\u00e1roz\u00f3 ereje, f\u00e9nykibocs\u00e1t\u00f3 di\u00f3d\u00e1kat (LED) haszn\u00e1l f\u00e9nyforr\u00e1sk\u00e9nt a kijelz\u0151k h\u00e1tulr\u00f3l t\u00f6rt\u00e9n\u0151 megvil\u00e1g\u00edt\u00e1s\u00e1hoz. Ez a technol\u00f3gia forradalmas\u00edtotta a h\u00e1tt\u00e9rvil\u00e1g\u00edt\u00e1st, \u00e9s jelent\u0151s el\u0151ny\u00f6ket k\u00edn\u00e1l a hagyom\u00e1nyos m\u00f3dszerekkel szemben.<\/p>\n<h3><strong>A LED h\u00e1tt\u00e9rvil\u00e1g\u00edt\u00e1s legfontosabb el\u0151nyei:<\/strong><\/h3>\n<ul>\n<li><strong style=\"color: #555555; font-size: 14.4px;\">Energiahat\u00e9konys\u00e1g:<\/strong><span style=\"color: #555555; font-size: 14.4px;\">\u00a0A LED-ek a hagyom\u00e1nyos h\u00e1tt\u00e9rvil\u00e1g\u00edt\u00e1shoz, p\u00e9ld\u00e1ul a f\u00e9nycs\u00f6vekhez k\u00e9pest jelent\u0151sen kevesebb energi\u00e1t fogyasztanak, ami alacsonyabb energiasz\u00e1ml\u00e1kat \u00e9s kisebb k\u00f6rnyezeti terhel\u00e9st eredm\u00e9nyez.<\/span><\/li>\n<li><strong style=\"color: #555555; font-size: 14.4px;\">Egyenletes megvil\u00e1g\u00edt\u00e1s:<\/strong><span style=\"color: #555555; font-size: 14.4px;\">\u00a0A LED-h\u00e1tt\u00e9rvil\u00e1g\u00edt\u00e1s egyenletesebb \u00e9s k\u00f6vetkezetesebb f\u00e9nyeloszl\u00e1st biztos\u00edt a kijelz\u0151n, minimaliz\u00e1lva a t\u00fckr\u00f6z\u0151d\u00e9st \u00e9s a forr\u00f3 pontokat. Ez k\u00e9nyelmesebb \u00e9s vizu\u00e1lisan kellemesebb megtekint\u00e9si \u00e9lm\u00e9nyt eredm\u00e9nyez.<\/span><\/li>\n<li><strong style=\"color: #555555; font-size: 14.4px;\">V\u00e9kony \u00e9s k\u00f6nny\u0171 kialak\u00edt\u00e1s:<\/strong><span style=\"color: #555555; font-size: 14.4px;\">\u00a0A LED-ek kompaktak \u00e9s k\u00f6nny\u0171ek, lehet\u0151v\u00e9 t\u00e9ve v\u00e9konyabb \u00e9s k\u00f6nnyebb elektronikus eszk\u00f6z\u00f6k tervez\u00e9s\u00e9t.<\/span><\/li>\n<li><strong style=\"color: #555555; font-size: 14.4px;\">\u00c1ll\u00edthat\u00f3 f\u00e9nyer\u0151:<\/strong><span style=\"color: #555555; font-size: 14.4px;\">\u00a0A LED-es h\u00e1tt\u00e9rvil\u00e1g\u00edt\u00e1s lehet\u0151v\u00e9 teszi a dinamikus f\u00e9nyer\u0151szab\u00e1lyoz\u00e1st, amely a k\u00f6rnyezeti f\u00e9nyviszonyok \u00e9s a megjelen\u00edtett tartalom alapj\u00e1n \u00e1ll\u00edthat\u00f3 be, tov\u00e1bb jav\u00edtva az energiahat\u00e9konys\u00e1got \u00e9s a felhaszn\u00e1l\u00f3i k\u00e9nyelmet.<\/span><\/li>\n<li><strong style=\"color: #555555; font-size: 14.4px;\">Sz\u00ednsk\u00e1la \u00e9s vibr\u00e1l\u00e1s:<\/strong><span style=\"color: #555555; font-size: 14.4px;\">\u00a0A LED-ek a hagyom\u00e1nyos h\u00e1tt\u00e9rvil\u00e1g\u00edt\u00e1shoz k\u00e9pest sz\u00e9lesebb sz\u00edntartom\u00e1nyt k\u00e9pesek el\u0151\u00e1ll\u00edtani, ami \u00e9l\u00e9nkebb \u00e9s \u00e9leth\u0171bb megjelen\u00edt\u00e9st eredm\u00e9nyez a kijelz\u0151k\u00f6n.<\/span><\/li>\n<li><strong style=\"color: #555555; font-size: 14.4px;\">Jav\u00edtott \u00e9lettartam:<\/strong><span style=\"color: #555555; font-size: 14.4px;\">\u00a0A LED-ek a hagyom\u00e1nyos h\u00e1tt\u00e9rvil\u00e1g\u00edt\u00e1shoz k\u00e9pest jelent\u0151sen hosszabb \u00e9lettartammal b\u00fcszk\u00e9lkedhetnek, \u00edgy k\u00f6lts\u00e9ghat\u00e9konyabb \u00e9s tart\u00f3sabb megold\u00e1st k\u00edn\u00e1lnak.<\/span><\/li>\n<\/ul>\n<h3><strong style=\"font-size: 23.04px;\">A LED h\u00e1tt\u00e9rvil\u00e1g\u00edt\u00e1s alkalmaz\u00e1sai:<\/strong><\/h3>\n<ul>\n<li><strong style=\"color: #555555; font-size: 14.4px;\">LCD kijelz\u0151k:<\/strong><span style=\"color: #555555; font-size: 14.4px;\">\u00a0A LED-h\u00e1tt\u00e9rvil\u00e1g\u00edt\u00e1s minden\u00fctt jelen van a telev\u00edzi\u00f3k, laptopok, t\u00e1blag\u00e9pek, okostelefonok \u00e9s sz\u00e1m\u00edt\u00f3g\u00e9p-monitorok LCD-kijelz\u0151iben.<\/span><\/li>\n<li><strong style=\"color: #555555; font-size: 14.4px;\">Digit\u00e1lis jelz\u00e9sek:<\/strong><span style=\"color: #555555; font-size: 14.4px;\">\u00a0A LED h\u00e1tt\u00e9rvil\u00e1g\u00edt\u00e1s megvil\u00e1g\u00edtja a digit\u00e1lis kijelz\u0151ket, \u00e9s figyelemfelkelt\u0151 l\u00e1tv\u00e1nyt teremt a rekl\u00e1moz\u00e1shoz \u00e9s az inform\u00e1ci\u00f3terjeszt\u00e9shez.<\/span><\/li>\n<li><strong style=\"color: #555555; font-size: 14.4px;\">Aut\u00f3ipari kijelz\u0151k:<\/strong><span style=\"color: #555555; font-size: 14.4px;\">\u00a0A LED h\u00e1tt\u00e9rvil\u00e1g\u00edt\u00e1st az aut\u00f3k m\u0171szerfalain \u00e9s m\u0171szercsoportjain haszn\u00e1lj\u00e1k, tiszta \u00e9s vil\u00e1gos inform\u00e1ci\u00f3s kijelz\u0151ket biztos\u00edtva.<\/span><\/li>\n<li><strong style=\"color: #555555; font-size: 14.4px;\">H\u00e1tt\u00e9rvil\u00e1g\u00edt\u00e1s\u00fa billenty\u0171zetek:<\/strong><span style=\"color: #555555; font-size: 14.4px;\">\u00a0A LED-ek megvil\u00e1g\u00edtj\u00e1k a billenty\u0171zet billenty\u0171it, jav\u00edtva a l\u00e1that\u00f3s\u00e1got gyenge f\u00e9nyviszonyok k\u00f6z\u00f6tt.<\/span><\/li>\n<li><strong style=\"color: #555555; font-size: 14.4px;\">Sz\u00f3rakoztat\u00f3 elektronika:<\/strong><span style=\"color: #555555; font-size: 14.4px;\">\u00a0A technol\u00f3gi\u00e1t a sz\u00f3rakoztat\u00f3 elektronika sz\u00e9les sk\u00e1l\u00e1j\u00e1n alkalmazz\u00e1k, bele\u00e9rtve a j\u00e1t\u00e9kkonzolokat \u00e9s a h\u00e1ztart\u00e1si k\u00e9sz\u00fcl\u00e9keket.<\/span><\/li>\n<\/ul>\n<h3><strong style=\"font-size: 23.04px;\">A LED-es h\u00e1tt\u00e9rvil\u00e1g\u00edt\u00e1s j\u00f6v\u0151je:<\/strong><\/h3>\n<p>A LED-h\u00e1tt\u00e9rvil\u00e1g\u00edt\u00e1si technol\u00f3gia folyamatosan fejl\u0151dik. A fejl\u0151d\u00e9s olyan ter\u00fcleteken v\u00e1rhat\u00f3, mint:<\/p>\n<ul>\n<li><strong style=\"color: #555555; font-size: 14.4px;\">MicroLED h\u00e1tt\u00e9rvil\u00e1g\u00edt\u00e1s:<\/strong><span style=\"color: #555555; font-size: 14.4px;\">\u00a0Ez a k\u00f6vetkez\u0151 gener\u00e1ci\u00f3s technol\u00f3gia mikroszkopikus LED-eket haszn\u00e1l a m\u00e9g pontosabb \u00e9s dinamikusabb h\u00e1tt\u00e9rvil\u00e1g\u00edt\u00e1s-szab\u00e1lyoz\u00e1shoz, ami jobb k\u00e9pmin\u0151s\u00e9get \u00e9s kontrasztot eredm\u00e9nyez.<\/span><\/li>\n<li><strong style=\"color: #555555; font-size: 14.4px;\">MiniLED h\u00e1tt\u00e9rvil\u00e1g\u00edt\u00e1s:<\/strong><span style=\"color: #555555; font-size: 14.4px;\">\u00a0A kisebb \u00e9s s\u0171r\u0171bben elhelyezett LED-ek nagyobb kontrollt biztos\u00edtanak a helyi f\u00e9nyer\u0151szab\u00e1lyoz\u00e1s felett, \u00e9s jav\u00edtj\u00e1k a HDR (High Dynamic Range) teljes\u00edtm\u00e9nyt a kijelz\u0151k\u00f6n.<\/span><\/li>\n<li><strong style=\"color: #555555; font-size: 14.4px;\">Szerves f\u00e9nykibocs\u00e1t\u00f3 di\u00f3da (OLED) h\u00e1tt\u00e9rvil\u00e1g\u00edt\u00e1s:<\/strong><span style=\"color: #555555; font-size: 14.4px;\">\u00a0Az OLED-technol\u00f3gia lehet\u0151s\u00e9get k\u00edn\u00e1l az \u00f6nvil\u00e1g\u00edt\u00f3 kijelz\u0151k l\u00e9trehoz\u00e1s\u00e1ra, ami teljesen kik\u00fcsz\u00f6b\u00f6li a k\u00fcl\u00f6n h\u00e1tt\u00e9rvil\u00e1g\u00edt\u00e1s sz\u00fcks\u00e9gess\u00e9g\u00e9t.<\/span><\/li>\n<\/ul>","protected":false},"excerpt":{"rendered":"<p>A LED h\u00e1tt\u00e9rvil\u00e1g\u00edt\u00e1s forradalmas\u00edtotta a kijelz\u0151technol\u00f3gi\u00e1t, \u00e9s kiv\u00e1l\u00f3 alternat\u00edv\u00e1t k\u00edn\u00e1l a hagyom\u00e1nyos h\u00e1tt\u00e9rvil\u00e1g\u00edt\u00e1ssal szemben. Energiahat\u00e9konys\u00e1ga, jobb l\u00e1tv\u00e1nya, v\u00e9kony kialak\u00edt\u00e1sa \u00e9s hossz\u00fa \u00e9lettartama miatt a modern kijelz\u0151k meghat\u00e1roz\u00f3 technol\u00f3gi\u00e1ja. Az innov\u00e1ci\u00f3k folytat\u00e1s\u00e1val a LED-es h\u00e1tt\u00e9rvil\u00e1g\u00edt\u00e1s a kijelz\u0151technol\u00f3gia j\u00f6v\u0151j\u00e9t fogja alak\u00edtani, m\u00e9g leny\u0171g\u00f6z\u0151bb \u00e9s energiatakar\u00e9kosabb vizu\u00e1lis \u00e9lm\u00e9nyt ny\u00fajtva.<\/p>","protected":false},"featured_media":1542,"comment_status":"closed","ping_status":"closed","template":"","meta":[],"product_cat":[15],"product_tag":[],"_links":{"self":[{"href":"https:\/\/backlightmfg.com\/hu\/wp-json\/wp\/v2\/product\/1551"}],"collection":[{"href":"https:\/\/backlightmfg.com\/hu\/wp-json\/wp\/v2\/product"}],"about":[{"href":"https:\/\/backlightmfg.com\/hu\/wp-json\/wp\/v2\/types\/product"}],"replies":[{"embeddable":true,"href":"https:\/\/backlightmfg.com\/hu\/wp-json\/wp\/v2\/comments?post=1551"}],"wp:featuredmedia":[{"embeddable":true,"href":"https:\/\/backlightmfg.com\/hu\/wp-json\/wp\/v2\/media\/1542"}],"wp:attachment":[{"href":"https:\/\/backlightmfg.com\/hu\/wp-json\/wp\/v2\/media?parent=1551"}],"wp:term":[{"taxonomy":"product_cat","embeddable":true,"href":"https:\/\/backlightmfg.com\/hu\/wp-json\/wp\/v2\/product_cat?post=1551"},{"taxonomy":"product_tag","embeddable":true,"href":"https:\/\/backlightmfg.com\/hu\/wp-json\/wp\/v2\/product_tag?post=1551"}],"curies":[{"name":"wp","href":"https:\/\/api.w.org\/{rel}","templated":true}]}}