{"id":1550,"date":"2024-07-08T08:09:39","date_gmt":"2024-07-08T08:09:39","guid":{"rendered":"https:\/\/backlightmfg.com\/manufacturer\/el-backlighting\/"},"modified":"2024-09-15T06:29:47","modified_gmt":"2024-09-15T06:29:47","slug":"el-backlighting","status":"publish","type":"product","link":"https:\/\/backlightmfg.com\/hu\/el-backlighting\/","title":{"rendered":"EL h\u00e1tt\u00e9rvil\u00e1g\u00edt\u00e1s"},"content":{"rendered":"<p>Az EL h\u00e1tt\u00e9rvil\u00e1g\u00edt\u00e1si forr\u00e1st f\u00e9nyer\u0151, egyenletess\u00e9g, l\u00e1gys\u00e1g \u00e9s tart\u00f3ss\u00e1g jellemzi, \u00edgy sz\u00e9les k\u00f6rben alkalmazhat\u00f3 k\u00fcl\u00f6nb\u00f6z\u0151 ter\u00fcleteken, p\u00e9ld\u00e1ul kijelz\u0151paneleken, kereskedelmi hirdet\u0151t\u00e1bl\u00e1kon \u00e9s dekorat\u00edv vil\u00e1g\u00edt\u00e1sban.<\/p>\n<h3><strong>Az EL h\u00e1tt\u00e9rvil\u00e1g\u00edt\u00e1s legfontosabb el\u0151nyei:<\/strong><\/h3>\n<ul>\n<li><strong style=\"color: #555555; font-size: 14.4px;\">Energiahat\u00e9konys\u00e1g:<\/strong><span style=\"color: #555555; font-size: 14.4px;\">\u00a0Az izz\u00f3l\u00e1mp\u00e1khoz \u00e9s a f\u00e9nycs\u00f6vekhez k\u00e9pest jelent\u0151sen kevesebb energi\u00e1t fogyasztanak, ami alacsonyabb \u00fczemeltet\u00e9si k\u00f6lts\u00e9geket \u00e9s kisebb k\u00f6rnyezeti terhel\u00e9st eredm\u00e9nyez.<\/span><\/li>\n<li><strong style=\"color: #555555; font-size: 14.4px;\">Egyenletess\u00e9g:<\/strong><span style=\"color: #555555; font-size: 14.4px;\">\u00a0Egys\u00e9ges \u00e9s egyenletes megvil\u00e1g\u00edt\u00e1st biztos\u00edtanak a teljes fel\u00fcleten, kik\u00fcsz\u00f6b\u00f6lve a k\u00e1pr\u00e1z\u00e1st \u00e9s a forr\u00f3 pontokat.<\/span><\/li>\n<li><strong style=\"color: #555555; font-size: 14.4px;\">Puha:<\/strong><span style=\"color: #555555; font-size: 14.4px;\">\u00a0Az EL h\u00e1tt\u00e9rvil\u00e1g\u00edt\u00e1s \u00e1ltal kibocs\u00e1tott f\u00e9ny l\u00e1gy \u00e9s sz\u00f3rt, \u00edgy k\u00e9nyelmes \u00e9s kellemes l\u00e1tv\u00e1nyt ny\u00fajt.<\/span><\/li>\n<li><strong style=\"color: #555555; font-size: 14.4px;\">Tart\u00f3ss\u00e1g: Ezek<\/strong><span style=\"color: #555555; font-size: 14.4px;\">\u00a0rendk\u00edv\u00fcl tart\u00f3sak \u00e9s ellen\u00e1llnak az \u00fct\u00e9seknek \u00e9s rezg\u00e9seknek, \u00edgy ig\u00e9nyes alkalmaz\u00e1sokhoz is alkalmasak.<\/span><\/li>\n<li><strong style=\"color: #555555; font-size: 14.4px;\">Rugalmas tervez\u00e9s:<\/strong><span style=\"color: #555555; font-size: 14.4px;\">\u00a0K\u00f6nnyen alak\u00edthat\u00f3k \u00e9s testre szabhat\u00f3k a k\u00fcl\u00f6nb\u00f6z\u0151 tervez\u00e9si k\u00f6vetelm\u00e9nyekhez.<\/span><\/li>\n<li><strong style=\"color: #555555; font-size: 14.4px;\">Sz\u00ednv\u00e1laszt\u00e9k:<\/strong><span style=\"color: #555555; font-size: 14.4px;\">\u00a0A sz\u00ednek sz\u00e9les sk\u00e1l\u00e1j\u00e1t k\u00e9pesek el\u0151\u00e1ll\u00edtani, bele\u00e9rtve a teljes sz\u00edn\u0171 opci\u00f3kat is, ami n\u00f6veli a vizu\u00e1lis vonzer\u0151t \u00e9s a tervez\u00e9si lehet\u0151s\u00e9geket.<\/span><\/li>\n<\/ul>\n<h3><strong style=\"font-size: 23.04px;\">Az EL h\u00e1tt\u00e9rvil\u00e1g\u00edt\u00e1s sz\u00e9lesk\u00f6r\u0171 alkalmaz\u00e1sa:<\/strong><\/h3>\n<p>EL sz\u00e9lesk\u00f6r\u0171 alkalmaz\u00e1sra tal\u00e1ltak a legk\u00fcl\u00f6nb\u00f6z\u0151bb ter\u00fcleteken:<\/p>\n<ul>\n<li><strong style=\"color: #555555; font-size: 14.4px;\">Kijelz\u0151panelek:<\/strong><span style=\"color: #555555; font-size: 14.4px;\">\u00a0\u00c1ltal\u00e1ban az okostelefonok, t\u00e1blag\u00e9pek, laptopok \u00e9s telev\u00edzi\u00f3k LCD- \u00e9s OLED-kijelz\u0151iben haszn\u00e1lj\u00e1k \u0151ket.<\/span><\/li>\n<li><strong style=\"color: #555555; font-size: 14.4px;\">Kereskedelmi hirdet\u0151t\u00e1bl\u00e1k:<\/strong><span style=\"color: #555555; font-size: 14.4px;\">\u00a0Megvil\u00e1g\u00edtj\u00e1k a kereskedelmi hirdet\u0151t\u00e1bl\u00e1kat, figyelemfelkelt\u0151 \u00e9s \u00e9l\u00e9nk rekl\u00e1mokat biztos\u00edtva.<\/span><\/li>\n<li><strong style=\"color: #555555; font-size: 14.4px;\">Dekorat\u00edv vil\u00e1g\u00edt\u00e1s:<\/strong><span style=\"color: #555555; font-size: 14.4px;\">\u00a0D\u00edszvil\u00e1g\u00edt\u00e1si l\u00e1mpatestekben alkalmazz\u00e1k \u0151ket, hangulatot \u00e9s vizu\u00e1lis hangs\u00falyokat teremtve.<\/span><\/li>\n<li><strong style=\"color: #555555; font-size: 14.4px;\">Aut\u00f3ipari bels\u0151 terek:<\/strong><span style=\"color: #555555; font-size: 14.4px;\">\u00a0Ezeket be\u00e9p\u00edtik az aut\u00f3k m\u0171szerfal\u00e1ba, m\u0171szerfal\u00e1ba \u00e9s a vez\u00e9rl\u0151gombokba.<\/span><\/li>\n<li><strong style=\"color: #555555; font-size: 14.4px;\">Orvostechnikai eszk\u00f6z\u00f6k:<\/strong><span style=\"color: #555555; font-size: 14.4px;\">\u00a0Ezeket az orvosi berendez\u00e9sekben haszn\u00e1lj\u00e1k az egy\u00e9rtelm\u0171 \u00e9s pontos megjelen\u00edt\u00e9shez.<\/span><\/li>\n<li><strong style=\"color: #555555; font-size: 14.4px;\">Ipari alkalmaz\u00e1sok:<\/strong><span style=\"color: #555555; font-size: 14.4px;\">\u00a0Ipari vez\u00e9rl\u0151paneleken \u00e9s jelz\u00e9seken alkalmazz\u00e1k \u0151ket a jobb l\u00e1that\u00f3s\u00e1g \u00e9rdek\u00e9ben.<\/span><\/li>\n<\/ul>","protected":false},"excerpt":{"rendered":"<p>Az EL h\u00e1tt\u00e9rvil\u00e1g\u00edt\u00e1s forradalmas\u00edtotta a vil\u00e1g\u00edt\u00e1stechnik\u00e1t, \u00e9s kiv\u00e1l\u00f3 alternat\u00edv\u00e1t k\u00edn\u00e1l a hagyom\u00e1nyos f\u00e9nyforr\u00e1sokkal szemben. Energiahat\u00e9konys\u00e1guk, egyenletess\u00e9g\u00fck, l\u00e1gys\u00e1guk, tart\u00f3ss\u00e1guk, tervez\u00e9si rugalmass\u00e1guk \u00e9s sz\u00ednv\u00e1laszt\u00e9kuk sokoldal\u00fa \u00e9s keresett megold\u00e1ss\u00e1 teszi \u0151ket az alkalmaz\u00e1sok sz\u00e9les sk\u00e1l\u00e1j\u00e1n. A technol\u00f3gia fejl\u0151d\u00e9s\u00e9vel az EL h\u00e1tt\u00e9rvil\u00e1g\u00edt\u00e1s v\u00e1rhat\u00f3an tov\u00e1bb fejl\u0151dik, m\u00e9g innovat\u00edvabb \u00e9s hat\u00e9konyabb vil\u00e1g\u00edt\u00e1si megold\u00e1sokat k\u00edn\u00e1lva.<\/p>","protected":false},"featured_media":1538,"comment_status":"closed","ping_status":"closed","template":"","meta":[],"product_cat":[15],"product_tag":[],"_links":{"self":[{"href":"https:\/\/backlightmfg.com\/hu\/wp-json\/wp\/v2\/product\/1550"}],"collection":[{"href":"https:\/\/backlightmfg.com\/hu\/wp-json\/wp\/v2\/product"}],"about":[{"href":"https:\/\/backlightmfg.com\/hu\/wp-json\/wp\/v2\/types\/product"}],"replies":[{"embeddable":true,"href":"https:\/\/backlightmfg.com\/hu\/wp-json\/wp\/v2\/comments?post=1550"}],"wp:featuredmedia":[{"embeddable":true,"href":"https:\/\/backlightmfg.com\/hu\/wp-json\/wp\/v2\/media\/1538"}],"wp:attachment":[{"href":"https:\/\/backlightmfg.com\/hu\/wp-json\/wp\/v2\/media?parent=1550"}],"wp:term":[{"taxonomy":"product_cat","embeddable":true,"href":"https:\/\/backlightmfg.com\/hu\/wp-json\/wp\/v2\/product_cat?post=1550"},{"taxonomy":"product_tag","embeddable":true,"href":"https:\/\/backlightmfg.com\/hu\/wp-json\/wp\/v2\/product_tag?post=1550"}],"curies":[{"name":"wp","href":"https:\/\/api.w.org\/{rel}","templated":true}]}}