{"id":1553,"date":"2024-07-08T08:09:39","date_gmt":"2024-07-08T08:09:39","guid":{"rendered":"https:\/\/backlightmfg.com\/manufacturer\/film-backlighting\/"},"modified":"2024-09-15T06:29:45","modified_gmt":"2024-09-15T06:29:45","slug":"film-backlighting","status":"publish","type":"product","link":"https:\/\/backlightmfg.com\/fr\/film-backlighting\/","title":{"rendered":"R\u00e9tro-\u00e9clairage des films"},"content":{"rendered":"<p>Les r\u00e9tro\u00e9clairages par film, \u00e9galement connus sous le nom de films guides de lumi\u00e8re (LGF), se sont impos\u00e9s comme une technologie d'\u00e9clairage de premier plan, offrant une s\u00e9rie d'avantages par rapport aux m\u00e9thodes de r\u00e9tro\u00e9clairage traditionnelles. Ces films minces et flexibles sont fabriqu\u00e9s \u00e0 partir de mat\u00e9riaux \u00e9cologiques tels que le poly\u00e9thyl\u00e8ne t\u00e9r\u00e9phtalate (PET) et sont largement utilis\u00e9s dans diverses applications, en particulier dans les appareils \u00e9lectroniques.<\/p>\n<h3><strong>Principales caract\u00e9ristiques des r\u00e9tro\u00e9clairages \u00e0 couche mince :<\/strong><\/h3>\n<ul>\n<li><strong style=\"color: #555555; font-size: 14.4px;\">Respect de l'environnement :<\/strong><span style=\"color: #555555; font-size: 14.4px;\">\u00a0Ils sont fabriqu\u00e9s \u00e0 partir de mat\u00e9riaux recyclables, ce qui minimise leur impact sur l'environnement.<\/span><\/li>\n<li><strong style=\"color: #555555; font-size: 14.4px;\">\u00c9clairage uniforme :<\/strong><span style=\"color: #555555; font-size: 14.4px;\">\u00a0Ils assurent une distribution uniforme et coh\u00e9rente de la lumi\u00e8re sur toute la surface, \u00e9liminant ainsi l'\u00e9blouissement et les points chauds.<\/span><\/li>\n<li><strong style=\"color: #555555; font-size: 14.4px;\">Efficacit\u00e9 \u00e9nerg\u00e9tique :<\/strong><span style=\"color: #555555; font-size: 14.4px;\">\u00a0Consomme beaucoup moins d'\u00e9nergie que les m\u00e9thodes de r\u00e9tro\u00e9clairage traditionnelles, ce qui r\u00e9duit les co\u00fbts d'exploitation et l'impact sur l'environnement.<\/span><\/li>\n<li><strong style=\"color: #555555; font-size: 14.4px;\">Mince et l\u00e9ger :<\/strong><span style=\"color: #555555; font-size: 14.4px;\">\u00a0Leur finesse et leur l\u00e9g\u00e8ret\u00e9 les rendent id\u00e9ales pour l'int\u00e9gration dans des appareils \u00e9lectroniques compacts.<\/span><\/li>\n<li><strong style=\"color: #555555; font-size: 14.4px;\">Flexibilit\u00e9 de la conception :<\/strong><span style=\"color: #555555; font-size: 14.4px;\">\u00a0Ils peuvent \u00eatre facilement fa\u00e7onn\u00e9s et personnalis\u00e9s pour r\u00e9pondre \u00e0 diverses exigences de conception.<\/span><\/li>\n<li><strong style=\"color: #555555; font-size: 14.4px;\">Rapport co\u00fbt-efficacit\u00e9 :<\/strong><span style=\"color: #555555; font-size: 14.4px;\">\u00a0Ils constituent une solution \u00e9conomique pour les applications de r\u00e9tro\u00e9clairage.<\/span><\/li>\n<\/ul>\n<h3><strong style=\"font-size: 23.04px;\">Applications des r\u00e9tro\u00e9clairages \u00e0 couche mince :<\/strong><\/h3>\n<ul>\n<li><strong style=\"color: #555555; font-size: 14.4px;\">\u00c9crans LCD :<\/strong><span style=\"color: #555555; font-size: 14.4px;\">\u00a0Ils sont largement utilis\u00e9s dans les \u00e9crans LCD pour les smartphones, les tablettes, les ordinateurs portables et les t\u00e9l\u00e9viseurs.<\/span><\/li>\n<li><strong style=\"color: #555555; font-size: 14.4px;\">Claviers r\u00e9tro-\u00e9clair\u00e9s :<\/strong><span style=\"color: #555555; font-size: 14.4px;\">\u00a0Ils \u00e9clairent les claviers, am\u00e9liorant ainsi la visibilit\u00e9 dans des conditions de faible luminosit\u00e9.<\/span><\/li>\n<li><strong style=\"color: #555555; font-size: 14.4px;\">Panneaux de contr\u00f4le :<\/strong><span style=\"color: #555555; font-size: 14.4px;\">\u00a0Les r\u00e9tro\u00e9clairages \u00e0 couche mince sont utilis\u00e9s dans les panneaux de commande des appareils \u00e9lectrom\u00e9nagers, des machines industrielles et des \u00e9quipements m\u00e9dicaux.<\/span><\/li>\n<li><strong style=\"color: #555555; font-size: 14.4px;\">Signalisation et publicit\u00e9 :<\/strong><span style=\"color: #555555; font-size: 14.4px;\">\u00a0Ils sont utilis\u00e9s dans les enseignes et les publicit\u00e9s r\u00e9tro\u00e9clair\u00e9es, cr\u00e9ant des affichages qui attirent l'attention.<\/span><\/li>\n<li><strong style=\"color: #555555; font-size: 14.4px;\">\u00c9clairage d\u00e9coratif :<\/strong><span style=\"color: #555555; font-size: 14.4px;\">\u00a0Ils sont incorpor\u00e9s dans des luminaires d\u00e9coratifs, ajoutant une ambiance et des accents visuels.<\/span><\/li>\n<\/ul>\n<p><span style=\"font-size: 150%;\"><strong>Avantages des r\u00e9tro\u00e9clairages \u00e0 couche mince :<\/strong><\/span><\/p>\n<ul>\n<li><strong style=\"color: #555555; font-size: 14.4px;\">Am\u00e9lioration du confort visuel :<\/strong><span style=\"color: #555555; font-size: 14.4px;\">\u00a0L'\u00e9clairage uniforme r\u00e9duit la fatigue oculaire et am\u00e9liore le confort visuel.<\/span><\/li>\n<li><strong style=\"color: #555555; font-size: 14.4px;\">Am\u00e9lioration de l'esth\u00e9tique des produits :<\/strong><span style=\"color: #555555; font-size: 14.4px;\">\u00a0Les r\u00e9tro\u00e9clairages \u00e0 couche mince ajoutent une touche d'\u00e9l\u00e9gance et de sophistication aux appareils \u00e9lectroniques.<\/span><\/li>\n<li><strong style=\"color: #555555; font-size: 14.4px;\">Libert\u00e9 de conception :<\/strong><span style=\"color: #555555; font-size: 14.4px;\">\u00a0Leur flexibilit\u00e9 permet de concevoir des \u00e9clairages cr\u00e9atifs et de les int\u00e9grer dans divers produits.<\/span><\/li>\n<li><strong style=\"color: #555555; font-size: 14.4px;\">\u00c9conomies d'\u00e9nergie :<\/strong><span style=\"color: #555555; font-size: 14.4px;\">\u00a0L'efficacit\u00e9 \u00e9nerg\u00e9tique se traduit par une r\u00e9duction des co\u00fbts d'exploitation et de l'impact sur l'environnement.<\/span><\/li>\n<li><strong style=\"color: #555555; font-size: 14.4px;\">Rapport co\u00fbt-efficacit\u00e9 :<\/strong><span style=\"color: #555555; font-size: 14.4px;\">\u00a0Ils offrent une solution comp\u00e9titive en termes de co\u00fbts pour les applications de r\u00e9tro\u00e9clairage.<\/span><\/li>\n<\/ul>","protected":false},"excerpt":{"rendered":"<p>Les r\u00e9tro\u00e9clairages par film ont r\u00e9volutionn\u00e9 la technologie de l'\u00e9clairage en offrant une alternative sup\u00e9rieure aux m\u00e9thodes traditionnelles de r\u00e9tro\u00e9clairage. Leur respect de l'environnement, leur \u00e9clairage uniforme, leur efficacit\u00e9 \u00e9nerg\u00e9tique, leur faible \u00e9paisseur et leur rentabilit\u00e9 en font une solution polyvalente et recherch\u00e9e pour un large \u00e9ventail d'applications. Au fur et \u00e0 mesure que la technologie progresse, les r\u00e9tro\u00e9clairages \u00e0 couche mince devraient continuer \u00e0 \u00e9voluer, offrant \u00e0 l'avenir des solutions d'\u00e9clairage encore plus innovantes et efficaces.<\/p>","protected":false},"featured_media":1540,"comment_status":"closed","ping_status":"closed","template":"","meta":[],"product_cat":[15],"product_tag":[],"_links":{"self":[{"href":"https:\/\/backlightmfg.com\/fr\/wp-json\/wp\/v2\/product\/1553"}],"collection":[{"href":"https:\/\/backlightmfg.com\/fr\/wp-json\/wp\/v2\/product"}],"about":[{"href":"https:\/\/backlightmfg.com\/fr\/wp-json\/wp\/v2\/types\/product"}],"replies":[{"embeddable":true,"href":"https:\/\/backlightmfg.com\/fr\/wp-json\/wp\/v2\/comments?post=1553"}],"wp:featuredmedia":[{"embeddable":true,"href":"https:\/\/backlightmfg.com\/fr\/wp-json\/wp\/v2\/media\/1540"}],"wp:attachment":[{"href":"https:\/\/backlightmfg.com\/fr\/wp-json\/wp\/v2\/media?parent=1553"}],"wp:term":[{"taxonomy":"product_cat","embeddable":true,"href":"https:\/\/backlightmfg.com\/fr\/wp-json\/wp\/v2\/product_cat?post=1553"},{"taxonomy":"product_tag","embeddable":true,"href":"https:\/\/backlightmfg.com\/fr\/wp-json\/wp\/v2\/product_tag?post=1553"}],"curies":[{"name":"wp","href":"https:\/\/api.w.org\/{rel}","templated":true}]}}