{"id":1551,"date":"2024-07-08T08:09:39","date_gmt":"2024-07-08T08:09:39","guid":{"rendered":"https:\/\/backlightmfg.com\/manufacturer\/led-backlighting\/"},"modified":"2024-09-15T06:29:47","modified_gmt":"2024-09-15T06:29:47","slug":"led-backlighting","status":"publish","type":"product","link":"https:\/\/backlightmfg.com\/fr\/led-backlighting\/","title":{"rendered":"R\u00e9tro-\u00e9clairage par LED"},"content":{"rendered":"<p>Le r\u00e9tro\u00e9clairage par LED, une force dominante dans la technologie moderne des \u00e9crans, utilise des diodes \u00e9lectroluminescentes (LED) comme source lumineuse pour \u00e9clairer les \u00e9crans par l'arri\u00e8re. Cette technologie a r\u00e9volutionn\u00e9 le r\u00e9tro\u00e9clairage, offrant des avantages significatifs par rapport aux m\u00e9thodes traditionnelles.<\/p>\n<h3><strong>Principaux avantages du r\u00e9tro\u00e9clairage par LED :<\/strong><\/h3>\n<ul>\n<li><strong style=\"color: #555555; font-size: 14.4px;\">Efficacit\u00e9 \u00e9nerg\u00e9tique :<\/strong><span style=\"color: #555555; font-size: 14.4px;\">\u00a0Les LED consomment beaucoup moins d'\u00e9nergie que les r\u00e9tro\u00e9clairages traditionnels tels que les lampes fluorescentes, ce qui permet de r\u00e9duire les factures d'\u00e9nergie et l'impact sur l'environnement.<\/span><\/li>\n<li><strong style=\"color: #555555; font-size: 14.4px;\">\u00c9clairage uniforme :<\/strong><span style=\"color: #555555; font-size: 14.4px;\">\u00a0Les r\u00e9tro\u00e9clairages LED assurent une distribution plus uniforme et plus coh\u00e9rente de la lumi\u00e8re sur l'\u00e9cran, minimisant ainsi les reflets et les points chauds. Cela se traduit par une exp\u00e9rience visuelle plus confortable et plus agr\u00e9able.<\/span><\/li>\n<li><strong style=\"color: #555555; font-size: 14.4px;\">Design mince et l\u00e9ger :<\/strong><span style=\"color: #555555; font-size: 14.4px;\">\u00a0Les LED sont compactes et l\u00e9g\u00e8res, ce qui permet de concevoir des appareils \u00e9lectroniques plus fins et plus l\u00e9gers.<\/span><\/li>\n<li><strong style=\"color: #555555; font-size: 14.4px;\">Luminosit\u00e9 r\u00e9glable :<\/strong><span style=\"color: #555555; font-size: 14.4px;\">\u00a0Les r\u00e9tro\u00e9clairages \u00e0 LED permettent un contr\u00f4le dynamique de la luminosit\u00e9, qui s'ajuste en fonction des conditions d'\u00e9clairage ambiantes et du contenu affich\u00e9, ce qui am\u00e9liore encore l'efficacit\u00e9 \u00e9nerg\u00e9tique et le confort de l'utilisateur.<\/span><\/li>\n<li><strong style=\"color: #555555; font-size: 14.4px;\">Gamme de couleurs et \u00e9clat :<\/strong><span style=\"color: #555555; font-size: 14.4px;\">\u00a0Les LED peuvent \u00eatre adapt\u00e9es pour produire une gamme de couleurs plus large que les r\u00e9tro\u00e9clairages traditionnels, ce qui permet d'obtenir des images plus vivantes et plus r\u00e9alistes sur les \u00e9crans.<\/span><\/li>\n<li><strong style=\"color: #555555; font-size: 14.4px;\">Am\u00e9lioration de la long\u00e9vit\u00e9 :<\/strong><span style=\"color: #555555; font-size: 14.4px;\">\u00a0Les LED ont une dur\u00e9e de vie beaucoup plus longue que les r\u00e9tro\u00e9clairages conventionnels, ce qui constitue une solution plus rentable et plus durable.<\/span><\/li>\n<\/ul>\n<h3><strong style=\"font-size: 23.04px;\">Applications du r\u00e9tro\u00e9clairage par LED :<\/strong><\/h3>\n<ul>\n<li><strong style=\"color: #555555; font-size: 14.4px;\">\u00c9crans LCD :<\/strong><span style=\"color: #555555; font-size: 14.4px;\">\u00a0Le r\u00e9tro\u00e9clairage par LED est omnipr\u00e9sent dans les \u00e9crans LCD des t\u00e9l\u00e9viseurs, des ordinateurs portables, des tablettes, des smartphones et des moniteurs d'ordinateur.<\/span><\/li>\n<li><strong style=\"color: #555555; font-size: 14.4px;\">Signalisation num\u00e9rique :<\/strong><span style=\"color: #555555; font-size: 14.4px;\">\u00a0Les r\u00e9tro\u00e9clairages LED illuminent les \u00e9crans de signalisation num\u00e9rique, cr\u00e9ant des visuels accrocheurs pour la publicit\u00e9 et la diffusion d'informations.<\/span><\/li>\n<li><strong style=\"color: #555555; font-size: 14.4px;\">\u00c9crans pour automobiles :<\/strong><span style=\"color: #555555; font-size: 14.4px;\">\u00a0Les r\u00e9tro\u00e9clairages \u00e0 LED sont utilis\u00e9s dans les tableaux de bord des voitures et les groupes d'instruments, fournissant des affichages d'informations clairs et lumineux.<\/span><\/li>\n<li><strong style=\"color: #555555; font-size: 14.4px;\">Claviers r\u00e9tro-\u00e9clair\u00e9s :<\/strong><span style=\"color: #555555; font-size: 14.4px;\">\u00a0Des diodes \u00e9lectroluminescentes \u00e9clairent les touches du clavier, am\u00e9liorant ainsi la visibilit\u00e9 dans les environnements peu \u00e9clair\u00e9s.<\/span><\/li>\n<li><strong style=\"color: #555555; font-size: 14.4px;\">\u00c9lectronique grand public :<\/strong><span style=\"color: #555555; font-size: 14.4px;\">\u00a0Cette technologie trouve des applications dans une large gamme d'appareils \u00e9lectroniques grand public, notamment les consoles de jeu et les appareils m\u00e9nagers.<\/span><\/li>\n<\/ul>\n<h3><strong style=\"font-size: 23.04px;\">L'avenir du r\u00e9tro\u00e9clairage par LED :<\/strong><\/h3>\n<p>La technologie du r\u00e9tro\u00e9clairage par LED est en constante \u00e9volution. Des progr\u00e8s sont attendus dans des domaines tels que<\/p>\n<ul>\n<li><strong style=\"color: #555555; font-size: 14.4px;\">R\u00e9tro-\u00e9clairage MicroLED :<\/strong><span style=\"color: #555555; font-size: 14.4px;\">\u00a0Cette technologie de nouvelle g\u00e9n\u00e9ration utilise des LED microscopiques pour un contr\u00f4le encore plus pr\u00e9cis et dynamique du r\u00e9tro\u00e9clairage, ce qui permet d'am\u00e9liorer la qualit\u00e9 et le contraste de l'image.<\/span><\/li>\n<li><strong style=\"color: #555555; font-size: 14.4px;\">MiniLED R\u00e9tro-\u00e9clairage :<\/strong><span style=\"color: #555555; font-size: 14.4px;\">\u00a0Des LED plus petites et plus serr\u00e9es offrent un meilleur contr\u00f4le de la gradation locale et am\u00e9liorent les performances HDR (High Dynamic Range) sur les \u00e9crans.<\/span><\/li>\n<li><strong style=\"color: #555555; font-size: 14.4px;\">Diode \u00e9lectroluminescente organique (OLED) R\u00e9tro\u00e9clairage :<\/strong><span style=\"color: #555555; font-size: 14.4px;\">\u00a0La technologie OLED offre la possibilit\u00e9 de cr\u00e9er des \u00e9crans auto-\u00e9clair\u00e9s, ce qui \u00e9limine compl\u00e8tement le besoin d'un r\u00e9tro\u00e9clairage s\u00e9par\u00e9.<\/span><\/li>\n<\/ul>","protected":false},"excerpt":{"rendered":"<p>Le r\u00e9tro\u00e9clairage par LED a r\u00e9volutionn\u00e9 la technologie des \u00e9crans, offrant une alternative sup\u00e9rieure aux r\u00e9tro\u00e9clairages traditionnels. Son efficacit\u00e9 \u00e9nerg\u00e9tique, ses visuels am\u00e9lior\u00e9s, son design fin et sa longue dur\u00e9e de vie en font la technologie dominante pour les \u00e9crans modernes. Au fil des innovations, le r\u00e9tro\u00e9clairage LED est pr\u00eat \u00e0 fa\u00e7onner l'avenir de la technologie d'affichage, en offrant des exp\u00e9riences visuelles encore plus \u00e9tonnantes et plus \u00e9conomes en \u00e9nergie.<\/p>","protected":false},"featured_media":1542,"comment_status":"closed","ping_status":"closed","template":"","meta":[],"product_cat":[15],"product_tag":[],"_links":{"self":[{"href":"https:\/\/backlightmfg.com\/fr\/wp-json\/wp\/v2\/product\/1551"}],"collection":[{"href":"https:\/\/backlightmfg.com\/fr\/wp-json\/wp\/v2\/product"}],"about":[{"href":"https:\/\/backlightmfg.com\/fr\/wp-json\/wp\/v2\/types\/product"}],"replies":[{"embeddable":true,"href":"https:\/\/backlightmfg.com\/fr\/wp-json\/wp\/v2\/comments?post=1551"}],"wp:featuredmedia":[{"embeddable":true,"href":"https:\/\/backlightmfg.com\/fr\/wp-json\/wp\/v2\/media\/1542"}],"wp:attachment":[{"href":"https:\/\/backlightmfg.com\/fr\/wp-json\/wp\/v2\/media?parent=1551"}],"wp:term":[{"taxonomy":"product_cat","embeddable":true,"href":"https:\/\/backlightmfg.com\/fr\/wp-json\/wp\/v2\/product_cat?post=1551"},{"taxonomy":"product_tag","embeddable":true,"href":"https:\/\/backlightmfg.com\/fr\/wp-json\/wp\/v2\/product_tag?post=1551"}],"curies":[{"name":"wp","href":"https:\/\/api.w.org\/{rel}","templated":true}]}}