{"id":1550,"date":"2024-07-08T08:09:39","date_gmt":"2024-07-08T08:09:39","guid":{"rendered":"https:\/\/backlightmfg.com\/manufacturer\/el-backlighting\/"},"modified":"2024-09-15T06:29:47","modified_gmt":"2024-09-15T06:29:47","slug":"el-backlighting","status":"publish","type":"product","link":"https:\/\/backlightmfg.com\/fr\/el-backlighting\/","title":{"rendered":"R\u00e9tro-\u00e9clairage EL"},"content":{"rendered":"<p>La source de r\u00e9tro\u00e9clairage EL se caract\u00e9rise par sa luminosit\u00e9, son uniformit\u00e9, sa douceur et sa durabilit\u00e9, ce qui la rend largement applicable dans divers domaines tels que les panneaux d'affichage, les panneaux d'affichage commerciaux et l'\u00e9clairage d\u00e9coratif.<\/p>\n<h3><strong>Principaux avantages du r\u00e9tro\u00e9clairage EL :<\/strong><\/h3>\n<ul>\n<li><strong style=\"color: #555555; font-size: 14.4px;\">Efficacit\u00e9 \u00e9nerg\u00e9tique :<\/strong><span style=\"color: #555555; font-size: 14.4px;\">\u00a0Elles consomment beaucoup moins d'\u00e9nergie que les lampes \u00e0 incandescence et fluorescentes, ce qui se traduit par une r\u00e9duction des co\u00fbts d'exploitation et de l'impact sur l'environnement.<\/span><\/li>\n<li><strong style=\"color: #555555; font-size: 14.4px;\">Uniformit\u00e9 :<\/strong><span style=\"color: #555555; font-size: 14.4px;\">\u00a0Ils fournissent un \u00e9clairage uniforme et constant sur toute la surface, \u00e9liminant ainsi l'\u00e9blouissement et les points chauds.<\/span><\/li>\n<li><strong style=\"color: #555555; font-size: 14.4px;\">Douceur :<\/strong><span style=\"color: #555555; font-size: 14.4px;\">\u00a0La lumi\u00e8re \u00e9mise par les r\u00e9tro\u00e9clairages EL est douce et diffuse, cr\u00e9ant une exp\u00e9rience visuelle confortable et agr\u00e9able.<\/span><\/li>\n<li><strong style=\"color: #555555; font-size: 14.4px;\">Durabilit\u00e9:Ils<\/strong><span style=\"color: #555555; font-size: 14.4px;\">\u00a0sont tr\u00e8s durables et r\u00e9sistants aux chocs et aux vibrations, ce qui les rend adapt\u00e9s aux applications exigeantes.<\/span><\/li>\n<li><strong style=\"color: #555555; font-size: 14.4px;\">Flexibilit\u00e9 de la conception :<\/strong><span style=\"color: #555555; font-size: 14.4px;\">\u00a0Ils peuvent \u00eatre facilement fa\u00e7onn\u00e9s et personnalis\u00e9s pour r\u00e9pondre \u00e0 diverses exigences de conception.<\/span><\/li>\n<li><strong style=\"color: #555555; font-size: 14.4px;\">Options de couleur :<\/strong><span style=\"color: #555555; font-size: 14.4px;\">\u00a0Ils peuvent produire une large gamme de couleurs, y compris des options en quadrichromie, ce qui am\u00e9liore l'attrait visuel et les possibilit\u00e9s de conception.<\/span><\/li>\n<\/ul>\n<h3><strong style=\"font-size: 23.04px;\">Applications r\u00e9pandues du r\u00e9tro\u00e9clairage EL :<\/strong><\/h3>\n<p>EL ont trouv\u00e9 de nombreuses applications dans divers domaines :<\/p>\n<ul>\n<li><strong style=\"color: #555555; font-size: 14.4px;\">Panneaux d'affichage :<\/strong><span style=\"color: #555555; font-size: 14.4px;\">\u00a0Ils sont couramment utilis\u00e9s dans les \u00e9crans LCD et OLED pour les smartphones, les tablettes, les ordinateurs portables et les t\u00e9l\u00e9viseurs.<\/span><\/li>\n<li><strong style=\"color: #555555; font-size: 14.4px;\">Panneaux d'affichage commercial :<\/strong><span style=\"color: #555555; font-size: 14.4px;\">\u00a0Ils illuminent les panneaux commerciaux, offrant ainsi des publicit\u00e9s accrocheuses et \u00e9clatantes.<\/span><\/li>\n<li><strong style=\"color: #555555; font-size: 14.4px;\">\u00c9clairage d\u00e9coratif :<\/strong><span style=\"color: #555555; font-size: 14.4px;\">\u00a0Ils sont utilis\u00e9s dans les luminaires d\u00e9coratifs, cr\u00e9ant une ambiance et des accents visuels.<\/span><\/li>\n<li><strong style=\"color: #555555; font-size: 14.4px;\">Int\u00e9rieurs d'automobiles :<\/strong><span style=\"color: #555555; font-size: 14.4px;\">\u00a0Ils sont incorpor\u00e9s dans les tableaux de bord des voitures, les tableaux d'instruments et les boutons de commande.<\/span><\/li>\n<li><strong style=\"color: #555555; font-size: 14.4px;\">Dispositifs m\u00e9dicaux :<\/strong><span style=\"color: #555555; font-size: 14.4px;\">\u00a0Ils sont utilis\u00e9s dans les \u00e9quipements m\u00e9dicaux pour une visualisation claire et pr\u00e9cise.<\/span><\/li>\n<li><strong style=\"color: #555555; font-size: 14.4px;\">Applications industrielles :<\/strong><span style=\"color: #555555; font-size: 14.4px;\">\u00a0Ils sont utilis\u00e9s dans les panneaux de contr\u00f4le industriels et la signalisation pour une meilleure visibilit\u00e9.<\/span><\/li>\n<\/ul>","protected":false},"excerpt":{"rendered":"<p>Les r\u00e9tro\u00e9clairages EL ont r\u00e9volutionn\u00e9 la technologie de l'\u00e9clairage en offrant une alternative sup\u00e9rieure aux sources lumineuses traditionnelles. Leur efficacit\u00e9 \u00e9nerg\u00e9tique, leur uniformit\u00e9, leur douceur, leur durabilit\u00e9, leur souplesse de conception et leurs options de couleur en font une solution polyvalente et recherch\u00e9e pour un large \u00e9ventail d'applications. Au fur et \u00e0 mesure que la technologie progresse, les r\u00e9tro\u00e9clairages EL devraient continuer \u00e0 \u00e9voluer, offrant des solutions d'\u00e9clairage encore plus innovantes et efficaces.<\/p>","protected":false},"featured_media":1538,"comment_status":"closed","ping_status":"closed","template":"","meta":[],"product_cat":[15],"product_tag":[],"_links":{"self":[{"href":"https:\/\/backlightmfg.com\/fr\/wp-json\/wp\/v2\/product\/1550"}],"collection":[{"href":"https:\/\/backlightmfg.com\/fr\/wp-json\/wp\/v2\/product"}],"about":[{"href":"https:\/\/backlightmfg.com\/fr\/wp-json\/wp\/v2\/types\/product"}],"replies":[{"embeddable":true,"href":"https:\/\/backlightmfg.com\/fr\/wp-json\/wp\/v2\/comments?post=1550"}],"wp:featuredmedia":[{"embeddable":true,"href":"https:\/\/backlightmfg.com\/fr\/wp-json\/wp\/v2\/media\/1538"}],"wp:attachment":[{"href":"https:\/\/backlightmfg.com\/fr\/wp-json\/wp\/v2\/media?parent=1550"}],"wp:term":[{"taxonomy":"product_cat","embeddable":true,"href":"https:\/\/backlightmfg.com\/fr\/wp-json\/wp\/v2\/product_cat?post=1550"},{"taxonomy":"product_tag","embeddable":true,"href":"https:\/\/backlightmfg.com\/fr\/wp-json\/wp\/v2\/product_tag?post=1550"}],"curies":[{"name":"wp","href":"https:\/\/api.w.org\/{rel}","templated":true}]}}