{"id":1549,"date":"2024-07-08T08:09:39","date_gmt":"2024-07-08T08:09:39","guid":{"rendered":"https:\/\/backlightmfg.com\/manufacturer\/fiber-optic-backlighting\/"},"modified":"2024-09-15T06:29:48","modified_gmt":"2024-09-15T06:29:48","slug":"fiber-optic-backlighting","status":"publish","type":"product","link":"https:\/\/backlightmfg.com\/fr\/fiber-optic-backlighting\/","title":{"rendered":"R\u00e9tro-\u00e9clairage par fibre optique"},"content":{"rendered":"<p>Le r\u00e9tro\u00e9clairage par fibre optique utilise de fines fibres de verre ou de plastique qui agissent comme des guides de lumi\u00e8re. La lumi\u00e8re est introduite \u00e0 une extr\u00e9mit\u00e9 du c\u00e2ble de fibre optique, g\u00e9n\u00e9ralement \u00e0 partir d'une source LED. Cette lumi\u00e8re traverse le c\u0153ur de la fibre gr\u00e2ce \u00e0 un ph\u00e9nom\u00e8ne appel\u00e9 r\u00e9flexion interne, en rebondissant sur les parois internes et en minimisant la perte de lumi\u00e8re. La lumi\u00e8re sort \u00e0 l'autre extr\u00e9mit\u00e9 de la fibre, \u00e9clairant la zone cible.<\/p>\n<h3><strong>Avantages du r\u00e9tro\u00e9clairage par fibre optique :<\/strong><\/h3>\n<ul>\n<li><strong style=\"color: #555555; font-size: 14.4px;\">Source de lumi\u00e8re \u00e0 distance :<\/strong><span style=\"color: #555555; font-size: 14.4px;\">\u00a0La source lumineuse peut \u00eatre \u00e9loign\u00e9e de la zone \u00e9clair\u00e9e, ce qui r\u00e9duit la production de chaleur et am\u00e9liore la flexibilit\u00e9 de la conception.<\/span><\/li>\n<li><strong style=\"color: #555555; font-size: 14.4px;\">\u00c9clairage uniforme :<\/strong><span style=\"color: #555555; font-size: 14.4px;\">\u00a0Les fibres optiques distribuent la lumi\u00e8re de mani\u00e8re uniforme, \u00e9liminant les reflets et les points chauds, cr\u00e9ant ainsi une exp\u00e9rience visuelle agr\u00e9able et confortable.<\/span><\/li>\n<li><strong style=\"color: #555555; font-size: 14.4px;\">Efficacit\u00e9 lumineuse \u00e9lev\u00e9e :<\/strong><span style=\"color: #555555; font-size: 14.4px;\">\u00a0Gr\u00e2ce \u00e0 une perte de lumi\u00e8re minimale dans les fibres, le r\u00e9tro\u00e9clairage par fibre optique offre une transmission efficace de la lumi\u00e8re.<\/span><\/li>\n<li><strong style=\"color: #555555; font-size: 14.4px;\">Durabilit\u00e9 :<\/strong><span style=\"color: #555555; font-size: 14.4px;\"> Les c\u00e2bles \u00e0 fibres optiques sont tr\u00e8s durables et r\u00e9sistants aux vibrations, aux chocs, aux temp\u00e9ratures extr\u00eames\uff0c\u00e9conomie d'\u00e9nergie\uff0cet n<\/span><span class=\"Y2IQFc\" lang=\"en\">o la fi\u00e8vre.<\/span><\/li>\n<li><strong style=\"color: #555555; font-size: 14.4px;\">Flexibilit\u00e9 de la conception :<\/strong><span style=\"color: #555555; font-size: 14.4px;\">\u00a0Les fibres fines et flexibles peuvent \u00eatre facilement fa\u00e7onn\u00e9es et personnalis\u00e9es pour r\u00e9pondre aux diff\u00e9rentes exigences en mati\u00e8re d'\u00e9clairage.<\/span><\/li>\n<li><strong style=\"color: #555555; font-size: 14.4px;\">Fonctionnement \u00e0 froid :<\/strong><span style=\"color: #555555; font-size: 14.4px;\">\u00a0Les c\u00e2bles \u00e0 fibres optiques eux-m\u00eames ne g\u00e9n\u00e8rent pas de chaleur, ce qui contribue \u00e0 un environnement de travail plus frais.<\/span><\/li>\n<\/ul>\n<p>&nbsp;<\/p>\n<h3><strong style=\"font-size: 23.04px;\">Applications du r\u00e9tro\u00e9clairage par fibre optique :<\/strong><\/h3>\n<ul>\n<li><strong style=\"color: #555555; font-size: 14.4px;\">\u00c9crans LCD :<\/strong><span style=\"color: #555555; font-size: 14.4px;\">\u00a0Les r\u00e9tro\u00e9clairages \u00e0 fibre optique peuvent am\u00e9liorer l'uniformit\u00e9 et la luminosit\u00e9 des \u00e9crans LCD des t\u00e9l\u00e9viseurs, des ordinateurs portables et d'autres appareils \u00e9lectroniques.<\/span><\/li>\n<li><strong style=\"color: #555555; font-size: 14.4px;\">Signalisation et affichage :<\/strong><span style=\"color: #555555; font-size: 14.4px;\">\u00a0Ils sont utilis\u00e9s dans les enseignes lumineuses, les \u00e9clairages architecturaux et les pr\u00e9sentoirs de points de vente pour produire un effet visuel saisissant.<\/span><\/li>\n<li><strong style=\"color: #555555; font-size: 14.4px;\">\u00c9quipement m\u00e9dical :<\/strong><span style=\"color: #555555; font-size: 14.4px;\">\u00a0Le r\u00e9tro\u00e9clairage par fibre optique fournit un \u00e9clairage contr\u00f4l\u00e9 et cibl\u00e9 dans les \u00e9quipements d'examen m\u00e9dical et de diagnostic.<\/span><\/li>\n<li><strong style=\"color: #555555; font-size: 14.4px;\">Syst\u00e8mes de vision artificielle :<\/strong><span style=\"color: #555555; font-size: 14.4px;\">\u00a0La distribution uniforme de la lumi\u00e8re en fait un outil id\u00e9al pour les applications de vision industrielle, o\u00f9 une inspection pr\u00e9cise des objets est n\u00e9cessaire.<\/span><\/li>\n<li><strong style=\"color: #555555; font-size: 14.4px;\">\u00c9clairage de bord :<\/strong><span style=\"color: #555555; font-size: 14.4px;\">\u00a0Les fibres optiques peuvent cr\u00e9er des effets d'\u00e9clairage nets et bien d\u00e9finis pour des applications d\u00e9coratives et architecturales.<\/span><\/li>\n<li><strong style=\"color: #555555; font-size: 14.4px;\">\u00c9clairage sp\u00e9cialis\u00e9 :<\/strong><span style=\"color: #555555; font-size: 14.4px;\">\u00a0Le r\u00e9tro\u00e9clairage par fibre optique est utilis\u00e9 dans une vari\u00e9t\u00e9 d'applications sp\u00e9cialis\u00e9es, y compris l'\u00e9clairage sous-marin et l'\u00e9clairage d'instruments.<\/span><\/li>\n<\/ul>","protected":false},"excerpt":{"rendered":"<p>Le r\u00e9tro\u00e9clairage par fibre optique offre une solution d'\u00e9clairage unique et polyvalente. Sa combinaison de source lumineuse \u00e0 distance, de distribution uniforme de la lumi\u00e8re, d'efficacit\u00e9 \u00e9lev\u00e9e et de souplesse de conception en fait une technologie pr\u00e9cieuse pour diverses applications. Au fur et \u00e0 mesure que la technologie progresse, le r\u00e9tro\u00e9clairage par fibre optique devrait trouver des utilisations encore plus innovantes \u00e0 l'avenir.<\/p>","protected":false},"featured_media":1539,"comment_status":"closed","ping_status":"closed","template":"","meta":[],"product_cat":[15],"product_tag":[],"_links":{"self":[{"href":"https:\/\/backlightmfg.com\/fr\/wp-json\/wp\/v2\/product\/1549"}],"collection":[{"href":"https:\/\/backlightmfg.com\/fr\/wp-json\/wp\/v2\/product"}],"about":[{"href":"https:\/\/backlightmfg.com\/fr\/wp-json\/wp\/v2\/types\/product"}],"replies":[{"embeddable":true,"href":"https:\/\/backlightmfg.com\/fr\/wp-json\/wp\/v2\/comments?post=1549"}],"wp:featuredmedia":[{"embeddable":true,"href":"https:\/\/backlightmfg.com\/fr\/wp-json\/wp\/v2\/media\/1539"}],"wp:attachment":[{"href":"https:\/\/backlightmfg.com\/fr\/wp-json\/wp\/v2\/media?parent=1549"}],"wp:term":[{"taxonomy":"product_cat","embeddable":true,"href":"https:\/\/backlightmfg.com\/fr\/wp-json\/wp\/v2\/product_cat?post=1549"},{"taxonomy":"product_tag","embeddable":true,"href":"https:\/\/backlightmfg.com\/fr\/wp-json\/wp\/v2\/product_tag?post=1549"}],"curies":[{"name":"wp","href":"https:\/\/api.w.org\/{rel}","templated":true}]}}