{"id":2265,"date":"2025-04-02T02:39:59","date_gmt":"2025-04-02T02:39:59","guid":{"rendered":"https:\/\/backlightmfg.com\/?page_id=2265"},"modified":"2025-04-02T07:36:40","modified_gmt":"2025-04-02T07:36:40","slug":"medical-human-machine-interface%ef%bc%88hmi%ef%bc%89","status":"publish","type":"page","link":"https:\/\/backlightmfg.com\/fr\/medical-human-machine-interface%ef%bc%88hmi%ef%bc%89\/","title":{"rendered":"Interface homme-machine m\u00e9dicale\uff08HMI\uff09"},"content":{"rendered":"<div class=\"banner has-hover\" id=\"banner-1432096884\">\n          <div class=\"banner-inner fill\">\n        <div class=\"banner-bg fill\" >\n            <div class=\"bg fill bg-fill\"><\/div>\n                        <div class=\"overlay\"><\/div>            \n                    <\/div>\n\t\t\n        <div class=\"banner-layers container\">\n            <div class=\"fill banner-link\"><\/div>            \n   <div id=\"text-box-1763274843\" class=\"text-box banner-layer x50 md-x50 lg-x50 y25 md-y25 lg-y25 res-text\">\n                                <div class=\"text-box-content text dark\">\n              \n              <div class=\"text-inner text-center\">\n                  \n<h1><span style=\"font-size: 80%;\">Interface homme-machine m\u00e9dicale\uff08HMI\uff09<\/span><\/h1>\n              <\/div>\n           <\/div>\n                            \n<style>\n#text-box-1763274843 {\n  width: 86%;\n}\n#text-box-1763274843 .text-box-content {\n  font-size: 100%;\n}\n<\/style>\n    <\/div>\n \n        <\/div>\n      <\/div>\n\n            \n<style>\n#banner-1432096884 {\n  padding-top: 188px;\n}\n#banner-1432096884 .overlay {\n  background-color: rgba(0, 0, 0, 0.209);\n}\n<\/style>\n  <\/div>\n\n\n\t<section class=\"section\" id=\"section_1216155734\">\n\t\t<div class=\"bg section-bg fill bg-fill  bg-loaded\" >\n\n\t\t\t\n\t\t\t\n\t\t\t\n\n\t\t<\/div>\n\n\t\t\n\n\t\t<div class=\"section-content relative\">\n\t\t\t\n<div class=\"row row-box-shadow-5-hover\" style=\"max-width:1400px\" id=\"row-1796529185\">\n\n\t<div id=\"col-80429472\" class=\"col medium-6 small-12 large-6\"  >\n\t\t\t\t<div class=\"col-inner\"  >\n\t\t\t\n\t\t\t\n\t<div class=\"img has-hover x md-x lg-x y md-y lg-y\" id=\"image_708048609\">\n\t\t\t\t\t\t\t\t<div class=\"img-inner dark\" >\n\t\t\t<img loading=\"lazy\" decoding=\"async\" width=\"800\" height=\"800\" src=\"https:\/\/backlightmfg.com\/wp-content\/uploads\/2025\/04\/HMI.jpeg\" class=\"attachment-original size-original\" alt=\"IHM m\u00e9dicale\" srcset=\"https:\/\/backlightmfg.com\/wp-content\/uploads\/2025\/04\/HMI.jpeg 800w, https:\/\/backlightmfg.com\/wp-content\/uploads\/2025\/04\/HMI-300x300.jpeg 300w, https:\/\/backlightmfg.com\/wp-content\/uploads\/2025\/04\/HMI-150x150.jpeg 150w, https:\/\/backlightmfg.com\/wp-content\/uploads\/2025\/04\/HMI-768x768.jpeg 768w, https:\/\/backlightmfg.com\/wp-content\/uploads\/2025\/04\/HMI-12x12.jpeg 12w, https:\/\/backlightmfg.com\/wp-content\/uploads\/2025\/04\/HMI-510x510.jpeg 510w, https:\/\/backlightmfg.com\/wp-content\/uploads\/2025\/04\/HMI-100x100.jpeg 100w\" sizes=\"(max-width: 800px) 100vw, 800px\" \/>\t\t\t\t\t\t\n\t\t\t\t\t<\/div>\n\t\t\t\t\t\t\t\t\n<style>\n#image_708048609 {\n  width: 100%;\n}\n<\/style>\n\t<\/div>\n\t\n\t\t<\/div>\n\t\t\t\t\t<\/div>\n\n\t\n\n\t<div id=\"col-1030881641\" class=\"col medium-6 small-12 large-6\"  >\n\t\t\t\t<div class=\"col-inner\"  >\n\t\t\t\n\t\t\t\n\t<div id=\"text-1147786353\" class=\"text\">\n\t\t\n<h2>Interface homme-machine m\u00e9dicale (IHM m\u00e9dicale)<\/h2>\n<p>L'interface homme-machine (IHM) m\u00e9dicale est une passerelle interactive qui relie les professionnels de la sant\u00e9, les patients et les \u00e9quipements ou syst\u00e8mes m\u00e9dicaux. Elle vise \u00e0 assurer l'entr\u00e9e, la sortie, la surveillance et le contr\u00f4le des donn\u00e9es m\u00e9dicales gr\u00e2ce \u00e0 des m\u00e9thodes d'exploitation intuitives, s\u00fbres et efficaces. Il s'agit d'un \u00e9l\u00e9ment essentiel des \u00e9quipements m\u00e9dicaux modernes (ventilateurs, moniteurs, robots chirurgicaux, syst\u00e8mes d'imagerie, etc.) et des syst\u00e8mes m\u00e9dicaux num\u00e9riques (dossiers m\u00e9dicaux \u00e9lectroniques, plateformes de diagnostic et de traitement \u00e0 distance, etc.)<br \/>\n\t\t\n<style>\n#text-1147786353 {\n  line-height: 2;\n}\n<\/style>\n\t<\/div>\n\t\n<div class=\"row\"  id=\"row-624313735\">\n\n\t<div id=\"col-1597683101\" class=\"col small-12 large-12\"  >\n\t\t\t\t<div class=\"col-inner\"  >\n\t\t\t\n\t\t\t\n\t<div id=\"gap-1136218506\" class=\"gap-element clearfix\" style=\"display:block; height:auto;\">\n\t\t\n<style>\n#gap-1136218506 {\n  padding-top: 20px;\n}\n<\/style>\n\t<\/div>\n\t\n\t<div id=\"text-3836652247\" class=\"text\">\n\t\t\n<h2>Solution IHM pour Rayera Medical<\/h2>\n<p>Dans les sc\u00e9narios d'application de l'IHM m\u00e9dicale, des facteurs tels que la qualit\u00e9 de la lumi\u00e8re, la pr\u00e9cision des couleurs et la directionnalit\u00e9 de la lumi\u00e8re sont directement li\u00e9s \u00e0 l'efficacit\u00e9 de l'interaction homme-machine dans l'\u00e9quipement m\u00e9dical, et leur importance est \u00e9vidente. Forte d'une exp\u00e9rience industrielle approfondie et de connaissances techniques de pointe, notre \u00e9quipe a r\u00e9ussi \u00e0 cr\u00e9er une solution d'\u00e9clairage. Cette solution offre des performances fiables et une grande pr\u00e9cision. Dans les applications pratiques, elle peut rendre le personnel infirmier plus \u00e0 l'aise lorsqu'il utilise l'\u00e9quipement m\u00e9dical, et apporter aux patients une exp\u00e9rience m\u00e9dicale s\u00fbre, qui est vraiment intuitive, efficace et s\u00fbre.<br \/>\n\t\t\n<style>\n#text-3836652247 {\n  line-height: 2;\n}\n<\/style>\n\t<\/div>\n\t\n\t\t<\/div>\n\t\t\t\t\t<\/div>\n\n\t\n<\/div>\n\t<div id=\"gap-1024307830\" class=\"gap-element clearfix\" style=\"display:block; height:auto;\">\n\t\t\n<style>\n#gap-1024307830 {\n  padding-top: 15px;\n}\n<\/style>\n\t<\/div>\n\t\n<div class=\"row\"  id=\"row-1802747950\">\n\n\t<div id=\"col-833416027\" class=\"col small-12 large-12\"  >\n\t\t\t\t<div class=\"col-inner text-center\"  >\n\t\t\t\n\t\t\t\n<a href=\"https:\/\/backlightmfg.com\/fr\/contact\/\" class=\"button primary\"  style=\"border-radius:99px;\">\n    <span>en savoir plus<\/span>\n  <\/a>\n\n\t\t<\/div>\n\t\t\t\t\t<\/div>\n\n\t\n<\/div>\n\t\t<\/div>\n\t\t\t\t\n<style>\n#col-1030881641 > .col-inner {\n  margin: 0px 0px 0px 0px;\n}\n<\/style>\n\t<\/div>\n\n\t\n<\/div>\n\t\t<\/div>\n\n\t\t\n<style>\n#section_1216155734 {\n  padding-top: 30px;\n  padding-bottom: 30px;\n}\n<\/style>\n\t<\/section>\n\t\n\t<section class=\"section\" id=\"section_467849762\">\n\t\t<div class=\"bg section-bg fill bg-fill  bg-loaded\" >\n\n\t\t\t\n\t\t\t<div class=\"section-bg-overlay absolute fill\"><\/div>\n\t\t\t\n\n\t\t<\/div>\n\n\t\t\n\n\t\t<div class=\"section-content relative\">\n\t\t\t\n<div class=\"row\" style=\"max-width:1400px\" id=\"row-609194142\">\n\n\t<div id=\"col-761644638\" class=\"col small-12 large-12\"  >\n\t\t\t\t<div class=\"col-inner\"  >\n\t\t\t\n\t\t\t\n<h2 style=\"text-align: center;\">Travailler avec Rayera<\/h2>\n<h4 style=\"text-align: center;\">Faire progresser ensemble les technologies d'interface homme-machine<\/h4>\n<p style=\"text-align: center;\">Nous proposons \u00e0 nos clients une m\u00e9thodologie de d\u00e9veloppement polyvalente et globale. Cette approche permet non seulement de rationaliser le processus, mais aussi de r\u00e9duire consid\u00e9rablement les d\u00e9lais et les co\u00fbts. Que vous commenciez \u00e0 peine \u00e0 esquisser des id\u00e9es dans la phase de conception ou que vous en soyez aux derni\u00e8res \u00e9tapes de la mise au point, nos \u00e9quipes de haut niveau sont pr\u00eates \u00e0 collaborer avec vous. Nous nous concentrerons sur l'optimisation des solutions d'\u00e9clairage qui auront l'influence la plus substantielle et la plus positive sur les utilisateurs.<\/p>\n\t\t<\/div>\n\t\t\t\t\t<\/div>\n\n\t\n<\/div>\n<div class=\"row\"  id=\"row-666708796\">\n\n\t<div id=\"col-215009418\" class=\"col medium-6 small-12 large-6\"  >\n\t\t\t\t<div class=\"col-inner\"  >\n\t\t\t\n\t\t\t\n\t<div class=\"img has-hover x md-x lg-x y md-y lg-y\" id=\"image_1082740087\">\n\t\t\t\t\t\t\t\t<div class=\"img-inner dark\" >\n\t\t\t<img loading=\"lazy\" decoding=\"async\" width=\"800\" height=\"800\" src=\"https:\/\/backlightmfg.com\/wp-content\/uploads\/2025\/04\/HMI-1.jpeg\" class=\"attachment-original size-original\" alt=\"Conception optique et optimisation de l&#039;affichage\" srcset=\"https:\/\/backlightmfg.com\/wp-content\/uploads\/2025\/04\/HMI-1.jpeg 800w, https:\/\/backlightmfg.com\/wp-content\/uploads\/2025\/04\/HMI-1-300x300.jpeg 300w, https:\/\/backlightmfg.com\/wp-content\/uploads\/2025\/04\/HMI-1-150x150.jpeg 150w, https:\/\/backlightmfg.com\/wp-content\/uploads\/2025\/04\/HMI-1-768x768.jpeg 768w, https:\/\/backlightmfg.com\/wp-content\/uploads\/2025\/04\/HMI-1-12x12.jpeg 12w, https:\/\/backlightmfg.com\/wp-content\/uploads\/2025\/04\/HMI-1-510x510.jpeg 510w, https:\/\/backlightmfg.com\/wp-content\/uploads\/2025\/04\/HMI-1-100x100.jpeg 100w\" sizes=\"(max-width: 800px) 100vw, 800px\" \/>\t\t\t\t\t\t\n\t\t\t\t\t<\/div>\n\t\t\t\t\t\t\t\t\n<style>\n#image_1082740087 {\n  width: 100%;\n}\n<\/style>\n\t<\/div>\n\t\n\t\t<\/div>\n\t\t\t\t\t<\/div>\n\n\t\n\n\t<div id=\"col-2103134233\" class=\"col medium-6 small-12 large-6\"  >\n\t\t\t\t<div class=\"col-inner\"  >\n\t\t\t\n\t\t\t\n<h3>Conception optique et optimisation de l'affichage<\/h3>\n<ul>\n<li><strong>Contr\u00f4le de la qualit\u00e9 de la lumi\u00e8re et de la luminosit\u00e9 : <\/strong>L'IHM m\u00e9dicale doit s'adapter \u00e0 des environnements lumineux complexes et utiliser une technologie de gradation adaptative pour garantir la lisibilit\u00e9 de l'\u00e9cran \u00e0 diff\u00e9rents niveaux de luminosit\u00e9, sans \u00e9blouissement. Par exemple, les \u00e9crans d'endoscopes doivent \u00eatre dot\u00e9s d'un r\u00e9tro\u00e9clairage tr\u00e8s uniforme afin d'\u00e9viter toute surexposition locale ou toute interf\u00e9rence des ombres avec le jugement du champ op\u00e9ratoire.<\/li>\n<li><strong>Pr\u00e9cision des couleurs : <\/strong>Respecter strictement la norme DICOM pour calibrer les dispositifs d'affichage afin de garantir la coh\u00e9rence clinique de l'\u00e9chelle de gris de l'image et de la cartographie des pseudo-couleurs. L'interface de surveillance de la vie utilise un codage normalis\u00e9 des couleurs d'avertissement, comme le rouge\/vert\/jaune, afin d'\u00e9viter toute erreur d'appr\u00e9ciation de la part des utilisateurs souffrant de troubles de la vision des couleurs.<\/li>\n<li><strong>Directionnalit\u00e9 et visibilit\u00e9 : <\/strong>Gr\u00e2ce \u00e0 des panneaux LCD\/OLED grand angle, des rev\u00eatements anti-bu\u00e9e et des traitements anti-reflets, le personnel m\u00e9dical peut observer l'interface sous plusieurs angles, qu'il soit debout, assis ou en mouvement. Les param\u00e8tres cl\u00e9s sont pr\u00e9sent\u00e9s en grandes polices de caract\u00e8res et avec un contraste \u00e9lev\u00e9 pour am\u00e9liorer la vitesse de reconnaissance dans les situations d'urgence.<\/li>\n<\/ul>\n\t\t<\/div>\n\t\t\t\t\t<\/div>\n\n\t\n<\/div>\n\t\t<\/div>\n\n\t\t\n<style>\n#section_467849762 {\n  padding-top: 30px;\n  padding-bottom: 30px;\n}\n#section_467849762 .section-bg-overlay {\n  background-color: rgba(68, 96, 132, 0.11);\n}\n<\/style>\n\t<\/section>\n\t\n\t<section class=\"section\" id=\"section_383771150\">\n\t\t<div class=\"bg section-bg fill bg-fill  bg-loaded\" >\n\n\t\t\t\n\t\t\t\n\t\t\t\n\n\t\t<\/div>\n\n\t\t\n\n\t\t<div class=\"section-content relative\">\n\t\t\t\n<div class=\"row\"  id=\"row-1646908835\">\n\n\t<div id=\"col-1957838451\" class=\"col small-12 large-12\"  >\n\t\t\t\t<div class=\"col-inner\"  >\n\t\t\t\n\t\t\t\n<h3 style=\"text-align: center;\">Exemple de solution d'\u00e9quipe<\/h3>\n<p style=\"text-align: center;\">Notre \u00e9quipe d'ing\u00e9nieurs a d\u00e9velopp\u00e9 un syst\u00e8me d'\u00e9clairage intelligent de qualit\u00e9 m\u00e9dicale pour r\u00e9soudre les probl\u00e8mes suivants :<\/p>\n\t\t<\/div>\n\t\t\t\t\t<\/div>\n\n\t\n<\/div>\n<div class=\"row\"  id=\"row-811304785\">\n\n\t<div id=\"col-150468393\" class=\"col medium-6 small-12 large-6\"  >\n\t\t\t\t<div class=\"col-inner\"  >\n\t\t\t\n\t\t\t\n<p><strong>Fiabilit\u00e9 et pr\u00e9cision :<\/strong> Gr\u00e2ce \u00e0 l'utilisation de sources lumineuses LED certifi\u00e9es m\u00e9dicalement (conformes \u00e0 la norme IEC 60601-1), la dur\u00e9e de vie est sup\u00e9rieure \u00e0 50 000 heures et il n'y a pas de scintillement, ce qui permet d'\u00e9viter la fatigue visuelle caus\u00e9e par une surveillance de longue dur\u00e9e. Capteur de lumi\u00e8re ambiante int\u00e9gr\u00e9 et algorithme d'intelligence artificielle pour adapter la courbe de luminosit\u00e9 NIT en temps r\u00e9el (par exemple 800nits le jour\/50nits la nuit).<\/p>\n<p><strong>Conception interactive et intuitive :<\/strong><\/p>\n<ul>\n<li>Int\u00e9grer des guides lumineux directionnels dans le panneau du ventilateur pour guider le processus d'utilisation par le biais d'une animation de flux lumineux (comme le r\u00e9glage de la valeur PEEP en tournant dans le sens des aiguilles d'une montre).<\/li>\n<li>Concevoir un anneau indicateur multicolore pour les appareils \u00e0 ultrasons portatifs et utiliser un gradient de saturation des couleurs pour indiquer le seuil de pression de la sonde (bleu\u2192vert\u2192rouge correspond \u00e0 l'avertissement de s\u00e9curit\u00e9).<\/li>\n<\/ul>\n<p><strong>M\u00e9canisme de redondance de s\u00e9curit\u00e9 : <\/strong>Le circuit de r\u00e9tro\u00e9clairage ind\u00e9pendant \u00e0 double canal \u00e9vite le risque d'\u00e9cran noir et passe automatiquement \u00e0 l'affichage monochrome en mode d'urgence (par exemple en conservant la forme d'onde de l'oxyg\u00e8ne sanguin en cas de d\u00e9faillance de l'interface ECMO).<\/p>\n\t\t<\/div>\n\t\t\t\t\t<\/div>\n\n\t\n\n\t<div id=\"col-4887117\" class=\"col medium-6 small-12 large-6\"  >\n\t\t\t\t<div class=\"col-inner\"  >\n\t\t\t\n\t\t\t\n\t<div class=\"img has-hover x md-x lg-x y md-y lg-y\" id=\"image_721027273\">\n\t\t\t\t\t\t\t\t<div class=\"img-inner dark\" >\n\t\t\t<img loading=\"lazy\" decoding=\"async\" width=\"800\" height=\"800\" src=\"https:\/\/backlightmfg.com\/wp-content\/uploads\/2025\/04\/HMI-3.jpeg\" class=\"attachment-original size-original\" alt=\"Exemple de solution d&#039;\u00e9quipe\" srcset=\"https:\/\/backlightmfg.com\/wp-content\/uploads\/2025\/04\/HMI-3.jpeg 800w, https:\/\/backlightmfg.com\/wp-content\/uploads\/2025\/04\/HMI-3-300x300.jpeg 300w, https:\/\/backlightmfg.com\/wp-content\/uploads\/2025\/04\/HMI-3-150x150.jpeg 150w, https:\/\/backlightmfg.com\/wp-content\/uploads\/2025\/04\/HMI-3-768x768.jpeg 768w, https:\/\/backlightmfg.com\/wp-content\/uploads\/2025\/04\/HMI-3-12x12.jpeg 12w, https:\/\/backlightmfg.com\/wp-content\/uploads\/2025\/04\/HMI-3-510x510.jpeg 510w, https:\/\/backlightmfg.com\/wp-content\/uploads\/2025\/04\/HMI-3-100x100.jpeg 100w\" sizes=\"(max-width: 800px) 100vw, 800px\" \/>\t\t\t\t\t\t\n\t\t\t\t\t<\/div>\n\t\t\t\t\t\t\t\t\n<style>\n#image_721027273 {\n  width: 100%;\n}\n<\/style>\n\t<\/div>\n\t\n\t\t<\/div>\n\t\t\t\t\t<\/div>\n\n\t\n<\/div>\n\t\t<\/div>\n\n\t\t\n<style>\n#section_383771150 {\n  padding-top: 30px;\n  padding-bottom: 30px;\n}\n<\/style>\n\t<\/section>\n\t\n\t<section class=\"section\" id=\"section_1107213983\">\n\t\t<div class=\"bg section-bg fill bg-fill  bg-loaded\" >\n\n\t\t\t\n\t\t\t<div class=\"section-bg-overlay absolute fill\"><\/div>\n\t\t\t\n\n\t\t<\/div>\n\n\t\t\n\n\t\t<div class=\"section-content relative\">\n\t\t\t\n<div class=\"row\"  id=\"row-1431735589\">\n\n\t<div id=\"col-1425258736\" class=\"col medium-6 small-12 large-6\"  >\n\t\t\t\t<div class=\"col-inner\"  >\n\t\t\t\n\t\t\t\n\t<div class=\"img has-hover x md-x lg-x y md-y lg-y\" id=\"image_1636338940\">\n\t\t\t\t\t\t\t\t<div class=\"img-inner image-cover dark\" style=\"padding-top:78%;\">\n\t\t\t<img loading=\"lazy\" decoding=\"async\" width=\"800\" height=\"800\" src=\"https:\/\/backlightmfg.com\/wp-content\/uploads\/2025\/04\/HMI-2.jpeg\" class=\"attachment-original size-original\" alt=\"Principes de conception\" srcset=\"https:\/\/backlightmfg.com\/wp-content\/uploads\/2025\/04\/HMI-2.jpeg 800w, https:\/\/backlightmfg.com\/wp-content\/uploads\/2025\/04\/HMI-2-300x300.jpeg 300w, https:\/\/backlightmfg.com\/wp-content\/uploads\/2025\/04\/HMI-2-150x150.jpeg 150w, https:\/\/backlightmfg.com\/wp-content\/uploads\/2025\/04\/HMI-2-768x768.jpeg 768w, https:\/\/backlightmfg.com\/wp-content\/uploads\/2025\/04\/HMI-2-12x12.jpeg 12w, https:\/\/backlightmfg.com\/wp-content\/uploads\/2025\/04\/HMI-2-510x510.jpeg 510w, https:\/\/backlightmfg.com\/wp-content\/uploads\/2025\/04\/HMI-2-100x100.jpeg 100w\" sizes=\"(max-width: 800px) 100vw, 800px\" \/>\t\t\t\t\t\t\n\t\t\t\t\t<\/div>\n\t\t\t\t\t\t\t\t\n<style>\n#image_1636338940 {\n  width: 100%;\n}\n<\/style>\n\t<\/div>\n\t\n\t\t<\/div>\n\t\t\t\t\t<\/div>\n\n\t\n\n\t<div id=\"col-851359928\" class=\"col medium-6 small-12 large-6\"  >\n\t\t\t\t<div class=\"col-inner\"  >\n\t\t\t\n\t\t\t\n<h3>Principes de conception<\/h3>\n<p><strong>Adaptabilit\u00e9 \u00e0 l'environnement lumineux :<\/strong> La temp\u00e9rature de couleur de l'interface est synchronis\u00e9e avec l'\u00e9clairage des \u00e9tablissements m\u00e9dicaux (comme la lumi\u00e8re blanche froide de 4500K dans la salle d'op\u00e9ration) afin de r\u00e9duire le biais de perception des couleurs du personnel m\u00e9dical lorsqu'il change de ligne de vue. Pour les salles obscures (comme les services de radiologie), un mode d'adaptation \u00e0 l'obscurit\u00e9 rouge est pr\u00e9vu pour pr\u00e9server l'acuit\u00e9 visuelle.<\/p>\n<h3>D\u00e9fis et tendances futures<\/h3>\n<ul>\n<li><strong>Miniaturisation et affichage flexible :<\/strong> D\u00e9velopper des panneaux Micro-LET \u00e0 tr\u00e8s faible consommation pour la conception d'interfaces homme-machine incurv\u00e9es pour les dispositifs m\u00e9dicaux portables.<\/li>\n<li><strong>\u00c9clairage biocompatible :<\/strong> \u00c9tudier l'application int\u00e9gr\u00e9e de sources lumineuses de longueurs d'onde sp\u00e9cifiques (telles que la lumi\u00e8re bleue-violette de 405 nm) dans la d\u00e9sinfection de l'interface et le contr\u00f4le interactif.<\/li>\n<\/ul>\n\t\t<\/div>\n\t\t\t\t\t<\/div>\n\n\t\n<\/div>\n\t\t<\/div>\n\n\t\t\n<style>\n#section_1107213983 {\n  padding-top: 30px;\n  padding-bottom: 30px;\n}\n#section_1107213983 .section-bg-overlay {\n  background-color: #eaeef1;\n}\n<\/style>\n\t<\/section>\n\t\n\t<section class=\"section\" id=\"section_866898924\">\n\t\t<div class=\"bg section-bg fill bg-fill  bg-loaded\" >\n\n\t\t\t\n\t\t\t\n\t\t\t\n\n\t\t<\/div>\n\n\t\t\n\n\t\t<div class=\"section-content relative\">\n\t\t\t\n<div class=\"row\"  id=\"row-1453029690\">\n\n\t<div id=\"col-1234218426\" class=\"col small-12 large-12\"  >\n\t\t\t\t<div class=\"col-inner\"  >\n\t\t\t\n\t\t\t\n<h1 style=\"text-align: center;\">De la complexit\u00e9 \u00e0 la confiance : Rayera assure le succ\u00e8s de l'IHM m\u00e9dicale<\/h1>\n<p style=\"text-align: center;\">Avec la demande croissante de dispositifs plus petits, les entreprises de produits m\u00e9dicaux sont confront\u00e9es \u00e0 des d\u00e9fis d'\u00e9clairage plus complexes chaque jour. Avec Rayera comme partenaire, vous obtiendrez la solution d'\u00e9clairage optimale, vous ferez parvenir votre produit \u00e0 votre client plus rapidement et vous gagnerez plus d'affaires.<\/p>\n\t\t<\/div>\n\t\t\t\t\t<\/div>\n\n\t\n<\/div>\n<div class=\"row\"  id=\"row-864297312\">\n\n\t<div id=\"col-2024211118\" class=\"col small-12 large-12\"  >\n\t\t\t\t<div class=\"col-inner\"  >\n\t\t\t\n\t\t\t\n\n<div class=\"wpcf7 no-js\" id=\"wpcf7-f280-o1\" lang=\"en-US\" dir=\"ltr\">\n<div class=\"screen-reader-response\"><p role=\"status\" aria-live=\"polite\" aria-atomic=\"true\"><\/p> <ul><\/ul><\/div>\n<form action=\"\/fr\/wp-json\/wp\/v2\/pages\/2265#wpcf7-f280-o1\" method=\"post\" class=\"wpcf7-form init\" aria-label=\"Formulaire de contact\" novalidate=\"novalidate\" data-status=\"init\" data-trp-original-action=\"\/fr\/wp-json\/wp\/v2\/pages\/2265#wpcf7-f280-o1\">\n<div style=\"display: none;\">\n<input type=\"hidden\" name=\"_wpcf7\" value=\"280\" \/>\n<input type=\"hidden\" name=\"_wpcf7_version\" value=\"5.9.6\" \/>\n<input type=\"hidden\" name=\"_wpcf7_locale\" value=\"en_US\" \/>\n<input type=\"hidden\" name=\"_wpcf7_unit_tag\" value=\"wpcf7-f280-o1\" \/>\n<input type=\"hidden\" name=\"_wpcf7_container_post\" value=\"0\" \/>\n<input type=\"hidden\" name=\"_wpcf7_posted_data_hash\" value=\"\" \/>\n<\/div>\n<div class='custom_contact_style'>\n\t<div class=\"row row-small\">\n\t\t<div class=\"col medium-6 small-12 large-6\">\n\t\t\t<div class=\"col-inner\">\n\t\t\t\t<p><span class=\"wpcf7-form-control-wrap\" data-name=\"your-name\"><input size=\"40\" maxlength=\"80\" class=\"wpcf7-form-control wpcf7-text wpcf7-validates-as-required\" aria-required=\"true\" aria-invalid=\"false\" placeholder=\"Nom*\" value=\"\" type=\"text\" name=\"your-name\" \/><\/span>\n\t\t\t\t<\/p>\n\t\t\t<\/div>\n\t\t<\/div>\n\t\t<div class=\"col medium-6 small-12 large-6\">\n\t\t\t<div class=\"col-inner\">\n\t\t\t\t<p><span class=\"wpcf7-form-control-wrap\" data-name=\"your-email\"><input size=\"40\" maxlength=\"80\" class=\"wpcf7-form-control wpcf7-email wpcf7-validates-as-required wpcf7-text wpcf7-validates-as-email\" aria-required=\"true\" aria-invalid=\"false\" placeholder=\"Courriel*\" value=\"\" type=\"email\" name=\"your-email\" \/><\/span>\n\t\t\t\t<\/p>\n\t\t\t<\/div>\n\t\t<\/div>\n\t<\/div>\n\t<div class='cus_contact_form_bottom'>\n\t\t<p><span class=\"wpcf7-form-control-wrap\" data-name=\"your-phone\"><input size=\"40\" maxlength=\"80\" class=\"wpcf7-form-control wpcf7-text\" aria-invalid=\"false\" placeholder=\"T\u00e9l\u00e9phone\" value=\"\" type=\"text\" name=\"your-phone\" \/><\/span>\n\t\t<\/p>\n\t<\/div>\n\t<div class='cus_contact_form_bottom'>\n\t\t<p><span class=\"wpcf7-form-control-wrap\" data-name=\"your-country\"><input size=\"40\" maxlength=\"80\" class=\"wpcf7-form-control wpcf7-text\" aria-invalid=\"false\" placeholder=\"Pays\" value=\"\" type=\"text\" name=\"your-country\" \/><\/span>\n\t\t<\/p>\n\t<\/div>\n\t<p><span class=\"wpcf7-form-control-wrap\" data-name=\"your-message\"><textarea cols=\"40\" rows=\"10\" maxlength=\"400\" class=\"wpcf7-form-control wpcf7-textarea wpcf7-validates-as-required\" aria-required=\"true\" aria-invalid=\"false\" placeholder=\"Votre message *\" name=\"your-message\"><\/textarea><\/span>\n\t<\/p>\n\t<div style=\"margin-bottom:10px;\">\n\t\t<p><span class=\"wpcf7-form-control-wrap kc_captcha cf7ic-toggle\" data-name=\"kc_captcha\"><span class=\"wpcf7-form-control wpcf7-radio\"><span class=\"captcha-image\" style=\"display: none;\"><span class=\"cf7ic_instructions\">Veuillez prouver que vous \u00eates un \u00eatre humain en s\u00e9lectionnant le<span> drapeau<\/span>.<\/span><label><input aria-label=\"1\" type=\"radio\" name=\"kc_captcha\" value=\"bot\" \/><svg aria-hidden=\"true\" role=\"img\" xmlns=\"http:\/\/www.w3.org\/2000\/svg\" viewbox=\"0 0 576 512\"><path fill=\"currentColor\" d=\"M259 18l-65 132-146 22c-26 3-37 36-18 54l106 103-25 146c-5 26 23 46 46 33l131-68 131 68c23 13 51-7 46-33l-25-146 106-103c19-18 8-51-18-54l-146-22-65-132a32 32 0 00-58 0z\"\/><\/svg><\/label><label><input aria-label=\"2\" type=\"radio\" name=\"kc_captcha\" value=\"bot\" \/><svg aria-hidden=\"true\" role=\"img\" xmlns=\"http:\/\/www.w3.org\/2000\/svg\" viewbox=\"0 0 512 512\"><path fill=\"currentColor\" d=\"M500 168h-55l-8-21a127 127 0 00-120-83H195a127 127 0 00-120 83l-8 21H12c-8 0-14 8-11 16l8 24a12 12 0 0011 8h29a64 64 0 00-33 56v48c0 16 6 31 16 42v62c0 13 11 24 24 24h48c13 0 24-11 24-24v-40h256v40c0 13 11 24 24 24h48c13 0 24-11 24-24v-62c10-11 16-26 16-42v-48c0-24-13-45-33-56h29a12 12 0 0011-8l8-24c3-8-3-16-11-16zm-365 2c9-25 33-42 60-42h122c27 0 51 17 60 42l15 38H120l15-38zM88 328a32 32 0 010-64c18 0 48 30 48 48s-30 16-48 16zm336 0c-18 0-48 2-48-16s30-48 48-48 32 14 32 32-14 32-32 32z\"\/><\/svg><\/label><label><input aria-label=\"3\" type=\"radio\" name=\"kc_captcha\" value=\"kc_human\" \/><svg aria-hidden=\"true\" role=\"img\" xmlns=\"http:\/\/www.w3.org\/2000\/svg\" viewbox=\"0 0 512 512\"><path fill=\"currentColor\" d=\"M350 99c-54 0-98-35-166-35-25 0-47 4-68 12a56 56 0 004-24C118 24 95 1 66 0a56 56 0 00-34 102v386c0 13 11 24 24 24h16c13 0 24-11 24-24v-94c28-12 64-23 114-23 54 0 98 35 166 35 48 0 86-16 122-41 9-6 14-15 14-26V96c0-23-24-39-45-29-35 16-77 32-117 32z\"\/><\/svg><\/label>\r\n    <\/span>\r\n    <span style=\"display:none\">\r\n        <input type=\"text\" name=\"kc_honeypot\">\r\n    <\/span><\/span><\/span>\n\t\t<\/p>\n\t<\/div>\n\t<p><input class=\"wpcf7-form-control wpcf7-submit has-spinner\" type=\"submit\" value=\"Envoyer un message\" \/>\n\t<\/p>\n<\/div><div class=\"wpcf7-response-output\" aria-hidden=\"true\"><\/div>\n<input type=\"hidden\" name=\"trp-form-language\" value=\"fr\"\/><\/form>\n<\/div>\n\n\t\t<\/div>\n\t\t\t\t\t<\/div>\n\n\t\n<\/div>\n\t\t<\/div>\n\n\t\t\n<style>\n#section_866898924 {\n  padding-top: 30px;\n  padding-bottom: 30px;\n}\n<\/style>\n\t<\/section>","protected":false},"excerpt":{"rendered":"","protected":false},"author":1,"featured_media":0,"parent":0,"menu_order":0,"comment_status":"closed","ping_status":"closed","template":"page-blank.php","meta":{"footnotes":""},"_links":{"self":[{"href":"https:\/\/backlightmfg.com\/fr\/wp-json\/wp\/v2\/pages\/2265"}],"collection":[{"href":"https:\/\/backlightmfg.com\/fr\/wp-json\/wp\/v2\/pages"}],"about":[{"href":"https:\/\/backlightmfg.com\/fr\/wp-json\/wp\/v2\/types\/page"}],"author":[{"embeddable":true,"href":"https:\/\/backlightmfg.com\/fr\/wp-json\/wp\/v2\/users\/1"}],"replies":[{"embeddable":true,"href":"https:\/\/backlightmfg.com\/fr\/wp-json\/wp\/v2\/comments?post=2265"}],"version-history":[{"count":23,"href":"https:\/\/backlightmfg.com\/fr\/wp-json\/wp\/v2\/pages\/2265\/revisions"}],"predecessor-version":[{"id":2315,"href":"https:\/\/backlightmfg.com\/fr\/wp-json\/wp\/v2\/pages\/2265\/revisions\/2315"}],"wp:attachment":[{"href":"https:\/\/backlightmfg.com\/fr\/wp-json\/wp\/v2\/media?parent=2265"}],"curies":[{"name":"wp","href":"https:\/\/api.w.org\/{rel}","templated":true}]}}