{"id":2011,"date":"2024-09-14T08:11:32","date_gmt":"2024-09-14T08:11:32","guid":{"rendered":"https:\/\/backlightmfg.com\/?page_id=2011"},"modified":"2024-09-14T08:48:30","modified_gmt":"2024-09-14T08:48:30","slug":"fiber-optic-backlight-panels","status":"publish","type":"page","link":"https:\/\/backlightmfg.com\/fr\/fiber-optic-backlight-panels\/","title":{"rendered":"Panneaux de r\u00e9tro\u00e9clairage \u00e0 fibre optique"},"content":{"rendered":"<div class=\"banner has-hover has-parallax\" id=\"banner-776831363\">\n          <div class=\"banner-inner fill\">\n        <div class=\"banner-bg fill\" data-parallax=\"-3\" data-parallax-container=\".banner\" data-parallax-background>\n            <div class=\"bg fill bg-fill\"><\/div>\n                                    \n                    <\/div>\n\t\t\n        <div class=\"banner-layers container\">\n            <div class=\"fill banner-link\"><\/div>            \n   <div id=\"text-box-1701710408\" class=\"text-box banner-layer x50 md-x85 lg-x85 y50 md-y50 lg-y50 res-text\">\n                     <div data-animate=\"fadeInLeft\">           <div class=\"text-box-content text dark\">\n              \n              <div class=\"text-inner text-center\">\n                  \n<h1 style=\"text-align: center;\">Panneau de r\u00e9tro\u00e9clairage \u00e0 fibre optique<\/h1>\n              <\/div>\n           <\/div>\n       <\/div>                     \n<style>\n#text-box-1701710408 {\n  width: 80%;\n}\n#text-box-1701710408 .text-box-content {\n  font-size: 100%;\n}\n@media (min-width:550px) {\n  #text-box-1701710408 {\n    width: 66%;\n  }\n}\n<\/style>\n    <\/div>\n \n        <\/div>\n      <\/div>\n\n            \n<style>\n#banner-776831363 {\n  padding-top: 200px;\n}\n#banner-776831363 .bg.bg-loaded {\n  background-image: 8950;\n}\n#banner-776831363 .overlay {\n  background-color: rgba(0, 0, 0, 0.3);\n}\n#banner-776831363 .bg {\n  background-position: 35% 23%;\n}\n<\/style>\n  <\/div>\n\n\n\t<section class=\"section\" id=\"section_279826726\">\n\t\t<div class=\"bg section-bg fill bg-fill  bg-loaded\" >\n\n\t\t\t\n\t\t\t\n\t\t\t\n\n\t\t<\/div>\n\n\t\t\n\n\t\t<div class=\"section-content relative\">\n\t\t\t\n<div class=\"row\"  id=\"row-528791340\">\n\n\t<div id=\"col-1925992391\" class=\"col small-12 large-12\"  >\n\t\t\t\t<div class=\"col-inner\"  >\n\t\t\t\n\t\t\t\n<h2 class=\"\" style=\"text-align: center;\" data-sourcepos=\"1:1-1:54\">Panneaux de r\u00e9tro\u00e9clairage \u00e0 fibre optique : \u00c9clairage des \u00e9crans<\/h2>\n<p data-sourcepos=\"3:1-3:121\">Les panneaux de r\u00e9tro\u00e9clairage \u00e0 fibre optique sont un type de technologie d'affichage qui utilise la fibre optique pour diriger la lumi\u00e8re d'une source vers l'arri\u00e8re d'un \u00e9cran d'affichage, cr\u00e9ant ainsi un \u00e9clairage uniforme et lumineux. Cette technologie est couramment utilis\u00e9e dans les \u00e9crans LCD et OLED.<\/p>\n\t\t<\/div>\n\t\t\t\t\t<\/div>\n\n\t\n<\/div>\n<div class=\"row\"  id=\"row-1906670281\">\n\n\t<div id=\"col-274217397\" class=\"col small-12 large-12\"  >\n\t\t\t\t<div class=\"col-inner\"  >\n\t\t\t\n\t\t\t\n\t<div class=\"img has-hover x md-x lg-x y md-y lg-y\" id=\"image_1793695536\">\n\t\t\t\t\t\t\t\t<div class=\"img-inner dark\" >\n\t\t\t<img loading=\"lazy\" decoding=\"async\" width=\"1020\" height=\"631\" src=\"https:\/\/backlightmfg.com\/wp-content\/uploads\/2024\/09\/1625228552-1024x633.jpg\" class=\"attachment-large size-large\" alt=\"Panneaux de r\u00e9tro\u00e9clairage \u00e0 fibre optique\" srcset=\"https:\/\/backlightmfg.com\/wp-content\/uploads\/2024\/09\/1625228552-1024x633.jpg 1024w, https:\/\/backlightmfg.com\/wp-content\/uploads\/2024\/09\/1625228552-300x186.jpg 300w, https:\/\/backlightmfg.com\/wp-content\/uploads\/2024\/09\/1625228552-768x475.jpg 768w, https:\/\/backlightmfg.com\/wp-content\/uploads\/2024\/09\/1625228552-1536x950.jpg 1536w, https:\/\/backlightmfg.com\/wp-content\/uploads\/2024\/09\/1625228552-18x12.jpg 18w, https:\/\/backlightmfg.com\/wp-content\/uploads\/2024\/09\/1625228552-510x315.jpg 510w, https:\/\/backlightmfg.com\/wp-content\/uploads\/2024\/09\/1625228552.jpg 1990w\" sizes=\"(max-width: 1020px) 100vw, 1020px\" \/>\t\t\t\t\t\t\n\t\t\t\t\t<\/div>\n\t\t\t\t\t\t\t\t\n<style>\n#image_1793695536 {\n  width: 100%;\n}\n<\/style>\n\t<\/div>\n\t\n\t\t<\/div>\n\t\t\t\t\t<\/div>\n\n\t\n<\/div>\n\t\t<\/div>\n\n\t\t\n<style>\n#section_279826726 {\n  padding-top: 30px;\n  padding-bottom: 30px;\n}\n<\/style>\n\t<\/section>\n\t\n\t<section class=\"section\" id=\"section_1134451841\">\n\t\t<div class=\"bg section-bg fill bg-fill  bg-loaded\" >\n\n\t\t\t\n\t\t\t\n\t\t\t\n\n\t\t<\/div>\n\n\t\t\n\n\t\t<div class=\"section-content relative\">\n\t\t\t\n<div class=\"row\"  id=\"row-131873062\">\n\n\t<div id=\"col-1700064180\" class=\"col medium-6 small-12 large-6\"  >\n\t\t\t\t<div class=\"col-inner\"  >\n\t\t\t\n\t\t\t\n\t<div class=\"img has-hover x md-x lg-x y md-y lg-y\" id=\"image_1854175479\">\n\t\t\t\t\t\t\t\t<div class=\"img-inner image-cover dark\" style=\"padding-top:100%;\">\n\t\t\t<img loading=\"lazy\" decoding=\"async\" width=\"2560\" height=\"1920\" src=\"https:\/\/backlightmfg.com\/wp-content\/uploads\/2024\/09\/1625232631-scaled.jpg\" class=\"attachment-original size-original\" alt=\"Illumination par fibre optique\" srcset=\"https:\/\/backlightmfg.com\/wp-content\/uploads\/2024\/09\/1625232631-scaled.jpg 2560w, https:\/\/backlightmfg.com\/wp-content\/uploads\/2024\/09\/1625232631-300x225.jpg 300w, https:\/\/backlightmfg.com\/wp-content\/uploads\/2024\/09\/1625232631-1024x768.jpg 1024w, https:\/\/backlightmfg.com\/wp-content\/uploads\/2024\/09\/1625232631-768x576.jpg 768w, https:\/\/backlightmfg.com\/wp-content\/uploads\/2024\/09\/1625232631-1536x1152.jpg 1536w, https:\/\/backlightmfg.com\/wp-content\/uploads\/2024\/09\/1625232631-2048x1536.jpg 2048w, https:\/\/backlightmfg.com\/wp-content\/uploads\/2024\/09\/1625232631-16x12.jpg 16w, https:\/\/backlightmfg.com\/wp-content\/uploads\/2024\/09\/1625232631-510x383.jpg 510w\" sizes=\"(max-width: 2560px) 100vw, 2560px\" \/>\t\t\t\t\t\t\n\t\t\t\t\t<\/div>\n\t\t\t\t\t\t\t\t\n<style>\n#image_1854175479 {\n  width: 100%;\n}\n<\/style>\n\t<\/div>\n\t\n\t\t<\/div>\n\t\t\t\t\t<\/div>\n\n\t\n\n\t<div id=\"col-1717530935\" class=\"col medium-6 small-12 large-6\"  >\n\t\t\t\t<div class=\"col-inner\"  >\n\t\t\t\n\t\t\t\n<h3 data-sourcepos=\"5:1-5:41\"><strong>Composants cl\u00e9s des panneaux de r\u00e9tro\u00e9clairage \u00e0 fibre optique :<\/strong><\/h3>\n<ul data-sourcepos=\"7:1-8:63\">\n<li data-sourcepos=\"7:1-7:77\"><strong>Source de lumi\u00e8re :<\/strong> La source de lumi\u00e8re, g\u00e9n\u00e9ralement des LED ou des lampes fluorescentes.<\/li>\n<li data-sourcepos=\"8:1-8:63\"><strong>C\u00e2bles \u00e0 fibres optiques :<\/strong> Fins brins de verre ou de plastique qui transmettent la lumi\u00e8re.<\/li>\n<li data-sourcepos=\"9:1-9:82\"><strong>Plaque de guidage de la lumi\u00e8re :<\/strong> Un mat\u00e9riau transparent qui distribue la lumi\u00e8re de mani\u00e8re uniforme.<\/li>\n<li data-sourcepos=\"10:1-10:50\"><strong>Diffuseur :<\/strong> Un mat\u00e9riau qui diffuse la lumi\u00e8re, cr\u00e9ant ainsi un \u00e9clairage uniforme.<\/li>\n<\/ul>\n<h3 data-sourcepos=\"12:1-12:42\"><strong>Comment fonctionnent les panneaux de r\u00e9tro\u00e9clairage \u00e0 fibre optique :<\/strong><\/h3>\n<ol data-sourcepos=\"14:1-18:0\">\n<li data-sourcepos=\"14:1-14:80\"><strong>\u00c9mission de lumi\u00e8re :<\/strong> La source lumineuse \u00e9met de la lumi\u00e8re dans les c\u00e2bles \u00e0 fibres optiques.<\/li>\n<li data-sourcepos=\"15:1-15:101\"><strong>Transmission de la lumi\u00e8re :<\/strong> La lumi\u00e8re passe par les c\u00e2bles \u00e0 fibres optiques jusqu'\u00e0 la plaque de guidage de la lumi\u00e8re.<\/li>\n<li data-sourcepos=\"16:1-16:109\"><strong>Distribution de la lumi\u00e8re :<\/strong> La plaque de guidage de la lumi\u00e8re distribue la lumi\u00e8re de mani\u00e8re uniforme \u00e0 l'arri\u00e8re de l'\u00e9cran.<\/li>\n<li data-sourcepos=\"17:1-18:0\"><strong>\u00c9clairage :<\/strong> La lumi\u00e8re diffuse \u00e9claire l'\u00e9cran d'affichage, cr\u00e9ant une image lumineuse et uniforme.<\/li>\n<\/ol>\n\t\t<\/div>\n\t\t\t\t\t<\/div>\n\n\t\n<\/div>\n\t\t<\/div>\n\n\t\t\n<style>\n#section_1134451841 {\n  padding-top: 30px;\n  padding-bottom: 30px;\n  background-color: #c3e7f2;\n}\n<\/style>\n\t<\/section>\n\t\n\t<section class=\"section\" id=\"section_1953516636\">\n\t\t<div class=\"bg section-bg fill bg-fill  bg-loaded\" >\n\n\t\t\t\n\t\t\t\n\t\t\t\n\n\t\t<\/div>\n\n\t\t\n\n\t\t<div class=\"section-content relative\">\n\t\t\t\n<div class=\"row\"  id=\"row-2096381755\">\n\n\t<div id=\"col-732805845\" class=\"col medium-6 small-12 large-6\"  >\n\t\t\t\t<div class=\"col-inner\"  >\n\t\t\t\n\t\t\t\n<h3 data-sourcepos=\"19:1-19:45\">Avantages des panneaux de r\u00e9tro\u00e9clairage \u00e0 fibre optique :<\/h3>\n<ul data-sourcepos=\"21:1-21:140\">\n<li data-sourcepos=\"21:1-21:140\"><strong>\u00c9clairage uniforme :<\/strong> Les panneaux de r\u00e9tro\u00e9clairage \u00e0 fibre optique fournissent un \u00e9clairage plus homog\u00e8ne et plus constant que les r\u00e9tro\u00e9clairages traditionnels \u00e0 \u00e9clairage direct ou sur les bords.<\/li>\n<li data-sourcepos=\"22:1-22:141\"><strong>Efficacit\u00e9 \u00e9nerg\u00e9tique :<\/strong> Ils peuvent \u00eatre plus efficaces sur le plan \u00e9nerg\u00e9tique que d'autres technologies de r\u00e9tro\u00e9clairage, en particulier lorsqu'ils sont utilis\u00e9s avec des LED \u00e0 haut rendement.<\/li>\n<li data-sourcepos=\"23:1-23:99\"><strong>Design fin :<\/strong> Les panneaux de r\u00e9tro\u00e9clairage \u00e0 fibre optique permettent de concevoir des \u00e9crans plus fins et plus compacts.<\/li>\n<li data-sourcepos=\"24:1-25:0\"><strong>Flexibilit\u00e9 :<\/strong> Ils peuvent \u00eatre personnalis\u00e9s pour s'adapter \u00e0 diff\u00e9rentes tailles et formes de pr\u00e9sentoirs.<\/li>\n<\/ul>\n<h3 data-sourcepos=\"26:1-26:49\">Applications des panneaux de r\u00e9tro\u00e9clairage \u00e0 fibres optiques :<\/h3>\n<ul data-sourcepos=\"28:1-31:0\">\n<li data-sourcepos=\"28:1-28:72\"><strong>\u00c9crans LCD :<\/strong> Utilis\u00e9 dans les t\u00e9l\u00e9viseurs, les \u00e9crans d'ordinateur et les ordinateurs portables.<\/li>\n<li data-sourcepos=\"29:1-29:68\"><strong>\u00c9crans OLED :<\/strong> Utilis\u00e9 dans les smartphones, les tablettes et les t\u00e9l\u00e9viseurs haut de gamme.<\/li>\n<li data-sourcepos=\"30:1-31:0\"><strong>Signalisation num\u00e9rique :<\/strong> Utilis\u00e9 dans les affichages publicitaires et les panneaux d'affichage num\u00e9riques.<\/li>\n<\/ul>\n<p data-sourcepos=\"32:1-32:30\"><strong>Les panneaux de r\u00e9tro\u00e9clairage \u00e0 fibre optique sont devenus un choix populaire pour la technologie d'affichage moderne en raison de leurs avantages en termes de qualit\u00e9 d'\u00e9clairage, d'efficacit\u00e9 \u00e9nerg\u00e9tique et de flexibilit\u00e9 de conception.<\/strong><\/p>\n\t\t<\/div>\n\t\t\t\t\t<\/div>\n\n\t\n\n\t<div id=\"col-330036218\" class=\"col medium-6 small-12 large-6\"  >\n\t\t\t\t<div class=\"col-inner\"  >\n\t\t\t\n\t\t\t\n\t<div class=\"img has-hover x md-x lg-x y md-y lg-y\" id=\"image_1817026001\">\n\t\t\t\t\t\t\t\t<div class=\"img-inner image-cover dark\" style=\"padding-top:100%;\">\n\t\t\t<img loading=\"lazy\" decoding=\"async\" width=\"685\" height=\"667\" src=\"https:\/\/backlightmfg.com\/wp-content\/uploads\/2024\/09\/1625230825.png\" class=\"attachment-original size-original\" alt=\"Applications des panneaux de r\u00e9tro\u00e9clairage \u00e0 fibres optiques\" srcset=\"https:\/\/backlightmfg.com\/wp-content\/uploads\/2024\/09\/1625230825.png 685w, https:\/\/backlightmfg.com\/wp-content\/uploads\/2024\/09\/1625230825-300x292.png 300w, https:\/\/backlightmfg.com\/wp-content\/uploads\/2024\/09\/1625230825-12x12.png 12w, https:\/\/backlightmfg.com\/wp-content\/uploads\/2024\/09\/1625230825-510x497.png 510w\" sizes=\"(max-width: 685px) 100vw, 685px\" \/>\t\t\t\t\t\t\n\t\t\t\t\t<\/div>\n\t\t\t\t\t\t\t\t\n<style>\n#image_1817026001 {\n  width: 100%;\n}\n<\/style>\n\t<\/div>\n\t\n\t\t<\/div>\n\t\t\t\t\t<\/div>\n\n\t\n<\/div>\n\t\t<\/div>\n\n\t\t\n<style>\n#section_1953516636 {\n  padding-top: 30px;\n  padding-bottom: 30px;\n}\n<\/style>\n\t<\/section>\n\t\n\t<section class=\"section\" id=\"section_1166493357\">\n\t\t<div class=\"bg section-bg fill bg-fill  bg-loaded\" >\n\n\t\t\t\n\t\t\t\n\t\t\t\n\n\t\t<\/div>\n\n\t\t\n\n\t\t<div class=\"section-content relative\">\n\t\t\t\n<div class=\"row\"  id=\"row-356500772\">\n\n\t<div id=\"col-946649450\" class=\"col small-12 large-12\"  >\n\t\t\t\t<div class=\"col-inner\"  >\n\t\t\t\n\t\t\t\n<h2 class=\"\" style=\"text-align: center;\" data-sourcepos=\"1:1-1:61\">Panneaux de r\u00e9tro\u00e9clairage \u00e0 fibre optique OEM : Personnalisation de l'affichage<\/h2>\n<p data-sourcepos=\"3:1-3:126\"><strong>Reyera en tant qu'\u00e9quipementier de panneaux de r\u00e9tro\u00e9clairage \u00e0 fibre optique<\/strong> offrent une solution personnalisable aux entreprises qui souhaitent int\u00e9grer un \u00e9clairage de haute qualit\u00e9 \u00e0 leurs produits. Ces panneaux peuvent \u00eatre adapt\u00e9s \u00e0 vos besoins sp\u00e9cifiques, garantissant des performances et une esth\u00e9tique optimales.<\/p>\n<p data-sourcepos=\"5:1-5:34\"><strong>Avantages des panneaux de r\u00e9tro\u00e9clairage \u00e0 fibre optique OEM :<\/strong><\/p>\n<ul data-sourcepos=\"7:1-8:27\">\n<li data-sourcepos=\"7:1-7:112\"><strong>Personnalisation :<\/strong> Adaptez la taille, la forme, la luminosit\u00e9 et la temp\u00e9rature de couleur du panneau \u00e0 vos besoins pr\u00e9cis.<\/li>\n<li data-sourcepos=\"8:1-8:27\"><strong>L'image de marque :<\/strong> Incorporez le logo de votre marque ou des \u00e9l\u00e9ments de design dans le panneau pour un look unique.<\/li>\n<li data-sourcepos=\"9:1-9:97\"><strong>Rentable :<\/strong> La fabrication OEM peut souvent offrir des prix comp\u00e9titifs pour les grandes quantit\u00e9s.<\/li>\n<li data-sourcepos=\"10:1-10:1\"><strong>Contr\u00f4le de la qualit\u00e9 :<\/strong> Travailler avec des fabricants r\u00e9put\u00e9s pour garantir des produits de haute qualit\u00e9 et des performances fiables.<\/li>\n<\/ul>\n<p data-sourcepos=\"12:1-12:26\"><strong>Options de personnalisation :<\/strong><\/p>\n<ul data-sourcepos=\"14:1-18:0\">\n<li data-sourcepos=\"14:1-14:91\"><strong>Taille et forme :<\/strong> Choisissez les dimensions et la forme du panneau pour qu'il s'adapte au design de votre \u00e9cran.<\/li>\n<li data-sourcepos=\"15:1-15:118\"><strong>Luminosit\u00e9 et temp\u00e9rature de couleur :<\/strong> R\u00e9glez l'intensit\u00e9 de la lumi\u00e8re et le spectre des couleurs en fonction de l'esth\u00e9tique souhait\u00e9e.<\/li>\n<li data-sourcepos=\"16:1-16:108\"><strong>Distribution de la lumi\u00e8re :<\/strong> Personnaliser le mod\u00e8le de distribution de la lumi\u00e8re pour obtenir des effets d'\u00e9clairage sp\u00e9cifiques.<\/li>\n<li data-sourcepos=\"17:1-18:0\"><strong>Int\u00e9gration :<\/strong> Int\u00e9grer des fonctions suppl\u00e9mentaires telles que des capteurs tactiles ou des capteurs de lumi\u00e8re ambiante.<\/li>\n<\/ul>\n<p data-sourcepos=\"19:1-19:98\"><strong>Pourquoi choisir Reyera comme fabricant de panneaux de r\u00e9tro\u00e9clairage \u00e0 fibre optique OEM ?<\/strong><\/p>\n<ul data-sourcepos=\"21:1-21:100\">\n<li data-sourcepos=\"21:1-21:100\"><strong>Exp\u00e9rience :<\/strong> Recherchez des fabricants exp\u00e9riment\u00e9s dans la production de panneaux de r\u00e9tro\u00e9clairage de haute qualit\u00e9.<\/li>\n<li data-sourcepos=\"22:1-22:121\"><strong>Capacit\u00e9s :<\/strong> Assurez-vous que le fabricant dispose de l'\u00e9quipement et de l'expertise n\u00e9cessaires pour r\u00e9pondre \u00e0 vos besoins sp\u00e9cifiques.<\/li>\n<li data-sourcepos=\"23:1-23:94\"><strong>D\u00e9lais d'ex\u00e9cution :<\/strong> Tenez compte des d\u00e9lais de production du fabricant pour garantir une livraison dans les temps.<\/li>\n<li data-sourcepos=\"24:1-25:0\"><strong>Support apr\u00e8s-vente :<\/strong> Choisissez un fabricant qui offre un service apr\u00e8s-vente et une garantie fiables.<\/li>\n<\/ul>\n\t\t<\/div>\n\t\t\t\t\t<\/div>\n\n\t\n<\/div>\n\t\t<\/div>\n\n\t\t\n<style>\n#section_1166493357 {\n  padding-top: 30px;\n  padding-bottom: 30px;\n  background-color: #c3e7f2;\n}\n<\/style>\n\t<\/section>\n\t\n\t<section class=\"section\" id=\"section_30681287\">\n\t\t<div class=\"bg section-bg fill bg-fill  bg-loaded\" >\n\n\t\t\t\n\t\t\t\n\t\t\t\n\n\t\t<\/div>\n\n\t\t\n\n\t\t<div class=\"section-content relative\">\n\t\t\t\n<div class=\"row\"  id=\"row-1748296042\">\n\n\t<div id=\"col-147653358\" class=\"col small-12 large-12\"  >\n\t\t\t\t<div class=\"col-inner\"  >\n\t\t\t\n\t\t\t\n<h2 style=\"text-align: center;\">Nous contacter<\/h2>\n\t\t<\/div>\n\t\t\t\t\t<\/div>\n\n\t\n<\/div>\n<div class=\"row\"  id=\"row-708989416\">\n\n\t<div id=\"col-132976669\" class=\"col small-12 large-12\"  >\n\t\t\t\t<div class=\"col-inner\"  >\n\t\t\t\n\t\t\t\n\n<div class=\"wpcf7 no-js\" id=\"wpcf7-f280-o1\" lang=\"en-US\" dir=\"ltr\">\n<div class=\"screen-reader-response\"><p role=\"status\" aria-live=\"polite\" aria-atomic=\"true\"><\/p> <ul><\/ul><\/div>\n<form action=\"\/fr\/wp-json\/wp\/v2\/pages\/2011#wpcf7-f280-o1\" method=\"post\" class=\"wpcf7-form init\" aria-label=\"Formulaire de contact\" novalidate=\"novalidate\" data-status=\"init\" data-trp-original-action=\"\/fr\/wp-json\/wp\/v2\/pages\/2011#wpcf7-f280-o1\">\n<div style=\"display: none;\">\n<input type=\"hidden\" name=\"_wpcf7\" value=\"280\" \/>\n<input type=\"hidden\" name=\"_wpcf7_version\" value=\"5.9.6\" \/>\n<input type=\"hidden\" name=\"_wpcf7_locale\" value=\"en_US\" \/>\n<input type=\"hidden\" name=\"_wpcf7_unit_tag\" value=\"wpcf7-f280-o1\" \/>\n<input type=\"hidden\" name=\"_wpcf7_container_post\" value=\"0\" \/>\n<input type=\"hidden\" name=\"_wpcf7_posted_data_hash\" value=\"\" \/>\n<\/div>\n<div class='custom_contact_style'>\n\t<div class=\"row row-small\">\n\t\t<div class=\"col medium-6 small-12 large-6\">\n\t\t\t<div class=\"col-inner\">\n\t\t\t\t<p><span class=\"wpcf7-form-control-wrap\" data-name=\"your-name\"><input size=\"40\" maxlength=\"80\" class=\"wpcf7-form-control wpcf7-text wpcf7-validates-as-required\" aria-required=\"true\" aria-invalid=\"false\" placeholder=\"Nom*\" value=\"\" type=\"text\" name=\"your-name\" \/><\/span>\n\t\t\t\t<\/p>\n\t\t\t<\/div>\n\t\t<\/div>\n\t\t<div class=\"col medium-6 small-12 large-6\">\n\t\t\t<div class=\"col-inner\">\n\t\t\t\t<p><span class=\"wpcf7-form-control-wrap\" data-name=\"your-email\"><input size=\"40\" maxlength=\"80\" class=\"wpcf7-form-control wpcf7-email wpcf7-validates-as-required wpcf7-text wpcf7-validates-as-email\" aria-required=\"true\" aria-invalid=\"false\" placeholder=\"Courriel*\" value=\"\" type=\"email\" name=\"your-email\" \/><\/span>\n\t\t\t\t<\/p>\n\t\t\t<\/div>\n\t\t<\/div>\n\t<\/div>\n\t<div class='cus_contact_form_bottom'>\n\t\t<p><span class=\"wpcf7-form-control-wrap\" data-name=\"your-phone\"><input size=\"40\" maxlength=\"80\" class=\"wpcf7-form-control wpcf7-text\" aria-invalid=\"false\" placeholder=\"T\u00e9l\u00e9phone\" value=\"\" type=\"text\" name=\"your-phone\" \/><\/span>\n\t\t<\/p>\n\t<\/div>\n\t<div class='cus_contact_form_bottom'>\n\t\t<p><span class=\"wpcf7-form-control-wrap\" data-name=\"your-country\"><input size=\"40\" maxlength=\"80\" class=\"wpcf7-form-control wpcf7-text\" aria-invalid=\"false\" placeholder=\"Pays\" value=\"\" type=\"text\" name=\"your-country\" \/><\/span>\n\t\t<\/p>\n\t<\/div>\n\t<p><span class=\"wpcf7-form-control-wrap\" data-name=\"your-message\"><textarea cols=\"40\" rows=\"10\" maxlength=\"400\" class=\"wpcf7-form-control wpcf7-textarea wpcf7-validates-as-required\" aria-required=\"true\" aria-invalid=\"false\" placeholder=\"Votre message *\" name=\"your-message\"><\/textarea><\/span>\n\t<\/p>\n\t<div style=\"margin-bottom:10px;\">\n\t\t<p><span class=\"wpcf7-form-control-wrap kc_captcha cf7ic-toggle\" data-name=\"kc_captcha\"><span class=\"wpcf7-form-control wpcf7-radio\"><span class=\"captcha-image\" style=\"display: none;\"><span class=\"cf7ic_instructions\">Veuillez prouver que vous \u00eates un \u00eatre humain en s\u00e9lectionnant le<span> cl\u00e9<\/span>.<\/span><label><input aria-label=\"1\" type=\"radio\" name=\"kc_captcha\" value=\"bot\" \/><svg aria-hidden=\"true\" role=\"img\" xmlns=\"http:\/\/www.w3.org\/2000\/svg\" viewbox=\"0 0 576 512\"><path fill=\"currentColor\" d=\"M415 24c-53 0-103 42-127 65-24-23-74-65-127-65C70 24 16 77 16 166c0 72 67 133 69 135l187 181c9 8 23 8 32 0l187-180c2-3 69-64 69-136 0-89-54-142-145-142z\"\/><\/svg><\/label><label><input aria-label=\"2\" type=\"radio\" name=\"kc_captcha\" value=\"bot\" \/><svg aria-hidden=\"true\" role=\"img\" xmlns=\"http:\/\/www.w3.org\/2000\/svg\" viewbox=\"0 0 576 512\"><path fill=\"currentColor\" d=\"M488 313v143c0 13-11 24-24 24H348c-7 0-12-5-12-12V356c0-7-5-12-12-12h-72c-7 0-12 5-12 12v112c0 7-5 12-12 12H112c-13 0-24-11-24-24V313c0-4 2-7 4-10l188-154c5-4 11-4 16 0l188 154c2 3 4 6 4 10zm84-61l-84-69V44c0-6-5-12-12-12h-56c-7 0-12 6-12 12v73l-89-74a48 48 0 00-61 0L4 252c-5 4-5 12-1 17l25 31c5 5 12 5 17 1l235-193c5-4 11-4 16 0l235 193c5 5 13 4 17-1l25-31c4-6 4-13-1-17z\"\/><\/svg><\/label><label><input aria-label=\"3\" type=\"radio\" name=\"kc_captcha\" value=\"kc_human\" \/><svg aria-hidden=\"true\" role=\"img\" xmlns=\"http:\/\/www.w3.org\/2000\/svg\" viewbox=\"0 0 512 512\"><path fill=\"currentColor\" d=\"M512 176a176 176 0 01-209 173l-24 27a24 24 0 01-18 8h-37v40c0 13-11 24-24 24h-40v40c0 13-11 24-24 24H24c-13 0-24-11-24-24v-78c0-6 3-13 7-17l162-162a176 176 0 11343-55zm-176-48a48 48 0 1096 0 48 48 0 00-96 0z\"\/><\/svg><\/label>\r\n    <\/span>\r\n    <span style=\"display:none\">\r\n        <input type=\"text\" name=\"kc_honeypot\">\r\n    <\/span><\/span><\/span>\n\t\t<\/p>\n\t<\/div>\n\t<p><input class=\"wpcf7-form-control wpcf7-submit has-spinner\" type=\"submit\" value=\"Envoyer un message\" \/>\n\t<\/p>\n<\/div><div class=\"wpcf7-response-output\" aria-hidden=\"true\"><\/div>\n<input type=\"hidden\" name=\"trp-form-language\" value=\"fr\"\/><\/form>\n<\/div>\n\n\t\t<\/div>\n\t\t\t\t\t<\/div>\n\n\t\n<\/div>\n\t\t<\/div>\n\n\t\t\n<style>\n#section_30681287 {\n  padding-top: 30px;\n  padding-bottom: 30px;\n}\n<\/style>\n\t<\/section>","protected":false},"excerpt":{"rendered":"","protected":false},"author":1,"featured_media":0,"parent":0,"menu_order":0,"comment_status":"closed","ping_status":"closed","template":"page-blank.php","meta":{"footnotes":""},"_links":{"self":[{"href":"https:\/\/backlightmfg.com\/fr\/wp-json\/wp\/v2\/pages\/2011"}],"collection":[{"href":"https:\/\/backlightmfg.com\/fr\/wp-json\/wp\/v2\/pages"}],"about":[{"href":"https:\/\/backlightmfg.com\/fr\/wp-json\/wp\/v2\/types\/page"}],"author":[{"embeddable":true,"href":"https:\/\/backlightmfg.com\/fr\/wp-json\/wp\/v2\/users\/1"}],"replies":[{"embeddable":true,"href":"https:\/\/backlightmfg.com\/fr\/wp-json\/wp\/v2\/comments?post=2011"}],"version-history":[{"count":20,"href":"https:\/\/backlightmfg.com\/fr\/wp-json\/wp\/v2\/pages\/2011\/revisions"}],"predecessor-version":[{"id":2047,"href":"https:\/\/backlightmfg.com\/fr\/wp-json\/wp\/v2\/pages\/2011\/revisions\/2047"}],"wp:attachment":[{"href":"https:\/\/backlightmfg.com\/fr\/wp-json\/wp\/v2\/media?parent=2011"}],"curies":[{"name":"wp","href":"https:\/\/api.w.org\/{rel}","templated":true}]}}