{"id":1793,"date":"2024-08-03T06:46:11","date_gmt":"2024-08-03T06:46:11","guid":{"rendered":"https:\/\/backlightmfg.com\/?post_type=product&#038;p=1793"},"modified":"2024-09-15T06:29:42","modified_gmt":"2024-09-15T06:29:42","slug":"lgf-light-guide-film","status":"publish","type":"product","link":"https:\/\/backlightmfg.com\/fi\/lgf-light-guide-film\/","title":{"rendered":"LGF (valonohjauskalvo)"},"content":{"rendered":"<h3 data-sourcepos=\"3:1-3:53\">Mik\u00e4 on LGF?<\/h3>\n<ul>\n<li data-sourcepos=\"3:1-3:53\">Light Guide Film (LGF) on ohut, optisesti kirkas muovikalvo, joka on suunniteltu jakamaan reunavalol\u00e4hteest\u00e4 tuleva valo tasaisesti pinnalleen. T\u00e4m\u00e4 tekniikka on olennaisen t\u00e4rke\u00e4\u00e4 tasaisen taustavalon luomiseksi erilaisissa sovelluksissa taustavalaistuista n\u00e4pp\u00e4imist\u00f6ist\u00e4 ja LCD-n\u00e4yt\u00f6ist\u00e4 opasteisiin ja autojen sis\u00e4tiloihin.<\/li>\n<\/ul>\n<h3>Miten Light Guide Film toimii?<\/h3>\n<ul>\n<li data-sourcepos=\"7:1-7:66\">LGF k\u00e4ytt\u00e4\u00e4 ainutlaatuista mikrorakennetta pinnallaan vangitakseen ja taittaakseen valoa LED-valonl\u00e4hteest\u00e4, joka on sijoitettu kalvon reunaan. Valo levi\u00e4\u00e4 sitten tasaisesti kalvon pinnalle, mik\u00e4 tuottaa kirkkaan ja tasaisen valaistuksen.<\/li>\n<\/ul>\n<h3 data-sourcepos=\"7:1-7:66\">Ominaisuudet<\/h3>\n<ul>\n<li>eritt\u00e4in ohut optinen polykarbonaattikalvo, jossa on r\u00e4\u00e4t\u00e4l\u00f6ityj\u00e4 mikrovalonohjausrakenteita, tarjoaa tasaisen valon suorituskyvyn.<\/li>\n<li>N\u00e4ytt\u00f6sovellukset: E-paperin ja julkisten opasteiden ja muiden n\u00e4ytt\u00f6sovellusten etuvaloohjauskalvo.<\/li>\n<li>Autoteollisuus: Auto: kojelauta \/ ovien hankauskilpi \/ autojen sis\u00e4valaistus: kojelauta \/ ovien hankauskilpi \/ autojen sis\u00e4valaistus.<\/li>\n<li>Kuluttajaelektroniikka: valaistut n\u00e4pp\u00e4imist\u00f6t \/ RGB Led -tuulettimet \/ ohjauspaneelit.<\/li>\n<li>Kotisovellukset: valaistut kosketusn\u00e4pp\u00e4imet<\/li>\n<\/ul>","protected":false},"excerpt":{"rendered":"<h4 id=\"tw-target-text\" class=\"tw-data-text tw-text-large tw-ta\" dir=\"ltr\" data-placeholder=\"Translation\" aria-label=\"K\u00e4\u00e4nnetty teksti\" data-ved=\"2ahUKEwiFvaiamtiHAxXCnK8BHcMXH1QQ3ewLegQIERAU\"><strong><span class=\"Y2IQFc\" lang=\"en\">Prosessiparametrit <\/span>LGF:n<\/strong><\/h4>\n<p dir=\"ltr\" data-placeholder=\"Translation\" aria-label=\"K\u00e4\u00e4nnetty teksti\" data-ved=\"2ahUKEwiFvaiamtiHAxXCnK8BHcMXH1QQ3ewLegQIERAU\">Materiaali \uff1aPolykarbonaatti (PC)<\/p>\n<p dir=\"ltr\" data-placeholder=\"Translation\" aria-label=\"K\u00e4\u00e4nnetty teksti\" data-ved=\"2ahUKEwiFvaiamtiHAxXCnK8BHcMXH1QQ3ewLegQIERAU\">Paksuus \uff1a0,075 mm, 0,1 mm, 0,125 mm.<\/p>\n<p dir=\"ltr\" data-placeholder=\"Translation\" aria-label=\"K\u00e4\u00e4nnetty teksti\" data-ved=\"2ahUKEwiFvaiamtiHAxXCnK8BHcMXH1QQ3ewLegQIERAU\">Koko ja muoto : Asiakkaan piirustuksen mukaan.<\/p>","protected":false},"featured_media":1794,"comment_status":"open","ping_status":"closed","template":"","meta":[],"product_cat":[15],"product_tag":[],"_links":{"self":[{"href":"https:\/\/backlightmfg.com\/fi\/wp-json\/wp\/v2\/product\/1793"}],"collection":[{"href":"https:\/\/backlightmfg.com\/fi\/wp-json\/wp\/v2\/product"}],"about":[{"href":"https:\/\/backlightmfg.com\/fi\/wp-json\/wp\/v2\/types\/product"}],"replies":[{"embeddable":true,"href":"https:\/\/backlightmfg.com\/fi\/wp-json\/wp\/v2\/comments?post=1793"}],"wp:featuredmedia":[{"embeddable":true,"href":"https:\/\/backlightmfg.com\/fi\/wp-json\/wp\/v2\/media\/1794"}],"wp:attachment":[{"href":"https:\/\/backlightmfg.com\/fi\/wp-json\/wp\/v2\/media?parent=1793"}],"wp:term":[{"taxonomy":"product_cat","embeddable":true,"href":"https:\/\/backlightmfg.com\/fi\/wp-json\/wp\/v2\/product_cat?post=1793"},{"taxonomy":"product_tag","embeddable":true,"href":"https:\/\/backlightmfg.com\/fi\/wp-json\/wp\/v2\/product_tag?post=1793"}],"curies":[{"name":"wp","href":"https:\/\/api.w.org\/{rel}","templated":true}]}}