{"id":1790,"date":"2024-08-03T02:08:10","date_gmt":"2024-08-03T02:08:10","guid":{"rendered":"https:\/\/backlightmfg.com\/?post_type=product&#038;p=1790"},"modified":"2025-07-14T08:33:49","modified_gmt":"2025-07-14T08:33:49","slug":"lgp-backlight","status":"publish","type":"product","link":"https:\/\/backlightmfg.com\/fi\/lgp-backlight\/","title":{"rendered":"LGP taustavalo"},"content":{"rendered":"<h3><strong><span class=\"Y2IQFc\" lang=\"en\">LGP mikrorakennetekniikka (ymp\u00e4rist\u00f6nsuojelu) \uff1a<\/span><\/strong><\/h3>\n<p>Muuntaminen alkuper\u00e4isest\u00e4 painatusprosessista kuumapuristusprosessiin, automatisoitu tuotanto, korkea tuotto ja erinomainen visuaalinen vaikutus.Se sis\u00e4lt\u00e4\u00e4 Micro_structure LGP ja Ink printing LGP.<\/p>\n<h4><b>Mik\u00e4 on micro_structure?<\/b><\/h4>\n<ul>\n<li>Jos hallittavissa olevan LGP:n kuvion koko on pienempi kuin 100 um. Voimme kutsua sit\u00e4 mikro_rakenteeksi.<\/li>\n<\/ul>\n<h4><strong>Musteen tulostus<\/strong><\/h4>\n<ul>\n<li>Kuvion koko on 0,4 mm (min. halkaisija).<\/li>\n<\/ul>\n<h4 class=\"tw-data-text tw-text-large tw-ta\" dir=\"ltr\" data-placeholder=\"Translation\" aria-label=\"K\u00e4\u00e4nnetty teksti\" data-ved=\"2ahUKEwii-OPw3deHAxXnha8BHe_AMVoQ3ewLegQIDRAU\"><strong><span class=\"Y2IQFc\" lang=\"en\">Valonohjainmoduuli-<\/span><span class=\"Y2IQFc\" lang=\"en\">Harvennus<\/span><\/strong><\/h4>\n<ul>\n<li>Valonohjainmoduulin kokonaispaksuus on 0,8-2 mm. Valolevy voidaan valmistaa pehme\u00e4st\u00e4 levyst\u00e4 (FPC) tai kovasta levyst\u00e4 (PCB) asiakkaan tarpeiden mukaan.<\/li>\n<\/ul>\n<h4 class=\"tw-data-text tw-text-large tw-ta\" dir=\"ltr\" data-placeholder=\"Translation\" aria-label=\"K\u00e4\u00e4nnetty teksti\" data-ved=\"2ahUKEwii-OPw3deHAxXnha8BHe_AMVoQ3ewLegQIDRAU\"><strong><span class=\"Y2IQFc\" lang=\"en\">Valonohjainmoduuli-<\/span><span class=\"Y2IQFc\" lang=\"en\">Joustavuus<\/span><\/strong><\/h4>\n<ul>\n<li>Sen pehme\u00e4n levyn ohuella valo-ohjainmoduulilla on hyv\u00e4 joustavuus, ja paksua liimaa voidaan k\u00e4ytt\u00e4\u00e4 sen sovittamiseen tuotteen ulkon\u00e4\u00f6n mukaan.<\/li>\n<\/ul>\n<h4 id=\"tw-target-text\" class=\"tw-data-text tw-text-large tw-ta\" dir=\"ltr\" data-placeholder=\"Translation\" aria-label=\"K\u00e4\u00e4nnetty teksti\" data-ved=\"2ahUKEwii-OPw3deHAxXnha8BHe_AMVoQ3ewLegQIDRAU\"><strong><span class=\"Y2IQFc\" lang=\"en\">Valonohjainmoduuli-r\u00e4\u00e4t\u00e4l\u00f6inti<\/span><\/strong><\/h4>\n<ul>\n<li id=\"tw-target-text\" class=\"tw-data-text tw-text-large tw-ta\" dir=\"ltr\" data-placeholder=\"Translation\" aria-label=\"K\u00e4\u00e4nnetty teksti\" data-ved=\"2ahUKEwii-OPw3deHAxXnha8BHe_AMVoQ3ewLegQIDRAU\"><span class=\"Y2IQFc\" lang=\"en\">Erilaisia valonohjausmoduuleja voidaan suunnitella asiakkaiden erilaisten tarpeiden mukaan asiakkaiden haluamien vaikutusten saavuttamiseksi.<\/span><\/li>\n<\/ul>\n<div id=\"KnM9nf\" class=\"PZPZlf\" data-attrid=\"tw-sourceArea\" data-entityname=\"Google Translate\">\n<div id=\"tw-source\">\n<div id=\"tw-source-rmn-container\" class=\"tw-ta-container F0azHf tw-nfl\">\n<h3 id=\"tw-source-rmn\" class=\"tw-data-text tw-text-small tw-ta\" dir=\"ltr\"><strong>Hakemus<\/strong><\/h3>\n<ul>\n<li>Normaali tyyppi -Kumin alla<\/li>\n<li>Avaimen ja kumin v\u00e4liss\u00e4<\/li>\n<li>Yhteismuovaus<\/li>\n<\/ul>\n<\/div>\n<\/div>\n<\/div>","protected":false},"excerpt":{"rendered":"<p id=\"tw-target-text\" class=\"tw-data-text tw-text-large tw-ta\" dir=\"ltr\" data-placeholder=\"Translation\" aria-label=\"K\u00e4\u00e4nnetty teksti\" data-ved=\"2ahUKEwii-OPw3deHAxXnha8BHe_AMVoQ3ewLegQIDRAU\"><span class=\"Y2IQFc\" lang=\"en\">LED-valos\u00e4hk\u00f6isi\u00e4 valo-ohjainmoduuleja k\u00e4ytet\u00e4\u00e4n \u00e4lykk\u00e4iss\u00e4 kaupungeissa, \u00e4lykk\u00e4iss\u00e4 ajoneuvoissa, \u00e4lykk\u00e4iss\u00e4 kodinkoneissa ja e-urheilun oheislaitteissa. Valonohjainmoduulien tulevat kehityssuunnat<\/span><\/p>\n<ul>\n<li><span class=\"Y2IQFc\" lang=\"en\">LGP-mikrorakennetekniikka (ymp\u00e4rist\u00f6nsuojelu)<br \/>\n<\/span><\/li>\n<li><span class=\"Y2IQFc\" lang=\"en\">Harvennus<br \/>\n<\/span><\/li>\n<li><span class=\"Y2IQFc\" lang=\"en\">Joustavuus<br \/>\n<\/span><\/li>\n<li><span class=\"Y2IQFc\" lang=\"en\">RGB-valonohjausmoduuli<br \/>\n<\/span><\/li>\n<li><span class=\"Y2IQFc\" lang=\"en\">Ohjelmoitava RGB-valonauha<br \/>\n<\/span><\/li>\n<li><span class=\"Y2IQFc\" lang=\"en\">Kiinte\u00e4 muutos RGB-valonauhat<\/span><\/li>\n<\/ul>","protected":false},"featured_media":1791,"comment_status":"open","ping_status":"closed","template":"","meta":[],"product_cat":[15],"product_tag":[],"_links":{"self":[{"href":"https:\/\/backlightmfg.com\/fi\/wp-json\/wp\/v2\/product\/1790"}],"collection":[{"href":"https:\/\/backlightmfg.com\/fi\/wp-json\/wp\/v2\/product"}],"about":[{"href":"https:\/\/backlightmfg.com\/fi\/wp-json\/wp\/v2\/types\/product"}],"replies":[{"embeddable":true,"href":"https:\/\/backlightmfg.com\/fi\/wp-json\/wp\/v2\/comments?post=1790"}],"wp:featuredmedia":[{"embeddable":true,"href":"https:\/\/backlightmfg.com\/fi\/wp-json\/wp\/v2\/media\/1791"}],"wp:attachment":[{"href":"https:\/\/backlightmfg.com\/fi\/wp-json\/wp\/v2\/media?parent=1790"}],"wp:term":[{"taxonomy":"product_cat","embeddable":true,"href":"https:\/\/backlightmfg.com\/fi\/wp-json\/wp\/v2\/product_cat?post=1790"},{"taxonomy":"product_tag","embeddable":true,"href":"https:\/\/backlightmfg.com\/fi\/wp-json\/wp\/v2\/product_tag?post=1790"}],"curies":[{"name":"wp","href":"https:\/\/api.w.org\/{rel}","templated":true}]}}