{"id":1551,"date":"2024-07-08T08:09:39","date_gmt":"2024-07-08T08:09:39","guid":{"rendered":"https:\/\/backlightmfg.com\/manufacturer\/led-backlighting\/"},"modified":"2024-09-15T06:29:47","modified_gmt":"2024-09-15T06:29:47","slug":"led-backlighting","status":"publish","type":"product","link":"https:\/\/backlightmfg.com\/fi\/led-backlighting\/","title":{"rendered":"LED-taustavalaistus"},"content":{"rendered":"<p>Nykyaikaisen n\u00e4ytt\u00f6tekniikan hallitseva LED-taustavalaistus k\u00e4ytt\u00e4\u00e4 valodiodia (LED) valonl\u00e4hteen\u00e4 n\u00e4ytt\u00f6jen valaisemiseen takaa. T\u00e4m\u00e4 tekniikka on mullistanut taustavalaistuksen ja tarjoaa merkitt\u00e4vi\u00e4 etuja perinteisiin menetelmiin verrattuna.<\/p>\n<h3><strong>LED-taustavalaistuksen t\u00e4rkeimm\u00e4t edut:<\/strong><\/h3>\n<ul>\n<li><strong style=\"color: #555555; font-size: 14.4px;\">Energiatehokkuus:<\/strong><span style=\"color: #555555; font-size: 14.4px;\">\u00a0LEDit kuluttavat huomattavasti v\u00e4hemm\u00e4n virtaa kuin perinteiset taustavalot, kuten loistelamput, mik\u00e4 pienent\u00e4\u00e4 energialaskuja ja ymp\u00e4rist\u00f6vaikutuksia.<\/span><\/li>\n<li><strong style=\"color: #555555; font-size: 14.4px;\">Tasainen valaistus:<\/strong><span style=\"color: #555555; font-size: 14.4px;\">\u00a0LED-taustavalot tarjoavat tasaisemman ja johdonmukaisemman valon jakautumisen koko n\u00e4yt\u00f6lle, mik\u00e4 minimoi h\u00e4ik\u00e4isyn ja kuumat kohdat. T\u00e4m\u00e4 tarkoittaa miellytt\u00e4v\u00e4mp\u00e4\u00e4 ja visuaalisesti miellytt\u00e4v\u00e4mp\u00e4\u00e4 katselukokemusta.<\/span><\/li>\n<li><strong style=\"color: #555555; font-size: 14.4px;\">Ohut ja kevyt muotoilu:<\/strong><span style=\"color: #555555; font-size: 14.4px;\">\u00a0LEDit ovat kompakteja ja kevyit\u00e4, mik\u00e4 mahdollistaa ohuempien ja kevyempien elektronisten laitteiden suunnittelun.<\/span><\/li>\n<li><strong style=\"color: #555555; font-size: 14.4px;\">S\u00e4\u00e4dett\u00e4v\u00e4 kirkkaus:<\/strong><span style=\"color: #555555; font-size: 14.4px;\">\u00a0LED-taustavalot mahdollistavat dynaamisen kirkkaudens\u00e4\u00e4d\u00f6n, joka mukautuu ymp\u00e4rist\u00f6n valaistusolosuhteiden ja n\u00e4ytett\u00e4v\u00e4n sis\u00e4ll\u00f6n mukaan, mik\u00e4 parantaa energiatehokkuutta ja k\u00e4ytt\u00f6mukavuutta entisest\u00e4\u00e4n.<\/span><\/li>\n<li><strong style=\"color: #555555; font-size: 14.4px;\">V\u00e4riskaala ja v\u00e4rintoisto:<\/strong><span style=\"color: #555555; font-size: 14.4px;\">\u00a0LEDit voidaan r\u00e4\u00e4t\u00e4l\u00f6id\u00e4 tuottamaan laajempi v\u00e4rivalikoima kuin perinteiset taustavalot, mik\u00e4 johtaa eloisampaan ja el\u00e4v\u00e4mp\u00e4\u00e4n visuaaliseen ilmeeseen n\u00e4yt\u00f6iss\u00e4.<\/span><\/li>\n<li><strong style=\"color: #555555; font-size: 14.4px;\">Parempi pitk\u00e4ik\u00e4isyys:<\/strong><span style=\"color: #555555; font-size: 14.4px;\">\u00a0LEDit ovat huomattavasti pitk\u00e4ik\u00e4isempi\u00e4 kuin perinteiset taustavalot, joten ne ovat kustannustehokkaampi ja kest\u00e4v\u00e4mpi ratkaisu.<\/span><\/li>\n<\/ul>\n<h3><strong style=\"font-size: 23.04px;\">LED-taustavalaistuksen sovellukset:<\/strong><\/h3>\n<ul>\n<li><strong style=\"color: #555555; font-size: 14.4px;\">LCD-n\u00e4yt\u00f6t:<\/strong><span style=\"color: #555555; font-size: 14.4px;\">\u00a0LED-taustavalaistus on kaikkialla l\u00e4sn\u00e4 televisioiden, kannettavien tietokoneiden, tablettien, \u00e4lypuhelinten ja tietokonen\u00e4ytt\u00f6jen LCD-n\u00e4yt\u00f6iss\u00e4.<\/span><\/li>\n<li><strong style=\"color: #555555; font-size: 14.4px;\">Digitaaliset opasteet:<\/strong><span style=\"color: #555555; font-size: 14.4px;\">\u00a0LED-taustavalot valaisevat digitaalisia opasteiden n\u00e4ytt\u00f6j\u00e4 ja luovat huomiota her\u00e4tt\u00e4vi\u00e4 visuaalisia n\u00e4kymi\u00e4 mainontaan ja tiedon levitt\u00e4miseen.<\/span><\/li>\n<li><strong style=\"color: #555555; font-size: 14.4px;\">Autojen n\u00e4yt\u00f6t:<\/strong><span style=\"color: #555555; font-size: 14.4px;\">\u00a0LED-taustavaloja k\u00e4ytet\u00e4\u00e4n autojen kojelaudoissa ja mittaristoissa, jotka tarjoavat selke\u00e4t ja kirkkaat tieton\u00e4yt\u00f6t.<\/span><\/li>\n<li><strong style=\"color: #555555; font-size: 14.4px;\">Taustavalaistut n\u00e4pp\u00e4imist\u00f6t:<\/strong><span style=\"color: #555555; font-size: 14.4px;\">\u00a0LEDit valaisevat n\u00e4pp\u00e4imist\u00f6n n\u00e4pp\u00e4imet, mik\u00e4 parantaa n\u00e4kyvyytt\u00e4 h\u00e4m\u00e4r\u00e4ss\u00e4 ymp\u00e4rist\u00f6ss\u00e4.<\/span><\/li>\n<li><strong style=\"color: #555555; font-size: 14.4px;\">Viihde-elektroniikka:<\/strong><span style=\"color: #555555; font-size: 14.4px;\">\u00a0Teknologiaa k\u00e4ytet\u00e4\u00e4n monenlaisessa kulutuselektroniikassa, kuten pelikonsoleissa ja kodinkoneissa.<\/span><\/li>\n<\/ul>\n<h3><strong style=\"font-size: 23.04px;\">LED-taustavalaistuksen tulevaisuus:<\/strong><\/h3>\n<p>LED-taustavalotekniikka kehittyy jatkuvasti. Kehityst\u00e4 odotetaan muun muassa seuraavilla aloilla:<\/p>\n<ul>\n<li><strong style=\"color: #555555; font-size: 14.4px;\">MicroLED-taustavalo:<\/strong><span style=\"color: #555555; font-size: 14.4px;\">\u00a0T\u00e4ss\u00e4 uuden sukupolven tekniikassa k\u00e4ytet\u00e4\u00e4n mikroskooppisia LED-valoja, jotka mahdollistavat entist\u00e4 tarkemman ja dynaamisemman taustavalon hallinnan, mik\u00e4 parantaa kuvanlaatua ja kontrastia.<\/span><\/li>\n<li><strong style=\"color: #555555; font-size: 14.4px;\">MiniLED-taustavalo:<\/strong><span style=\"color: #555555; font-size: 14.4px;\">\u00a0Pienemm\u00e4t ja tiiviimmin pakatut LEDit mahdollistavat paremman paikallisen himmennyksen hallinnan ja parantavat HDR (High Dynamic Range) -tehokkuutta n\u00e4yt\u00f6iss\u00e4.<\/span><\/li>\n<li><strong style=\"color: #555555; font-size: 14.4px;\">Orgaaninen valodiodi (OLED) -taustavalaistus:<\/strong><span style=\"color: #555555; font-size: 14.4px;\">\u00a0OLED-tekniikka tarjoaa mahdollisuuden itsevalaiseviin n\u00e4ytt\u00f6ihin, jolloin erillist\u00e4 taustavaloa ei tarvita lainkaan.<\/span><\/li>\n<\/ul>","protected":false},"excerpt":{"rendered":"<p>LED-taustavalaistus on mullistanut n\u00e4ytt\u00f6tekniikan, sill\u00e4 se tarjoaa ylivoimaisen vaihtoehdon perinteisille taustavaloille. Sen energiatehokkuus, parempi visuaalinen taso, ohut muotoilu ja pitk\u00e4 k\u00e4ytt\u00f6ik\u00e4 tekev\u00e4t siit\u00e4 nykyaikaisten n\u00e4ytt\u00f6jen hallitsevan tekniikan. Innovaatioiden jatkuessa LED-taustavalaistus on valmis muokkaamaan n\u00e4ytt\u00f6tekniikan tulevaisuutta ja tarjoamaan entist\u00e4kin upeampia ja energiatehokkaampia visuaalisia kokemuksia.<\/p>","protected":false},"featured_media":1542,"comment_status":"closed","ping_status":"closed","template":"","meta":[],"product_cat":[15],"product_tag":[],"_links":{"self":[{"href":"https:\/\/backlightmfg.com\/fi\/wp-json\/wp\/v2\/product\/1551"}],"collection":[{"href":"https:\/\/backlightmfg.com\/fi\/wp-json\/wp\/v2\/product"}],"about":[{"href":"https:\/\/backlightmfg.com\/fi\/wp-json\/wp\/v2\/types\/product"}],"replies":[{"embeddable":true,"href":"https:\/\/backlightmfg.com\/fi\/wp-json\/wp\/v2\/comments?post=1551"}],"wp:featuredmedia":[{"embeddable":true,"href":"https:\/\/backlightmfg.com\/fi\/wp-json\/wp\/v2\/media\/1542"}],"wp:attachment":[{"href":"https:\/\/backlightmfg.com\/fi\/wp-json\/wp\/v2\/media?parent=1551"}],"wp:term":[{"taxonomy":"product_cat","embeddable":true,"href":"https:\/\/backlightmfg.com\/fi\/wp-json\/wp\/v2\/product_cat?post=1551"},{"taxonomy":"product_tag","embeddable":true,"href":"https:\/\/backlightmfg.com\/fi\/wp-json\/wp\/v2\/product_tag?post=1551"}],"curies":[{"name":"wp","href":"https:\/\/api.w.org\/{rel}","templated":true}]}}