{"id":1550,"date":"2024-07-08T08:09:39","date_gmt":"2024-07-08T08:09:39","guid":{"rendered":"https:\/\/backlightmfg.com\/manufacturer\/el-backlighting\/"},"modified":"2024-09-15T06:29:47","modified_gmt":"2024-09-15T06:29:47","slug":"el-backlighting","status":"publish","type":"product","link":"https:\/\/backlightmfg.com\/fi\/el-backlighting\/","title":{"rendered":"EL-taustavalaistus"},"content":{"rendered":"<p>EL-taustavalonl\u00e4hteelle on ominaista sen kirkkaus, tasaisuus, pehmeys ja kest\u00e4vyys, mink\u00e4 vuoksi sit\u00e4 voidaan k\u00e4ytt\u00e4\u00e4 laajalti eri aloilla, kuten n\u00e4ytt\u00f6paneeleissa, kaupallisissa mainostauluissa ja koristevalaistuksessa.<\/p>\n<h3><strong>EL-taustavalon t\u00e4rkeimm\u00e4t edut:<\/strong><\/h3>\n<ul>\n<li><strong style=\"color: #555555; font-size: 14.4px;\">Energiatehokkuus:<\/strong><span style=\"color: #555555; font-size: 14.4px;\">\u00a0Ne kuluttavat huomattavasti v\u00e4hemm\u00e4n energiaa kuin hehku- ja loistelamput, mik\u00e4 alentaa k\u00e4ytt\u00f6kustannuksia ja v\u00e4hent\u00e4\u00e4 ymp\u00e4rist\u00f6vaikutuksia.<\/span><\/li>\n<li><strong style=\"color: #555555; font-size: 14.4px;\">Yhten\u00e4isyys:<\/strong><span style=\"color: #555555; font-size: 14.4px;\">\u00a0Ne tarjoavat tasaisen ja johdonmukaisen valaistuksen koko pinnalle, jolloin h\u00e4ik\u00e4isy ja kuumat kohdat j\u00e4\u00e4v\u00e4t pois.<\/span><\/li>\n<li><strong style=\"color: #555555; font-size: 14.4px;\">Pehmeys:<\/strong><span style=\"color: #555555; font-size: 14.4px;\">\u00a0EL-taustavalojen l\u00e4hett\u00e4m\u00e4 valo on pehme\u00e4\u00e4 ja hajavaloa, mik\u00e4 luo mukavan ja miellytt\u00e4v\u00e4n katselukokemuksen.<\/span><\/li>\n<li><strong style=\"color: #555555; font-size: 14.4px;\">Kest\u00e4vyys: Ne<\/strong><span style=\"color: #555555; font-size: 14.4px;\">\u00a0ovat eritt\u00e4in kest\u00e4vi\u00e4 ja kest\u00e4v\u00e4t iskuja ja t\u00e4rin\u00e4\u00e4, joten ne soveltuvat vaativiin sovelluksiin.<\/span><\/li>\n<li><strong style=\"color: #555555; font-size: 14.4px;\">Suunnittelun joustavuus:<\/strong><span style=\"color: #555555; font-size: 14.4px;\">\u00a0Ne voidaan helposti muotoilla ja r\u00e4\u00e4t\u00e4l\u00f6id\u00e4 erilaisiin suunnitteluvaatimuksiin sopiviksi.<\/span><\/li>\n<li><strong style=\"color: #555555; font-size: 14.4px;\">V\u00e4rivaihtoehdot:<\/strong><span style=\"color: #555555; font-size: 14.4px;\">\u00a0Ne voivat tuottaa laajan v\u00e4rivalikoiman, my\u00f6s t\u00e4ysv\u00e4rivaihtoehtoja, mik\u00e4 parantaa visuaalista houkuttelevuutta ja suunnittelumahdollisuuksia.<\/span><\/li>\n<\/ul>\n<h3><strong style=\"font-size: 23.04px;\">EL-taustavalon laajalle levinneet sovellukset:<\/strong><\/h3>\n<p>EL on l\u00f6yt\u00e4nyt laajoja sovelluksia monilla eri aloilla:<\/p>\n<ul>\n<li><strong style=\"color: #555555; font-size: 14.4px;\">N\u00e4ytt\u00f6paneelit:<\/strong><span style=\"color: #555555; font-size: 14.4px;\">\u00a0Niit\u00e4 k\u00e4ytet\u00e4\u00e4n yleisesti \u00e4lypuhelinten, tablettien, kannettavien tietokoneiden ja televisioiden LCD- ja OLED-n\u00e4yt\u00f6iss\u00e4.<\/span><\/li>\n<li><strong style=\"color: #555555; font-size: 14.4px;\">Kaupalliset mainostaulut:<\/strong><span style=\"color: #555555; font-size: 14.4px;\">\u00a0Ne valaisevat kaupallisia mainostauluja ja tarjoavat huomiota her\u00e4tt\u00e4vi\u00e4 ja elinvoimaisia mainoksia.<\/span><\/li>\n<li><strong style=\"color: #555555; font-size: 14.4px;\">Koristeellinen valaistus:<\/strong><span style=\"color: #555555; font-size: 14.4px;\">\u00a0Niit\u00e4 k\u00e4ytet\u00e4\u00e4n koristeellisissa valaisimissa, jotka luovat tunnelmaa ja visuaalisia aksentteja.<\/span><\/li>\n<li><strong style=\"color: #555555; font-size: 14.4px;\">Autojen sis\u00e4tilat:<\/strong><span style=\"color: #555555; font-size: 14.4px;\">\u00a0Ne on sis\u00e4llytetty autojen kojelautoihin, mittaristoihin ja ohjauspainikkeisiin.<\/span><\/li>\n<li><strong style=\"color: #555555; font-size: 14.4px;\">L\u00e4\u00e4kinn\u00e4lliset laitteet:<\/strong><span style=\"color: #555555; font-size: 14.4px;\">\u00a0Niit\u00e4 k\u00e4ytet\u00e4\u00e4n l\u00e4\u00e4ketieteellisiss\u00e4 laitteissa selke\u00e4\u00e4n ja tarkkaan visualisointiin.<\/span><\/li>\n<li><strong style=\"color: #555555; font-size: 14.4px;\">Teolliset sovellukset:<\/strong><span style=\"color: #555555; font-size: 14.4px;\">\u00a0Niit\u00e4 k\u00e4ytet\u00e4\u00e4n teollisuuden ohjauspaneeleissa ja opasteissa n\u00e4kyvyyden parantamiseksi.<\/span><\/li>\n<\/ul>","protected":false},"excerpt":{"rendered":"<p>EL-taustavalot ovat mullistaneet valaistustekniikan ja tarjoavat ylivoimaisen vaihtoehdon perinteisille valonl\u00e4hteille. Energiatehokkuus, tasaisuus, pehmeys, kest\u00e4vyys, suunnittelun joustavuus ja v\u00e4rivaihtoehdot tekev\u00e4t niist\u00e4 monipuolisen ja halutun ratkaisun monenlaisiin sovelluksiin. Teknologian kehittyess\u00e4 EL-taustavalojen odotetaan kehittyv\u00e4n edelleen ja tarjoavan entist\u00e4 innovatiivisempia ja tehokkaampia valaistusratkaisuja.<\/p>","protected":false},"featured_media":1538,"comment_status":"closed","ping_status":"closed","template":"","meta":[],"product_cat":[15],"product_tag":[],"_links":{"self":[{"href":"https:\/\/backlightmfg.com\/fi\/wp-json\/wp\/v2\/product\/1550"}],"collection":[{"href":"https:\/\/backlightmfg.com\/fi\/wp-json\/wp\/v2\/product"}],"about":[{"href":"https:\/\/backlightmfg.com\/fi\/wp-json\/wp\/v2\/types\/product"}],"replies":[{"embeddable":true,"href":"https:\/\/backlightmfg.com\/fi\/wp-json\/wp\/v2\/comments?post=1550"}],"wp:featuredmedia":[{"embeddable":true,"href":"https:\/\/backlightmfg.com\/fi\/wp-json\/wp\/v2\/media\/1538"}],"wp:attachment":[{"href":"https:\/\/backlightmfg.com\/fi\/wp-json\/wp\/v2\/media?parent=1550"}],"wp:term":[{"taxonomy":"product_cat","embeddable":true,"href":"https:\/\/backlightmfg.com\/fi\/wp-json\/wp\/v2\/product_cat?post=1550"},{"taxonomy":"product_tag","embeddable":true,"href":"https:\/\/backlightmfg.com\/fi\/wp-json\/wp\/v2\/product_tag?post=1550"}],"curies":[{"name":"wp","href":"https:\/\/api.w.org\/{rel}","templated":true}]}}