{"id":1549,"date":"2024-07-08T08:09:39","date_gmt":"2024-07-08T08:09:39","guid":{"rendered":"https:\/\/backlightmfg.com\/manufacturer\/fiber-optic-backlighting\/"},"modified":"2024-09-15T06:29:48","modified_gmt":"2024-09-15T06:29:48","slug":"fiber-optic-backlighting","status":"publish","type":"product","link":"https:\/\/backlightmfg.com\/fi\/fiber-optic-backlighting\/","title":{"rendered":"Kuituoptinen taustavalaistus"},"content":{"rendered":"<p>Kuituoptisessa taustavalaistuksessa k\u00e4ytet\u00e4\u00e4n ohuita lasi- tai muovikuitus\u00e4ikeit\u00e4, jotka toimivat valonohjaimina. Valo sy\u00f6tet\u00e4\u00e4n valokuitukaapelin toiseen p\u00e4\u00e4h\u00e4n, yleens\u00e4 LED-l\u00e4hteest\u00e4. Valo kulkee kuidun ytimen l\u00e4pi sis\u00e4iseksi heijastukseksi kutsutun ilmi\u00f6n ansiosta, joka heijastuu sis\u00e4sein\u00e4mist\u00e4 ja minimoi valoh\u00e4vi\u00f6n. Valo poistuu kuidun toisesta p\u00e4\u00e4st\u00e4 ja valaisee kohdealueen.<\/p>\n<h3><strong>Kuituoptisen taustavalaistuksen edut:<\/strong><\/h3>\n<ul>\n<li><strong style=\"color: #555555; font-size: 14.4px;\">Kaukovalol\u00e4hde:<\/strong><span style=\"color: #555555; font-size: 14.4px;\">\u00a0Valonl\u00e4hde voidaan sijoittaa kauemmas valaistavasta alueesta, mik\u00e4 v\u00e4hent\u00e4\u00e4 l\u00e4mm\u00f6ntuottoa ja parantaa suunnittelun joustavuutta.<\/span><\/li>\n<li><strong style=\"color: #555555; font-size: 14.4px;\">Tasainen valaistus:<\/strong><span style=\"color: #555555; font-size: 14.4px;\">\u00a0Kuituoptiikka jakaa valon tasaisesti ja poistaa h\u00e4ik\u00e4isyn ja kuumat kohdat, mik\u00e4 luo visuaalisesti miellytt\u00e4v\u00e4n ja mukavan katselukokemuksen.<\/span><\/li>\n<li><strong style=\"color: #555555; font-size: 14.4px;\">Korkea valotehokkuus:<\/strong><span style=\"color: #555555; font-size: 14.4px;\">\u00a0Koska kuitujen valoh\u00e4vi\u00f6 on minimaalinen, kuituoptinen taustavalaistus tarjoaa tehokkaan valonsiirron.<\/span><\/li>\n<li><strong style=\"color: #555555; font-size: 14.4px;\">Kest\u00e4vyys:<\/strong><span style=\"color: #555555; font-size: 14.4px;\"> Valokaapelit ovat eritt\u00e4in kest\u00e4vi\u00e4 ja kest\u00e4v\u00e4t t\u00e4rin\u00e4\u00e4, iskuja, \u00e4\u00e4rimm\u00e4isi\u00e4 l\u00e4mp\u00f6tiloja, energians\u00e4\u00e4st\u00f6\u00e4 ja n<\/span><span class=\"Y2IQFc\" lang=\"en\">o kuume.<\/span><\/li>\n<li><strong style=\"color: #555555; font-size: 14.4px;\">Suunnittelun joustavuus:<\/strong><span style=\"color: #555555; font-size: 14.4px;\">\u00a0Ohuet ja joustavat kuidut voidaan helposti muotoilla ja r\u00e4\u00e4t\u00e4l\u00f6id\u00e4 erilaisiin valaistusvaatimuksiin sopiviksi.<\/span><\/li>\n<li><strong style=\"color: #555555; font-size: 14.4px;\">Siisti toiminta:<\/strong><span style=\"color: #555555; font-size: 14.4px;\">\u00a0Valokaapelit eiv\u00e4t itsess\u00e4\u00e4n tuota l\u00e4mp\u00f6\u00e4, mik\u00e4 edist\u00e4\u00e4 viile\u00e4mp\u00e4\u00e4 k\u00e4ytt\u00f6ymp\u00e4rist\u00f6\u00e4.<\/span><\/li>\n<\/ul>\n<p>&nbsp;<\/p>\n<h3><strong style=\"font-size: 23.04px;\">Kuituoptisen taustavalaistuksen sovellukset:<\/strong><\/h3>\n<ul>\n<li><strong style=\"color: #555555; font-size: 14.4px;\">LCD-n\u00e4yt\u00f6t:<\/strong><span style=\"color: #555555; font-size: 14.4px;\">\u00a0Kuituoptiset taustavalot voivat parantaa televisioiden, kannettavien tietokoneiden ja muiden elektronisten laitteiden LCD-n\u00e4ytt\u00f6jen tasaisuutta ja kirkkautta.<\/span><\/li>\n<li><strong style=\"color: #555555; font-size: 14.4px;\">Opasteet ja n\u00e4yt\u00f6t:<\/strong><span style=\"color: #555555; font-size: 14.4px;\">\u00a0Niit\u00e4 k\u00e4ytet\u00e4\u00e4n valaistuissa kylteiss\u00e4, arkkitehtonisessa valaistuksessa ja myyntipisteiden n\u00e4yt\u00f6iss\u00e4, jotta niill\u00e4 olisi visuaalisesti n\u00e4ytt\u00e4v\u00e4 vaikutus.<\/span><\/li>\n<li><strong style=\"color: #555555; font-size: 14.4px;\">L\u00e4\u00e4kinn\u00e4lliset laitteet:<\/strong><span style=\"color: #555555; font-size: 14.4px;\">\u00a0Kuituoptinen taustavalaistus tarjoaa hallitun ja kohdennetun valaistuksen l\u00e4\u00e4ketieteellisiss\u00e4 tutkimus- ja diagnostiikkalaitteissa.<\/span><\/li>\n<li><strong style=\"color: #555555; font-size: 14.4px;\">Konen\u00e4k\u00f6j\u00e4rjestelm\u00e4t:<\/strong><span style=\"color: #555555; font-size: 14.4px;\">\u00a0Tasainen valonjako tekee siit\u00e4 ihanteellisen konen\u00e4\u00f6n sovelluksiin, joissa tarvitaan tarkkaa kohteen tarkastusta.<\/span><\/li>\n<li><strong style=\"color: #555555; font-size: 14.4px;\">Reunavalaistus:<\/strong><span style=\"color: #555555; font-size: 14.4px;\">\u00a0Kuituoptiikalla voidaan luoda ter\u00e4vi\u00e4 ja tarkkaan m\u00e4\u00e4riteltyj\u00e4 reunavalaistustehosteita koriste- ja arkkitehtuurisovelluksiin.<\/span><\/li>\n<li><strong style=\"color: #555555; font-size: 14.4px;\">Erikoisvalaistus:<\/strong><span style=\"color: #555555; font-size: 14.4px;\">\u00a0Kuituoptista taustavalaistusta k\u00e4ytet\u00e4\u00e4n monissa erikoissovelluksissa, kuten vedenalaisessa valaistuksessa ja instrumenttien valaistuksessa.<\/span><\/li>\n<\/ul>","protected":false},"excerpt":{"rendered":"<p>Kuituoptinen taustavalo tarjoaa ainutlaatuisen ja monipuolisen valaistusratkaisun. Et\u00e4isen valonl\u00e4hteen, tasaisen valonjakelun, korkean hy\u00f6tysuhteen ja suunnittelun joustavuuden yhdistelm\u00e4 tekee siit\u00e4 arvokkaan tekniikan erilaisiin sovelluksiin. Teknologian kehittyess\u00e4 kuituoptisen taustavalon odotetaan l\u00f6yt\u00e4v\u00e4n tulevaisuudessa entist\u00e4kin innovatiivisempia k\u00e4ytt\u00f6kohteita.<\/p>","protected":false},"featured_media":1539,"comment_status":"closed","ping_status":"closed","template":"","meta":[],"product_cat":[15],"product_tag":[],"_links":{"self":[{"href":"https:\/\/backlightmfg.com\/fi\/wp-json\/wp\/v2\/product\/1549"}],"collection":[{"href":"https:\/\/backlightmfg.com\/fi\/wp-json\/wp\/v2\/product"}],"about":[{"href":"https:\/\/backlightmfg.com\/fi\/wp-json\/wp\/v2\/types\/product"}],"replies":[{"embeddable":true,"href":"https:\/\/backlightmfg.com\/fi\/wp-json\/wp\/v2\/comments?post=1549"}],"wp:featuredmedia":[{"embeddable":true,"href":"https:\/\/backlightmfg.com\/fi\/wp-json\/wp\/v2\/media\/1539"}],"wp:attachment":[{"href":"https:\/\/backlightmfg.com\/fi\/wp-json\/wp\/v2\/media?parent=1549"}],"wp:term":[{"taxonomy":"product_cat","embeddable":true,"href":"https:\/\/backlightmfg.com\/fi\/wp-json\/wp\/v2\/product_cat?post=1549"},{"taxonomy":"product_tag","embeddable":true,"href":"https:\/\/backlightmfg.com\/fi\/wp-json\/wp\/v2\/product_tag?post=1549"}],"curies":[{"name":"wp","href":"https:\/\/api.w.org\/{rel}","templated":true}]}}