{"id":2265,"date":"2025-04-02T02:39:59","date_gmt":"2025-04-02T02:39:59","guid":{"rendered":"https:\/\/backlightmfg.com\/?page_id=2265"},"modified":"2025-04-02T07:36:40","modified_gmt":"2025-04-02T07:36:40","slug":"medical-human-machine-interface%ef%bc%88hmi%ef%bc%89","status":"publish","type":"page","link":"https:\/\/backlightmfg.com\/fi\/medical-human-machine-interface%ef%bc%88hmi%ef%bc%89\/","title":{"rendered":"L\u00e4\u00e4ketieteellinen ihmisen ja koneen rajapinta\uff08HMI\uff09"},"content":{"rendered":"<div class=\"banner has-hover\" id=\"banner-597814728\">\n          <div class=\"banner-inner fill\">\n        <div class=\"banner-bg fill\" >\n            <div class=\"bg fill bg-fill\"><\/div>\n                        <div class=\"overlay\"><\/div>            \n                    <\/div>\n\t\t\n        <div class=\"banner-layers container\">\n            <div class=\"fill banner-link\"><\/div>            \n   <div id=\"text-box-749154932\" class=\"text-box banner-layer x50 md-x50 lg-x50 y25 md-y25 lg-y25 res-text\">\n                                <div class=\"text-box-content text dark\">\n              \n              <div class=\"text-inner text-center\">\n                  \n<h1><span style=\"font-size: 80%;\">L\u00e4\u00e4ketieteellinen ihmisen ja koneen rajapinta\uff08HMI\uff09<\/span><\/h1>\n              <\/div>\n           <\/div>\n                            \n<style>\n#text-box-749154932 {\n  width: 86%;\n}\n#text-box-749154932 .text-box-content {\n  font-size: 100%;\n}\n<\/style>\n    <\/div>\n \n        <\/div>\n      <\/div>\n\n            \n<style>\n#banner-597814728 {\n  padding-top: 188px;\n}\n#banner-597814728 .overlay {\n  background-color: rgba(0, 0, 0, 0.209);\n}\n<\/style>\n  <\/div>\n\n\n\t<section class=\"section\" id=\"section_752610297\">\n\t\t<div class=\"bg section-bg fill bg-fill  bg-loaded\" >\n\n\t\t\t\n\t\t\t\n\t\t\t\n\n\t\t<\/div>\n\n\t\t\n\n\t\t<div class=\"section-content relative\">\n\t\t\t\n<div class=\"row row-box-shadow-5-hover\" style=\"max-width:1400px\" id=\"row-529746391\">\n\n\t<div id=\"col-511347591\" class=\"col medium-6 small-12 large-6\"  >\n\t\t\t\t<div class=\"col-inner\"  >\n\t\t\t\n\t\t\t\n\t<div class=\"img has-hover x md-x lg-x y md-y lg-y\" id=\"image_1263699663\">\n\t\t\t\t\t\t\t\t<div class=\"img-inner dark\" >\n\t\t\t<img loading=\"lazy\" decoding=\"async\" width=\"800\" height=\"800\" src=\"https:\/\/backlightmfg.com\/wp-content\/uploads\/2025\/04\/HMI.jpeg\" class=\"attachment-original size-original\" alt=\"L\u00e4\u00e4ketieteellinen HMI\" srcset=\"https:\/\/backlightmfg.com\/wp-content\/uploads\/2025\/04\/HMI.jpeg 800w, https:\/\/backlightmfg.com\/wp-content\/uploads\/2025\/04\/HMI-300x300.jpeg 300w, https:\/\/backlightmfg.com\/wp-content\/uploads\/2025\/04\/HMI-150x150.jpeg 150w, https:\/\/backlightmfg.com\/wp-content\/uploads\/2025\/04\/HMI-768x768.jpeg 768w, https:\/\/backlightmfg.com\/wp-content\/uploads\/2025\/04\/HMI-12x12.jpeg 12w, https:\/\/backlightmfg.com\/wp-content\/uploads\/2025\/04\/HMI-510x510.jpeg 510w, https:\/\/backlightmfg.com\/wp-content\/uploads\/2025\/04\/HMI-100x100.jpeg 100w\" sizes=\"(max-width: 800px) 100vw, 800px\" \/>\t\t\t\t\t\t\n\t\t\t\t\t<\/div>\n\t\t\t\t\t\t\t\t\n<style>\n#image_1263699663 {\n  width: 100%;\n}\n<\/style>\n\t<\/div>\n\t\n\t\t<\/div>\n\t\t\t\t\t<\/div>\n\n\t\n\n\t<div id=\"col-1584093809\" class=\"col medium-6 small-12 large-6\"  >\n\t\t\t\t<div class=\"col-inner\"  >\n\t\t\t\n\t\t\t\n\t<div id=\"text-2214262378\" class=\"text\">\n\t\t\n<h2>L\u00e4\u00e4ketieteellinen k\u00e4ytt\u00f6liittym\u00e4 (Medical HMI)<\/h2>\n<p>L\u00e4\u00e4ketieteellinen k\u00e4ytt\u00f6liittym\u00e4 on vuorovaikutteinen silta, joka yhdist\u00e4\u00e4 l\u00e4\u00e4ketieteen ammattilaiset, potilaat ja l\u00e4\u00e4ketieteelliset laitteet tai j\u00e4rjestelm\u00e4t. Sen tavoitteena on mahdollistaa l\u00e4\u00e4ketieteellisen tiedon sy\u00f6tt\u00f6, tulostus, seuranta ja valvonta intuitiivisten, turvallisten ja tehokkaiden toimintamenetelmien avulla. Se on nykyaikaisten l\u00e4\u00e4ketieteellisten laitteiden (kuten hengityskoneet, monitorit, kirurgiset robotit, kuvantamisj\u00e4rjestelm\u00e4t jne.) ja digitaalisten l\u00e4\u00e4ketieteellisten j\u00e4rjestelmien (kuten s\u00e4hk\u00f6iset terveyskertomukset, et\u00e4diagnoosi- ja hoitoalustat) keskeinen osa.<br \/>\n\t\t\n<style>\n#text-2214262378 {\n  line-height: 2;\n}\n<\/style>\n\t<\/div>\n\t\n<div class=\"row\"  id=\"row-1111912789\">\n\n\t<div id=\"col-15917152\" class=\"col small-12 large-12\"  >\n\t\t\t\t<div class=\"col-inner\"  >\n\t\t\t\n\t\t\t\n\t<div id=\"gap-1650865536\" class=\"gap-element clearfix\" style=\"display:block; height:auto;\">\n\t\t\n<style>\n#gap-1650865536 {\n  padding-top: 20px;\n}\n<\/style>\n\t<\/div>\n\t\n\t<div id=\"text-2005015983\" class=\"text\">\n\t\t\n<h2>Rayera Medical HMI-ratkaisu<\/h2>\n<p>L\u00e4\u00e4ketieteellisiss\u00e4 HMI-sovelluksissa valon laatu, v\u00e4ritarkkuus ja valon suuntautuneisuus liittyv\u00e4t suoraan ihmisen ja koneen v\u00e4lisen vuorovaikutuksen tehokkuuteen l\u00e4\u00e4ketieteellisiss\u00e4 laitteissa, ja niiden merkitys on itsest\u00e4\u00e4n selv\u00e4. Tiimimme on luonut onnistuneesti valaistusratkaisun syv\u00e4n alan kokemuksen ja huippuluokan teknisen tiet\u00e4myksen avulla. Sill\u00e4 on luotettava suorituskyky ja korkea tarkkuus. K\u00e4yt\u00e4nn\u00f6n sovelluksissa se voi tehd\u00e4 hoitohenkil\u00f6kunnasta mukavampaa k\u00e4ytt\u00e4ess\u00e4\u00e4n l\u00e4\u00e4kinn\u00e4llisi\u00e4 laitteita ja tuoda potilaille turvallisen l\u00e4\u00e4ketieteellisen kokemuksen, joka on todella intuitiivinen, tehokas ja turvallinen.<br \/>\n\t\t\n<style>\n#text-2005015983 {\n  line-height: 2;\n}\n<\/style>\n\t<\/div>\n\t\n\t\t<\/div>\n\t\t\t\t\t<\/div>\n\n\t\n<\/div>\n\t<div id=\"gap-835684396\" class=\"gap-element clearfix\" style=\"display:block; height:auto;\">\n\t\t\n<style>\n#gap-835684396 {\n  padding-top: 15px;\n}\n<\/style>\n\t<\/div>\n\t\n<div class=\"row\"  id=\"row-450173901\">\n\n\t<div id=\"col-511328778\" class=\"col small-12 large-12\"  >\n\t\t\t\t<div class=\"col-inner text-center\"  >\n\t\t\t\n\t\t\t\n<a href=\"https:\/\/backlightmfg.com\/fi\/contact\/\" class=\"button primary\"  style=\"border-radius:99px;\">\n    <span>Lue lis\u00e4\u00e4<\/span>\n  <\/a>\n\n\t\t<\/div>\n\t\t\t\t\t<\/div>\n\n\t\n<\/div>\n\t\t<\/div>\n\t\t\t\t\n<style>\n#col-1584093809 > .col-inner {\n  margin: 0px 0px 0px 0px;\n}\n<\/style>\n\t<\/div>\n\n\t\n<\/div>\n\t\t<\/div>\n\n\t\t\n<style>\n#section_752610297 {\n  padding-top: 30px;\n  padding-bottom: 30px;\n}\n<\/style>\n\t<\/section>\n\t\n\t<section class=\"section\" id=\"section_100680577\">\n\t\t<div class=\"bg section-bg fill bg-fill  bg-loaded\" >\n\n\t\t\t\n\t\t\t<div class=\"section-bg-overlay absolute fill\"><\/div>\n\t\t\t\n\n\t\t<\/div>\n\n\t\t\n\n\t\t<div class=\"section-content relative\">\n\t\t\t\n<div class=\"row\" style=\"max-width:1400px\" id=\"row-894029140\">\n\n\t<div id=\"col-1776490461\" class=\"col small-12 large-12\"  >\n\t\t\t\t<div class=\"col-inner\"  >\n\t\t\t\n\t\t\t\n<h2 style=\"text-align: center;\">Ty\u00f6skentely Rayeran kanssa<\/h2>\n<h4 style=\"text-align: center;\">L\u00e4\u00e4ketieteellisten HMI-teknologioiden edist\u00e4minen yhdess\u00e4<\/h4>\n<p style=\"text-align: center;\">Tarjoamme asiakkaillemme monipuolisen ja kaiken kattavan kehitysmenetelm\u00e4n. T\u00e4m\u00e4 l\u00e4hestymistapa ei ainoastaan virtaviivaista prosessia vaan my\u00f6s v\u00e4hent\u00e4\u00e4 merkitt\u00e4v\u00e4sti sek\u00e4 aikaa ett\u00e4 kustannuksia. Huipputiimimme ovat valmiita yhteisty\u00f6h\u00f6n kanssasi riippumatta siit\u00e4, oletko vasta hahmottelemassa ideoita suunnitteluvaiheessa vai oletko hienos\u00e4\u00e4d\u00f6n loppuvaiheessa. Keskitymme optimoimaan valaistusratkaisuja, joilla on merkitt\u00e4vin ja my\u00f6nteisin vaikutus k\u00e4ytt\u00e4jiin.<\/p>\n\t\t<\/div>\n\t\t\t\t\t<\/div>\n\n\t\n<\/div>\n<div class=\"row\"  id=\"row-533622336\">\n\n\t<div id=\"col-499587204\" class=\"col medium-6 small-12 large-6\"  >\n\t\t\t\t<div class=\"col-inner\"  >\n\t\t\t\n\t\t\t\n\t<div class=\"img has-hover x md-x lg-x y md-y lg-y\" id=\"image_1368208458\">\n\t\t\t\t\t\t\t\t<div class=\"img-inner dark\" >\n\t\t\t<img loading=\"lazy\" decoding=\"async\" width=\"800\" height=\"800\" src=\"https:\/\/backlightmfg.com\/wp-content\/uploads\/2025\/04\/HMI-1.jpeg\" class=\"attachment-original size-original\" alt=\"Optinen suunnittelu ja n\u00e4yt\u00f6n optimointi\" srcset=\"https:\/\/backlightmfg.com\/wp-content\/uploads\/2025\/04\/HMI-1.jpeg 800w, https:\/\/backlightmfg.com\/wp-content\/uploads\/2025\/04\/HMI-1-300x300.jpeg 300w, https:\/\/backlightmfg.com\/wp-content\/uploads\/2025\/04\/HMI-1-150x150.jpeg 150w, https:\/\/backlightmfg.com\/wp-content\/uploads\/2025\/04\/HMI-1-768x768.jpeg 768w, https:\/\/backlightmfg.com\/wp-content\/uploads\/2025\/04\/HMI-1-12x12.jpeg 12w, https:\/\/backlightmfg.com\/wp-content\/uploads\/2025\/04\/HMI-1-510x510.jpeg 510w, https:\/\/backlightmfg.com\/wp-content\/uploads\/2025\/04\/HMI-1-100x100.jpeg 100w\" sizes=\"(max-width: 800px) 100vw, 800px\" \/>\t\t\t\t\t\t\n\t\t\t\t\t<\/div>\n\t\t\t\t\t\t\t\t\n<style>\n#image_1368208458 {\n  width: 100%;\n}\n<\/style>\n\t<\/div>\n\t\n\t\t<\/div>\n\t\t\t\t\t<\/div>\n\n\t\n\n\t<div id=\"col-263206853\" class=\"col medium-6 small-12 large-6\"  >\n\t\t\t\t<div class=\"col-inner\"  >\n\t\t\t\n\t\t\t\n<h3>Optinen suunnittelu ja n\u00e4yt\u00f6n optimointi<\/h3>\n<ul>\n<li><strong>Valon laadun ja kirkkauden s\u00e4\u00e4t\u00f6: <\/strong>L\u00e4\u00e4ketieteellisen k\u00e4ytt\u00f6liittym\u00e4n on sopeuduttava monimutkaisiin valaistusymp\u00e4rist\u00f6ihin ja k\u00e4ytett\u00e4v\u00e4 mukautuvaa himmennystekniikkaa sen varmistamiseksi, ett\u00e4 n\u00e4ytt\u00f6 on selv\u00e4sti luettavissa eri kirkkaustasoilla ilman h\u00e4ik\u00e4isy\u00e4. Esimerkiksi endoskooppin\u00e4yt\u00f6iss\u00e4 on oltava eritt\u00e4in tasainen taustavalo, jotta v\u00e4ltet\u00e4\u00e4n paikallinen ylivalottuminen tai varjot, jotka h\u00e4iritsev\u00e4t kirurgisen kent\u00e4n arviointia.<\/li>\n<li><strong>V\u00e4ritarkkuus: <\/strong>Noudata tiukasti DICOM-standardia n\u00e4ytt\u00f6laitteiden kalibroinnissa, jotta varmistetaan kuvan harmaas\u00e4vyjen ja pseudov\u00e4rikartoituksen kliininen yhdenmukaisuus. El\u00e4m\u00e4nvalvontak\u00e4ytt\u00f6liittym\u00e4ss\u00e4 k\u00e4ytet\u00e4\u00e4n varoitusv\u00e4rien, kuten punainen\/vihre\u00e4\/keltainen, standardoitua koodausta, jotta v\u00e4ltyt\u00e4\u00e4n v\u00e4rin\u00e4k\u00f6h\u00e4iri\u00f6ist\u00e4 k\u00e4rsivien k\u00e4ytt\u00e4jien virhearvioinneilta.<\/li>\n<li><strong>Suuntaavuus ja n\u00e4kyvyys: <\/strong>Laajakulmaisten LCD\/OLED-paneelien, huurtumisenestopinnoitteiden ja heijastuksenestok\u00e4sittelyjen ansiosta hoitohenkil\u00f6kunta voi tarkastella k\u00e4ytt\u00f6liittym\u00e4\u00e4 useista eri kulmista seisten, istuen tai liikkuessaan. Keskeiset parametrit on esitetty suurella fontilla ja suurella kontrastilla, mik\u00e4 parantaa tunnistamisnopeutta h\u00e4t\u00e4tilanteissa.<\/li>\n<\/ul>\n\t\t<\/div>\n\t\t\t\t\t<\/div>\n\n\t\n<\/div>\n\t\t<\/div>\n\n\t\t\n<style>\n#section_100680577 {\n  padding-top: 30px;\n  padding-bottom: 30px;\n}\n#section_100680577 .section-bg-overlay {\n  background-color: rgba(68, 96, 132, 0.11);\n}\n<\/style>\n\t<\/section>\n\t\n\t<section class=\"section\" id=\"section_1058181867\">\n\t\t<div class=\"bg section-bg fill bg-fill  bg-loaded\" >\n\n\t\t\t\n\t\t\t\n\t\t\t\n\n\t\t<\/div>\n\n\t\t\n\n\t\t<div class=\"section-content relative\">\n\t\t\t\n<div class=\"row\"  id=\"row-1524245697\">\n\n\t<div id=\"col-1172759428\" class=\"col small-12 large-12\"  >\n\t\t\t\t<div class=\"col-inner\"  >\n\t\t\t\n\t\t\t\n<h3 style=\"text-align: center;\">Esimerkki tiimiratkaisusta<\/h3>\n<p style=\"text-align: center;\">Insin\u00f6\u00f6ritiimimme kehitti l\u00e4\u00e4ketieteellisen luokan \u00e4lykk\u00e4\u00e4n valaistusj\u00e4rjestelm\u00e4n, jolla ratkaistaan seuraavat ongelmat:<\/p>\n\t\t<\/div>\n\t\t\t\t\t<\/div>\n\n\t\n<\/div>\n<div class=\"row\"  id=\"row-117239993\">\n\n\t<div id=\"col-563131378\" class=\"col medium-6 small-12 large-6\"  >\n\t\t\t\t<div class=\"col-inner\"  >\n\t\t\t\n\t\t\t\n<p><strong>Luotettavuus ja tarkkuus:<\/strong> L\u00e4\u00e4ketieteellisesti sertifioituja LED-valonl\u00e4hteit\u00e4 (IEC 60601-1 -standardin mukaisia) k\u00e4ytett\u00e4ess\u00e4 k\u00e4ytt\u00f6ik\u00e4 on yli 50 000 tuntia, eik\u00e4 v\u00e4lkynt\u00e4\u00e4 esiinny, mik\u00e4 est\u00e4\u00e4 pitk\u00e4aikaisen seurannan aiheuttaman visuaalisen v\u00e4symyksen. Sis\u00e4\u00e4nrakennettu ymp\u00e4rist\u00f6n valoisuuden tunnistin ja teko\u00e4lyalgoritmi, joka vastaa NIT-kirkkausk\u00e4yr\u00e4\u00e4 reaaliajassa (esimerkiksi 800nits p\u00e4iv\u00e4ll\u00e4\/50nits y\u00f6ll\u00e4).<\/p>\n<p><strong>Vuorovaikutteinen ja intuitiivinen suunnittelu:<\/strong><\/p>\n<ul>\n<li>Integroi ventilaattorin paneeliin suuntavalo-ohjaimet, jotka ohjaavat k\u00e4ytt\u00f6prosessia valovirta-animaation avulla (esimerkiksi PEEP-arvon s\u00e4\u00e4t\u00e4minen kiert\u00e4m\u00e4ll\u00e4 my\u00f6t\u00e4p\u00e4iv\u00e4\u00e4n).<\/li>\n<li>Suunnittele moniv\u00e4rinen rengasindikaattori kannettaviin ultra\u00e4\u00e4nilaitteisiin ja k\u00e4yt\u00e4 v\u00e4rikyll\u00e4isyysgradienttia ilmaisemaan koettimen painekynnyst\u00e4 (sininen\u2192vihre\u00e4\u2192punainen vastaa turvallisuutta\u2192varoitusta).<\/li>\n<\/ul>\n<p><strong>Turvallisuusredundanssimekanismi: <\/strong>Kaksikanavainen riippumaton taustavalon k\u00e4ytt\u00f6piiri est\u00e4\u00e4 mustan n\u00e4yt\u00f6n riskin ja siirtyy automaattisesti yksiv\u00e4riseen korostusn\u00e4ytt\u00f6\u00f6n h\u00e4t\u00e4tilassa (kuten veren happiaaltomuodon s\u00e4ilytt\u00e4minen, kun ECMO-liit\u00e4nt\u00e4 ep\u00e4onnistuu).<\/p>\n\t\t<\/div>\n\t\t\t\t\t<\/div>\n\n\t\n\n\t<div id=\"col-1770480961\" class=\"col medium-6 small-12 large-6\"  >\n\t\t\t\t<div class=\"col-inner\"  >\n\t\t\t\n\t\t\t\n\t<div class=\"img has-hover x md-x lg-x y md-y lg-y\" id=\"image_1302847459\">\n\t\t\t\t\t\t\t\t<div class=\"img-inner dark\" >\n\t\t\t<img loading=\"lazy\" decoding=\"async\" width=\"800\" height=\"800\" src=\"https:\/\/backlightmfg.com\/wp-content\/uploads\/2025\/04\/HMI-3.jpeg\" class=\"attachment-original size-original\" alt=\"Esimerkki tiimiratkaisusta\" srcset=\"https:\/\/backlightmfg.com\/wp-content\/uploads\/2025\/04\/HMI-3.jpeg 800w, https:\/\/backlightmfg.com\/wp-content\/uploads\/2025\/04\/HMI-3-300x300.jpeg 300w, https:\/\/backlightmfg.com\/wp-content\/uploads\/2025\/04\/HMI-3-150x150.jpeg 150w, https:\/\/backlightmfg.com\/wp-content\/uploads\/2025\/04\/HMI-3-768x768.jpeg 768w, https:\/\/backlightmfg.com\/wp-content\/uploads\/2025\/04\/HMI-3-12x12.jpeg 12w, https:\/\/backlightmfg.com\/wp-content\/uploads\/2025\/04\/HMI-3-510x510.jpeg 510w, https:\/\/backlightmfg.com\/wp-content\/uploads\/2025\/04\/HMI-3-100x100.jpeg 100w\" sizes=\"(max-width: 800px) 100vw, 800px\" \/>\t\t\t\t\t\t\n\t\t\t\t\t<\/div>\n\t\t\t\t\t\t\t\t\n<style>\n#image_1302847459 {\n  width: 100%;\n}\n<\/style>\n\t<\/div>\n\t\n\t\t<\/div>\n\t\t\t\t\t<\/div>\n\n\t\n<\/div>\n\t\t<\/div>\n\n\t\t\n<style>\n#section_1058181867 {\n  padding-top: 30px;\n  padding-bottom: 30px;\n}\n<\/style>\n\t<\/section>\n\t\n\t<section class=\"section\" id=\"section_352111780\">\n\t\t<div class=\"bg section-bg fill bg-fill  bg-loaded\" >\n\n\t\t\t\n\t\t\t<div class=\"section-bg-overlay absolute fill\"><\/div>\n\t\t\t\n\n\t\t<\/div>\n\n\t\t\n\n\t\t<div class=\"section-content relative\">\n\t\t\t\n<div class=\"row\"  id=\"row-2065979573\">\n\n\t<div id=\"col-182835308\" class=\"col medium-6 small-12 large-6\"  >\n\t\t\t\t<div class=\"col-inner\"  >\n\t\t\t\n\t\t\t\n\t<div class=\"img has-hover x md-x lg-x y md-y lg-y\" id=\"image_83145898\">\n\t\t\t\t\t\t\t\t<div class=\"img-inner image-cover dark\" style=\"padding-top:78%;\">\n\t\t\t<img loading=\"lazy\" decoding=\"async\" width=\"800\" height=\"800\" src=\"https:\/\/backlightmfg.com\/wp-content\/uploads\/2025\/04\/HMI-2.jpeg\" class=\"attachment-original size-original\" alt=\"Suunnitteluperiaatteet\" srcset=\"https:\/\/backlightmfg.com\/wp-content\/uploads\/2025\/04\/HMI-2.jpeg 800w, https:\/\/backlightmfg.com\/wp-content\/uploads\/2025\/04\/HMI-2-300x300.jpeg 300w, https:\/\/backlightmfg.com\/wp-content\/uploads\/2025\/04\/HMI-2-150x150.jpeg 150w, https:\/\/backlightmfg.com\/wp-content\/uploads\/2025\/04\/HMI-2-768x768.jpeg 768w, https:\/\/backlightmfg.com\/wp-content\/uploads\/2025\/04\/HMI-2-12x12.jpeg 12w, https:\/\/backlightmfg.com\/wp-content\/uploads\/2025\/04\/HMI-2-510x510.jpeg 510w, https:\/\/backlightmfg.com\/wp-content\/uploads\/2025\/04\/HMI-2-100x100.jpeg 100w\" sizes=\"(max-width: 800px) 100vw, 800px\" \/>\t\t\t\t\t\t\n\t\t\t\t\t<\/div>\n\t\t\t\t\t\t\t\t\n<style>\n#image_83145898 {\n  width: 100%;\n}\n<\/style>\n\t<\/div>\n\t\n\t\t<\/div>\n\t\t\t\t\t<\/div>\n\n\t\n\n\t<div id=\"col-1500652351\" class=\"col medium-6 small-12 large-6\"  >\n\t\t\t\t<div class=\"col-inner\"  >\n\t\t\t\n\t\t\t\n<h3>Suunnitteluperiaatteet<\/h3>\n<p><strong>Sopeutumiskyky valoisaan ymp\u00e4rist\u00f6\u00f6n:<\/strong> K\u00e4ytt\u00f6liittym\u00e4n v\u00e4ril\u00e4mp\u00f6tila on synkronoitu l\u00e4\u00e4ketieteellisten laitosten valaistuksen kanssa (kuten 4500K kylm\u00e4valkoinen valo leikkaussalissa), jotta v\u00e4hennet\u00e4\u00e4n hoitohenkil\u00f6kunnan v\u00e4rin havaitsemisen v\u00e4\u00e4ristymi\u00e4, kun he vaihtavat n\u00e4k\u00f6yhteytt\u00e4. Pimeiss\u00e4 huoneissa (kuten radiologian osastoilla) on punainen pime\u00e4n sopeutumistila n\u00e4k\u00f6tarkkuuden s\u00e4ilytt\u00e4miseksi.<\/p>\n<h3>Haasteet ja tulevat suuntaukset<\/h3>\n<ul>\n<li><strong>Miniatyrisointi ja joustava n\u00e4ytt\u00f6:<\/strong> Kehitet\u00e4\u00e4n eritt\u00e4in pienitehoisia Micro-LET-paneeleita puettavien l\u00e4\u00e4kinn\u00e4llisten laitteiden kaarevaan HMI-suunnitteluun.<\/li>\n<li><strong>Bioyhteensopiva valaistus:<\/strong> Tutkitaan tiettyjen aallonpituusvalonl\u00e4hteiden (kuten 405 nm:n sini-violettivalon) integroitua k\u00e4ytt\u00f6\u00e4 k\u00e4ytt\u00f6liittym\u00e4n desinfioinnissa ja vuorovaikutteisessa valvonnassa.<\/li>\n<\/ul>\n\t\t<\/div>\n\t\t\t\t\t<\/div>\n\n\t\n<\/div>\n\t\t<\/div>\n\n\t\t\n<style>\n#section_352111780 {\n  padding-top: 30px;\n  padding-bottom: 30px;\n}\n#section_352111780 .section-bg-overlay {\n  background-color: #eaeef1;\n}\n<\/style>\n\t<\/section>\n\t\n\t<section class=\"section\" id=\"section_1409110692\">\n\t\t<div class=\"bg section-bg fill bg-fill  bg-loaded\" >\n\n\t\t\t\n\t\t\t\n\t\t\t\n\n\t\t<\/div>\n\n\t\t\n\n\t\t<div class=\"section-content relative\">\n\t\t\t\n<div class=\"row\"  id=\"row-166229254\">\n\n\t<div id=\"col-1970317529\" class=\"col small-12 large-12\"  >\n\t\t\t\t<div class=\"col-inner\"  >\n\t\t\t\n\t\t\t\n<h1 style=\"text-align: center;\">Monimutkaisesta itsevarmaksi: Rayera Powers Medical HMI Success<\/h1>\n<p style=\"text-align: center;\">Pienempien laitteiden kysynn\u00e4n kasvaessa l\u00e4\u00e4kinn\u00e4llisten tuotteiden valmistajat joutuvat p\u00e4ivitt\u00e4in kohtaamaan yh\u00e4 monimutkaisempia valaistushaasteita. Kun Rayera on kumppanisi, saat optimaalisen valaistusratkaisun, saat tuotteesi nopeammin asiakkaillesi ja voitat enemm\u00e4n liiketoimintaa.<\/p>\n\t\t<\/div>\n\t\t\t\t\t<\/div>\n\n\t\n<\/div>\n<div class=\"row\"  id=\"row-1930508738\">\n\n\t<div id=\"col-554459088\" class=\"col small-12 large-12\"  >\n\t\t\t\t<div class=\"col-inner\"  >\n\t\t\t\n\t\t\t\n\n<div class=\"wpcf7 no-js\" id=\"wpcf7-f280-o1\" lang=\"en-US\" dir=\"ltr\">\n<div class=\"screen-reader-response\"><p role=\"status\" aria-live=\"polite\" aria-atomic=\"true\"><\/p> <ul><\/ul><\/div>\n<form action=\"\/fi\/wp-json\/wp\/v2\/pages\/2265#wpcf7-f280-o1\" method=\"post\" class=\"wpcf7-form init\" aria-label=\"Yhteydenottolomake\" novalidate=\"novalidate\" data-status=\"init\" data-trp-original-action=\"\/fi\/wp-json\/wp\/v2\/pages\/2265#wpcf7-f280-o1\">\n<div style=\"display: none;\">\n<input type=\"hidden\" name=\"_wpcf7\" value=\"280\" \/>\n<input type=\"hidden\" name=\"_wpcf7_version\" value=\"5.9.6\" \/>\n<input type=\"hidden\" name=\"_wpcf7_locale\" value=\"en_US\" \/>\n<input type=\"hidden\" name=\"_wpcf7_unit_tag\" value=\"wpcf7-f280-o1\" \/>\n<input type=\"hidden\" name=\"_wpcf7_container_post\" value=\"0\" \/>\n<input type=\"hidden\" name=\"_wpcf7_posted_data_hash\" value=\"\" \/>\n<\/div>\n<div class='custom_contact_style'>\n\t<div class=\"row row-small\">\n\t\t<div class=\"col medium-6 small-12 large-6\">\n\t\t\t<div class=\"col-inner\">\n\t\t\t\t<p><span class=\"wpcf7-form-control-wrap\" data-name=\"your-name\"><input size=\"40\" maxlength=\"80\" class=\"wpcf7-form-control wpcf7-text wpcf7-validates-as-required\" aria-required=\"true\" aria-invalid=\"false\" placeholder=\"Nimi*\" value=\"\" type=\"text\" name=\"your-name\" \/><\/span>\n\t\t\t\t<\/p>\n\t\t\t<\/div>\n\t\t<\/div>\n\t\t<div class=\"col medium-6 small-12 large-6\">\n\t\t\t<div class=\"col-inner\">\n\t\t\t\t<p><span class=\"wpcf7-form-control-wrap\" data-name=\"your-email\"><input size=\"40\" maxlength=\"80\" class=\"wpcf7-form-control wpcf7-email wpcf7-validates-as-required wpcf7-text wpcf7-validates-as-email\" aria-required=\"true\" aria-invalid=\"false\" placeholder=\"S\u00e4hk\u00f6posti*\" value=\"\" type=\"email\" name=\"your-email\" \/><\/span>\n\t\t\t\t<\/p>\n\t\t\t<\/div>\n\t\t<\/div>\n\t<\/div>\n\t<div class='cus_contact_form_bottom'>\n\t\t<p><span class=\"wpcf7-form-control-wrap\" data-name=\"your-phone\"><input size=\"40\" maxlength=\"80\" class=\"wpcf7-form-control wpcf7-text\" aria-invalid=\"false\" placeholder=\"Puhelin\" value=\"\" type=\"text\" name=\"your-phone\" \/><\/span>\n\t\t<\/p>\n\t<\/div>\n\t<div class='cus_contact_form_bottom'>\n\t\t<p><span class=\"wpcf7-form-control-wrap\" data-name=\"your-country\"><input size=\"40\" maxlength=\"80\" class=\"wpcf7-form-control wpcf7-text\" aria-invalid=\"false\" placeholder=\"Maa\" value=\"\" type=\"text\" name=\"your-country\" \/><\/span>\n\t\t<\/p>\n\t<\/div>\n\t<p><span class=\"wpcf7-form-control-wrap\" data-name=\"your-message\"><textarea cols=\"40\" rows=\"10\" maxlength=\"400\" class=\"wpcf7-form-control wpcf7-textarea wpcf7-validates-as-required\" aria-required=\"true\" aria-invalid=\"false\" placeholder=\"Viestisi *\" name=\"your-message\"><\/textarea><\/span>\n\t<\/p>\n\t<div style=\"margin-bottom:10px;\">\n\t\t<p><span class=\"wpcf7-form-control-wrap kc_captcha cf7ic-toggle\" data-name=\"kc_captcha\"><span class=\"wpcf7-form-control wpcf7-radio\"><span class=\"captcha-image\" style=\"display: none;\"><span class=\"cf7ic_instructions\">Todista, ett\u00e4 olet ihminen valitsemalla<span> puu<\/span>.<\/span><label><input aria-label=\"1\" type=\"radio\" name=\"kc_captcha\" value=\"bot\" \/><svg aria-hidden=\"true\" role=\"img\" xmlns=\"http:\/\/www.w3.org\/2000\/svg\" viewbox=\"0 0 512 512\"><path fill=\"currentColor\" d=\"M350 99c-54 0-98-35-166-35-25 0-47 4-68 12a56 56 0 004-24C118 24 95 1 66 0a56 56 0 00-34 102v386c0 13 11 24 24 24h16c13 0 24-11 24-24v-94c28-12 64-23 114-23 54 0 98 35 166 35 48 0 86-16 122-41 9-6 14-15 14-26V96c0-23-24-39-45-29-35 16-77 32-117 32z\"\/><\/svg><\/label><label><input aria-label=\"2\" type=\"radio\" name=\"kc_captcha\" value=\"kc_human\" \/><svg aria-hidden=\"true\" role=\"img\" xmlns=\"http:\/\/www.w3.org\/2000\/svg\" viewbox=\"0 0 384 512\"><path fill=\"currentColor\" d=\"M377 375l-83-87h34c21 0 32-25 17-40l-82-88h33c21 0 32-25 18-40L210 8c-10-11-26-11-36 0L70 120c-14 15-3 40 18 40h33l-82 88c-15 15-4 40 17 40h34L7 375c-15 16-4 41 17 41h120c0 33-11 49-34 68-12 9-5 28 10 28h144c15 0 22-19 10-28-20-16-34-32-34-68h120c21 0 32-25 17-41z\"\/><\/svg><\/label><label><input aria-label=\"3\" type=\"radio\" name=\"kc_captcha\" value=\"bot\" \/><svg aria-hidden=\"true\" role=\"img\" xmlns=\"http:\/\/www.w3.org\/2000\/svg\" viewbox=\"0 0 576 512\"><path fill=\"currentColor\" d=\"M472 200H360L256 6a12 12 0 00-10-6h-58c-8 0-14 7-12 15l34 185H100l-35-58a12 12 0 00-10-6H12c-8 0-13 7-12 14l21 106L0 362c-1 7 4 14 12 14h43c4 0 8-2 10-6l35-58h110l-34 185c-2 8 4 15 12 15h58a12 12 0 0010-6l104-194h112c57 0 104-25 104-56s-47-56-104-56z\"\/><\/svg><\/label>\r\n    <\/span>\r\n    <span style=\"display:none\">\r\n        <input type=\"text\" name=\"kc_honeypot\">\r\n    <\/span><\/span><\/span>\n\t\t<\/p>\n\t<\/div>\n\t<p><input class=\"wpcf7-form-control wpcf7-submit has-spinner\" type=\"submit\" value=\"L\u00e4het\u00e4 viesti\" \/>\n\t<\/p>\n<\/div><div class=\"wpcf7-response-output\" aria-hidden=\"true\"><\/div>\n<input type=\"hidden\" name=\"trp-form-language\" value=\"fi\"\/><\/form>\n<\/div>\n\n\t\t<\/div>\n\t\t\t\t\t<\/div>\n\n\t\n<\/div>\n\t\t<\/div>\n\n\t\t\n<style>\n#section_1409110692 {\n  padding-top: 30px;\n  padding-bottom: 30px;\n}\n<\/style>\n\t<\/section>","protected":false},"excerpt":{"rendered":"","protected":false},"author":1,"featured_media":0,"parent":0,"menu_order":0,"comment_status":"closed","ping_status":"closed","template":"page-blank.php","meta":{"footnotes":""},"_links":{"self":[{"href":"https:\/\/backlightmfg.com\/fi\/wp-json\/wp\/v2\/pages\/2265"}],"collection":[{"href":"https:\/\/backlightmfg.com\/fi\/wp-json\/wp\/v2\/pages"}],"about":[{"href":"https:\/\/backlightmfg.com\/fi\/wp-json\/wp\/v2\/types\/page"}],"author":[{"embeddable":true,"href":"https:\/\/backlightmfg.com\/fi\/wp-json\/wp\/v2\/users\/1"}],"replies":[{"embeddable":true,"href":"https:\/\/backlightmfg.com\/fi\/wp-json\/wp\/v2\/comments?post=2265"}],"version-history":[{"count":23,"href":"https:\/\/backlightmfg.com\/fi\/wp-json\/wp\/v2\/pages\/2265\/revisions"}],"predecessor-version":[{"id":2315,"href":"https:\/\/backlightmfg.com\/fi\/wp-json\/wp\/v2\/pages\/2265\/revisions\/2315"}],"wp:attachment":[{"href":"https:\/\/backlightmfg.com\/fi\/wp-json\/wp\/v2\/media?parent=2265"}],"curies":[{"name":"wp","href":"https:\/\/api.w.org\/{rel}","templated":true}]}}