{"id":1790,"date":"2024-08-03T02:08:10","date_gmt":"2024-08-03T02:08:10","guid":{"rendered":"https:\/\/backlightmfg.com\/?post_type=product&#038;p=1790"},"modified":"2025-07-14T08:33:49","modified_gmt":"2025-07-14T08:33:49","slug":"lgp-backlight","status":"publish","type":"product","link":"https:\/\/backlightmfg.com\/es\/lgp-backlight\/","title":{"rendered":"Retroiluminaci\u00f3n LGP"},"content":{"rendered":"<h3><strong><span class=\"Y2IQFc\" lang=\"en\">Tecnolog\u00eda de microestructura LGP (protecci\u00f3n del medio ambiente) \uff1a<\/span><\/strong><\/h3>\n<p>Conversi\u00f3n del proceso de impresi\u00f3n original al proceso de prensado en caliente, producci\u00f3n automatizada, alto rendimiento y excelente efecto visual.<\/p>\n<h4><b>\u00bfQu\u00e9 es la microestructura?<\/b><\/h4>\n<ul>\n<li>Si el tama\u00f1o del patr\u00f3n de LGP que puede ser controlado m\u00e1s peque\u00f1o que 100 um. Podemos llamarlo microestructura.<\/li>\n<\/ul>\n<h4><strong>Impresi\u00f3n de tinta<\/strong><\/h4>\n<ul>\n<li>El tama\u00f1o del patr\u00f3n es de 0,4 mm (m\u00ednimo con di\u00e1metro).<\/li>\n<\/ul>\n<h4 class=\"tw-data-text tw-text-large tw-ta\" dir=\"ltr\" data-placeholder=\"Translation\" aria-label=\"Texto traducido\" data-ved=\"2ahUKEwii-OPw3deHAxXnha8BHe_AMVoQ3ewLegQIDRAU\"><strong><span class=\"Y2IQFc\" lang=\"en\">M\u00f3dulo gu\u00eda de luz.<\/span><span class=\"Y2IQFc\" lang=\"en\">Adelgazamiento<\/span><\/strong><\/h4>\n<ul>\n<li>El grosor total del m\u00f3dulo de gu\u00eda de luz oscila entre 0,8~2 mm. La placa de luz puede ser de placa blanda (FPC) o dura (PCB) seg\u00fan las necesidades del cliente.<\/li>\n<\/ul>\n<h4 class=\"tw-data-text tw-text-large tw-ta\" dir=\"ltr\" data-placeholder=\"Translation\" aria-label=\"Texto traducido\" data-ved=\"2ahUKEwii-OPw3deHAxXnha8BHe_AMVoQ3ewLegQIDRAU\"><strong><span class=\"Y2IQFc\" lang=\"en\">M\u00f3dulo gu\u00eda de luz.<\/span><span class=\"Y2IQFc\" lang=\"en\">Flexibilidad<\/span><\/strong><\/h4>\n<ul>\n<li>Su m\u00f3dulo de gu\u00eda de luz delgada de cart\u00f3n blando tiene buena flexibilidad, y el pegamento grueso se puede utilizar para ajustarlo de acuerdo con la apariencia del producto.<\/li>\n<\/ul>\n<h4 id=\"tw-target-text\" class=\"tw-data-text tw-text-large tw-ta\" dir=\"ltr\" data-placeholder=\"Translation\" aria-label=\"Texto traducido\" data-ved=\"2ahUKEwii-OPw3deHAxXnha8BHe_AMVoQ3ewLegQIDRAU\"><strong><span class=\"Y2IQFc\" lang=\"en\">Personalizaci\u00f3n del m\u00f3dulo de gu\u00eda de luz<\/span><\/strong><\/h4>\n<ul>\n<li id=\"tw-target-text\" class=\"tw-data-text tw-text-large tw-ta\" dir=\"ltr\" data-placeholder=\"Translation\" aria-label=\"Texto traducido\" data-ved=\"2ahUKEwii-OPw3deHAxXnha8BHe_AMVoQ3ewLegQIDRAU\"><span class=\"Y2IQFc\" lang=\"en\">Se pueden dise\u00f1ar diferentes m\u00f3dulos de gu\u00eda de luz en funci\u00f3n de las distintas necesidades de los clientes para conseguir los efectos requeridos por \u00e9stos.<\/span><\/li>\n<\/ul>\n<div id=\"KnM9nf\" class=\"PZPZlf\" data-attrid=\"tw-sourceArea\" data-entityname=\"Google Translate\">\n<div id=\"tw-source\">\n<div id=\"tw-source-rmn-container\" class=\"tw-ta-container F0azHf tw-nfl\">\n<h3 id=\"tw-source-rmn\" class=\"tw-data-text tw-text-small tw-ta\" dir=\"ltr\"><strong>Aplicaci\u00f3n<\/strong><\/h3>\n<ul>\n<li>Tipo Normal - Bajo Goma<\/li>\n<li>Entre la llave y la goma<\/li>\n<li>Co-moldeo<\/li>\n<\/ul>\n<\/div>\n<\/div>\n<\/div>","protected":false},"excerpt":{"rendered":"<p id=\"tw-target-text\" class=\"tw-data-text tw-text-large tw-ta\" dir=\"ltr\" data-placeholder=\"Translation\" aria-label=\"Texto traducido\" data-ved=\"2ahUKEwii-OPw3deHAxXnha8BHe_AMVoQ3ewLegQIDRAU\"><span class=\"Y2IQFc\" lang=\"en\">Los m\u00f3dulos fotoel\u00e9ctricos de guiado de luz LED se utilizan en ciudades inteligentes, veh\u00edculos inteligentes, electrodom\u00e9sticos inteligentes y perif\u00e9ricos de deportes electr\u00f3nicos. Tendencias de desarrollo futuro de los m\u00f3dulos de gu\u00eda de luz<\/span><\/p>\n<ul>\n<li><span class=\"Y2IQFc\" lang=\"en\">Tecnolog\u00eda de microestructura LGP (protecci\u00f3n del medio ambiente)<br \/>\n<\/span><\/li>\n<li><span class=\"Y2IQFc\" lang=\"en\">Adelgazamiento<br \/>\n<\/span><\/li>\n<li><span class=\"Y2IQFc\" lang=\"en\">Flexibilidad<br \/>\n<\/span><\/li>\n<li><span class=\"Y2IQFc\" lang=\"en\">M\u00f3dulo gu\u00eda de luz RGB<br \/>\n<\/span><\/li>\n<li><span class=\"Y2IQFc\" lang=\"en\">Tira de luz RGB programable<br \/>\n<\/span><\/li>\n<li><span class=\"Y2IQFc\" lang=\"en\">Cambio fijo tira de luz RGB<\/span><\/li>\n<\/ul>","protected":false},"featured_media":1791,"comment_status":"open","ping_status":"closed","template":"","meta":[],"product_cat":[15],"product_tag":[],"_links":{"self":[{"href":"https:\/\/backlightmfg.com\/es\/wp-json\/wp\/v2\/product\/1790"}],"collection":[{"href":"https:\/\/backlightmfg.com\/es\/wp-json\/wp\/v2\/product"}],"about":[{"href":"https:\/\/backlightmfg.com\/es\/wp-json\/wp\/v2\/types\/product"}],"replies":[{"embeddable":true,"href":"https:\/\/backlightmfg.com\/es\/wp-json\/wp\/v2\/comments?post=1790"}],"wp:featuredmedia":[{"embeddable":true,"href":"https:\/\/backlightmfg.com\/es\/wp-json\/wp\/v2\/media\/1791"}],"wp:attachment":[{"href":"https:\/\/backlightmfg.com\/es\/wp-json\/wp\/v2\/media?parent=1790"}],"wp:term":[{"taxonomy":"product_cat","embeddable":true,"href":"https:\/\/backlightmfg.com\/es\/wp-json\/wp\/v2\/product_cat?post=1790"},{"taxonomy":"product_tag","embeddable":true,"href":"https:\/\/backlightmfg.com\/es\/wp-json\/wp\/v2\/product_tag?post=1790"}],"curies":[{"name":"wp","href":"https:\/\/api.w.org\/{rel}","templated":true}]}}