{"id":1556,"date":"2024-07-08T08:09:40","date_gmt":"2024-07-08T08:09:40","guid":{"rendered":"https:\/\/backlightmfg.com\/manufacturer\/keyboard-backlight\/"},"modified":"2024-09-15T06:29:44","modified_gmt":"2024-09-15T06:29:44","slug":"keyboard-backlight","status":"publish","type":"product","link":"https:\/\/backlightmfg.com\/es\/keyboard-backlight\/","title":{"rendered":"Retroiluminaci\u00f3n del teclado"},"content":{"rendered":"<p>Los teclados de membrana, conocidos por su funcionamiento silencioso y su precio asequible, incorporan cada vez m\u00e1s retroiluminaci\u00f3n, lo que supone una mejora pr\u00e1ctica y elegante. A continuaci\u00f3n, te presentamos la retroiluminaci\u00f3n de los teclados de membrana.<\/p>\n<h3><strong>Tecnolog\u00eda de retroiluminaci\u00f3n del teclado:<\/strong><\/h3>\n<p>A diferencia de los teclados mec\u00e1nicos con interruptores individuales debajo de cada tecla, los teclados de membrana se basan en una \u00fanica membrana de presi\u00f3n. La retroiluminaci\u00f3n de estos teclados suele utilizarse:<\/p>\n<ul>\n<li><strong>Pel\u00edcula gu\u00eda de luz (LGF):<\/strong>Esta fina pel\u00edcula transparente distribuye eficazmente la luz de los LED colocados estrat\u00e9gicamente por todo el teclado. El LGF ayuda a conseguir una iluminaci\u00f3n uniforme en todas las teclas.<\/li>\n<li><strong>LED montados en superficie (SMD):<\/strong>Estos LED compactos se colocan en puntos espec\u00edficos de la PCB (placa de circuito impreso) del teclado para dirigir la luz hacia el LGF.<\/li>\n<\/ul>\n<h3><strong>Ventajas:<\/strong><\/h3>\n<ul>\n<li><strong>Visibilidad mejorada:<\/strong>La retroiluminaci\u00f3n permite ver las teclas con claridad en entornos con poca luz, lo que mejora la precisi\u00f3n y la eficacia de la escritura.<\/li>\n<li><strong>Productividad mejorada:<\/strong>Una visibilidad m\u00e1s clara de las teclas se traduce en menos errores y mayor velocidad de escritura, lo que resulta especialmente beneficioso para los noct\u00e1mbulos o quienes trabajan en entornos con poca luz.<\/li>\n<li><strong>Reducci\u00f3n de la fatiga ocular:<\/strong>El suave resplandor de la retroiluminaci\u00f3n reduce la fatiga ocular durante largas sesiones de mecanograf\u00eda.<\/li>\n<li><strong>Est\u00e9tica elegante:<\/strong>Los teclados retroiluminados a\u00f1aden un toque de personalidad y estilo a su espacio de trabajo, especialmente con opciones de iluminaci\u00f3n personalizables.<\/li>\n<\/ul>\n<h3><strong>Ventajas sobre los teclados de membrana tradicionales:<\/strong><\/h3>\n<ul>\n<li><strong>Funcionalidad mejorada:<\/strong>La retroiluminaci\u00f3n resuelve una limitaci\u00f3n clave de los teclados de membrana tradicionales: la escasa visibilidad con poca luz.<\/li>\n<li><strong>Experiencia de usuario mejorada:<\/strong>La combinaci\u00f3n de una escritura c\u00f3moda y una clara visibilidad de las teclas mejora la experiencia general del usuario.<\/li>\n<li><strong>Precio competitivo:<\/strong>Los teclados de membrana retroiluminados ofrecen una buena relaci\u00f3n calidad-precio, ya que proporcionan las ventajas de la retroiluminaci\u00f3n a un precio m\u00e1s asequible en comparaci\u00f3n con algunos teclados mec\u00e1nicos retroiluminados.<\/li>\n<\/ul>\n<h3><strong>Cosas a tener en cuenta:<\/strong><\/h3>\n<ul>\n<li><strong>Opciones de personalizaci\u00f3n:<\/strong>Aunque no son tan amplios como algunos teclados mec\u00e1nicos, algunos teclados de membrana retroiluminados ofrecen niveles de brillo ajustables y, potencialmente, opciones de iluminaci\u00f3n monocolor o multicolor.<\/li>\n<li><strong>Fuga de luz:<\/strong>En algunos modelos, la luz puede filtrarse alrededor de las teclas, lo que puede ser motivo de preocupaci\u00f3n para algunos usuarios.<\/li>\n<\/ul>","protected":false},"excerpt":{"rendered":"<p>La retroiluminaci\u00f3n de membrana para teclados ofrece una atractiva combinaci\u00f3n de funcionalidad y estilo. Aumentan la facilidad de uso en entornos con poca luz, mejoran la experiencia del usuario y a\u00f1aden un toque de estilo a su espacio de trabajo, todo ello a un precio competitivo. A medida que avance la tecnolog\u00eda, cabe esperar nuevas mejoras en las opciones de personalizaci\u00f3n, difusi\u00f3n de la luz y eficiencia energ\u00e9tica de los teclados de membrana retroiluminados.<\/p>","protected":false},"featured_media":1541,"comment_status":"closed","ping_status":"closed","template":"","meta":[],"product_cat":[15],"product_tag":[],"_links":{"self":[{"href":"https:\/\/backlightmfg.com\/es\/wp-json\/wp\/v2\/product\/1556"}],"collection":[{"href":"https:\/\/backlightmfg.com\/es\/wp-json\/wp\/v2\/product"}],"about":[{"href":"https:\/\/backlightmfg.com\/es\/wp-json\/wp\/v2\/types\/product"}],"replies":[{"embeddable":true,"href":"https:\/\/backlightmfg.com\/es\/wp-json\/wp\/v2\/comments?post=1556"}],"wp:featuredmedia":[{"embeddable":true,"href":"https:\/\/backlightmfg.com\/es\/wp-json\/wp\/v2\/media\/1541"}],"wp:attachment":[{"href":"https:\/\/backlightmfg.com\/es\/wp-json\/wp\/v2\/media?parent=1556"}],"wp:term":[{"taxonomy":"product_cat","embeddable":true,"href":"https:\/\/backlightmfg.com\/es\/wp-json\/wp\/v2\/product_cat?post=1556"},{"taxonomy":"product_tag","embeddable":true,"href":"https:\/\/backlightmfg.com\/es\/wp-json\/wp\/v2\/product_tag?post=1556"}],"curies":[{"name":"wp","href":"https:\/\/api.w.org\/{rel}","templated":true}]}}