{"id":1554,"date":"2024-07-08T08:09:39","date_gmt":"2024-07-08T08:09:39","guid":{"rendered":"https:\/\/backlightmfg.com\/manufacturer\/tv-backlight\/"},"modified":"2024-09-15T06:29:45","modified_gmt":"2024-09-15T06:29:45","slug":"tv-backlight","status":"publish","type":"product","link":"https:\/\/backlightmfg.com\/es\/tv-backlight\/","title":{"rendered":"Retroiluminaci\u00f3n del televisor"},"content":{"rendered":"<p>La retroiluminaci\u00f3n del televisor desempe\u00f1a un papel fundamental a la hora de ofrecer una experiencia visual cautivadora y agradable. Es la fuente de luz oculta detr\u00e1s de la pantalla que influye en la calidad de la imagen, la comodidad del usuario e incluso la est\u00e9tica de su sistema de cine en casa.<\/p>\n<h3><strong>Tecnolog\u00eda de retroiluminaci\u00f3n de televisores:<\/strong><\/h3>\n<p>Los televisores modernos utilizan principalmente dos tecnolog\u00edas de retroiluminaci\u00f3n:<\/p>\n<ul>\n<li><strong style=\"color: #555555; font-size: 14.4px;\">Retroiluminaci\u00f3n LED:<\/strong><span style=\"color: #555555; font-size: 14.4px;\">\u00a0Esta tecnolog\u00eda dominante utiliza diodos emisores de luz (LED) como fuente luminosa. Los LED ofrecen varias ventajas:<\/span><\/li>\n<li><strong>Eficiencia energ\u00e9tica:<\/strong>Un menor consumo de energ\u00eda se traduce en facturas m\u00e1s bajas y una menor huella medioambiental.<\/li>\n<li><strong>Iluminaci\u00f3n uniforme:<\/strong>Los LED proporcionan una distribuci\u00f3n de la luz m\u00e1s uniforme en toda la pantalla, lo que reduce los reflejos y los puntos calientes para disfrutar de una c\u00f3moda experiencia visual.<\/li>\n<li><strong>Brillo ajustable:<\/strong>Puedes ajustar la intensidad de la retroiluminaci\u00f3n para adaptarla a la luz ambiental y al tipo de contenido, lo que aumenta a\u00fan m\u00e1s el confort y optimiza el consumo de energ\u00eda.<\/li>\n<li><strong style=\"color: #555555; font-size: 14.4px;\">Regulaci\u00f3n local completa (FALD):<\/strong><span style=\"color: #555555; font-size: 14.4px;\">\u00a0Esta avanzada tecnolog\u00eda de retroiluminaci\u00f3n LED permite zonas de atenuaci\u00f3n individuales dentro de la matriz de retroiluminaci\u00f3n. Esto permite:<\/span><\/li>\n<li><strong>Contraste mejorado:<\/strong>Al atenuar las zonas de la retroiluminaci\u00f3n que corresponden a las \u00e1reas oscuras de la pantalla, FALD crea negros m\u00e1s profundos y contrastes m\u00e1s ricos para una imagen m\u00e1s realista.<\/li>\n<li><strong>Floraci\u00f3n reducida:<\/strong>El blooming se produce cuando las zonas brillantes \"sangran\" hacia las zonas oscuras de la pantalla. FALD minimiza este efecto controlando con precisi\u00f3n cada zona de retroiluminaci\u00f3n.<\/li>\n<\/ul>\n<h3><strong>Ventajas:<\/strong><\/h3>\n<ul>\n<li><strong>Calidad de imagen mejorada:<\/strong>La retroiluminaci\u00f3n ilumina la pantalla, lo que permite ver colores vivos, detalles n\u00edtidos y negros profundos para disfrutar de una experiencia visual m\u00e1s envolvente.<\/li>\n<li><strong>Mayor claridad:<\/strong>La iluminaci\u00f3n uniforme reduce el deslumbramiento y los puntos calientes, garantizando una visi\u00f3n clara y c\u00f3moda, independientemente del contenido visualizado.<\/li>\n<li><strong>Reducci\u00f3n de la fatiga ocular:<\/strong>El brillo ajustable permite establecer un nivel que se adapte a la iluminaci\u00f3n ambiental y reduce la fatiga ocular, especialmente durante sesiones de visualizaci\u00f3n prolongadas.<\/li>\n<li><strong>Atractivo est\u00e9tico:<\/strong>La retroiluminaci\u00f3n contribuye a que el televisor tenga un aspecto m\u00e1s moderno y elegante, lo que mejora el aspecto general del sistema de cine en casa.<\/li>\n<\/ul>\n<h3><strong>Consideraciones:<\/strong><\/h3>\n<ul>\n<li><strong>Tipo de retroiluminaci\u00f3n:<\/strong>La retroiluminaci\u00f3n LED est\u00e1ndar ofrece un buen rendimiento general, mientras que la FALD ofrece un contraste superior y un blooming reducido. Sin embargo, los televisores FALD suelen ser m\u00e1s caros.<\/li>\n<li><strong>N\u00famero de zonas de regulaci\u00f3n:<\/strong>Un mayor n\u00famero de zonas de regulaci\u00f3n en los retroiluminadores FALD proporciona un control m\u00e1s preciso y una mejor calidad de imagen, pero tambi\u00e9n puede aumentar el coste.<\/li>\n<li><strong>Tipo de contenido :<\/strong>El rendimiento de la retroiluminaci\u00f3n puede influir en la experiencia de visualizaci\u00f3n de distintos contenidos. Por ejemplo, las escenas oscuras de las pel\u00edculas se benefician m\u00e1s del FALD que los contenidos diurnos brillantes.<\/li>\n<\/ul>\n<h3><strong>El futuro de la retroiluminaci\u00f3n de los televisores:<\/strong><\/h3>\n<p>Los avances en la tecnolog\u00eda de retroiluminaci\u00f3n son constantes, con el objetivo de ofrecer una calidad de imagen y una experiencia de uso a\u00fan mejores. Estas son algunas de las posibles tendencias futuras:<\/p>\n<ul>\n<li><strong>Retroiluminaci\u00f3n MicroLED:<\/strong>Esta tecnolog\u00eda de \u00faltima generaci\u00f3n utiliza LED microsc\u00f3picos para una atenuaci\u00f3n local a\u00fan m\u00e1s precisa, lo que se traduce en un contraste y un rendimiento HDR (alto rango din\u00e1mico) superiores.<\/li>\n<li><strong>Pantallas OLED:<\/strong>La tecnolog\u00eda de diodos org\u00e1nicos emisores de luz elimina por completo la necesidad de retroiluminaci\u00f3n, ya que los p\u00edxeles individuales pueden autoiluminarse, ofreciendo negros perfectos y ratios de contraste inigualables.<\/li>\n<\/ul>","protected":false},"excerpt":{"rendered":"<p>La retroiluminaci\u00f3n del televisor es un componente esencial para conseguir una experiencia visual cautivadora. Si conoce las tecnolog\u00edas de retroiluminaci\u00f3n y su repercusi\u00f3n en la calidad de la imagen, podr\u00e1 elegir el televisor que mejor se adapte a sus preferencias televisivas y a su presupuesto. La tecnolog\u00eda de retroiluminaci\u00f3n de televisores sigue evolucionando, por lo que podemos esperar soluciones a\u00fan m\u00e1s innovadoras que mejorar\u00e1n a\u00fan m\u00e1s nuestro disfrute del entretenimiento en casa.<\/p>","protected":false},"featured_media":1546,"comment_status":"closed","ping_status":"closed","template":"","meta":[],"product_cat":[15],"product_tag":[],"_links":{"self":[{"href":"https:\/\/backlightmfg.com\/es\/wp-json\/wp\/v2\/product\/1554"}],"collection":[{"href":"https:\/\/backlightmfg.com\/es\/wp-json\/wp\/v2\/product"}],"about":[{"href":"https:\/\/backlightmfg.com\/es\/wp-json\/wp\/v2\/types\/product"}],"replies":[{"embeddable":true,"href":"https:\/\/backlightmfg.com\/es\/wp-json\/wp\/v2\/comments?post=1554"}],"wp:featuredmedia":[{"embeddable":true,"href":"https:\/\/backlightmfg.com\/es\/wp-json\/wp\/v2\/media\/1546"}],"wp:attachment":[{"href":"https:\/\/backlightmfg.com\/es\/wp-json\/wp\/v2\/media?parent=1554"}],"wp:term":[{"taxonomy":"product_cat","embeddable":true,"href":"https:\/\/backlightmfg.com\/es\/wp-json\/wp\/v2\/product_cat?post=1554"},{"taxonomy":"product_tag","embeddable":true,"href":"https:\/\/backlightmfg.com\/es\/wp-json\/wp\/v2\/product_tag?post=1554"}],"curies":[{"name":"wp","href":"https:\/\/api.w.org\/{rel}","templated":true}]}}