{"id":1552,"date":"2024-07-08T08:09:39","date_gmt":"2024-07-08T08:09:39","guid":{"rendered":"https:\/\/backlightmfg.com\/manufacturer\/luminous-powder-backlighting\/"},"modified":"2024-09-15T06:29:46","modified_gmt":"2024-09-15T06:29:46","slug":"luminescent-powder-backlight","status":"publish","type":"product","link":"https:\/\/backlightmfg.com\/es\/luminescent-powder-backlight\/","title":{"rendered":"Luz de fondo de polvo luminiscente"},"content":{"rendered":"<p>El polvo luminiscente, tambi\u00e9n conocido como polvo de f\u00f3sforo, es un material fascinante que absorbe energ\u00eda luminosa y la libera lentamente con el tiempo en forma de luz visible. Esta propiedad \u00fanica lo convierte en un material ideal para crear retroiluminaciones de larga duraci\u00f3n en diversas aplicaciones, sobre todo en entornos con poca luz u oscuros.<\/p>\n<p>&nbsp;<\/p>\n<h3><strong>Principales ventajas de la retroiluminaci\u00f3n con polvo luminiscente:<\/strong><\/h3>\n<ul>\n<li><strong style=\"color: #555555; font-size: 14.4px;\">Seguridad:<\/strong><span style=\"color: #555555; font-size: 14.4px;\">\u00a0A diferencia de los materiales radiactivos, el polvo luminiscente es totalmente at\u00f3xico, no inflamable y no contiene sustancias nocivas como f\u00f3sforo, plomo u otros productos qu\u00edmicos peligrosos. Esto lo convierte en una opci\u00f3n segura para su uso en diversos productos, especialmente los que est\u00e1n en estrecho contacto con las personas.<\/span><\/li>\n<li><strong style=\"color: #555555; font-size: 14.4px;\">Brillo duradero:<\/strong><span style=\"color: #555555; font-size: 14.4px;\">\u00a0Luminous Powder Backlight puede emitir luz durante horas, incluso despu\u00e9s de que haya cesado la exposici\u00f3n a la luz. Esta mayor duraci\u00f3n del resplandor garantiza que los objetos sigan siendo visibles e identificables incluso en completa oscuridad.<\/span><\/li>\n<li><strong style=\"color: #555555; font-size: 14.4px;\">Propiedades estables:<\/strong><span style=\"color: #555555; font-size: 14.4px;\">\u00a0La retroiluminaci\u00f3n luminosa en polvo presenta una notable estabilidad en cuanto a sus propiedades f\u00edsicas y qu\u00edmicas. Esta caracter\u00edstica garantiza que el efecto luminiscente se mantenga constante y fiable a lo largo del tiempo.<\/span><\/li>\n<li><strong style=\"color: #555555; font-size: 14.4px;\">Durabilidad excepcional:<\/strong><span style=\"color: #555555; font-size: 14.4px;\">\u00a0El polvo luminiscente tiene una durabilidad excepcional, por lo que es resistente al desgaste. Esta durabilidad garantiza que los productos que incorporan polvo luminiscente puedan soportar condiciones duras y mantener sus propiedades luminiscentes durante a\u00f1os.<\/span><\/li>\n<li><strong style=\"color: #555555; font-size: 14.4px;\">Versatilidad:<\/strong><span style=\"color: #555555; font-size: 14.4px;\">\u00a0El polvo luminiscente puede incorporarse f\u00e1cilmente a una amplia gama de materiales, como pl\u00e1sticos, caucho, cuero, cer\u00e1mica, vidrio, pinturas y revestimientos. Esta versatilidad permite su aplicaci\u00f3n en una amplia gama de productos.<\/span><\/li>\n<\/ul>\n<h3><strong style=\"font-size: 23.04px;\">Diversas aplicaciones de la retroiluminaci\u00f3n con polvo luminiscente:<\/strong><\/h3>\n<ul>\n<li><strong style=\"color: #555555; font-size: 14.4px;\">Productos de seguridad:<\/strong><span style=\"color: #555555; font-size: 14.4px;\">\u00a0Se utiliza ampliamente en productos de seguridad como se\u00f1ales de salida de emergencia, interruptores que brillan en la oscuridad, chalecos de seguridad y se\u00f1ales de tr\u00e1fico, garantizando la visibilidad y la seguridad en condiciones de poca luz o peligrosas.<\/span><\/li>\n<li><strong style=\"color: #555555; font-size: 14.4px;\">Art\u00edculos de decoraci\u00f3n:<\/strong><span style=\"color: #555555; font-size: 14.4px;\">\u00a0El polvo luminiscente a\u00f1ade un toque de magia a objetos decorativos como cuadros, figuras y joyas que brillan en la oscuridad, creando un ambiente cautivador en entornos oscuros.<\/span><\/li>\n<li><strong style=\"color: #555555; font-size: 14.4px;\">Juguetes y juegos:<\/strong><span style=\"color: #555555; font-size: 14.4px;\">\u00a0Aporta un elemento de diversi\u00f3n y emoci\u00f3n a los juguetes y juegos, haciendo que brillen y cobren vida en la oscuridad, mejorando el tiempo de juego y la imaginaci\u00f3n.<\/span><\/li>\n<li><strong style=\"color: #555555; font-size: 14.4px;\">Aplicaciones industriales:<\/strong><span style=\"color: #555555; font-size: 14.4px;\">\u00a0Tiene aplicaciones en entornos industriales, como la se\u00f1alizaci\u00f3n de zonas peligrosas, la identificaci\u00f3n de controles de equipos y la visibilidad en espacios confinados.<\/span><\/li>\n<li><strong style=\"color: #555555; font-size: 14.4px;\">Militar y aeroespacial:<\/strong><span style=\"color: #555555; font-size: 14.4px;\">\u00a0Se emplea en aplicaciones militares y aeroespaciales, como el marcado de aeronaves, la visibilidad en operaciones nocturnas y la creaci\u00f3n de ayudas a la navegaci\u00f3n autoiluminadas.<\/span><\/li>\n<\/ul>","protected":false},"excerpt":{"rendered":"<p>Retroiluminaci\u00f3n con polvo luminiscente: Una soluci\u00f3n vers\u00e1til y segura para la visibilidad nocturna Sus diversas aplicaciones abarcan varios sectores, desde la seguridad y la protecci\u00f3n hasta la decoraci\u00f3n y el entretenimiento, lo que lo convierte en un material valioso para crear productos innovadores y funcionales.<\/p>","protected":false},"featured_media":1544,"comment_status":"closed","ping_status":"closed","template":"","meta":[],"product_cat":[15],"product_tag":[],"_links":{"self":[{"href":"https:\/\/backlightmfg.com\/es\/wp-json\/wp\/v2\/product\/1552"}],"collection":[{"href":"https:\/\/backlightmfg.com\/es\/wp-json\/wp\/v2\/product"}],"about":[{"href":"https:\/\/backlightmfg.com\/es\/wp-json\/wp\/v2\/types\/product"}],"replies":[{"embeddable":true,"href":"https:\/\/backlightmfg.com\/es\/wp-json\/wp\/v2\/comments?post=1552"}],"wp:featuredmedia":[{"embeddable":true,"href":"https:\/\/backlightmfg.com\/es\/wp-json\/wp\/v2\/media\/1544"}],"wp:attachment":[{"href":"https:\/\/backlightmfg.com\/es\/wp-json\/wp\/v2\/media?parent=1552"}],"wp:term":[{"taxonomy":"product_cat","embeddable":true,"href":"https:\/\/backlightmfg.com\/es\/wp-json\/wp\/v2\/product_cat?post=1552"},{"taxonomy":"product_tag","embeddable":true,"href":"https:\/\/backlightmfg.com\/es\/wp-json\/wp\/v2\/product_tag?post=1552"}],"curies":[{"name":"wp","href":"https:\/\/api.w.org\/{rel}","templated":true}]}}