{"id":1551,"date":"2024-07-08T08:09:39","date_gmt":"2024-07-08T08:09:39","guid":{"rendered":"https:\/\/backlightmfg.com\/manufacturer\/led-backlighting\/"},"modified":"2024-09-15T06:29:47","modified_gmt":"2024-09-15T06:29:47","slug":"led-backlighting","status":"publish","type":"product","link":"https:\/\/backlightmfg.com\/es\/led-backlighting\/","title":{"rendered":"Retroiluminaci\u00f3n LED"},"content":{"rendered":"<p>La retroiluminaci\u00f3n por LED, una fuerza dominante en la tecnolog\u00eda moderna de pantallas, utiliza diodos emisores de luz (LED) como fuente luminosa para iluminar las pantallas por detr\u00e1s. Esta tecnolog\u00eda ha revolucionado la retroiluminaci\u00f3n, ofreciendo importantes ventajas sobre los m\u00e9todos tradicionales.<\/p>\n<h3><strong>Principales ventajas de la retroiluminaci\u00f3n LED:<\/strong><\/h3>\n<ul>\n<li><strong style=\"color: #555555; font-size: 14.4px;\">Eficiencia energ\u00e9tica:<\/strong><span style=\"color: #555555; font-size: 14.4px;\">\u00a0Los LED consumen mucha menos energ\u00eda que los retroiluminadores tradicionales, como las l\u00e1mparas fluorescentes, lo que reduce la factura de la luz y el impacto ambiental.<\/span><\/li>\n<li><strong style=\"color: #555555; font-size: 14.4px;\">Iluminaci\u00f3n uniforme:<\/strong><span style=\"color: #555555; font-size: 14.4px;\">\u00a0La retroiluminaci\u00f3n LED proporciona una distribuci\u00f3n de la luz m\u00e1s uniforme y consistente en toda la pantalla, minimizando los reflejos y los puntos calientes. Esto se traduce en una experiencia visual m\u00e1s c\u00f3moda y agradable.<\/span><\/li>\n<li><strong style=\"color: #555555; font-size: 14.4px;\">Dise\u00f1o fino y ligero:<\/strong><span style=\"color: #555555; font-size: 14.4px;\">\u00a0Los LED son compactos y ligeros, lo que permite dise\u00f1ar dispositivos electr\u00f3nicos m\u00e1s delgados y ligeros.<\/span><\/li>\n<li><strong style=\"color: #555555; font-size: 14.4px;\">Brillo ajustable:<\/strong><span style=\"color: #555555; font-size: 14.4px;\">\u00a0La retroiluminaci\u00f3n LED permite un control din\u00e1mico del brillo, que se ajusta en funci\u00f3n de las condiciones de iluminaci\u00f3n ambiental y del contenido visualizado, mejorando a\u00fan m\u00e1s la eficiencia energ\u00e9tica y la comodidad del usuario.<\/span><\/li>\n<li><strong style=\"color: #555555; font-size: 14.4px;\">Gama de colores y vibraci\u00f3n:<\/strong><span style=\"color: #555555; font-size: 14.4px;\">\u00a0Los LED pueden adaptarse para producir una gama de colores m\u00e1s amplia que las retroiluminaciones tradicionales, lo que da como resultado im\u00e1genes m\u00e1s vibrantes y realistas en las pantallas.<\/span><\/li>\n<li><strong style=\"color: #555555; font-size: 14.4px;\">Longevidad mejorada:<\/strong><span style=\"color: #555555; font-size: 14.4px;\">\u00a0Los LED tienen una vida \u00fatil mucho m\u00e1s larga que los retroiluminadores convencionales, por lo que ofrecen una soluci\u00f3n m\u00e1s rentable y duradera.<\/span><\/li>\n<\/ul>\n<h3><strong style=\"font-size: 23.04px;\">Aplicaciones de la retroiluminaci\u00f3n LED:<\/strong><\/h3>\n<ul>\n<li><strong style=\"color: #555555; font-size: 14.4px;\">Pantallas LCD:<\/strong><span style=\"color: #555555; font-size: 14.4px;\">\u00a0La retroiluminaci\u00f3n LED es omnipresente en las pantallas LCD de televisores, port\u00e1tiles, tabletas, tel\u00e9fonos inteligentes y monitores de ordenador.<\/span><\/li>\n<li><strong style=\"color: #555555; font-size: 14.4px;\">Se\u00f1alizaci\u00f3n digital:<\/strong><span style=\"color: #555555; font-size: 14.4px;\">\u00a0La retroiluminaci\u00f3n LED ilumina las pantallas de se\u00f1alizaci\u00f3n digital, creando im\u00e1genes llamativas para la publicidad y la difusi\u00f3n de informaci\u00f3n.<\/span><\/li>\n<li><strong style=\"color: #555555; font-size: 14.4px;\">Pantallas para autom\u00f3viles:<\/strong><span style=\"color: #555555; font-size: 14.4px;\">\u00a0La retroiluminaci\u00f3n por LED se utiliza en los salpicaderos de los coches y en los cuadros de instrumentos para mostrar la informaci\u00f3n de forma clara y brillante.<\/span><\/li>\n<li><strong style=\"color: #555555; font-size: 14.4px;\">Teclados retroiluminados:<\/strong><span style=\"color: #555555; font-size: 14.4px;\">\u00a0Los LED iluminan las teclas del teclado, mejorando la visibilidad en entornos con poca luz.<\/span><\/li>\n<li><strong style=\"color: #555555; font-size: 14.4px;\">Electr\u00f3nica de consumo:<\/strong><span style=\"color: #555555; font-size: 14.4px;\">\u00a0Esta tecnolog\u00eda tiene aplicaciones en una amplia gama de productos electr\u00f3nicos de consumo, como consolas de videojuegos y electrodom\u00e9sticos.<\/span><\/li>\n<\/ul>\n<h3><strong style=\"font-size: 23.04px;\">El futuro de la retroiluminaci\u00f3n LED:<\/strong><\/h3>\n<p>La tecnolog\u00eda de retroiluminaci\u00f3n LED evoluciona constantemente. Se esperan avances en \u00e1reas como:<\/p>\n<ul>\n<li><strong style=\"color: #555555; font-size: 14.4px;\">Retroiluminaci\u00f3n MicroLED:<\/strong><span style=\"color: #555555; font-size: 14.4px;\">\u00a0Esta tecnolog\u00eda de \u00faltima generaci\u00f3n utiliza LED microsc\u00f3picos para un control a\u00fan m\u00e1s preciso y din\u00e1mico de la retroiluminaci\u00f3n, lo que mejora la calidad de imagen y el contraste.<\/span><\/li>\n<li><strong style=\"color: #555555; font-size: 14.4px;\">Retroiluminaci\u00f3n MiniLED:<\/strong><span style=\"color: #555555; font-size: 14.4px;\">\u00a0Los LED m\u00e1s peque\u00f1os y m\u00e1s compactos ofrecen un mayor control sobre la atenuaci\u00f3n local y mejoran el rendimiento HDR (alto rango din\u00e1mico) de las pantallas.<\/span><\/li>\n<li><strong style=\"color: #555555; font-size: 14.4px;\">Retroiluminaci\u00f3n por diodos org\u00e1nicos emisores de luz (OLED):<\/strong><span style=\"color: #555555; font-size: 14.4px;\">\u00a0La tecnolog\u00eda OLED ofrece la posibilidad de crear pantallas autoiluminadas que eliminan por completo la necesidad de retroiluminaci\u00f3n independiente.<\/span><\/li>\n<\/ul>","protected":false},"excerpt":{"rendered":"<p>La retroiluminaci\u00f3n LED ha revolucionado la tecnolog\u00eda de las pantallas, ofreciendo una alternativa superior a las retroiluminaciones tradicionales. Su eficiencia energ\u00e9tica, sus mejores im\u00e1genes, su dise\u00f1o estilizado y su larga vida \u00fatil la convierten en la tecnolog\u00eda dominante en las pantallas modernas. A medida que contin\u00faen las innovaciones, la retroiluminaci\u00f3n LED est\u00e1 llamada a dar forma al futuro de la tecnolog\u00eda de visualizaci\u00f3n, ofreciendo experiencias visuales a\u00fan m\u00e1s asombrosas y energ\u00e9ticamente eficientes.<\/p>","protected":false},"featured_media":1542,"comment_status":"closed","ping_status":"closed","template":"","meta":[],"product_cat":[15],"product_tag":[],"_links":{"self":[{"href":"https:\/\/backlightmfg.com\/es\/wp-json\/wp\/v2\/product\/1551"}],"collection":[{"href":"https:\/\/backlightmfg.com\/es\/wp-json\/wp\/v2\/product"}],"about":[{"href":"https:\/\/backlightmfg.com\/es\/wp-json\/wp\/v2\/types\/product"}],"replies":[{"embeddable":true,"href":"https:\/\/backlightmfg.com\/es\/wp-json\/wp\/v2\/comments?post=1551"}],"wp:featuredmedia":[{"embeddable":true,"href":"https:\/\/backlightmfg.com\/es\/wp-json\/wp\/v2\/media\/1542"}],"wp:attachment":[{"href":"https:\/\/backlightmfg.com\/es\/wp-json\/wp\/v2\/media?parent=1551"}],"wp:term":[{"taxonomy":"product_cat","embeddable":true,"href":"https:\/\/backlightmfg.com\/es\/wp-json\/wp\/v2\/product_cat?post=1551"},{"taxonomy":"product_tag","embeddable":true,"href":"https:\/\/backlightmfg.com\/es\/wp-json\/wp\/v2\/product_tag?post=1551"}],"curies":[{"name":"wp","href":"https:\/\/api.w.org\/{rel}","templated":true}]}}