{"id":1549,"date":"2024-07-08T08:09:39","date_gmt":"2024-07-08T08:09:39","guid":{"rendered":"https:\/\/backlightmfg.com\/manufacturer\/fiber-optic-backlighting\/"},"modified":"2024-09-15T06:29:48","modified_gmt":"2024-09-15T06:29:48","slug":"fiber-optic-backlighting","status":"publish","type":"product","link":"https:\/\/backlightmfg.com\/es\/fiber-optic-backlighting\/","title":{"rendered":"Retroiluminaci\u00f3n por fibra \u00f3ptica"},"content":{"rendered":"<p>La retroiluminaci\u00f3n por fibra \u00f3ptica emplea finas hebras de fibras de vidrio o pl\u00e1stico que act\u00faan como gu\u00edas de luz. La luz se introduce por un extremo del cable de fibra \u00f3ptica, normalmente desde una fuente LED. Esta luz viaja a trav\u00e9s del n\u00facleo de la fibra debido a un fen\u00f3meno llamado reflexi\u00f3n interna, rebotando en las paredes interiores y minimizando la p\u00e9rdida de luz. La luz sale por el otro extremo de la fibra, iluminando la zona objetivo.<\/p>\n<h3><strong>Ventajas de la retroiluminaci\u00f3n por fibra \u00f3ptica:<\/strong><\/h3>\n<ul>\n<li><strong style=\"color: #555555; font-size: 14.4px;\">Fuente de luz remota:<\/strong><span style=\"color: #555555; font-size: 14.4px;\">\u00a0La fuente de luz puede situarse lejos de la zona iluminada, lo que reduce la generaci\u00f3n de calor y mejora la flexibilidad del dise\u00f1o.<\/span><\/li>\n<li><strong style=\"color: #555555; font-size: 14.4px;\">Iluminaci\u00f3n uniforme:<\/strong><span style=\"color: #555555; font-size: 14.4px;\">\u00a0La fibra \u00f3ptica distribuye la luz uniformemente, eliminando el deslumbramiento y los puntos calientes, creando una experiencia visual agradable y c\u00f3moda.<\/span><\/li>\n<li><strong style=\"color: #555555; font-size: 14.4px;\">Alta eficiencia lum\u00ednica:<\/strong><span style=\"color: #555555; font-size: 14.4px;\">\u00a0Gracias a la m\u00ednima p\u00e9rdida de luz en el interior de las fibras, la retroiluminaci\u00f3n por fibra \u00f3ptica ofrece una transmisi\u00f3n eficaz de la luz.<\/span><\/li>\n<li><strong style=\"color: #555555; font-size: 14.4px;\">Durabilidad:<\/strong><span style=\"color: #555555; font-size: 14.4px;\"> Los cables de fibra \u00f3ptica son muy duraderos y resistentes a las vibraciones, los golpes y las temperaturas extremas, ahorran energ\u00eda y son n<\/span><span class=\"Y2IQFc\" lang=\"en\">o fiebre.<\/span><\/li>\n<li><strong style=\"color: #555555; font-size: 14.4px;\">Flexibilidad de dise\u00f1o:<\/strong><span style=\"color: #555555; font-size: 14.4px;\">\u00a0Las fibras finas y flexibles pueden moldearse y personalizarse f\u00e1cilmente para adaptarse a distintos requisitos de iluminaci\u00f3n.<\/span><\/li>\n<li><strong style=\"color: #555555; font-size: 14.4px;\">Funcionamiento fr\u00edo:<\/strong><span style=\"color: #555555; font-size: 14.4px;\">\u00a0Los propios cables de fibra \u00f3ptica no generan calor, lo que contribuye a un entorno operativo m\u00e1s fresco.<\/span><\/li>\n<\/ul>\n<p>&nbsp;<\/p>\n<h3><strong style=\"font-size: 23.04px;\">Aplicaciones de la retroiluminaci\u00f3n por fibra \u00f3ptica:<\/strong><\/h3>\n<ul>\n<li><strong style=\"color: #555555; font-size: 14.4px;\">Pantallas LCD:<\/strong><span style=\"color: #555555; font-size: 14.4px;\">\u00a0Los retroiluminadores de fibra \u00f3ptica pueden mejorar la uniformidad y el brillo de las pantallas LCD de televisores, port\u00e1tiles y otros dispositivos electr\u00f3nicos.<\/span><\/li>\n<li><strong style=\"color: #555555; font-size: 14.4px;\">Carteler\u00eda y expositores:<\/strong><span style=\"color: #555555; font-size: 14.4px;\">\u00a0Se utilizan en r\u00f3tulos luminosos, iluminaci\u00f3n arquitect\u00f3nica y expositores de puntos de venta para conseguir un efecto visualmente impactante.<\/span><\/li>\n<li><strong style=\"color: #555555; font-size: 14.4px;\">Equipos m\u00e9dicos:<\/strong><span style=\"color: #555555; font-size: 14.4px;\">\u00a0La retroiluminaci\u00f3n por fibra \u00f3ptica proporciona una iluminaci\u00f3n controlada y focalizada en equipos de exploraci\u00f3n y diagn\u00f3stico m\u00e9dico.<\/span><\/li>\n<li><strong style=\"color: #555555; font-size: 14.4px;\">Sistemas de visi\u00f3n artificial:<\/strong><span style=\"color: #555555; font-size: 14.4px;\">\u00a0La distribuci\u00f3n uniforme de la luz la hace ideal para aplicaciones de visi\u00f3n artificial, en las que se requiere una inspecci\u00f3n precisa de los objetos.<\/span><\/li>\n<li><strong style=\"color: #555555; font-size: 14.4px;\">Iluminaci\u00f3n de bordes:<\/strong><span style=\"color: #555555; font-size: 14.4px;\">\u00a0La fibra \u00f3ptica puede crear efectos de iluminaci\u00f3n de bordes n\u00edtidos y bien definidos para aplicaciones decorativas y arquitect\u00f3nicas.<\/span><\/li>\n<li><strong style=\"color: #555555; font-size: 14.4px;\">Iluminaci\u00f3n especializada:<\/strong><span style=\"color: #555555; font-size: 14.4px;\">\u00a0La retroiluminaci\u00f3n por fibra \u00f3ptica se emplea en diversas aplicaciones especializadas, como la iluminaci\u00f3n subacu\u00e1tica y la iluminaci\u00f3n de instrumentos.<\/span><\/li>\n<\/ul>","protected":false},"excerpt":{"rendered":"<p>La retroiluminaci\u00f3n por fibra \u00f3ptica ofrece una soluci\u00f3n de iluminaci\u00f3n \u00fanica y vers\u00e1til. Su combinaci\u00f3n de fuente de luz remota, distribuci\u00f3n uniforme de la luz, alta eficiencia y flexibilidad de dise\u00f1o la convierten en una tecnolog\u00eda valiosa para diversas aplicaciones. A medida que avanza la tecnolog\u00eda, se espera que la retroiluminaci\u00f3n por fibra \u00f3ptica encuentre usos a\u00fan m\u00e1s innovadores en el futuro.<\/p>","protected":false},"featured_media":1539,"comment_status":"closed","ping_status":"closed","template":"","meta":[],"product_cat":[15],"product_tag":[],"_links":{"self":[{"href":"https:\/\/backlightmfg.com\/es\/wp-json\/wp\/v2\/product\/1549"}],"collection":[{"href":"https:\/\/backlightmfg.com\/es\/wp-json\/wp\/v2\/product"}],"about":[{"href":"https:\/\/backlightmfg.com\/es\/wp-json\/wp\/v2\/types\/product"}],"replies":[{"embeddable":true,"href":"https:\/\/backlightmfg.com\/es\/wp-json\/wp\/v2\/comments?post=1549"}],"wp:featuredmedia":[{"embeddable":true,"href":"https:\/\/backlightmfg.com\/es\/wp-json\/wp\/v2\/media\/1539"}],"wp:attachment":[{"href":"https:\/\/backlightmfg.com\/es\/wp-json\/wp\/v2\/media?parent=1549"}],"wp:term":[{"taxonomy":"product_cat","embeddable":true,"href":"https:\/\/backlightmfg.com\/es\/wp-json\/wp\/v2\/product_cat?post=1549"},{"taxonomy":"product_tag","embeddable":true,"href":"https:\/\/backlightmfg.com\/es\/wp-json\/wp\/v2\/product_tag?post=1549"}],"curies":[{"name":"wp","href":"https:\/\/api.w.org\/{rel}","templated":true}]}}