{"id":1793,"date":"2024-08-03T06:46:11","date_gmt":"2024-08-03T06:46:11","guid":{"rendered":"https:\/\/backlightmfg.com\/?post_type=product&#038;p=1793"},"modified":"2024-09-15T06:29:42","modified_gmt":"2024-09-15T06:29:42","slug":"lgf-light-guide-film","status":"publish","type":"product","link":"https:\/\/backlightmfg.com\/de\/lgf-light-guide-film\/","title":{"rendered":"LGF (Lichtleitfolie)"},"content":{"rendered":"<h3 data-sourcepos=\"3:1-3:53\">Was ist LGF?<\/h3>\n<ul>\n<li data-sourcepos=\"3:1-3:53\">Light Guide Film (LGF) ist eine d\u00fcnne, optisch klare Kunststofffolie, die das Licht von einer kantenbeleuchteten Quelle gleichm\u00e4\u00dfig \u00fcber ihre Oberfl\u00e4che verteilt. Diese Technologie ist unerl\u00e4sslich f\u00fcr eine gleichm\u00e4\u00dfige Hintergrundbeleuchtung in verschiedenen Anwendungen, von hintergrundbeleuchteten Tastaturen und LCD-Displays bis hin zu Beschilderungen und Fahrzeuginnenr\u00e4umen.<\/li>\n<\/ul>\n<h3>Wie funktioniert der Lichtleitfilm?<\/h3>\n<ul>\n<li data-sourcepos=\"7:1-7:66\">LGF nutzt eine einzigartige Mikrostruktur auf seiner Oberfl\u00e4che, um das Licht einer LED-Lichtquelle, die am Rand der Folie positioniert ist, einzufangen und zu brechen. Dieses Licht wird dann gleichm\u00e4\u00dfig \u00fcber die Oberfl\u00e4che der Folie verteilt und erzeugt eine helle und gleichm\u00e4\u00dfige Beleuchtung.<\/li>\n<\/ul>\n<h3 data-sourcepos=\"7:1-7:66\">Eigenschaften<\/h3>\n<ul>\n<li>Ultrad\u00fcnne Polycarbonat-Folie in optischer Qualit\u00e4t mit ma\u00dfgeschneiderten Mikro-Lichtleiterstrukturen sorgt f\u00fcr eine gleichm\u00e4\u00dfige Lichtleistung.<\/li>\n<li>Display-Anwendungen: Frontlichtleiterfolie f\u00fcr E-Paper, \u00f6ffentliche Beschilderung und andere Displayanwendungen.<\/li>\n<li>Automobil: Instrumententafel \/ T\u00fcrschweller \/ Innenbeleuchtung f\u00fcr Auto.<\/li>\n<li>Unterhaltungselektronik: beleuchtete Tastaturen \/ RGB-Led-L\u00fcfter \/ Bedienfelder.<\/li>\n<li>Heimanwendungen: beleuchtete Touch-Tasten<\/li>\n<\/ul>","protected":false},"excerpt":{"rendered":"<h4 id=\"tw-target-text\" class=\"tw-data-text tw-text-large tw-ta\" dir=\"ltr\" data-placeholder=\"Translation\" aria-label=\"\u00dcbersetzter Text\" data-ved=\"2ahUKEwiFvaiamtiHAxXCnK8BHcMXH1QQ3ewLegQIERAU\"><strong><span class=\"Y2IQFc\" lang=\"en\">Prozessparameter <\/span>von LGF<\/strong><\/h4>\n<p dir=\"ltr\" data-placeholder=\"Translation\" aria-label=\"\u00dcbersetzter Text\" data-ved=\"2ahUKEwiFvaiamtiHAxXCnK8BHcMXH1QQ3ewLegQIERAU\">Werkstoff \uff1aPolycarbonat (PC)<\/p>\n<p dir=\"ltr\" data-placeholder=\"Translation\" aria-label=\"\u00dcbersetzter Text\" data-ved=\"2ahUKEwiFvaiamtiHAxXCnK8BHcMXH1QQ3ewLegQIERAU\">Dicke \uff1a0,075 mm, 0,1 mm, 0,125 mm<\/p>\n<p dir=\"ltr\" data-placeholder=\"Translation\" aria-label=\"\u00dcbersetzter Text\" data-ved=\"2ahUKEwiFvaiamtiHAxXCnK8BHcMXH1QQ3ewLegQIERAU\">Gr\u00f6\u00dfe und Form : Nach Zeichnung des Kunden<\/p>","protected":false},"featured_media":1794,"comment_status":"open","ping_status":"closed","template":"","meta":[],"product_cat":[15],"product_tag":[],"_links":{"self":[{"href":"https:\/\/backlightmfg.com\/de\/wp-json\/wp\/v2\/product\/1793"}],"collection":[{"href":"https:\/\/backlightmfg.com\/de\/wp-json\/wp\/v2\/product"}],"about":[{"href":"https:\/\/backlightmfg.com\/de\/wp-json\/wp\/v2\/types\/product"}],"replies":[{"embeddable":true,"href":"https:\/\/backlightmfg.com\/de\/wp-json\/wp\/v2\/comments?post=1793"}],"wp:featuredmedia":[{"embeddable":true,"href":"https:\/\/backlightmfg.com\/de\/wp-json\/wp\/v2\/media\/1794"}],"wp:attachment":[{"href":"https:\/\/backlightmfg.com\/de\/wp-json\/wp\/v2\/media?parent=1793"}],"wp:term":[{"taxonomy":"product_cat","embeddable":true,"href":"https:\/\/backlightmfg.com\/de\/wp-json\/wp\/v2\/product_cat?post=1793"},{"taxonomy":"product_tag","embeddable":true,"href":"https:\/\/backlightmfg.com\/de\/wp-json\/wp\/v2\/product_tag?post=1793"}],"curies":[{"name":"wp","href":"https:\/\/api.w.org\/{rel}","templated":true}]}}