{"id":1549,"date":"2024-07-08T08:09:39","date_gmt":"2024-07-08T08:09:39","guid":{"rendered":"https:\/\/backlightmfg.com\/manufacturer\/fiber-optic-backlighting\/"},"modified":"2024-09-15T06:29:48","modified_gmt":"2024-09-15T06:29:48","slug":"fiber-optic-backlighting","status":"publish","type":"product","link":"https:\/\/backlightmfg.com\/de\/fiber-optic-backlighting\/","title":{"rendered":"Faseroptische Hintergrundbeleuchtung"},"content":{"rendered":"<p>Bei der faseroptischen Hintergrundbeleuchtung werden d\u00fcnne Str\u00e4nge aus Glas- oder Kunststofffasern verwendet, die als Lichtleiter dienen. Das Licht wird an einem Ende des Glasfaserkabels eingef\u00fchrt, normalerweise von einer LED-Quelle. Dieses Licht durchl\u00e4uft den Kern der Faser aufgrund eines Ph\u00e4nomens, das interne Reflexion genannt wird, und prallt an den Innenw\u00e4nden ab, wodurch der Lichtverlust minimiert wird. Das Licht tritt am anderen Ende der Faser aus und beleuchtet den Zielbereich.<\/p>\n<h3><strong>Vorteile der faseroptischen Hintergrundbeleuchtung:<\/strong><\/h3>\n<ul>\n<li><strong style=\"color: #555555; font-size: 14.4px;\">Ferngesteuerte Lichtquelle:<\/strong><span style=\"color: #555555; font-size: 14.4px;\">\u00a0Die Lichtquelle kann von der beleuchteten Fl\u00e4che entfernt positioniert werden, was die W\u00e4rmeentwicklung reduziert und die Designflexibilit\u00e4t erh\u00f6ht.<\/span><\/li>\n<li><strong style=\"color: #555555; font-size: 14.4px;\">Gleichm\u00e4\u00dfige Ausleuchtung:<\/strong><span style=\"color: #555555; font-size: 14.4px;\">\u00a0Die Glasfaseroptik verteilt das Licht gleichm\u00e4\u00dfig und vermeidet Blendung und Hotspots, so dass ein visuell ansprechendes und komfortables Seherlebnis entsteht.<\/span><\/li>\n<li><strong style=\"color: #555555; font-size: 14.4px;\">Hohe Lichtausbeute:<\/strong><span style=\"color: #555555; font-size: 14.4px;\">\u00a0Aufgrund der minimalen Lichtverluste innerhalb der Fasern bietet die faseroptische Hintergrundbeleuchtung eine effiziente Licht\u00fcbertragung.<\/span><\/li>\n<li><strong style=\"color: #555555; font-size: 14.4px;\">Langlebigkeit:<\/strong><span style=\"color: #555555; font-size: 14.4px;\"> Glasfaserkabel sind \u00e4u\u00dferst langlebig und widerstandsf\u00e4hig gegen Vibrationen, St\u00f6\u00dfe, extreme Temperaturen, energiesparend und n<\/span><span class=\"Y2IQFc\" lang=\"en\">o Fieber.<\/span><\/li>\n<li><strong style=\"color: #555555; font-size: 14.4px;\">Flexibilit\u00e4t bei der Gestaltung:<\/strong><span style=\"color: #555555; font-size: 14.4px;\">\u00a0Die d\u00fcnnen und flexiblen Fasern lassen sich leicht formen und an die verschiedenen Beleuchtungsanforderungen anpassen.<\/span><\/li>\n<li><strong style=\"color: #555555; font-size: 14.4px;\">Cooler Betrieb:<\/strong><span style=\"color: #555555; font-size: 14.4px;\">\u00a0Glasfaserkabel selbst erzeugen keine W\u00e4rme und tragen so zu einer k\u00fchleren Betriebsumgebung bei.<\/span><\/li>\n<\/ul>\n<p>&nbsp;<\/p>\n<h3><strong style=\"font-size: 23.04px;\">Anwendungen der faseroptischen Hintergrundbeleuchtung:<\/strong><\/h3>\n<ul>\n<li><strong style=\"color: #555555; font-size: 14.4px;\">LCD-Anzeigen:<\/strong><span style=\"color: #555555; font-size: 14.4px;\">\u00a0Faseroptische Hintergrundbeleuchtung kann die Gleichm\u00e4\u00dfigkeit und Helligkeit von LCD-Displays in Fernsehern, Laptops und anderen elektronischen Ger\u00e4ten verbessern.<\/span><\/li>\n<li><strong style=\"color: #555555; font-size: 14.4px;\">Beschilderung und Anzeigen:<\/strong><span style=\"color: #555555; font-size: 14.4px;\">\u00a0Sie werden in beleuchteten Schildern, architektonischen Beleuchtungen und Verkaufsdisplays eingesetzt, um einen visuell beeindruckenden Effekt zu erzielen.<\/span><\/li>\n<li><strong style=\"color: #555555; font-size: 14.4px;\">Medizinische Ausr\u00fcstung:<\/strong><span style=\"color: #555555; font-size: 14.4px;\">\u00a0Die faseroptische Hintergrundbeleuchtung sorgt f\u00fcr eine kontrollierte und gezielte Beleuchtung in medizinischen Untersuchungs- und Diagnoseger\u00e4ten.<\/span><\/li>\n<li><strong style=\"color: #555555; font-size: 14.4px;\">Bildverarbeitungssysteme:<\/strong><span style=\"color: #555555; font-size: 14.4px;\">\u00a0Die gleichm\u00e4\u00dfige Lichtverteilung macht es ideal f\u00fcr Bildverarbeitungsanwendungen, bei denen eine pr\u00e4zise Objektpr\u00fcfung erforderlich ist.<\/span><\/li>\n<li><strong style=\"color: #555555; font-size: 14.4px;\">Kantenbeleuchtung:<\/strong><span style=\"color: #555555; font-size: 14.4px;\">\u00a0Faseroptik kann scharfe und gut definierte Lichteffekte f\u00fcr dekorative und architektonische Anwendungen erzeugen.<\/span><\/li>\n<li><strong style=\"color: #555555; font-size: 14.4px;\">Spezialbeleuchtung:<\/strong><span style=\"color: #555555; font-size: 14.4px;\">\u00a0Die faseroptische Hintergrundbeleuchtung wird in einer Vielzahl von Spezialanwendungen eingesetzt, darunter Unterwasserbeleuchtung und Instrumentenbeleuchtung.<\/span><\/li>\n<\/ul>","protected":false},"excerpt":{"rendered":"<p>Die faseroptische Hintergrundbeleuchtung bietet eine einzigartige und vielseitige Beleuchtungsl\u00f6sung. Ihre Kombination aus dezentraler Lichtquelle, gleichm\u00e4\u00dfiger Lichtverteilung, hoher Effizienz und Designflexibilit\u00e4t macht sie zu einer wertvollen Technologie f\u00fcr verschiedene Anwendungen. Im Zuge des technologischen Fortschritts ist zu erwarten, dass die faseroptische Hintergrundbeleuchtung in Zukunft noch mehr innovative Anwendungen finden wird.<\/p>","protected":false},"featured_media":1539,"comment_status":"closed","ping_status":"closed","template":"","meta":[],"product_cat":[15],"product_tag":[],"_links":{"self":[{"href":"https:\/\/backlightmfg.com\/de\/wp-json\/wp\/v2\/product\/1549"}],"collection":[{"href":"https:\/\/backlightmfg.com\/de\/wp-json\/wp\/v2\/product"}],"about":[{"href":"https:\/\/backlightmfg.com\/de\/wp-json\/wp\/v2\/types\/product"}],"replies":[{"embeddable":true,"href":"https:\/\/backlightmfg.com\/de\/wp-json\/wp\/v2\/comments?post=1549"}],"wp:featuredmedia":[{"embeddable":true,"href":"https:\/\/backlightmfg.com\/de\/wp-json\/wp\/v2\/media\/1539"}],"wp:attachment":[{"href":"https:\/\/backlightmfg.com\/de\/wp-json\/wp\/v2\/media?parent=1549"}],"wp:term":[{"taxonomy":"product_cat","embeddable":true,"href":"https:\/\/backlightmfg.com\/de\/wp-json\/wp\/v2\/product_cat?post=1549"},{"taxonomy":"product_tag","embeddable":true,"href":"https:\/\/backlightmfg.com\/de\/wp-json\/wp\/v2\/product_tag?post=1549"}],"curies":[{"name":"wp","href":"https:\/\/api.w.org\/{rel}","templated":true}]}}